{"id":1469,"date":"2020-02-07T09:38:23","date_gmt":"2020-02-07T12:38:23","guid":{"rendered":"https:\/\/www3.unicentro.br\/proec\/?page_id=1469"},"modified":"2024-08-22T17:06:12","modified_gmt":"2024-08-22T20:06:12","slug":"regulamentacao-da-extensao-na-unicentro","status":"publish","type":"page","link":"https:\/\/www3.unicentro.br\/proec\/regulamentacao-da-extensao-na-unicentro\/","title":{"rendered":"Regulamenta\u00e7\u00e3o da Extens\u00e3o na UNICENTRO"},"content":{"rendered":"<p align=\"justify\"><span style=\"font-size: 10pt\">Nesta se\u00e7\u00e3o voc\u00ea tem acesso aos documentos que regulamentam as a\u00e7\u00f5es de extens\u00e3o na UNICENTRO e demais atividades vinculadas a PROEC.<\/span><\/p>\n<table width=\"100%\" cellspacing=\"0\" cellpadding=\"7\">\n<thead>\n<tr>\n<td width=\"21%\" height=\"63\"><\/td>\n<td width=\"29%\">\n<p align=\"center\"><span style=\"font-size: 10pt\"><b>Documento<\/b><\/span><\/p>\n<\/td>\n<td width=\"41%\">\n<p align=\"center\"><span style=\"font-size: 10pt\"><b>Descri\u00e7\u00e3o<\/b><\/span><\/p>\n<\/td>\n<td width=\"9%\">\n<p align=\"center\"><span style=\"font-size: 10pt\"><b>Baixar<\/b><\/span><\/p>\n<\/td>\n<\/tr>\n<\/thead>\n<colgroup>\n<col width=\"53*\" \/>\n<col width=\"75*\" \/>\n<col width=\"104*\" \/>\n<col width=\"24*\" \/> <\/colgroup>\n<tbody>\n<tr style=\"background-color: #77f7f7\">\n<td>\n<p align=\"center\"><span style=\"font-size: 10pt\"><b>ORIENTA\u00c7\u00d5ES PARA CURRICULARIZA\u00c7\u00c3O DA EXTENS\u00c3O <\/b><\/span><span style=\"font-size: 10pt\"><b>DURANTE A PANDEMIA DO CORONAV\u00cdRUS\u00a0<\/b><\/span><\/p>\n<\/td>\n<td>\n<p align=\"center\"><span style=\"font-size: 10pt\">RESOLU\u00c7\u00c3O N\u00ba 44\/2020-CEPE\/UNICENTRO<\/span><\/p>\n<\/td>\n<td>\n<p align=\"center\"><span style=\"font-size: 10pt\"> <span class=\"fontstyle0\">Estabelece procedimentos para a implementa\u00e7\u00e3o de disciplinas de curriculariza\u00e7\u00e3o da extens\u00e3o em cursos de gradua\u00e7\u00e3o presenciais da UNICENTRO enquanto perdurarem as medidas de distanciamento social devido \u00e0 pandemia do Coronav\u00edrus.<\/span><br \/>\n<\/span><\/p>\n<\/td>\n<td>\n<p align=\"center\"><u><a href=\"https:\/\/www3.unicentro.br\/proec\/wp-content\/uploads\/sites\/73\/2020\/07\/resolucao_cepe_44_2020.pdf\"><span style=\"font-size: 10pt\">pdf<\/span><\/a><\/u><\/p>\n<\/td>\n<\/tr>\n<tr style=\"background-color: #77f7f7\">\n<td>\n<p align=\"center\"><span style=\"font-size: 10pt\"><b>ORIENTA\u00c7\u00d5ES PARA ATIVIDADES EXTENSIONISTAS DURANTE A PANDEMIA DO CORONAV\u00cdRUS\u00a0<\/b><\/span><\/p>\n<\/td>\n<td>\n<p align=\"center\"><span style=\"font-size: 10pt\">MEMORANDO CIRCULAR N\u00ba 021\/2020-PROEC\/UNICENTRO<\/span><\/p>\n<\/td>\n<td>\n<p align=\"center\"><span style=\"font-size: 10pt\">Orienta quanto aos prazos para submiss\u00e3o de novas propostas extensionistas e quanto \u00e0 prorroga\u00e7\u00e3o de programas e projetos de extens\u00e3o enquanto perdurarem as medidas de isolamento social <span class=\"fontstyle0\">devido \u00e0 <\/span>pandemia do Coronav\u00edrus<\/span><\/p>\n<\/td>\n<td>\n<p align=\"center\"><u><a href=\"https:\/\/www3.unicentro.br\/proec\/wp-content\/uploads\/sites\/73\/2020\/06\/Memorando-Circular-021-2020-Dep.-e-Setores.pdf\"><span style=\"font-size: 10pt\">pdf<\/span><\/a><\/u><\/p>\n<\/td>\n<\/tr>\n<tr>\n<td width=\"21%\" height=\"64\">\n<p align=\"center\"><span style=\"font-size: 10pt\"><b>REGULAMENTO DAS ATIVIDADES EXTENSIONISTAS<\/b><\/span><\/p>\n<\/td>\n<td width=\"29%\">\n<p align=\"center\"><span style=\"font-size: 10pt\">RESOLU\u00c7\u00c3O CONJUNTA N\u00ba 07\/2012-CEPE-CAD\/UNICENTRO<\/span><\/p>\n<\/td>\n<td width=\"41%\">\n<p align=\"center\"><span style=\"font-size: 10pt\">Regulamento das Atividades Extensionistas da UNICENTRO<\/span><\/p>\n<\/td>\n<td width=\"9%\">\n<p align=\"center\"><u><a href=\"https:\/\/www3.unicentro.br\/proec\/wp-content\/uploads\/sites\/73\/2020\/02\/RESOLUCAO_N_7_2012_CEPE_CAD_UNICENTRO_Regulamento.pdf\"><span style=\"font-size: 10pt\">pdf<\/span><\/a><\/u><\/p>\n<\/td>\n<\/tr>\n<tr>\n<td width=\"21%\" height=\"64\">\n<p align=\"center\"><span style=\"font-size: 10pt\"><b>REGULAMENTO DAS ATIVIDADES EXTENSIONISTAS<\/b><\/span><\/p>\n<\/td>\n<td width=\"29%\">\n<p align=\"center\"><span style=\"font-size: 10pt\">RESOLU\u00c7\u00c3O N\u00ba 1\/2015-CEPE-CAD\/UNICENTRO<\/span><\/p>\n<\/td>\n<td width=\"41%\">\n<p align=\"center\"><span style=\"font-size: 10pt\">Altera os artigos 23, 24 e 25 do Regulamento das Atividades Extensionistas da UNICENTRO<\/span><\/p>\n<\/td>\n<td width=\"9%\">\n<p align=\"center\"><u><a href=\"https:\/\/www3.unicentro.br\/proec\/wp-content\/uploads\/sites\/73\/2020\/02\/RESOLUCAO_N_1_2015_CEPE_CAD_UNICENTRO_Altera_Regulamento.pdf\"><span style=\"font-size: 10pt\">pdf<\/span><\/a><\/u><\/p>\n<\/td>\n<\/tr>\n<tr>\n<td width=\"21%\" height=\"64\">\n<p align=\"center\"><span style=\"font-size: 10pt\"><b>REGULAMENTO DAS ATIVIDADES EXTENSIONISTAS<\/b><\/span><\/p>\n<\/td>\n<td width=\"29%\">\n<p align=\"center\"><span style=\"font-size: 10pt\">RESOLU\u00c7\u00c3O N\u00ba 5\/2013-CEPE-CAD\/UNICENTRO<\/span><\/p>\n<\/td>\n<td width=\"41%\">\n<p align=\"center\"><span style=\"font-size: 10pt\">Altera os artigos 6, 11 e 42 do Regulamento das Atividades Extensionistas da UNICENTRO<\/span><\/p>\n<\/td>\n<td width=\"9%\">\n<p align=\"center\"><u><a href=\"https:\/\/www3.unicentro.br\/proec\/wp-content\/uploads\/sites\/73\/2020\/02\/RESOLUCAO_N_5_2013_CEPE_CAD_UNICENTRO_Altera_Regulamento.pdf\"><span style=\"font-size: 10pt\">pdf<\/span><\/a><\/u><\/p>\n<\/td>\n<\/tr>\n<tr>\n<td width=\"21%\" height=\"64\">\n<p align=\"center\"><span style=\"font-size: 10pt\"><b>REGULAMENTO DAS ATIVIDADES EXTENSIONISTAS<\/b><\/span><\/p>\n<\/td>\n<td width=\"29%\">\n<p align=\"center\"><span style=\"font-size: 10pt\">MODELO DE OR\u00c7AMENTO PARA RELAT\u00d3RIO FINAL DE PROJETO DE EXTENS\u00c3O<\/span><\/p>\n<\/td>\n<td width=\"41%\">\n<p align=\"center\"><span style=\"font-size: 10pt\">Planilha modelo de or\u00e7amento para relat\u00f3rio final de projeto de extens\u00e3o<\/span><\/p>\n<\/td>\n<td style=\"text-align: center\" width=\"9%\"><u><a href=\"https:\/\/www3.unicentro.br\/proec\/wp-content\/uploads\/sites\/73\/2020\/02\/Planilha_modelo_orcamento_relat_-final.xls\"><span style=\"font-size: 10pt\">xls<\/span><\/a><\/u><\/td>\n<\/tr>\n<tr>\n<td width=\"21%\" height=\"64\">\n<p align=\"center\"><span style=\"font-size: 10pt\"><b>SISTEMA ONLINE DE SUBMISS\u00c3O DE PROJETOS<\/b><\/span><\/p>\n<\/td>\n<td width=\"29%\">\n<p align=\"center\"><span style=\"font-size: 10pt\">INSTRU\u00c7\u00c3O NORMATIVA N\u00ba 01\/2015-PROEC\/UNICENTRO<\/span><\/p>\n<\/td>\n<td width=\"41%\">\n<p align=\"center\"><span style=\"font-size: 10pt\">Estabelece que os projetos e programas de extens\u00e3o devam ser submetidos pelo coordenador da proposta via SGUWEB<\/span><\/p>\n<\/td>\n<td width=\"9%\">\n<p align=\"center\"><u><a href=\"https:\/\/www3.unicentro.br\/proec\/wp-content\/uploads\/sites\/73\/2020\/02\/IN_01_2015_PROEC_sguweb.pdf\"><span style=\"font-size: 10pt\">pdf<\/span><\/a><\/u><\/p>\n<\/td>\n<\/tr>\n<tr>\n<td width=\"21%\" height=\"64\">\n<p align=\"center\"><span style=\"font-size: 10pt\"><b>SISTEMA ONLINE DE SUBMISS\u00c3O DE PROPOSTAS<\/b><\/span><\/p>\n<\/td>\n<td width=\"29%\">\n<p align=\"center\"><span style=\"font-size: 10pt\">ORIENTA\u00c7\u00d5ES \u00c0S CHEFIAS DE DEPARTAMENTOS<\/span><\/p>\n<\/td>\n<td width=\"41%\">\n<p align=\"center\"><span style=\"font-size: 10pt\">Sistema Online de Extens\u00e3o Universit\u00e1ria: Orienta\u00e7\u00f5es para Chefias de Departamentos<\/span><\/p>\n<\/td>\n<td style=\"text-align: center\" width=\"9%\"><u><a href=\"https:\/\/www3.unicentro.br\/proec\/wp-content\/uploads\/sites\/73\/2020\/02\/ORIENTACOES_CHEFIAS_DEPTOS.pdf\"><span style=\"font-size: 10pt\">pdf<\/span><\/a><\/u><\/td>\n<\/tr>\n<tr>\n<td width=\"21%\" height=\"64\">\n<p align=\"center\"><span style=\"font-size: 10pt\"><b>ORIENTA\u00c7\u00d5ES DIVERSAS<\/b><\/span><\/p>\n<\/td>\n<td width=\"29%\">\n<p align=\"center\"><span style=\"font-size: 10pt\">RESOLU\u00c7\u00c3O N\u00ba 18\/2018-CAD\/UNICENTRO<\/span><\/p>\n<\/td>\n<td width=\"41%\">\n<p align=\"center\"><span style=\"font-size: 10pt\">Aprova o Regulamento de Presta\u00e7\u00e3o de Servi\u00e7o Volunt\u00e1rio da UNICENTRO<\/span><\/p>\n<\/td>\n<td width=\"9%\">\n<p align=\"center\"><u><a href=\"https:\/\/www3.unicentro.br\/proec\/wp-content\/uploads\/sites\/73\/2020\/02\/RESOLUCAO_N_18_2018_CAD_UNICENTRO_Prest_Serv_Volunt.pdf\"><span style=\"font-size: 10pt\">pdf<\/span><\/a><\/u><\/p>\n<\/td>\n<\/tr>\n<tr>\n<td width=\"21%\" height=\"64\">\n<p align=\"center\"><span style=\"font-size: 10pt\"><b>ORIENTA\u00c7\u00d5ES DIVERSAS<\/b><\/span><\/p>\n<\/td>\n<td width=\"29%\">\n<p align=\"center\"><span style=\"font-size: 10pt\">INSTRU\u00c7\u00c3O NORMATIVA N\u00ba 01\/2019-PRORH\/UNICENTRO<\/span><\/p>\n<\/td>\n<td width=\"41%\">\n<p align=\"center\"><span style=\"font-size: 10pt\">Normatiza tr\u00e2mites e procedimentos para a formaliza\u00e7\u00e3o de Termo de Ades\u00e3o ao Servi\u00e7o Volunt\u00e1rio em aplica\u00e7\u00e3o \u00e0 Resolu\u00e7\u00e3o n\u00ba 18-CAD\/UNICENTRO, de 18 de dezembro de 2018, que aprova o Regulamento de Presta\u00e7\u00e3o de Servi\u00e7o Volunt\u00e1rio da UNICENTRO.<\/span><\/p>\n<\/td>\n<td width=\"9%\">\n<p align=\"center\"><u><a href=\"https:\/\/www3.unicentro.br\/proec\/wp-content\/uploads\/sites\/73\/2020\/02\/IN_01_2019_PRORH_Normatiza_termo_adesao_voluntario.pdf\"><span style=\"font-size: 10pt\">pdf<\/span><\/a><\/u><\/p>\n<\/td>\n<\/tr>\n<tr>\n<td width=\"21%\" height=\"64\">\n<p align=\"center\"><span style=\"font-size: 10pt\"><b>REGULAMENTO DA COMISS\u00c3O CIENT\u00cdFICA PERMANENTE DA PROEC<\/b><\/span><\/p>\n<\/td>\n<td width=\"29%\">\n<p align=\"center\"><span style=\"font-size: 10pt\">RESOLU\u00c7\u00c3O N\u00ba 01\/2013-CCP\/PROEC\/UNICENTRO<\/span><\/p>\n<\/td>\n<td width=\"41%\">\n<p align=\"center\"><span style=\"font-size: 10pt\">Regulamento da Comiss\u00e3o Cient\u00edfica Permanente da Pr\u00f3-Reitoria de Extens\u00e3o e Cultura<\/span><\/p>\n<\/td>\n<td width=\"9%\">\n<p align=\"center\"><u><a href=\"https:\/\/www3.unicentro.br\/proec\/wp-content\/uploads\/sites\/73\/2020\/05\/REGULAMENTO-CCP-PROEC.pdf\"><span style=\"font-size: 10pt\">pdf<\/span><\/a><\/u><\/p>\n<\/td>\n<\/tr>\n<tr>\n<td width=\"21%\" height=\"64\">\n<p align=\"center\"><span style=\"font-size: 10pt\"><b>ORIENTA\u00c7\u00d5ES PARA APRECIA\u00c7\u00c3O DE PROJETOS PELO CONDEP<\/b><\/span><\/p>\n<\/td>\n<td width=\"29%\">\n<p align=\"center\"><span style=\"font-size: 10pt\">ROTEIRO PARA APRECIA\u00c7\u00c3O DE PROGRAMAS\/PROJETO DE EXTENS\u00c3O<\/span><\/p>\n<\/td>\n<td width=\"41%\">\n<p align=\"center\"><span style=\"font-size: 10pt\">Roteiro para aprecia\u00e7\u00e3o de programas\/projeto de extens\u00e3o<\/span><\/p>\n<\/td>\n<td width=\"9%\">\n<p align=\"center\"><u><a href=\"https:\/\/www3.unicentro.br\/proec\/wp-content\/uploads\/sites\/73\/2020\/02\/Roteiro_para_apreciacao_de_projetos_e_programas_de_extensao.pdf\"><span style=\"font-size: 10pt\">pdf<\/span><\/a><\/u><\/p>\n<\/td>\n<\/tr>\n<tr>\n<td width=\"21%\" height=\"64\">\n<p align=\"center\"><span style=\"font-size: 10pt\"><b>ORIENTA\u00c7\u00d5ES PARA PROJETOS COM FOMENTO EXTERNO<\/b><\/span><\/p>\n<\/td>\n<td width=\"29%\">\n<p align=\"center\"><span style=\"font-size: 10pt\">INSTRU\u00c7\u00c3O NORMATIVA N\u00ba 05\/2013-PROEC\/UNICENTRO<\/span><\/p>\n<\/td>\n<td width=\"41%\">\n<p align=\"center\"><span style=\"font-size: 10pt\">Estabelece procedimentos para solicita\u00e7\u00e3o e presta\u00e7\u00e3o de contas da aplica\u00e7\u00e3o de recursos financeiros na realiza\u00e7\u00e3o de viagens t\u00e9cnicas de integrantes de equipe executora de projetos de extens\u00e3o desenvolvidos com financiamentos da SETI<\/span><\/p>\n<\/td>\n<td width=\"9%\">\n<p align=\"center\"><u><a href=\"https:\/\/www3.unicentro.br\/proec\/wp-content\/uploads\/sites\/73\/2020\/02\/IN_05_2013_PROEC_ajuda_financeira.pdf\"><span style=\"font-size: 10pt\">pdf<\/span><\/a><\/u><\/p>\n<\/td>\n<\/tr>\n<tr>\n<td>\n<p align=\"center\"><span style=\"font-size: 10pt\"><b>ORIENTA\u00c7\u00d5ES PARA PROJETOS COM FOMENTO EXTERNO<\/b><\/span><\/p>\n<\/td>\n<td>\n<p align=\"center\"><span style=\"font-size: 10pt\">INSTRU\u00c7\u00c3O NORMATIVA N\u00ba 01\/2024-PROEC\/UNICENTRO<\/span><\/p>\n<\/td>\n<td>\n<p align=\"center\"><span style=\"font-size: 10pt\">Orienta quanto aos prazos para submiss\u00e3o e prorroga\u00e7\u00e3o de projetos de extens\u00e3o com fomento externo<\/span><\/p>\n<\/td>\n<td>\n<p align=\"center\"><span style=\"font-size: 10pt\"><u><a href=\"https:\/\/www3.unicentro.br\/proec\/wp-content\/uploads\/sites\/73\/2024\/08\/IN-01-2024-PROEC-submissao-e-prorrogacao-fomento-externo.pdf\">pdf<\/a><\/u><\/span><\/p>\n<\/td>\n<\/tr>\n<tr>\n<td width=\"21%\" height=\"64\">\n<p align=\"center\"><span style=\"font-size: 10pt\"><b>ORIENTA\u00c7\u00d5ES PARA PROJETOS COM FOMENTO EXTERNO<\/b><\/span><\/p>\n<\/td>\n<td width=\"29%\">\n<p align=\"center\"><span style=\"font-size: 10pt\">INSTRU\u00c7\u00c3O NORMATIVA N\u00ba 02\/2024-PROEC\/UNICENTRO<\/span><\/p>\n<\/td>\n<td width=\"41%\">\n<p align=\"center\"><span style=\"font-size: 10pt\">Normatiza a constitui\u00e7\u00e3o e a atua\u00e7\u00e3o de bolsistas das equipes de coordenadores e orientadores de projetos de extens\u00e3o com fomento externo que visam \u00e0 execu\u00e7\u00e3o de encomendas governamentais.<\/span><\/p>\n<\/td>\n<td width=\"9%\">\n<p align=\"center\"><span style=\"font-size: 10pt\"><u><a href=\"https:\/\/www3.unicentro.br\/proec\/wp-content\/uploads\/sites\/73\/2024\/08\/IN-02-2024-PROEC-coordenadores-e-orientadores-fomento-externo.pdf\">pdf<\/a><\/u> <\/span><\/p>\n<\/td>\n<\/tr>\n<tr>\n<td>\n<p align=\"center\"><span style=\"font-size: 10pt\"><b>ORIENTA\u00c7\u00d5ES PARA PROJETOS COM FOMENTO EXTERNO<\/b><\/span><\/p>\n<\/td>\n<td>\n<p align=\"center\"><span style=\"font-size: 10pt\">INSTRU\u00c7\u00c3O NORMATIVA N\u00ba 03\/2014-PROEC\/UNICENTRO<\/span><\/p>\n<\/td>\n<td>\n<p align=\"center\"><span style=\"font-size: 10pt\">Normatiza a sele\u00e7\u00e3o de bolsistas para atua\u00e7\u00e3o em projetos de extens\u00e3o com fomento externo<\/span><\/p>\n<\/td>\n<td>\n<p align=\"center\"><span style=\"font-size: 10pt\"><u><a href=\"https:\/\/www3.unicentro.br\/proec\/wp-content\/uploads\/sites\/73\/2024\/08\/IN-03-2024-PROEC-selecao-bolsistas-fomento-externo.pdf\">pdf<\/a><\/u><\/span><\/p>\n<\/td>\n<\/tr>\n<tr>\n<td width=\"21%\" height=\"64\">\n<p align=\"center\"><span style=\"font-size: 10pt\"><b>CERTIFICADOS<\/b><\/span><\/p>\n<\/td>\n<td width=\"29%\">\n<p align=\"center\"><span style=\"font-size: 10pt\">INSTRU\u00c7\u00c3O NORMATIVA N\u00ba 03\/2018-PROEC\/UNICENTRO<\/span><\/p>\n<\/td>\n<td width=\"41%\">\n<p align=\"center\"><span style=\"font-size: 10pt\">Orienta os coordenadores de Programas\/Projetos de Extens\u00e3o quando da solicita\u00e7\u00e3o de certificados<\/span><\/p>\n<\/td>\n<td style=\"text-align: center\" width=\"9%\"><u><a href=\"https:\/\/www3.unicentro.br\/proec\/wp-content\/uploads\/sites\/73\/2020\/02\/IN_03_2018_PROEC_Solicitacao_certificados.pdf\"><span style=\"font-size: 10pt\">pdf<\/span><\/a><\/u><\/td>\n<\/tr>\n<tr>\n<td style=\"text-align: center\" width=\"21%\" height=\"64\"><span style=\"font-size: 10pt\"><b>CERTIFICADOS<\/b><\/span><\/td>\n<td width=\"29%\">\n<p align=\"center\"><span style=\"font-size: 10pt\">ANEXO I da Instru\u00e7\u00e3o Normativa N\u00ba 03\/2018-PROEC\/UNICENTRO<\/span><\/p>\n<\/td>\n<td width=\"41%\">\n<p align=\"center\"><span style=\"font-size: 10pt\">Planilha modelo para solicita\u00e7\u00e3o de certificados<\/span><\/p>\n<\/td>\n<td width=\"9%\">\n<p align=\"center\"><u><a href=\"https:\/\/www3.unicentro.br\/proec\/wp-content\/uploads\/sites\/73\/2020\/02\/I_N_003_2018_PROEC_UNICENTRO_ANEXO_I_planilha.xls\"><span style=\"font-size: 10pt\">xls<\/span><\/a><\/u><\/p>\n<\/td>\n<\/tr>\n<tr>\n<td width=\"21%\" height=\"64\">\n<p align=\"center\"><span style=\"font-size: 10pt\"><b>CERTIFICADOS<\/b><\/span><\/p>\n<\/td>\n<td width=\"29%\">\n<p align=\"center\"><span style=\"font-size: 10pt\">RESOLU\u00c7\u00c3O N\u00ba 4\/2010-CEPE-CAD\/UNICENTRO<\/span><\/p>\n<\/td>\n<td width=\"41%\">\n<p align=\"center\"><span style=\"font-size: 10pt\">Aprova o Regulamento para Emiss\u00e3o de Certificados da UNICENTRO<\/span><\/p>\n<\/td>\n<td style=\"text-align: center\" width=\"9%\"><u><a href=\"https:\/\/www3.unicentro.br\/proec\/wp-content\/uploads\/sites\/73\/2020\/02\/RESOLUCAO_N_4_2010_CEPE_CAD_UNICENTRO_Regulamento_certificados_UNICENTRO.pdf\"><span style=\"font-size: 10pt\">pdf<\/span><\/a><\/u><\/td>\n<\/tr>\n<tr>\n<td width=\"21%\" height=\"64\">\n<p align=\"center\"><span style=\"font-size: 10pt\"><b>CERTIFICADOS<\/b><\/span><\/p>\n<\/td>\n<td width=\"29%\">\n<p align=\"center\"><span style=\"font-size: 10pt\">INSTRU\u00c7\u00c3O NORMATIVA N\u00ba 07\/2013\u2013PROEC\/UNICENTRO<\/span><\/p>\n<\/td>\n<td width=\"41%\">\n<p align=\"center\"><span style=\"font-size: 10pt\">Normatiza a emiss\u00e3o de certificados das atividades extensionistas da UNICENTRO<\/span><\/p>\n<\/td>\n<td width=\"9%\">\n<p align=\"center\"><u><a href=\"https:\/\/www3.unicentro.br\/proec\/wp-content\/uploads\/sites\/73\/2020\/02\/IN_07_2013_PROEC_certificados.pdf\"><span style=\"font-size: 10pt\">pdf<\/span><\/a><\/u><\/p>\n<\/td>\n<\/tr>\n<tr>\n<td width=\"21%\" height=\"63\">\n<p align=\"center\"><span style=\"font-size: 10pt\"><b>PROGRAMA INSTITUCIONAL DE A\u00c7\u00d5ES EXTENSIONISTAS &#8211; PIAE<\/b><\/span><\/p>\n<\/td>\n<td width=\"29%\">\n<p align=\"center\"><span style=\"font-size: 10pt\">INSTRU\u00c7\u00c3O NORMATIVA N\u00ba 04\/2013-PROEC\/UNICENTRO<\/span><\/p>\n<\/td>\n<td width=\"41%\">\n<p align=\"center\"><span style=\"font-size: 10pt\">Normatiza o Programa Institucional de A\u00e7\u00f5es Extensionistas &#8211; PIAE<\/span><\/p>\n<\/td>\n<td width=\"9%\">\n<p align=\"center\"><u><a href=\"https:\/\/www3.unicentro.br\/proec\/wp-content\/uploads\/sites\/73\/2020\/02\/IN_4_2013_PROEC_Regulamento_PIAE.pdf\"><span style=\"font-size: 10pt\">pdf<\/span><\/a><\/u><\/p>\n<\/td>\n<\/tr>\n<\/tbody>\n<\/table>\n","protected":false},"excerpt":{"rendered":"<p>Nesta se\u00e7\u00e3o voc\u00ea tem acesso aos documentos que regulamentam as a\u00e7\u00f5es de extens\u00e3o na UNICENTRO e demais atividades vinculadas a PROEC. Documento Descri\u00e7\u00e3o Baixar ORIENTA\u00c7\u00d5ES PARA CURRICULARIZA\u00c7\u00c3O DA EXTENS\u00c3O DURANTE A PANDEMIA DO CORONAV\u00cdRUS\u00a0 RESOLU\u00c7\u00c3O N\u00ba 44\/2020-CEPE\/UNICENTRO Estabelece procedimentos para a implementa\u00e7\u00e3o de disciplinas de curriculariza\u00e7\u00e3o da extens\u00e3o em cursos de gradua\u00e7\u00e3o presenciais da UNICENTRO [&hellip;]<\/p>\n","protected":false},"author":224,"featured_media":0,"parent":0,"menu_order":0,"comment_status":"closed","ping_status":"closed","template":"","meta":{"_exactmetrics_skip_tracking":false,"_exactmetrics_sitenote_active":false,"_exactmetrics_sitenote_note":"","_exactmetrics_sitenote_category":0,"footnotes":"","_links_to":"","_links_to_target":""},"class_list":["post-1469","page","type-page","status-publish","hentry"],"publishpress_future_action":{"enabled":false,"date":"2026-04-12 17:26:04","action":"change-status","newStatus":"draft","terms":[],"taxonomy":"","extraData":[]},"publishpress_future_workflow_manual_trigger":{"enabledWorkflows":[]},"_links":{"self":[{"href":"https:\/\/www3.unicentro.br\/proec\/wp-json\/wp\/v2\/pages\/1469","targetHints":{"allow":["GET"]}}],"collection":[{"href":"https:\/\/www3.unicentro.br\/proec\/wp-json\/wp\/v2\/pages"}],"about":[{"href":"https:\/\/www3.unicentro.br\/proec\/wp-json\/wp\/v2\/types\/page"}],"author":[{"embeddable":true,"href":"https:\/\/www3.unicentro.br\/proec\/wp-json\/wp\/v2\/users\/224"}],"replies":[{"embeddable":true,"href":"https:\/\/www3.unicentro.br\/proec\/wp-json\/wp\/v2\/comments?post=1469"}],"version-history":[{"count":2,"href":"https:\/\/www3.unicentro.br\/proec\/wp-json\/wp\/v2\/pages\/1469\/revisions"}],"predecessor-version":[{"id":9393,"href":"https:\/\/www3.unicentro.br\/proec\/wp-json\/wp\/v2\/pages\/1469\/revisions\/9393"}],"wp:attachment":[{"href":"https:\/\/www3.unicentro.br\/proec\/wp-json\/wp\/v2\/media?parent=1469"}],"curies":[{"name":"wp","href":"https:\/\/api.w.org\/{rel}","templated":true}]}}