{"id":1466,"date":"2020-02-07T09:37:59","date_gmt":"2020-02-07T12:37:59","guid":{"rendered":"https:\/\/www3.unicentro.br\/proec\/?page_id=1466"},"modified":"2022-07-15T15:49:22","modified_gmt":"2022-07-15T18:49:22","slug":"a-curricularizacao-da-extensao-na-unicentro","status":"publish","type":"page","link":"https:\/\/www3.unicentro.br\/proec\/a-curricularizacao-da-extensao-na-unicentro\/","title":{"rendered":"A curriculariza\u00e7\u00e3o da Extens\u00e3o na UNICENTRO"},"content":{"rendered":"<div class=\"wpb-content-wrapper\"><p>[vc_row][vc_column][vc_column_text]<\/p>\n<p align=\"justify\"><span style=\"font-size: 10pt\">Desde 2016 a Pr\u00f3-Reitoria de Extens\u00e3o e Cultura &#8211; PROEC trabalhou coletivamente com o Grupo de Trabalho para Defini\u00e7\u00e3o das Diretrizes Institucionais para os Cursos de Gradua\u00e7\u00e3o, (composto pelas Pr\u00f3-Reitorias Pedag\u00f3gicas, Pr\u00f3-Reitoria de Planjemanto &#8211; PROPLAN, Escrit\u00f3rio de Rela\u00e7\u00f5es Internacionais &#8211; ERI, N\u00facleo de Ensino \u00e0 Dist\u00e2ncia &#8211; NEAD e Assist\u00eancia Estudantil), os N\u00facleos Docentes Estruturantes &#8211; NDEs e Setores de Conhecimento na constru\u00e7\u00e3o de uma proposta de Curriculariza\u00e7\u00e3o da Extens\u00e3o, de modo que ocorreram diversas discuss\u00f5es, sugest\u00f5es, refinamentos, com a seguinte trajet\u00f3ria:<\/span><\/p>\n<p>[\/vc_column_text][\/vc_column][\/vc_row][vc_row][vc_column][vc_tta_accordion active_section=&#8221;100&#8243; collapsible_all=&#8221;true&#8221;][vc_tta_section title=&#8221;Trajet\u00f3ria da Extens\u00e3o na Unicentro&#8221; tab_id=&#8221;1584121117904-691da925-0b6f&#8221;][vc_column_text]<\/p>\n<ul>\n<li>\n<p align=\"justify\"><span style=\"font-size: 10pt\">Em 04 e 05\/07\/2016 respectivamente, Guarapuava e Irati foi apresentada aos N\u00facleos Docentes Estruturantes &#8211; NDEs, a Lei e o documento que rege a Curriculariza\u00e7\u00e3o da Extens\u00e3o, bem como experi\u00eancias de outras Universidades, tendo como encaminhamento a necessidade de discuss\u00e3o do NDE junto ao Conselho Departamental &#8211; CONDEP dos diferentes cursos para apresenta\u00e7\u00e3o de proposi\u00e7\u00f5es de como poder\u00edamos implementar a Curriculariza\u00e7\u00e3o da Extens\u00e3o na UNICENTRO, devendo ser entregue aos Setores de Conhecimento;<\/span><\/p>\n<\/li>\n<li>\n<p align=\"justify\"><span style=\"font-size: 10pt\">Em 15 e 16\/07\/2016 respectivamente, Guarapuava e Irati, os Setores de Conhecimento apresentaram as proposi\u00e7\u00f5es advindas dos seus cursos;<\/span><\/p>\n<\/li>\n<li>\n<p align=\"justify\"><span style=\"font-size: 10pt\">Em 23 e 24\/11\/2016 respectivamente, Guarapuava e Irati foi realizada uma mesa redonda com professores convidados da Universidade Federal de Pelotas &#8211; UFPel, Instituto Federal de Santa Catarina -IFSC e Universidade Federal do Paran\u00e1 &#8211; UFPR para socializa\u00e7\u00e3o de suas experi\u00eancias institucionais;<\/span><\/p>\n<\/li>\n<li>\n<p align=\"justify\"><span style=\"font-size: 10pt\">Em 20\/03\/2017 em Irati, com todos os Setores de Conhecimento foi apresentada devolutiva da sistematiza\u00e7\u00e3o realizada a partir das proposi\u00e7\u00f5es sugeridas;<\/span><\/p>\n<\/li>\n<li>\n<p align=\"justify\"><span style=\"font-size: 10pt\">Em 13 e 14\/06\/2017 foi realizada a devolutiva aos NDEs da sistematiza\u00e7\u00e3o das proposi\u00e7\u00f5es dos diferentes cursos, respectivamente, Guarapuava e Irati;<\/span><\/p>\n<\/li>\n<li>\n<p align=\"justify\"><span style=\"font-size: 10pt\">Em 20\/06\/2017 envio da Minuta da Curriculariza\u00e7\u00e3o da Extens\u00e3o para os Setores de Conhecimento, Departamentos Pedag\u00f3gicos e integrantes dos NDEs para aprecia\u00e7\u00e3o e envio de sugest\u00f5es at\u00e9 31\/08\/2017, prazo este ampliado para 29\/09\/2017;<\/span><\/p>\n<\/li>\n<li>\n<p align=\"justify\"><span style=\"font-size: 10pt\">Em 27\/06\/2017 a PROEC participou do F\u00f3rum das Licenciaturas para orienta\u00e7\u00e3o dos participantes acerca da Curriculariza\u00e7\u00e3o da Extens\u00e3o;<\/span><\/p>\n<\/li>\n<li>\n<p align=\"justify\"><span style=\"font-size: 10pt\">Em 24 e 26\/10\/2017 aconteceu a Roda de Conversa sobre Curriculariza\u00e7\u00e3o da Extens\u00e3o, respectivamente, Irati e Guarapuava;<\/span><\/p>\n<\/li>\n<li>\n<p align=\"justify\"><span style=\"font-size: 10pt\">Em outubro e novembro\/2017 e abril\/2018 aconteceram reuni\u00f5es com os estudantes para apresenta\u00e7\u00e3o da Curriculariza\u00e7\u00e3o da Extens\u00e3o;<\/span><\/p>\n<\/li>\n<li>\n<p align=\"justify\"><span style=\"font-size: 10pt\">Em 16\/04\/2018, aprova\u00e7\u00e3o da Resolu\u00e7\u00e3o N\u00ba 7-CEPE\/UNICENTRO, que regulamenta o registro e a inclus\u00e3o de atividades de extens\u00e3o nos curr\u00edculos dos cursos de gradua\u00e7\u00e3o da UNICENTRO;<\/span><\/p>\n<\/li>\n<li>\n<p align=\"justify\"><span style=\"font-size: 10pt\">No primeiro semestre de 2018 foi ofertada uma disciplina de Inicia\u00e7\u00e3o \u00e0 Extens\u00e3o em car\u00e1ter experimental (projeto piloto) para fins de enriquecimento curricular dos estudantes. Essa disciplina foi aprovada pelo Conselho de Ensino, Pesquisa e Extens\u00e3o da UNICENTRO e aconteceu no per\u00edodo de 20 de fevereiro a 12 de junho no campus CEDETEG, com carga hor\u00e1ria de 34 horas\/aula, sendo ofertada \u00e0s ter\u00e7as-feiras das 17 horas \u00e0s 18h40 min.;<\/span><\/p>\n<\/li>\n<li>\n<p align=\"justify\"><span style=\"font-size: 10pt\">Tendo em vista a publica\u00e7\u00e3o das Diretrizes para as Pol\u00edticas de Extens\u00e3o da Educa\u00e7\u00e3o Superior Brasileira em dezembro de 2018, foi solicitada altera\u00e7\u00e3o da Resolu\u00e7\u00e3o N\u00ba 7-CEPE\/UNICENTRO para adequa\u00e7\u00e3o ao documento nacional;<\/span><\/p>\n<\/li>\n<li>\n<p align=\"justify\"><span style=\"font-size: 10pt\">No primeiro semestre de 2019, em parceria com a PROEN, foram realizadas Rodas de conversa em todos os Setores de Conhecimento da UNICENTRO com a presen\u00e7a de chefias e docentes dos NDEs com a finalidade de esclarecer d\u00favidas acerca dos formatos de curriculariza\u00e7\u00e3o aprovados e de impulsionar os docentes na reformula\u00e7\u00e3o dos Projetos Pedag\u00f3gicos dos Cursos.<\/span><\/p>\n<\/li>\n<\/ul>\n<p>[\/vc_column_text][\/vc_tta_section][\/vc_tta_accordion][\/vc_column][\/vc_row][vc_row][vc_column][vc_column_text]<span style=\"font-size: 12pt\"><strong>Acesse o regulamento da curriculariza\u00e7\u00e3o e outros documentos aqui:<\/strong><\/span><\/p>\n<table style=\"height: 690px;width: 144.547%\" width=\"1200\" cellspacing=\"0\" cellpadding=\"7\">\n<thead>\n<tr style=\"height: 56px\">\n<td style=\"height: 56px\" width=\"474\">\n<p align=\"center\"><span style=\"font-size: 10pt\"><b>Documento<\/b><\/span><\/p>\n<\/td>\n<td style=\"height: 56px\" width=\"72\">\n<p align=\"center\"><span style=\"font-size: 10pt\"><b>Baixar<\/b><\/span><\/p>\n<\/td>\n<\/tr>\n<\/thead>\n<colgroup>\n<col width=\"474\" \/>\n<col width=\"72\" \/> <\/colgroup>\n<tbody>\n<tr style=\"height: 96px\">\n<td style=\"height: 96px\" width=\"474\" height=\"35\"><span style=\"font-size: 10pt\">RESOLU\u00c7\u00c3O N\u00ba 7\/2018-CEPE\/UNICENTRO<\/span><\/p>\n<p><span style=\"font-size: 10pt\">Regulamenta o registro e a inclus\u00e3o das atividades de extens\u00e3o nos curr\u00edculos dos cursos de gradua\u00e7\u00e3o da UNICENTRO, e d\u00e1 outras provid\u00eancias<\/span><\/td>\n<td style=\"height: 96px\" width=\"72\">\n<p align=\"center\"><u><a href=\"https:\/\/sgu.unicentro.br\/pcatooficiais\/imprimir\/81F8443E\"><span style=\"font-size: 10pt\">pdf<\/span><\/a><\/u><\/p>\n<\/td>\n<\/tr>\n<tr style=\"height: 96px\">\n<td style=\"height: 96px\"><span style=\"font-size: 10pt\">RESOLU\u00c7\u00c3O N\u00ba 14\/2019-CEPE\/UNICENTRO<\/span><\/p>\n<p><span style=\"font-size: 10pt\">Altera dispositivos do Regulamento do registro e da inclus\u00e3o das atividades de extens\u00e3o nos curr\u00edculos dos cursos de gradua\u00e7\u00e3o da UNICENTRO<\/span><\/td>\n<td style=\"height: 96px\">\n<p align=\"center\"><span style=\"font-size: 10pt\"><u>\u00a0<a href=\"https:\/\/sgu.unicentro.br\/pcatooficiais\/imprimir\/79B39568\">pdf<\/a><\/u><\/span><\/p>\n<\/td>\n<\/tr>\n<tr style=\"height: 96px\">\n<td style=\"height: 96px\"><span style=\"font-size: 10pt\">RESOLU\u00c7\u00c3O N\u00ba 7\/2021-CEPE\/UNICENTRO<\/span><\/p>\n<p><span style=\"font-size: 10pt\">Altera o artigo 12 do Regulamento do registro e da inclus\u00e3o das atividades de extens\u00e3o nos curr\u00edculos dos cursos de gradua\u00e7\u00e3o da UNICENTRO<\/span><\/td>\n<td style=\"text-align: center;height: 96px\"><u><a href=\"https:\/\/sgu.unicentro.br\/pcatooficiais\/imprimir\/24581F5B\"><span style=\"font-size: 10pt\">pdf<\/span><\/a><\/u><\/td>\n<\/tr>\n<tr style=\"height: 96px\">\n<td style=\"height: 96px\" width=\"474\" height=\"35\"><span style=\"font-size: 10pt\">MEMORANDO N\u00ba 001\/2020-PROEN\/PROEC<\/span><\/p>\n<p><span style=\"font-size: 10pt\">Apresenta modelo de Regulamento de Curriculariza\u00e7\u00e3o da Extens\u00e3o dos cursos de gradua\u00e7\u00e3o da UNICENTRO<\/span><\/td>\n<td style=\"height: 96px\" width=\"72\">\n<p align=\"center\"><u><a href=\"https:\/\/www3.unicentro.br\/proec\/wp-content\/uploads\/sites\/73\/2020\/11\/Memorando-Conjunto-001-2020-Corricularizacao-da-Extensao-e-anexo.pdf\"><span style=\"font-size: 10pt\">pdf<\/span><\/a><\/u><\/p>\n<\/td>\n<\/tr>\n<tr style=\"height: 120px\">\n<td style=\"height: 120px\"><span style=\"font-size: 10pt\">RESOLU\u00c7\u00c3O N\u00ba 44\/2020-CEPE\/UNICENTRO<\/span><\/p>\n<p><span style=\"font-size: 10pt\"><span class=\"fontstyle0\">Estabelece procedimentos para a implementa\u00e7\u00e3o de disciplinas de curriculariza\u00e7\u00e3o da extens\u00e3o em cursos de gradua\u00e7\u00e3o presenciais da UNICENTRO enquanto perdurarem as medidas de distanciamento social devido \u00e0 pandemia do Coronav\u00edrus<\/span><\/span><\/td>\n<td style=\"height: 120px\">\n<p align=\"center\"><u><a href=\"https:\/\/sgu.unicentro.br\/pcatooficiais\/imprimir\/06B6B349\"><span style=\"font-size: 10pt\">pdf<\/span><\/a><\/u><\/p>\n<\/td>\n<\/tr>\n<tr style=\"height: 56px\">\n<td style=\"height: 10px\"><span style=\"font-size: 10pt\">SALDAN, P. C.; SANTOS, E. M. dos. A curriculariza\u00e7\u00e3o da extens\u00e3o na UNICENTRO: trajet\u00f3ria, possibilidades e desafios. In: KOLODY, A., BEL\u00c9M, D. J. A. N. (Org.) <b>Extens\u00e3o em perspectivas<\/b>. Guarapuava: UNICENTRO, 2019. Cap\u00edtulo 9. p. 185-202.<\/span><\/td>\n<td style=\"height: 10px\">\n<p align=\"center\"><span style=\"font-size: 10pt\"><u><a href=\"https:\/\/www3.unicentro.br\/proec\/wp-content\/uploads\/sites\/73\/2020\/02\/Cap\u00edtulo_Paula_Elaine_Livro_Extensao_Perspectivas_paginas_185_202.pdf\">pdf<\/a><\/u><\/span><\/p>\n<\/td>\n<\/tr>\n<tr style=\"height: 120px\">\n<td style=\"height: 120px\" colspan=\"2\"><span style=\"font-size: 10pt\"><br \/>\n<\/span><\/p>\n<p align=\"center\"><strong><span style=\"font-size: 10pt\">Acesse o PNE e demais diretrizes e documentos pelo link <\/span><\/strong><\/p>\n<p align=\"center\"><strong><span style=\"font-size: 10pt\"><a href=\"https:\/\/www3.unicentro.br\/proec\/a-extensao-no-ensino-superior-brasileiro\/curricularizacao-da-extensao\/\"><u>https:\/\/www3.unicentro.br\/proec\/a-extensao-no-ensino-superior-brasileiro\/curricularizacao-da-extensao\/<\/u><\/a><\/span><\/strong><\/p>\n<\/td>\n<\/tr>\n<\/tbody>\n<\/table>\n<p>[\/vc_column_text][\/vc_column][\/vc_row]<\/p>\n<\/div>","protected":false},"excerpt":{"rendered":"<p>[vc_row][vc_column][vc_column_text] Desde 2016 a Pr\u00f3-Reitoria de Extens\u00e3o e Cultura &#8211; PROEC trabalhou coletivamente com o Grupo de Trabalho para Defini\u00e7\u00e3o das Diretrizes Institucionais para os Cursos de Gradua\u00e7\u00e3o, (composto pelas Pr\u00f3-Reitorias Pedag\u00f3gicas, Pr\u00f3-Reitoria de Planjemanto &#8211; PROPLAN, Escrit\u00f3rio de Rela\u00e7\u00f5es Internacionais &#8211; ERI, N\u00facleo de Ensino \u00e0 Dist\u00e2ncia &#8211; NEAD e Assist\u00eancia Estudantil), os N\u00facleos [&hellip;]<\/p>\n","protected":false},"author":224,"featured_media":0,"parent":0,"menu_order":0,"comment_status":"closed","ping_status":"closed","template":"","meta":{"_exactmetrics_skip_tracking":false,"_exactmetrics_sitenote_active":false,"_exactmetrics_sitenote_note":"","_exactmetrics_sitenote_category":0,"footnotes":"","_links_to":"","_links_to_target":""},"class_list":["post-1466","page","type-page","status-publish","hentry"],"publishpress_future_action":{"enabled":false,"date":"2026-04-25 19:37:43","action":"change-status","newStatus":"draft","terms":[],"taxonomy":"","extraData":[]},"publishpress_future_workflow_manual_trigger":{"enabledWorkflows":[]},"_links":{"self":[{"href":"https:\/\/www3.unicentro.br\/proec\/wp-json\/wp\/v2\/pages\/1466","targetHints":{"allow":["GET"]}}],"collection":[{"href":"https:\/\/www3.unicentro.br\/proec\/wp-json\/wp\/v2\/pages"}],"about":[{"href":"https:\/\/www3.unicentro.br\/proec\/wp-json\/wp\/v2\/types\/page"}],"author":[{"embeddable":true,"href":"https:\/\/www3.unicentro.br\/proec\/wp-json\/wp\/v2\/users\/224"}],"replies":[{"embeddable":true,"href":"https:\/\/www3.unicentro.br\/proec\/wp-json\/wp\/v2\/comments?post=1466"}],"version-history":[{"count":0,"href":"https:\/\/www3.unicentro.br\/proec\/wp-json\/wp\/v2\/pages\/1466\/revisions"}],"wp:attachment":[{"href":"https:\/\/www3.unicentro.br\/proec\/wp-json\/wp\/v2\/media?parent=1466"}],"curies":[{"name":"wp","href":"https:\/\/api.w.org\/{rel}","templated":true}]}}