{"id":1464,"date":"2020-02-07T09:37:48","date_gmt":"2020-02-07T12:37:48","guid":{"rendered":"https:\/\/www3.unicentro.br\/proec\/?page_id=1464"},"modified":"2020-06-08T15:53:04","modified_gmt":"2020-06-08T18:53:04","slug":"pro-reitoria-de-extensao-e-cultura","status":"publish","type":"page","link":"https:\/\/www3.unicentro.br\/proec\/pro-reitoria-de-extensao-e-cultura\/","title":{"rendered":"Pr\u00f3-Reitoria de Extens\u00e3o E Cultura"},"content":{"rendered":"<p align=\"justify\"><span style=\"font-size: 10pt\">Conforme o Estatuto da Universidade Estadual do Centro-Oeste &#8211; UNICENTRO (aprovado pela Resolu\u00e7\u00e3o N\u00ba 023\/2006-COU\/UNICENTRO), as Pr\u00f3-Reitorias s\u00e3o unidades da Reitoria que t\u00eam por finalidade planejar, coordenar, executar, orientar e controlar as atividades relativas ao ensino, \u00e0 pesquisa, \u00e0 extens\u00e3o e \u00e0 administra\u00e7\u00e3o da universidade.<br \/>\nNa UNICENTRO, a <b>Pr\u00f3-Reitoria de Extens\u00e3o e Cultura &#8211; PROEC<\/b> \u00e9 a unidade administrativa respons\u00e1vel pelas atividades de extens\u00e3o universit\u00e1ria. Para o desenvolvimento de suas atividades, a PROEC est\u00e1 articulada em tr\u00eas diretorias, a saber: <b>Diretoria de Extens\u00e3o<\/b>; <b>Diretoria de Cultura<\/b>; e, <b>Diretoria de Programas Interinstitucionais<\/b>. <\/span><\/p>\n<p align=\"justify\"><span style=\"font-size: 10pt\">A <b>Diretoria de Extens\u00e3o &#8211; DIREX<\/b> atua com a institucionaliza\u00e7\u00e3o dos projetos de extens\u00e3o na UNICENTRO, o planejamento e a discuss\u00e3o da Pol\u00edtica Institucional de Extens\u00e3o, o fomento \u00e0 produ\u00e7\u00e3o extensionista, a divulga\u00e7\u00e3o e a coordena\u00e7\u00e3o de projetos institucionais.<\/span><\/p>\n<p align=\"justify\"><span style=\"font-size: 10pt\">A <b>Diretoria de Programas Interinstitucionais &#8211; DIRPROGI<\/b> vinculada \u00e0 Pr\u00f3-Reitoria de Extens\u00e3o e Cultura tem por objetivo fortalecer a extens\u00e3o universit\u00e1ria voltando suas a\u00e7\u00f5es para os editais e chamadas p\u00fablicas de financiamento de programas e projetos de extens\u00e3o. A DIRPROGI busca contribuir desde o momento da formula\u00e7\u00e3o at\u00e9 a execu\u00e7\u00e3o das propostas.<\/span><\/p>\n<p align=\"justify\"><span style=\"font-size: 10pt\">A <b>Diretoria de Cultura &#8211; DIRC<\/b> tem por finalidade planejar, executar, coordenar e promover projetos e eventos art\u00edstico-culturais como festivais, mostras, exposi\u00e7\u00f5es e oficinas culturais visando o fomento e a difus\u00e3o como a experimenta\u00e7\u00e3o de novas possibilidades de express\u00e3o art\u00edstica.<\/span><\/p>\n<p align=\"justify\"><span style=\"font-size: 10pt\">A PROEC est\u00e1 localizada no Campus Santa Cruz em Guarapuava, mas est\u00e1 presente no Campus Cedeteg em Guarapuava e no Campus de Irati por meio de suas unidades administrativas.<\/span><\/p>\n<p align=\"justify\"><span style=\"font-size: 10pt\">Pr\u00f3-reitora de Extens\u00e3o e Cultura: <b>Profa. Dra. Luc\u00e9lia de Souza<\/b><\/span><\/p>\n<p align=\"justify\"><span style=\"font-size: 10pt\">Diretora de Extens\u00e3o: <b>Profa. Dra. Vania Gryczak<\/b><\/span><\/p>\n<p align=\"justify\"><span style=\"font-size: 10pt\">Diretora de Cultura: <b>Profa. Dra. N\u00edncia Cec\u00edlia Ribas Borges Teixeira<\/b><\/span><\/p>\n<p align=\"justify\"><span style=\"font-size: 10pt\">Diretora de Programas Interinstitucionais: <b>Let\u00edcia Faggion<\/b><\/span><\/p>\n","protected":false},"excerpt":{"rendered":"<p>Conforme o Estatuto da Universidade Estadual do Centro-Oeste &#8211; UNICENTRO (aprovado pela Resolu\u00e7\u00e3o N\u00ba 023\/2006-COU\/UNICENTRO), as Pr\u00f3-Reitorias s\u00e3o unidades da Reitoria que t\u00eam por finalidade planejar, coordenar, executar, orientar e controlar as atividades relativas ao ensino, \u00e0 pesquisa, \u00e0 extens\u00e3o e \u00e0 administra\u00e7\u00e3o da universidade. Na UNICENTRO, a Pr\u00f3-Reitoria de Extens\u00e3o e Cultura &#8211; PROEC [&hellip;]<\/p>\n","protected":false},"author":224,"featured_media":0,"parent":0,"menu_order":0,"comment_status":"closed","ping_status":"closed","template":"","meta":{"_exactmetrics_skip_tracking":false,"_exactmetrics_sitenote_active":false,"_exactmetrics_sitenote_note":"","_exactmetrics_sitenote_category":0,"footnotes":"","_links_to":"","_links_to_target":""},"class_list":["post-1464","page","type-page","status-publish","hentry"],"publishpress_future_action":{"enabled":false,"date":"2026-04-25 09:48:06","action":"change-status","newStatus":"draft","terms":[],"taxonomy":"","extraData":[]},"publishpress_future_workflow_manual_trigger":{"enabledWorkflows":[]},"_links":{"self":[{"href":"https:\/\/www3.unicentro.br\/proec\/wp-json\/wp\/v2\/pages\/1464","targetHints":{"allow":["GET"]}}],"collection":[{"href":"https:\/\/www3.unicentro.br\/proec\/wp-json\/wp\/v2\/pages"}],"about":[{"href":"https:\/\/www3.unicentro.br\/proec\/wp-json\/wp\/v2\/types\/page"}],"author":[{"embeddable":true,"href":"https:\/\/www3.unicentro.br\/proec\/wp-json\/wp\/v2\/users\/224"}],"replies":[{"embeddable":true,"href":"https:\/\/www3.unicentro.br\/proec\/wp-json\/wp\/v2\/comments?post=1464"}],"version-history":[{"count":0,"href":"https:\/\/www3.unicentro.br\/proec\/wp-json\/wp\/v2\/pages\/1464\/revisions"}],"wp:attachment":[{"href":"https:\/\/www3.unicentro.br\/proec\/wp-json\/wp\/v2\/media?parent=1464"}],"curies":[{"name":"wp","href":"https:\/\/api.w.org\/{rel}","templated":true}]}}