{"id":1458,"date":"2020-02-07T09:36:44","date_gmt":"2020-02-07T12:36:44","guid":{"rendered":"https:\/\/www3.unicentro.br\/proec\/?page_id=1458"},"modified":"2020-05-20T11:07:12","modified_gmt":"2020-05-20T14:07:12","slug":"mais-sobre-a-extensao","status":"publish","type":"page","link":"https:\/\/www3.unicentro.br\/proec\/mais-sobre-a-extensao\/","title":{"rendered":"Mais sobre a Extens\u00e3o"},"content":{"rendered":"<p align=\"justify\"><span style=\"font-size: 10pt\">O F\u00f3rum de Pr\u00f3-Reitores de Extens\u00e3o das Institui\u00e7\u00f5es P\u00fablicas de Educa\u00e7\u00e3o Superior Brasileiras &#8211; FORPROEX \u00e9 uma entidade voltada para a articula\u00e7\u00e3o e defini\u00e7\u00e3o de pol\u00edticas acad\u00eamicas de extens\u00e3o, comprometida com a transforma\u00e7\u00e3o social para o pleno exerc\u00edcio da cidadania e o fortalecimento da democracia.<\/span><\/p>\n<p align=\"justify\"><span style=\"font-size: 10pt\">Uma iniciativa do FORPROEX \u00e9 a Rede Nacional de Extens\u00e3o &#8211; RENEX, que mant\u00e9m cadastro atualizado das institui\u00e7\u00f5es integrantes, divulga a\u00e7\u00f5es extensionistas universit\u00e1rias e coordena o Sistema Nacional de Informa\u00e7\u00f5es de Extens\u00e3o &#8211; SIEX\/Brasil, banco de dados sobre as pr\u00e1ticas de extens\u00e3o no Pa\u00eds.<\/span><\/p>\n<p><span style=\"font-size: 10pt\">Para mais informa\u00e7\u00f5es sobre o<b> FORPROEX<\/b> e a <b>Rede Nacional de Extens\u00e3o &#8211; RENEX<\/b> acesse<b> <\/b><span style=\"color: #0000ff\"><u><a href=\"https:\/\/www.ufmg.br\/proex\/renex\/index.php\">https:\/\/www.ufmg.br\/proex\/renex\/index.php<\/a><\/u><\/span>.<\/span><\/p>\n","protected":false},"excerpt":{"rendered":"<p>O F\u00f3rum de Pr\u00f3-Reitores de Extens\u00e3o das Institui\u00e7\u00f5es P\u00fablicas de Educa\u00e7\u00e3o Superior Brasileiras &#8211; FORPROEX \u00e9 uma entidade voltada para a articula\u00e7\u00e3o e defini\u00e7\u00e3o de pol\u00edticas acad\u00eamicas de extens\u00e3o, comprometida com a transforma\u00e7\u00e3o social para o pleno exerc\u00edcio da cidadania e o fortalecimento da democracia. Uma iniciativa do FORPROEX \u00e9 a Rede Nacional de Extens\u00e3o [&hellip;]<\/p>\n","protected":false},"author":224,"featured_media":0,"parent":0,"menu_order":0,"comment_status":"closed","ping_status":"closed","template":"","meta":{"_exactmetrics_skip_tracking":false,"_exactmetrics_sitenote_active":false,"_exactmetrics_sitenote_note":"","_exactmetrics_sitenote_category":0,"footnotes":"","_links_to":"","_links_to_target":""},"class_list":["post-1458","page","type-page","status-publish","hentry"],"publishpress_future_action":{"enabled":false,"date":"2026-04-25 19:38:15","action":"change-status","newStatus":"draft","terms":[],"taxonomy":"","extraData":[]},"publishpress_future_workflow_manual_trigger":{"enabledWorkflows":[]},"_links":{"self":[{"href":"https:\/\/www3.unicentro.br\/proec\/wp-json\/wp\/v2\/pages\/1458","targetHints":{"allow":["GET"]}}],"collection":[{"href":"https:\/\/www3.unicentro.br\/proec\/wp-json\/wp\/v2\/pages"}],"about":[{"href":"https:\/\/www3.unicentro.br\/proec\/wp-json\/wp\/v2\/types\/page"}],"author":[{"embeddable":true,"href":"https:\/\/www3.unicentro.br\/proec\/wp-json\/wp\/v2\/users\/224"}],"replies":[{"embeddable":true,"href":"https:\/\/www3.unicentro.br\/proec\/wp-json\/wp\/v2\/comments?post=1458"}],"version-history":[{"count":0,"href":"https:\/\/www3.unicentro.br\/proec\/wp-json\/wp\/v2\/pages\/1458\/revisions"}],"wp:attachment":[{"href":"https:\/\/www3.unicentro.br\/proec\/wp-json\/wp\/v2\/media?parent=1458"}],"curies":[{"name":"wp","href":"https:\/\/api.w.org\/{rel}","templated":true}]}}