{"id":1456,"date":"2020-02-07T09:36:34","date_gmt":"2020-02-07T12:36:34","guid":{"rendered":"https:\/\/www3.unicentro.br\/proec\/?page_id=1456"},"modified":"2020-02-17T13:49:17","modified_gmt":"2020-02-17T16:49:17","slug":"objetivos-de-desenvolvimento-sustentavel","status":"publish","type":"page","link":"https:\/\/www3.unicentro.br\/proec\/objetivos-de-desenvolvimento-sustentavel\/","title":{"rendered":"Objetivos de Desenvolvimento Sustent\u00e1vel"},"content":{"rendered":"<p align=\"justify\"><span style=\"font-size: 10pt\">Os Objetivos de Desenvolvimento Sustent\u00e1vel &#8211; ODS foram constru\u00eddos de forma colaborativa em uma agenda mundial, adotada durante a C\u00fapula das Na\u00e7\u00f5es Unidas sobre o Desenvolvimento Sustent\u00e1vel, em setembro de 2015, contemplando a cria\u00e7\u00e3o de 17 objetivos, em um total de 169 metas a serem atingidas at\u00e9 2030, atuando como um guia de a\u00e7\u00e3o estrat\u00e9gica na constru\u00e7\u00e3o de um planeta mais igualit\u00e1rio e melhor para todos.<\/span><\/p>\n<p><span style=\"font-size: 10pt\">Os ODS s\u00e3o:<\/span><\/p>\n<ol>\n<li><span style=\"font-size: 10pt\">Erradica\u00e7\u00e3o da Pobreza<\/span><\/li>\n<li><span style=\"font-size: 10pt\">Fome Zero e Agricultura Sustent\u00e1vel <\/span><\/li>\n<li><span style=\"font-size: 10pt\">Sa\u00fade e Bem-Estar<\/span><\/li>\n<li><span style=\"font-size: 10pt\">Educa\u00e7\u00e3o de Qualidade<\/span><\/li>\n<li><span style=\"font-size: 10pt\">Igualdade de G\u00eanero<\/span><\/li>\n<li><span style=\"font-size: 10pt\">\u00c1gua Pot\u00e1vel e Saneamento <\/span><\/li>\n<li><span style=\"font-size: 10pt\">Energia Acess\u00edvel e Limpa<\/span><\/li>\n<li><span style=\"font-size: 10pt\">Trabalho Decente e Crescimento Econ\u00f4mico<\/span><\/li>\n<li><span style=\"font-size: 10pt\">Ind\u00fastria, Inova\u00e7\u00e3o e Infraestrutura<\/span><\/li>\n<li><span style=\"font-size: 10pt\">Redu\u00e7\u00e3o das Desigualdades<\/span><\/li>\n<li><span style=\"font-size: 10pt\">Cidades e Comunidades Sustent\u00e1veis <\/span><\/li>\n<li><span style=\"font-size: 10pt\">Consumo e Produ\u00e7\u00e3o Respons\u00e1veis<\/span><\/li>\n<li><span style=\"font-size: 10pt\">A\u00e7\u00e3o Contra a Mudan\u00e7a Global do Clima<\/span><\/li>\n<li><span style=\"font-size: 10pt\">Vida na \u00c1gua <\/span><\/li>\n<li><span style=\"font-size: 10pt\">Vida Terrestre<\/span><\/li>\n<li><span style=\"font-size: 10pt\">Paz, Justi\u00e7a e Institui\u00e7\u00f5es Eficazes<\/span><\/li>\n<li><span style=\"font-size: 10pt\">Parcerias e Meios de Implementa\u00e7\u00e3o<\/span><\/li>\n<\/ol>\n<p><span style=\"font-size: 10pt\">Acesse: <span style=\"color: #0000ff\"><u><a href=\"http:\/\/www.boaspraticasods.pr.gov.br\/Os-ODS\">http:\/\/www.boaspraticasods.pr.gov.br\/Os-ODS<\/a><\/u><\/span><\/span><\/p>\n","protected":false},"excerpt":{"rendered":"<p>Os Objetivos de Desenvolvimento Sustent\u00e1vel &#8211; ODS foram constru\u00eddos de forma colaborativa em uma agenda mundial, adotada durante a C\u00fapula das Na\u00e7\u00f5es Unidas sobre o Desenvolvimento Sustent\u00e1vel, em setembro de 2015, contemplando a cria\u00e7\u00e3o de 17 objetivos, em um total de 169 metas a serem atingidas at\u00e9 2030, atuando como um guia de a\u00e7\u00e3o estrat\u00e9gica [&hellip;]<\/p>\n","protected":false},"author":224,"featured_media":0,"parent":0,"menu_order":0,"comment_status":"closed","ping_status":"closed","template":"","meta":{"_exactmetrics_skip_tracking":false,"_exactmetrics_sitenote_active":false,"_exactmetrics_sitenote_note":"","_exactmetrics_sitenote_category":0,"footnotes":"","_links_to":"","_links_to_target":""},"class_list":["post-1456","page","type-page","status-publish","hentry"],"publishpress_future_action":{"enabled":false,"date":"2026-04-25 21:43:08","action":"change-status","newStatus":"draft","terms":[],"taxonomy":"","extraData":[]},"publishpress_future_workflow_manual_trigger":{"enabledWorkflows":[]},"_links":{"self":[{"href":"https:\/\/www3.unicentro.br\/proec\/wp-json\/wp\/v2\/pages\/1456","targetHints":{"allow":["GET"]}}],"collection":[{"href":"https:\/\/www3.unicentro.br\/proec\/wp-json\/wp\/v2\/pages"}],"about":[{"href":"https:\/\/www3.unicentro.br\/proec\/wp-json\/wp\/v2\/types\/page"}],"author":[{"embeddable":true,"href":"https:\/\/www3.unicentro.br\/proec\/wp-json\/wp\/v2\/users\/224"}],"replies":[{"embeddable":true,"href":"https:\/\/www3.unicentro.br\/proec\/wp-json\/wp\/v2\/comments?post=1456"}],"version-history":[{"count":0,"href":"https:\/\/www3.unicentro.br\/proec\/wp-json\/wp\/v2\/pages\/1456\/revisions"}],"wp:attachment":[{"href":"https:\/\/www3.unicentro.br\/proec\/wp-json\/wp\/v2\/media?parent=1456"}],"curies":[{"name":"wp","href":"https:\/\/api.w.org\/{rel}","templated":true}]}}