{"id":1454,"date":"2020-02-07T09:36:20","date_gmt":"2020-02-07T12:36:20","guid":{"rendered":"https:\/\/www3.unicentro.br\/proec\/?page_id=1454"},"modified":"2020-02-17T13:48:58","modified_gmt":"2020-02-17T16:48:58","slug":"eixos-integradores-e-areas-tematicas","status":"publish","type":"page","link":"https:\/\/www3.unicentro.br\/proec\/eixos-integradores-e-areas-tematicas\/","title":{"rendered":"Eixos integradores e \u00e1reas tem\u00e1ticas"},"content":{"rendered":"<p align=\"justify\"><span style=\"font-size: 10pt\">De acordo com a Pol\u00edtica Nacional, a Extens\u00e3o Universit\u00e1ria, em sua articula\u00e7\u00e3o com as pol\u00edticas p\u00fablicas, deve, conforme pactuado no \u00e2mbito do FORPROEX, estar pautada por tr\u00eas eixos integradores e ter como prioridade oito \u00e1reas de atua\u00e7\u00e3o.<\/span><\/p>\n<p align=\"justify\"><span style=\"font-size: 10pt\">Os eixos integradores s\u00e3o: (i) <b>\u00c1reas Tem\u00e1ticas<\/b>; (ii) <b>Territ\u00f3rio<\/b>; e, (iii) <b>Grupos Populacionais<\/b>. <\/span><\/p>\n<p align=\"justify\"><span style=\"font-size: 10pt\">O eixo <b>\u00c1reas Tem\u00e1ticas<\/b> tem por objetivo nortear a sistematiza\u00e7\u00e3o das a\u00e7\u00f5es de Extens\u00e3o Universit\u00e1ria em <b>oito \u00e1reas<\/b> correspondentes a grandes focos de pol\u00edtica social. S\u00e3o elas: <\/span><\/p>\n<ol>\n<li>\n<p align=\"justify\"><span style=\"font-size: 10pt\"><b>Comunica\u00e7\u00e3o<\/b><\/span><\/p>\n<\/li>\n<li>\n<p align=\"justify\"><span style=\"font-size: 10pt\"><b>Cultura<\/b><\/span><\/p>\n<\/li>\n<li>\n<p align=\"justify\"><span style=\"font-size: 10pt\"><b>Direitos Humanos e Justi\u00e7a<\/b><\/span><\/p>\n<\/li>\n<li>\n<p align=\"justify\"><span style=\"font-size: 10pt\"><b>Educa\u00e7\u00e3o<\/b><\/span><\/p>\n<\/li>\n<li>\n<p align=\"justify\"><span style=\"font-size: 10pt\"><b>Meio Ambiente<\/b><\/span><\/p>\n<\/li>\n<li>\n<p align=\"justify\"><span style=\"font-size: 10pt\"><b>Sa\u00fade<\/b><\/span><\/p>\n<\/li>\n<li>\n<p align=\"justify\"><span style=\"font-size: 10pt\"><b>Tecnologia e Produ\u00e7\u00e3o<\/b><\/span><\/p>\n<\/li>\n<li>\n<p align=\"justify\"><span style=\"font-size: 10pt\"><b>Trabalho. <\/b><\/span><\/p>\n<\/li>\n<\/ol>\n<p align=\"justify\"><span style=\"font-size: 10pt\">Esse leque, obviamente, n\u00e3o esgota todos os focos de pol\u00edtica social, e discuss\u00f5es sobre sua amplia\u00e7\u00e3o j\u00e1 est\u00e3o na agenda do FORPROEX.<\/span><\/p>\n<p align=\"justify\"><span style=\"font-size: 10pt\">O eixo <b>Territ\u00f3rio<\/b> destina-se \u00e0 promo\u00e7\u00e3o da integra\u00e7\u00e3o, em termos espaciais, das a\u00e7\u00f5es extensionistas, assim como das pol\u00edticas p\u00fablicas com as quais elas se articulam.<\/span><\/p>\n<p align=\"justify\"><span style=\"font-size: 10pt\">O eixo <b>Grupos Populacionais<\/b> busca promover a integra\u00e7\u00e3o das a\u00e7\u00f5es extensionistas, assim como a das pol\u00edticas p\u00fablicas com as quais elas se articulam, em grupos populacionais espec\u00edficos, especialmente os exclu\u00eddos e aqueles em situa\u00e7\u00e3o de vulnerabilidade social.<\/span><\/p>\n<p align=\"right\"><span style=\"font-size: 10pt\">Fonte: POL\u00cdTICA NACIONAL DE EXTENS\u00c3O UNIVERSIT\u00c1RIA (F\u00f3rum de Pr\u00f3-Reitores de Extens\u00e3o das Universidades P\u00fablicas Brasileiras &#8211; FORPROEX, 2012).<\/span><\/p>\n","protected":false},"excerpt":{"rendered":"<p>De acordo com a Pol\u00edtica Nacional, a Extens\u00e3o Universit\u00e1ria, em sua articula\u00e7\u00e3o com as pol\u00edticas p\u00fablicas, deve, conforme pactuado no \u00e2mbito do FORPROEX, estar pautada por tr\u00eas eixos integradores e ter como prioridade oito \u00e1reas de atua\u00e7\u00e3o. Os eixos integradores s\u00e3o: (i) \u00c1reas Tem\u00e1ticas; (ii) Territ\u00f3rio; e, (iii) Grupos Populacionais. O eixo \u00c1reas Tem\u00e1ticas tem [&hellip;]<\/p>\n","protected":false},"author":224,"featured_media":0,"parent":0,"menu_order":0,"comment_status":"closed","ping_status":"closed","template":"","meta":{"_exactmetrics_skip_tracking":false,"_exactmetrics_sitenote_active":false,"_exactmetrics_sitenote_note":"","_exactmetrics_sitenote_category":0,"footnotes":"","_links_to":"","_links_to_target":""},"class_list":["post-1454","page","type-page","status-publish","hentry"],"publishpress_future_action":{"enabled":false,"date":"2026-04-25 14:42:35","action":"change-status","newStatus":"draft","terms":[],"taxonomy":"","extraData":[]},"publishpress_future_workflow_manual_trigger":{"enabledWorkflows":[]},"_links":{"self":[{"href":"https:\/\/www3.unicentro.br\/proec\/wp-json\/wp\/v2\/pages\/1454","targetHints":{"allow":["GET"]}}],"collection":[{"href":"https:\/\/www3.unicentro.br\/proec\/wp-json\/wp\/v2\/pages"}],"about":[{"href":"https:\/\/www3.unicentro.br\/proec\/wp-json\/wp\/v2\/types\/page"}],"author":[{"embeddable":true,"href":"https:\/\/www3.unicentro.br\/proec\/wp-json\/wp\/v2\/users\/224"}],"replies":[{"embeddable":true,"href":"https:\/\/www3.unicentro.br\/proec\/wp-json\/wp\/v2\/comments?post=1454"}],"version-history":[{"count":0,"href":"https:\/\/www3.unicentro.br\/proec\/wp-json\/wp\/v2\/pages\/1454\/revisions"}],"wp:attachment":[{"href":"https:\/\/www3.unicentro.br\/proec\/wp-json\/wp\/v2\/media?parent=1454"}],"curies":[{"name":"wp","href":"https:\/\/api.w.org\/{rel}","templated":true}]}}