{"id":10414,"date":"2024-12-10T15:43:23","date_gmt":"2024-12-10T18:43:23","guid":{"rendered":"https:\/\/www3.unicentro.br\/proec\/?page_id=10414"},"modified":"2026-03-16T14:04:16","modified_gmt":"2026-03-16T17:04:16","slug":"devolucao-da-taxa-de-matricula","status":"publish","type":"page","link":"https:\/\/www3.unicentro.br\/proec\/promul\/devolucao-da-taxa-de-matricula\/","title":{"rendered":"Devolu\u00e7\u00e3o da taxa de matr\u00edcula"},"content":{"rendered":"<div class=\"wpb-content-wrapper\"><p>[vc_row][vc_column][vc_column_text css=&#8221;&#8221;]<img loading=\"lazy\" decoding=\"async\" class=\"alignnone wp-image-2008 size-full\" src=\"https:\/\/www3.unicentro.br\/proec\/wp-content\/uploads\/sites\/73\/2020\/03\/topo-doc-promul.png\" alt=\"\" width=\"1923\" height=\"273\" srcset=\"https:\/\/www3.unicentro.br\/proec\/wp-content\/uploads\/sites\/73\/2020\/03\/topo-doc-promul.png 1923w, https:\/\/www3.unicentro.br\/proec\/wp-content\/uploads\/sites\/73\/2020\/03\/topo-doc-promul-300x43.png 300w, https:\/\/www3.unicentro.br\/proec\/wp-content\/uploads\/sites\/73\/2020\/03\/topo-doc-promul-1024x145.png 1024w, https:\/\/www3.unicentro.br\/proec\/wp-content\/uploads\/sites\/73\/2020\/03\/topo-doc-promul-768x109.png 768w, https:\/\/www3.unicentro.br\/proec\/wp-content\/uploads\/sites\/73\/2020\/03\/topo-doc-promul-1536x218.png 1536w, https:\/\/www3.unicentro.br\/proec\/wp-content\/uploads\/sites\/73\/2020\/03\/topo-doc-promul-255x36.png 255w\" sizes=\"auto, (max-width: 1923px) 100vw, 1923px\" \/><\/p>\n<p class=\"western\" align=\"justify\">A partir de 2025, as devolu\u00e7\u00f5es dever\u00e3o ser solicitadas via <b>Protocolo On-line<\/b>.<\/p>\n<p class=\"western\" align=\"justify\">O aluno devidamente matriculado nos cursos do Promul tem o direito de solicitar a devolu\u00e7\u00e3o de taxa de matr\u00edcula quando o curso n\u00e3o atinge o n\u00famero m\u00ednimo de inscritos, <b>conforme descrito na cl\u00e1usula oitava do contrato de presta\u00e7\u00e3o de servi\u00e7o<\/b>.<\/p>\n<p class=\"western\" align=\"justify\">A devolu\u00e7\u00e3o deve ser solicitada por meio do protocolo online, para a solicita\u00e7\u00e3o \u00e9 necess\u00e1rio seguir o tr\u00e2mite descrito abaixo:<\/p>\n<p class=\"western\" align=\"justify\">Passo 1: Acesse o site do protocolo online pelo link:<span style=\"color: #0563c1\"><u><a href=\"https:\/\/www3.unicentro.br\/protocolo\/\">\u00a0https:\/\/www3.unicentro.br\/protocolo\/<\/a><\/u><\/span><\/p>\n<p class=\"western\" align=\"justify\">Passo 2: Clique em <b>Fazer Solicita\u00e7\u00e3o<\/b>;<\/p>\n<p class=\"western\" align=\"justify\">Passo 3: Preencha todos os dados solicitados e clique em <b>Pr\u00f3ximo<\/b>;<\/p>\n<p class=\"western\" align=\"justify\">Passo 4: Na op\u00e7\u00e3o tipo de processo, selecione a op\u00e7\u00e3o <b>Solicita<\/b>;<\/p>\n<p class=\"western\" align=\"justify\">Passo 5: Na descri\u00e7\u00e3o de solicita\u00e7\u00e3o, deve conter o seguinte texto:<\/p>\n<p class=\"western\" align=\"justify\"><b>MODELO DE DEVOLU\u00c7\u00c3O DE TAXA \u2013 MAIORES DE IDADE<\/b><\/p>\n<p class=\"western\" align=\"justify\">Eu (nome do inscrito) portador(a) do CPF (n\u00famero do CPF do inscrito), inscrito(a) no Programa Multicultural de L\u00ednguas da Unicentro \u2013 Promul, solicito a devolu\u00e7\u00e3o da taxa de matr\u00edcula devido ao n\u00e3o fechamento de turma.<\/p>\n<p class=\"western\" align=\"justify\"><b>MODELO DE DEVOLU\u00c7\u00c3O DE TAXA \u2013 MENORES DE IDADE<\/b><\/p>\n<p class=\"western\" align=\"justify\">Eu (nome do respons\u00e1vel pelo menor de idade) portador(a) do CPF (n\u00famero do CPF do respons\u00e1vel pelo menor de idade), respons\u00e1vel pelo aluno (nome do menor inscrito), portador do CPF (n\u00famero do CPF do menor inscrito) inscrito(a) no Programa Multicultural de L\u00ednguas da Unicentro \u2013 Promul, solicito a devolu\u00e7\u00e3o da taxa de matr\u00edcula devido ao n\u00e3o fechamento de turma.<\/p>\n<p class=\"western\" align=\"justify\">Passo 6: Ap\u00f3s a descri\u00e7\u00e3o da solicita\u00e7\u00e3o de devolu\u00e7\u00e3o de taxa, clique em <b>pr\u00f3ximo<\/b>;<br \/>\nPasso 7: <b>Anexe<\/b> o documento preenchido com seus dados banc\u00e1rios para a devolu\u00e7\u00e3o:<\/p>\n<p class=\"western\" align=\"justify\"><b>Maiores de Idade<\/b> (<span style=\"color: #0563c1\"><u><a href=\"https:\/\/www3.unicentro.br\/proec\/wp-content\/uploads\/sites\/73\/2024\/12\/Maiores_de_idade_675876f83e58a.docx\">baixe o formul\u00e1rio<\/a><\/u><\/span>)<\/p>\n<p class=\"western\" align=\"justify\"><b>Menores de Idade<\/b> (<span style=\"color: #0563c1\"><u><a href=\"https:\/\/www3.unicentro.br\/proec\/wp-content\/uploads\/sites\/73\/2026\/03\/Menores_de_idade_2026.doc\">baixe o formul\u00e1rio<\/a><\/u><\/span>)<\/p>\n<p class=\"western\" align=\"justify\">IMPORTANTE:<br \/>\n1 \u2013 Para os alunos menores de idade, a devolu\u00e7\u00e3o <u>deve<\/u> ser realizada em <b>nome do respons\u00e1vel<\/b>;<\/p>\n<p class=\"western\" align=\"justify\">2 \u2013 A conta informada deve ser <b>Conta Corrente<\/b>;<\/p>\n<p class=\"western\" align=\"justify\">3 \u2013 Para os alunos maiores de idade, a conta para a realiza\u00e7\u00e3o de devolu\u00e7\u00e3o de estar na <b>titularidade do inscrito<\/b>;<\/p>\n<p class=\"western\" align=\"justify\">Passo 8: Ap\u00f3s anexar o documento preenchido, clique em <b>Protocolar<\/b>.<\/p>\n<p class=\"western\" align=\"justify\">Ap\u00f3s seguir o passo a passo, sua solicita\u00e7\u00e3o de devolu\u00e7\u00e3o estar\u00e1 conclu\u00edda. No e-mail cadastrado chegar\u00e1 o link para o acompanhamento do processo.<\/p>\n<p>[\/vc_column_text][\/vc_column][\/vc_row]<\/p>\n<\/div>","protected":false},"excerpt":{"rendered":"<p>[vc_row][vc_column][vc_column_text css=&#8221;&#8221;] A partir de 2025, as devolu\u00e7\u00f5es dever\u00e3o ser solicitadas via Protocolo On-line. O aluno devidamente matriculado nos cursos do Promul tem o direito de solicitar a devolu\u00e7\u00e3o de taxa de matr\u00edcula quando o curso n\u00e3o atinge o n\u00famero m\u00ednimo de inscritos, conforme descrito na cl\u00e1usula oitava do contrato de presta\u00e7\u00e3o de servi\u00e7o. A [&hellip;]<\/p>\n","protected":false},"author":248,"featured_media":0,"parent":1982,"menu_order":0,"comment_status":"closed","ping_status":"closed","template":"","meta":{"_exactmetrics_skip_tracking":false,"_exactmetrics_sitenote_active":false,"_exactmetrics_sitenote_note":"","_exactmetrics_sitenote_category":0,"footnotes":"","_links_to":"","_links_to_target":""},"class_list":["post-10414","page","type-page","status-publish","hentry"],"publishpress_future_action":{"enabled":false,"date":"2026-04-16 08:43:45","action":"change-status","newStatus":"draft","terms":[],"taxonomy":"","extraData":[]},"publishpress_future_workflow_manual_trigger":{"enabledWorkflows":[]},"_links":{"self":[{"href":"https:\/\/www3.unicentro.br\/proec\/wp-json\/wp\/v2\/pages\/10414","targetHints":{"allow":["GET"]}}],"collection":[{"href":"https:\/\/www3.unicentro.br\/proec\/wp-json\/wp\/v2\/pages"}],"about":[{"href":"https:\/\/www3.unicentro.br\/proec\/wp-json\/wp\/v2\/types\/page"}],"author":[{"embeddable":true,"href":"https:\/\/www3.unicentro.br\/proec\/wp-json\/wp\/v2\/users\/248"}],"replies":[{"embeddable":true,"href":"https:\/\/www3.unicentro.br\/proec\/wp-json\/wp\/v2\/comments?post=10414"}],"version-history":[{"count":3,"href":"https:\/\/www3.unicentro.br\/proec\/wp-json\/wp\/v2\/pages\/10414\/revisions"}],"predecessor-version":[{"id":13793,"href":"https:\/\/www3.unicentro.br\/proec\/wp-json\/wp\/v2\/pages\/10414\/revisions\/13793"}],"up":[{"embeddable":true,"href":"https:\/\/www3.unicentro.br\/proec\/wp-json\/wp\/v2\/pages\/1982"}],"wp:attachment":[{"href":"https:\/\/www3.unicentro.br\/proec\/wp-json\/wp\/v2\/media?parent=10414"}],"curies":[{"name":"wp","href":"https:\/\/api.w.org\/{rel}","templated":true}]}}