{"id":10405,"date":"2024-12-10T15:29:24","date_gmt":"2024-12-10T18:29:24","guid":{"rendered":"https:\/\/www3.unicentro.br\/proec\/?page_id=10405"},"modified":"2025-11-17T16:47:53","modified_gmt":"2025-11-17T19:47:53","slug":"informacoes","status":"publish","type":"page","link":"https:\/\/www3.unicentro.br\/proec\/promul\/informacoes\/","title":{"rendered":"Informa\u00e7\u00f5es"},"content":{"rendered":"<div class=\"wpb-content-wrapper\"><p>[vc_row][vc_column][vc_column_text css=&#8221;&#8221;]<img loading=\"lazy\" decoding=\"async\" class=\"alignnone wp-image-2008 size-full\" src=\"https:\/\/www3.unicentro.br\/proec\/wp-content\/uploads\/sites\/73\/2020\/03\/topo-doc-promul.png\" alt=\"\" width=\"1923\" height=\"273\" srcset=\"https:\/\/www3.unicentro.br\/proec\/wp-content\/uploads\/sites\/73\/2020\/03\/topo-doc-promul.png 1923w, https:\/\/www3.unicentro.br\/proec\/wp-content\/uploads\/sites\/73\/2020\/03\/topo-doc-promul-300x43.png 300w, https:\/\/www3.unicentro.br\/proec\/wp-content\/uploads\/sites\/73\/2020\/03\/topo-doc-promul-1024x145.png 1024w, https:\/\/www3.unicentro.br\/proec\/wp-content\/uploads\/sites\/73\/2020\/03\/topo-doc-promul-768x109.png 768w, https:\/\/www3.unicentro.br\/proec\/wp-content\/uploads\/sites\/73\/2020\/03\/topo-doc-promul-1536x218.png 1536w, https:\/\/www3.unicentro.br\/proec\/wp-content\/uploads\/sites\/73\/2020\/03\/topo-doc-promul-255x36.png 255w\" sizes=\"auto, (max-width: 1923px) 100vw, 1923px\" \/><\/p>\n<p class=\"western\">Os cursos ofertados pelo promul t\u00eam a carga hor\u00e1ria anual de 120 horas, sendo dois semestres de 60 horas cada.<\/p>\n<p class=\"western\">Para os inscritos que j\u00e1 possuem conhecimento pr\u00e9vio do idioma, \u00e9 poss\u00edvel realizar o teste de nivelamento (<span style=\"color: #0563c1\"><u><a href=\"https:\/\/www3.unicentro.br\/proec\/promul\/nivelamento\/\">mais detalhes na aba \u201cnivelamento\u201d\/ Clique aqui<\/a><\/u><\/span>).<\/p>\n<p class=\"western\">O calend\u00e1rio disposto para o ano de 2025, est\u00e1 publicado na aba \u201cCalend\u00e1rio\u201d.<\/p>\n<p class=\"western\"><b>E-mail para contato<\/b>: <span style=\"color: #0563c1\"><u><a href=\"mailto:promulunicentro@gmail.com\">promulunicentro@gmail.com<\/a><\/u><\/span><\/p>\n<p>[\/vc_column_text][\/vc_column][\/vc_row]<\/p>\n<\/div>","protected":false},"excerpt":{"rendered":"<p>[vc_row][vc_column][vc_column_text css=&#8221;&#8221;] Os cursos ofertados pelo promul t\u00eam a carga hor\u00e1ria anual de 120 horas, sendo dois semestres de 60 horas cada. Para os inscritos que j\u00e1 possuem conhecimento pr\u00e9vio do idioma, \u00e9 poss\u00edvel realizar o teste de nivelamento (mais detalhes na aba \u201cnivelamento\u201d\/ Clique aqui). O calend\u00e1rio disposto para o ano de 2025, est\u00e1 [&hellip;]<\/p>\n","protected":false},"author":248,"featured_media":0,"parent":1982,"menu_order":0,"comment_status":"closed","ping_status":"closed","template":"","meta":{"_exactmetrics_skip_tracking":false,"_exactmetrics_sitenote_active":false,"_exactmetrics_sitenote_note":"","_exactmetrics_sitenote_category":0,"footnotes":"","_links_to":"","_links_to_target":""},"class_list":["post-10405","page","type-page","status-publish","hentry"],"publishpress_future_action":{"enabled":false,"date":"2026-04-16 04:05:32","action":"change-status","newStatus":"draft","terms":[],"taxonomy":"","extraData":[]},"publishpress_future_workflow_manual_trigger":{"enabledWorkflows":[]},"_links":{"self":[{"href":"https:\/\/www3.unicentro.br\/proec\/wp-json\/wp\/v2\/pages\/10405","targetHints":{"allow":["GET"]}}],"collection":[{"href":"https:\/\/www3.unicentro.br\/proec\/wp-json\/wp\/v2\/pages"}],"about":[{"href":"https:\/\/www3.unicentro.br\/proec\/wp-json\/wp\/v2\/types\/page"}],"author":[{"embeddable":true,"href":"https:\/\/www3.unicentro.br\/proec\/wp-json\/wp\/v2\/users\/248"}],"replies":[{"embeddable":true,"href":"https:\/\/www3.unicentro.br\/proec\/wp-json\/wp\/v2\/comments?post=10405"}],"version-history":[{"count":1,"href":"https:\/\/www3.unicentro.br\/proec\/wp-json\/wp\/v2\/pages\/10405\/revisions"}],"predecessor-version":[{"id":13320,"href":"https:\/\/www3.unicentro.br\/proec\/wp-json\/wp\/v2\/pages\/10405\/revisions\/13320"}],"up":[{"embeddable":true,"href":"https:\/\/www3.unicentro.br\/proec\/wp-json\/wp\/v2\/pages\/1982"}],"wp:attachment":[{"href":"https:\/\/www3.unicentro.br\/proec\/wp-json\/wp\/v2\/media?parent=10405"}],"curies":[{"name":"wp","href":"https:\/\/api.w.org\/{rel}","templated":true}]}}