{"id":5,"date":"2016-09-15T15:59:09","date_gmt":"2016-09-15T18:59:09","guid":{"rendered":"http:\/\/www3.unicentro.br\/apoioaoestudante\/?page_id=5"},"modified":"2026-03-03T19:06:14","modified_gmt":"2026-03-03T22:06:14","slug":"inicial","status":"publish","type":"page","link":"https:\/\/www3.unicentro.br\/proae\/","title":{"rendered":"Inicial"},"content":{"rendered":"<div class=\"wpb-content-wrapper\"><p>[vc_row content_placement=&#8221;middle&#8221; u_row_style=&#8221;0&#8243; u_row_paralax=&#8221;0&#8243; u_row_scheme=&#8221;0&#8243;][vc_column][vc_column_text css=&#8221;&#8221;]<\/p>\n<div class=\"wp-block-image\"><img loading=\"lazy\" decoding=\"async\" class=\"wpa-warning wpa-image-missing-alt alignnone wp-image-3876 size-full\" src=\"https:\/\/www3.unicentro.br\/proae\/wp-content\/uploads\/sites\/4\/2025\/04\/Summer-Festival-Canvas-Banner-1.png\" alt=\"\" width=\"1000\" height=\"250\" data-warning=\"Missing alt text\" srcset=\"https:\/\/www3.unicentro.br\/proae\/wp-content\/uploads\/sites\/4\/2025\/04\/Summer-Festival-Canvas-Banner-1.png 1000w, https:\/\/www3.unicentro.br\/proae\/wp-content\/uploads\/sites\/4\/2025\/04\/Summer-Festival-Canvas-Banner-1-300x75.png 300w, https:\/\/www3.unicentro.br\/proae\/wp-content\/uploads\/sites\/4\/2025\/04\/Summer-Festival-Canvas-Banner-1-768x192.png 768w, https:\/\/www3.unicentro.br\/proae\/wp-content\/uploads\/sites\/4\/2025\/04\/Summer-Festival-Canvas-Banner-1-255x64.png 255w\" sizes=\"auto, (max-width: 1000px) 100vw, 1000px\" \/><\/div>\n<p>[\/vc_column_text][\/vc_column][\/vc_row][vc_row][vc_column width=&#8221;2\/3&#8243;][vc_empty_space height=&#8221;17px&#8221;][vc_column_text css=&#8221;&#8221;]<\/p>\n<h1 style=\"text-align: center\"><strong>Voc\u00ea conhece a Pr\u00f3-Reitoria de Apoio aos Estudantes?<\/strong><\/h1>\n<p>&nbsp;<\/p>\n<p>A Pr\u00f3-Reitoria de Apoio aos Estudantes da Unicentro visa garantir o acesso e a perman\u00eancia dos acad\u00eamicos no ensino superior, oferecendo estrat\u00e9gias de apoio para reduzir a evas\u00e3o, contribuindo para a democratiza\u00e7\u00e3o do ensino p\u00fablico e auxiliando os estudantes a enfrentarem os desafios da vida universit\u00e1ria.<\/p>\n<p>Al\u00e9m de apoiar os estudantes, a Proae tamb\u00e9m oferece atendimento a toda a comunidade acad\u00eamica, promovendo a\u00e7\u00f5es que favore\u00e7am a inclus\u00e3o e o bem-estar no ambiente universit\u00e1rio. Contribuindo assim para um espa\u00e7o acad\u00eamico mais acess\u00edvel e igualit\u00e1rio para todos.[\/vc_column_text][vc_empty_space][vc_posts_slider count=&#8221;5&#8243; interval=&#8221;5&#8243; slides_content=&#8221;teaser&#8221; slides_title=&#8221;1&#8243; thumb_size=&#8221;10&#215;10&#8243; orderby=&#8221;date&#8221; css=&#8221;&#8221; posttypes=&#8221;post&#8221; categories=&#8221;destaques&#8221; el_class=&#8221;destaques-home&#8221;][\/vc_column][vc_column width=&#8221;1\/3&#8243;][vc_empty_space height=&#8221;15px&#8221;][vc_single_image image=&#8221;3963&#8243; img_size=&#8221;full&#8221; onclick=&#8221;custom_link&#8221; css=&#8221;&#8221; link=&#8221;https:\/\/www3.unicentro.br\/ouvidoria\/&#8221;][vc_single_image image=&#8221;3961&#8243; img_size=&#8221;full&#8221; onclick=&#8221;custom_link&#8221; css=&#8221;&#8221; link=&#8221;https:\/\/www3.unicentro.br\/bibliotecas\/&#8221;][vc_single_image image=&#8221;3959&#8243; img_size=&#8221;full&#8221; onclick=&#8221;custom_link&#8221; css=&#8221;&#8221; link=&#8221;https:\/\/www3.unicentro.br\/eri\/&#8221;][vc_single_image image=&#8221;3966&#8243; img_size=&#8221;full&#8221; onclick=&#8221;custom_link&#8221; css=&#8221;&#8221; link=&#8221;https:\/\/www3.unicentro.br\/empregabilidade\/vagas-unicentro\/&#8221;][vc_single_image image=&#8221;4529&#8243; img_size=&#8221;full&#8221; onclick=&#8221;custom_link&#8221; css=&#8221;&#8221; link=&#8221;https:\/\/www3.unicentro.br\/protocolo\/&#8221;][\/vc_column][\/vc_row][vc_row][vc_column][vc_video link=&#8221;https:\/\/youtu.be\/cA3U60oPWhs?feature=shared&#8221; align=&#8221;center&#8221; css=&#8221;&#8221;][\/vc_column][\/vc_row][vc_row][vc_column][\/vc_column][\/vc_row]<\/p>\n<\/div>","protected":false},"excerpt":{"rendered":"<p>[vc_row content_placement=&#8221;middle&#8221; u_row_style=&#8221;0&#8243; u_row_paralax=&#8221;0&#8243; u_row_scheme=&#8221;0&#8243;][vc_column][vc_column_text css=&#8221;&#8221;] [\/vc_column_text][\/vc_column][\/vc_row][vc_row][vc_column width=&#8221;2\/3&#8243;][vc_empty_space height=&#8221;17px&#8221;][vc_column_text css=&#8221;&#8221;] Voc\u00ea conhece a Pr\u00f3-Reitoria de Apoio aos Estudantes? &nbsp; A Pr\u00f3-Reitoria de Apoio aos Estudantes da Unicentro visa garantir o acesso e a perman\u00eancia dos acad\u00eamicos no ensino superior, oferecendo estrat\u00e9gias de apoio para reduzir a evas\u00e3o, contribuindo para a democratiza\u00e7\u00e3o do ensino p\u00fablico e [&hellip;]<\/p>\n","protected":false},"author":3,"featured_media":0,"parent":0,"menu_order":0,"comment_status":"closed","ping_status":"closed","template":"page-templates\/front-page.php","meta":{"_exactmetrics_skip_tracking":false,"_exactmetrics_sitenote_active":false,"_exactmetrics_sitenote_note":"","_exactmetrics_sitenote_category":0,"footnotes":"","_links_to":"","_links_to_target":""},"class_list":["post-5","page","type-page","status-publish","hentry"],"publishpress_future_action":{"enabled":false,"date":"2026-04-17 01:16:03","action":"change-status","newStatus":"draft","terms":[],"taxonomy":"","extraData":[]},"publishpress_future_workflow_manual_trigger":{"enabledWorkflows":[]},"_links":{"self":[{"href":"https:\/\/www3.unicentro.br\/proae\/wp-json\/wp\/v2\/pages\/5","targetHints":{"allow":["GET"]}}],"collection":[{"href":"https:\/\/www3.unicentro.br\/proae\/wp-json\/wp\/v2\/pages"}],"about":[{"href":"https:\/\/www3.unicentro.br\/proae\/wp-json\/wp\/v2\/types\/page"}],"author":[{"embeddable":true,"href":"https:\/\/www3.unicentro.br\/proae\/wp-json\/wp\/v2\/users\/3"}],"replies":[{"embeddable":true,"href":"https:\/\/www3.unicentro.br\/proae\/wp-json\/wp\/v2\/comments?post=5"}],"version-history":[{"count":5,"href":"https:\/\/www3.unicentro.br\/proae\/wp-json\/wp\/v2\/pages\/5\/revisions"}],"predecessor-version":[{"id":4600,"href":"https:\/\/www3.unicentro.br\/proae\/wp-json\/wp\/v2\/pages\/5\/revisions\/4600"}],"wp:attachment":[{"href":"https:\/\/www3.unicentro.br\/proae\/wp-json\/wp\/v2\/media?parent=5"}],"curies":[{"name":"wp","href":"https:\/\/api.w.org\/{rel}","templated":true}]}}