{"id":4259,"date":"2025-07-02T18:15:07","date_gmt":"2025-07-02T21:15:07","guid":{"rendered":"https:\/\/www3.unicentro.br\/proae\/?page_id=4259"},"modified":"2025-07-10T17:01:15","modified_gmt":"2025-07-10T20:01:15","slug":"materiais-pedagogicos","status":"publish","type":"page","link":"https:\/\/www3.unicentro.br\/proae\/materiais-pedagogicos\/","title":{"rendered":"Materiais Pedag\u00f3gicos"},"content":{"rendered":"<div class=\"wpb-content-wrapper\"><p>[vc_section][\/vc_section][vc_row][vc_column][vc_column_text css=&#8221;&#8221;]<a href=\"https:\/\/online.fliphtml5.com\/prvzw\/gyfp\/#p=1\">Cartilha TEA para professores universit\u00e1rios<\/a>[\/vc_column_text][vc_column_text css=&#8221;&#8221;]<a href=\"https:\/\/www3.unicentro.br\/proae\/wp-content\/uploads\/sites\/4\/2025\/07\/Como_Humanizar_a_Quem_Ensina_A_Necessida-1.pdf\">Artigo: Como Humanizar a quem ensina? A necessidade de uma forma\u00e7\u00e3o acad\u00eamica humanizada para o docente em nossa contemporaneidade\u00a0<\/a>[\/vc_column_text][\/vc_column][\/vc_row][vc_row][vc_column][\/vc_column][\/vc_row]<\/p>\n<\/div>","protected":false},"excerpt":{"rendered":"<p>[vc_section][\/vc_section][vc_row][vc_column][vc_column_text css=&#8221;&#8221;]Cartilha TEA para professores universit\u00e1rios[\/vc_column_text][vc_column_text css=&#8221;&#8221;]Artigo: Como Humanizar a quem ensina? A necessidade de uma forma\u00e7\u00e3o acad\u00eamica humanizada para o docente em nossa contemporaneidade\u00a0[\/vc_column_text][\/vc_column][\/vc_row][vc_row][vc_column][\/vc_column][\/vc_row]<\/p>\n","protected":false},"author":766,"featured_media":0,"parent":0,"menu_order":0,"comment_status":"closed","ping_status":"closed","template":"","meta":{"_exactmetrics_skip_tracking":false,"_exactmetrics_sitenote_active":false,"_exactmetrics_sitenote_note":"","_exactmetrics_sitenote_category":0,"footnotes":"","_links_to":"","_links_to_target":""},"class_list":["post-4259","page","type-page","status-publish","hentry"],"publishpress_future_action":{"enabled":false,"date":"2026-04-17 06:13:08","action":"change-status","newStatus":"draft","terms":[],"taxonomy":"","extraData":[]},"publishpress_future_workflow_manual_trigger":{"enabledWorkflows":[]},"_links":{"self":[{"href":"https:\/\/www3.unicentro.br\/proae\/wp-json\/wp\/v2\/pages\/4259","targetHints":{"allow":["GET"]}}],"collection":[{"href":"https:\/\/www3.unicentro.br\/proae\/wp-json\/wp\/v2\/pages"}],"about":[{"href":"https:\/\/www3.unicentro.br\/proae\/wp-json\/wp\/v2\/types\/page"}],"author":[{"embeddable":true,"href":"https:\/\/www3.unicentro.br\/proae\/wp-json\/wp\/v2\/users\/766"}],"replies":[{"embeddable":true,"href":"https:\/\/www3.unicentro.br\/proae\/wp-json\/wp\/v2\/comments?post=4259"}],"version-history":[{"count":2,"href":"https:\/\/www3.unicentro.br\/proae\/wp-json\/wp\/v2\/pages\/4259\/revisions"}],"predecessor-version":[{"id":4286,"href":"https:\/\/www3.unicentro.br\/proae\/wp-json\/wp\/v2\/pages\/4259\/revisions\/4286"}],"wp:attachment":[{"href":"https:\/\/www3.unicentro.br\/proae\/wp-json\/wp\/v2\/media?parent=4259"}],"curies":[{"name":"wp","href":"https:\/\/api.w.org\/{rel}","templated":true}]}}