{"id":753,"date":"2025-02-20T11:13:52","date_gmt":"2025-02-20T14:13:52","guid":{"rendered":"https:\/\/www3.unicentro.br\/ppgqa\/?page_id=753"},"modified":"2025-02-20T11:13:52","modified_gmt":"2025-02-20T14:13:52","slug":"xiii-jornada-de-pos-graduacao-em-quimica-aplicada","status":"publish","type":"page","link":"https:\/\/www3.unicentro.br\/ppgqa\/eventos\/xiii-jornada-de-pos-graduacao-em-quimica-aplicada\/","title":{"rendered":"XIII Jornada de P\u00f3s-Gradua\u00e7\u00e3o em Qu\u00edmica Aplicada"},"content":{"rendered":"<p><img loading=\"lazy\" decoding=\"async\" class=\"\" src=\"https:\/\/evento.unicentro.br\/files\/Eventos\/car_banner1\/01_10_2024_event_132447537.png\" width=\"702\" height=\"99\" \/><\/p>\n<p><a href=\"https:\/\/evento.unicentro.br\/site\/xii-jpgqa\/2024\/2\"><img loading=\"lazy\" decoding=\"async\" class=\"\" src=\"https:\/\/evento.unicentro.br\/files\/Arquivos\/car_arquivo\/04_10_2024_documento_1854079864.png\" width=\"702\" height=\"993\" \/><\/a><\/p>\n<p>&nbsp;<\/p>\n<p>&nbsp;<\/p>\n","protected":false},"excerpt":{"rendered":"<p>&nbsp; &nbsp;<\/p>\n","protected":false},"author":260,"featured_media":0,"parent":87,"menu_order":0,"comment_status":"closed","ping_status":"closed","template":"","meta":{"_exactmetrics_skip_tracking":false,"_exactmetrics_sitenote_active":false,"_exactmetrics_sitenote_note":"","_exactmetrics_sitenote_category":0,"footnotes":"","_links_to":"","_links_to_target":""},"class_list":["post-753","page","type-page","status-publish","hentry"],"_links":{"self":[{"href":"https:\/\/www3.unicentro.br\/ppgqa\/wp-json\/wp\/v2\/pages\/753","targetHints":{"allow":["GET"]}}],"collection":[{"href":"https:\/\/www3.unicentro.br\/ppgqa\/wp-json\/wp\/v2\/pages"}],"about":[{"href":"https:\/\/www3.unicentro.br\/ppgqa\/wp-json\/wp\/v2\/types\/page"}],"author":[{"embeddable":true,"href":"https:\/\/www3.unicentro.br\/ppgqa\/wp-json\/wp\/v2\/users\/260"}],"replies":[{"embeddable":true,"href":"https:\/\/www3.unicentro.br\/ppgqa\/wp-json\/wp\/v2\/comments?post=753"}],"version-history":[{"count":1,"href":"https:\/\/www3.unicentro.br\/ppgqa\/wp-json\/wp\/v2\/pages\/753\/revisions"}],"predecessor-version":[{"id":754,"href":"https:\/\/www3.unicentro.br\/ppgqa\/wp-json\/wp\/v2\/pages\/753\/revisions\/754"}],"up":[{"embeddable":true,"href":"https:\/\/www3.unicentro.br\/ppgqa\/wp-json\/wp\/v2\/pages\/87"}],"wp:attachment":[{"href":"https:\/\/www3.unicentro.br\/ppgqa\/wp-json\/wp\/v2\/media?parent=753"}],"curies":[{"name":"wp","href":"https:\/\/api.w.org\/{rel}","templated":true}]}}