{"id":75,"date":"2022-09-05T17:03:09","date_gmt":"2022-09-05T20:03:09","guid":{"rendered":"https:\/\/www3.unicentro.br\/ppgqa\/?page_id=75"},"modified":"2022-10-11T12:52:49","modified_gmt":"2022-10-11T15:52:49","slug":"xi-jpgqa","status":"publish","type":"page","link":"https:\/\/www3.unicentro.br\/ppgqa\/eventos\/xi-jpgqa\/","title":{"rendered":"XI Jornada de P\u00f3s-Gradua\u00e7\u00e3o em Qu\u00edmica"},"content":{"rendered":"<div class=\"wpb-content-wrapper\"><p>[vc_row][vc_column][vc_column_text]<img loading=\"lazy\" decoding=\"async\" class=\"alignnone wp-image-314\" src=\"https:\/\/www3.unicentro.br\/ppgqa\/wp-content\/uploads\/sites\/144\/2022\/10\/WhatsApp-Image-2022-10-07-at-10.51.55-300x300.jpeg\" alt=\"\" width=\"700\" height=\"700\" srcset=\"https:\/\/www3.unicentro.br\/ppgqa\/wp-content\/uploads\/sites\/144\/2022\/10\/WhatsApp-Image-2022-10-07-at-10.51.55-300x300.jpeg 300w, https:\/\/www3.unicentro.br\/ppgqa\/wp-content\/uploads\/sites\/144\/2022\/10\/WhatsApp-Image-2022-10-07-at-10.51.55-1024x1024.jpeg 1024w, https:\/\/www3.unicentro.br\/ppgqa\/wp-content\/uploads\/sites\/144\/2022\/10\/WhatsApp-Image-2022-10-07-at-10.51.55-150x150.jpeg 150w, https:\/\/www3.unicentro.br\/ppgqa\/wp-content\/uploads\/sites\/144\/2022\/10\/WhatsApp-Image-2022-10-07-at-10.51.55-768x768.jpeg 768w, https:\/\/www3.unicentro.br\/ppgqa\/wp-content\/uploads\/sites\/144\/2022\/10\/WhatsApp-Image-2022-10-07-at-10.51.55-50x50.jpeg 50w, https:\/\/www3.unicentro.br\/ppgqa\/wp-content\/uploads\/sites\/144\/2022\/10\/WhatsApp-Image-2022-10-07-at-10.51.55-80x80.jpeg 80w, https:\/\/www3.unicentro.br\/ppgqa\/wp-content\/uploads\/sites\/144\/2022\/10\/WhatsApp-Image-2022-10-07-at-10.51.55-263x263.jpeg 263w, https:\/\/www3.unicentro.br\/ppgqa\/wp-content\/uploads\/sites\/144\/2022\/10\/WhatsApp-Image-2022-10-07-at-10.51.55-100x100.jpeg 100w, https:\/\/www3.unicentro.br\/ppgqa\/wp-content\/uploads\/sites\/144\/2022\/10\/WhatsApp-Image-2022-10-07-at-10.51.55-526x526.jpeg 526w, https:\/\/www3.unicentro.br\/ppgqa\/wp-content\/uploads\/sites\/144\/2022\/10\/WhatsApp-Image-2022-10-07-at-10.51.55-255x255.jpeg 255w, https:\/\/www3.unicentro.br\/ppgqa\/wp-content\/uploads\/sites\/144\/2022\/10\/WhatsApp-Image-2022-10-07-at-10.51.55.jpeg 1080w\" sizes=\"auto, (max-width: 700px) 100vw, 700px\" \/>[\/vc_column_text][vc_row_inner][vc_column_inner][vc_column_text]<span style=\"font-size: 18pt\">As incri\u00e7\u00f5es foram prorrogadas e se encerram no dia 7 de outubro de 2022, voc\u00ea ainda tem:<\/span>[\/vc_column_text]    <div class=\"u_countdown u_countdown-6849 \" data-countdown=\"2022\/10\/7 23:59:00\" data-daylabel='Days' data-hourlabel='Hrs' data-minutelabel='Mins' data-secondlabel='Secs' data-showsecond='0' data-delay=0><\/div>\n    [vc_column_text]<span style=\"font-size: 18pt\">Para fazer a sua inscri\u00e7\u00e3o!!<\/span>[\/vc_column_text][\/vc_column_inner][\/vc_row_inner][vc_column_text]<a href=\"https:\/\/forms.gle\/BVURAi3VGBgAEkPi7\"><strong><img loading=\"lazy\" decoding=\"async\" class=\"size-medium wp-image-98 aligncenter\" src=\"https:\/\/www3.unicentro.br\/ppgqa\/wp-content\/uploads\/sites\/144\/2022\/09\/inscreva-se-300x162.png\" alt=\"\" width=\"300\" height=\"162\" srcset=\"https:\/\/www3.unicentro.br\/ppgqa\/wp-content\/uploads\/sites\/144\/2022\/09\/inscreva-se-300x162.png 300w, https:\/\/www3.unicentro.br\/ppgqa\/wp-content\/uploads\/sites\/144\/2022\/09\/inscreva-se-255x138.png 255w, https:\/\/www3.unicentro.br\/ppgqa\/wp-content\/uploads\/sites\/144\/2022\/09\/inscreva-se.png 313w\" sizes=\"auto, (max-width: 300px) 100vw, 300px\" \/><\/strong><\/a>[\/vc_column_text][\/vc_column][\/vc_row][vc_row][vc_column][\/vc_column][\/vc_row][vc_row][vc_column][vc_zigzag][vc_row_inner][vc_column_inner][vc_column_text]<span style=\"font-size: 18pt\">RESUMOS<\/span><\/p>\n<p><span style=\"font-size: 18pt\">O envio do resumo pode ser feito at\u00e9 o dia 7 de outubro de 2022, voc\u00ea ainda tem:<\/span>[\/vc_column_text]    <div class=\"u_countdown u_countdown-4703 \" data-countdown=\"2022\/10\/7 23:59:00\" data-daylabel='Days' data-hourlabel='Hrs' data-minutelabel='Mins' data-secondlabel='Secs' data-showsecond='0' data-delay=0><\/div>\n    [vc_column_text]<span style=\"font-size: 18pt\">Acesse o modelo do resumo do evento no bot\u00e3o abaixo:<\/span>[\/vc_column_text]    \t<a class=\"btn button-36048 btn-primary btn-lg \" href=\"https:\/\/www3.unicentro.br\/ppgqa\/wp-content\/uploads\/sites\/144\/2022\/09\/Modelo-de-Resumo-11a-Jornada-PPGQA.docx\" data-delay=0  target=\"_blank\" >\n        <i class=\"fa fa-file\"><\/i>&nbsp;&nbsp;Modelo do Resumo        <\/a>\n        [vc_separator][vc_column_text]<span style=\"font-size: 18pt\">Submeta o resumo no link abaixo:<\/span>[\/vc_column_text]    \t<a class=\"btn button-79232 btn-primary btn-lg \" href=\"https:\/\/forms.gle\/9uuSaNMHKtyqJ8Eu5\" data-delay=0  target=\"_blank\" >\n        <i class=\"fa fa-upload\"><\/i>&nbsp;&nbsp;Enviar Resumo        <\/a>\n        [vc_separator][vc_column_text]<span style=\"font-size: 18pt;\">Acesse o modelo para o poster do evento no bot\u00e3o abaixo:<\/span>[\/vc_column_text]    \t<a class=\"btn button-57292 btn-primary btn-lg \" href=\"https:\/\/www3.unicentro.br\/ppgqa\/wp-content\/uploads\/sites\/144\/2022\/10\/Modelo_Poster_XIJornadaPPGQA.ppt\" data-delay=0  target=\"_blank\" >\n        <i class=\"fa fa-file\"><\/i>&nbsp;&nbsp;Modelo do Poster        <\/a>\n        [\/vc_column_inner][\/vc_row_inner][\/vc_column][\/vc_row][vc_row][vc_column][vc_separator][\/vc_column][\/vc_row][vc_row][vc_column][vc_zigzag][vc_column_text]<img loading=\"lazy\" decoding=\"async\" class=\"alignnone wp-image-318\" src=\"https:\/\/www3.unicentro.br\/ppgqa\/wp-content\/uploads\/sites\/144\/2022\/10\/Programacao-11a-Jornada-de-Pos-Graduacao-em-Quimica-Aplicada-UNICENTRO-2022-1_page-0001-212x300.jpg\" alt=\"\" width=\"700\" height=\"991\" srcset=\"https:\/\/www3.unicentro.br\/ppgqa\/wp-content\/uploads\/sites\/144\/2022\/10\/Programacao-11a-Jornada-de-Pos-Graduacao-em-Quimica-Aplicada-UNICENTRO-2022-1_page-0001-212x300.jpg 212w, https:\/\/www3.unicentro.br\/ppgqa\/wp-content\/uploads\/sites\/144\/2022\/10\/Programacao-11a-Jornada-de-Pos-Graduacao-em-Quimica-Aplicada-UNICENTRO-2022-1_page-0001-724x1024.jpg 724w, https:\/\/www3.unicentro.br\/ppgqa\/wp-content\/uploads\/sites\/144\/2022\/10\/Programacao-11a-Jornada-de-Pos-Graduacao-em-Quimica-Aplicada-UNICENTRO-2022-1_page-0001-768x1086.jpg 768w, https:\/\/www3.unicentro.br\/ppgqa\/wp-content\/uploads\/sites\/144\/2022\/10\/Programacao-11a-Jornada-de-Pos-Graduacao-em-Quimica-Aplicada-UNICENTRO-2022-1_page-0001-255x360.jpg 255w\" sizes=\"auto, (max-width: 700px) 100vw, 700px\" \/>[\/vc_column_text][vc_zigzag][\/vc_column][\/vc_row]<\/p>\n<\/div>","protected":false},"excerpt":{"rendered":"<p>[vc_row][vc_column][vc_column_text][\/vc_column_text][vc_row_inner][vc_column_inner][vc_column_text]As incri\u00e7\u00f5es foram prorrogadas e se encerram no dia 7 de outubro de 2022, voc\u00ea ainda tem:[\/vc_column_text][vc_column_text]Para fazer a sua inscri\u00e7\u00e3o!![\/vc_column_text][\/vc_column_inner][\/vc_row_inner][vc_column_text][\/vc_column_text][\/vc_column][\/vc_row][vc_row][vc_column][\/vc_column][\/vc_row][vc_row][vc_column][vc_zigzag][vc_row_inner][vc_column_inner][vc_column_text]RESUMOS O envio do resumo pode ser feito at\u00e9 o dia 7 de outubro de 2022, voc\u00ea ainda tem:[\/vc_column_text][vc_column_text]Acesse o modelo do resumo do evento no bot\u00e3o abaixo:[\/vc_column_text][vc_separator][vc_column_text]Submeta o resumo no link abaixo:[\/vc_column_text][vc_separator][vc_column_text]Acesse o modelo [&hellip;]<\/p>\n","protected":false},"author":260,"featured_media":0,"parent":87,"menu_order":0,"comment_status":"closed","ping_status":"closed","template":"","meta":{"_exactmetrics_skip_tracking":false,"_exactmetrics_sitenote_active":false,"_exactmetrics_sitenote_note":"","_exactmetrics_sitenote_category":0,"footnotes":"","_links_to":"","_links_to_target":""},"class_list":["post-75","page","type-page","status-publish","hentry"],"_links":{"self":[{"href":"https:\/\/www3.unicentro.br\/ppgqa\/wp-json\/wp\/v2\/pages\/75","targetHints":{"allow":["GET"]}}],"collection":[{"href":"https:\/\/www3.unicentro.br\/ppgqa\/wp-json\/wp\/v2\/pages"}],"about":[{"href":"https:\/\/www3.unicentro.br\/ppgqa\/wp-json\/wp\/v2\/types\/page"}],"author":[{"embeddable":true,"href":"https:\/\/www3.unicentro.br\/ppgqa\/wp-json\/wp\/v2\/users\/260"}],"replies":[{"embeddable":true,"href":"https:\/\/www3.unicentro.br\/ppgqa\/wp-json\/wp\/v2\/comments?post=75"}],"version-history":[{"count":0,"href":"https:\/\/www3.unicentro.br\/ppgqa\/wp-json\/wp\/v2\/pages\/75\/revisions"}],"up":[{"embeddable":true,"href":"https:\/\/www3.unicentro.br\/ppgqa\/wp-json\/wp\/v2\/pages\/87"}],"wp:attachment":[{"href":"https:\/\/www3.unicentro.br\/ppgqa\/wp-json\/wp\/v2\/media?parent=75"}],"curies":[{"name":"wp","href":"https:\/\/api.w.org\/{rel}","templated":true}]}}