{"id":482,"date":"2023-10-26T10:04:32","date_gmt":"2023-10-26T13:04:32","guid":{"rendered":"https:\/\/www3.unicentro.br\/ppgqa\/?page_id=482"},"modified":"2023-10-26T10:06:07","modified_gmt":"2023-10-26T13:06:07","slug":"xii-jpgqa","status":"publish","type":"page","link":"https:\/\/www3.unicentro.br\/ppgqa\/eventos\/xii-jpgqa\/","title":{"rendered":"XII Jornada de P\u00f3s-Gradua\u00e7\u00e3o em Qu\u00edmica Aplicada"},"content":{"rendered":"<p><a href=\"https:\/\/evento.unicentro.br\/site\/xii-jpgqa\/2023\/1\"><img loading=\"lazy\" decoding=\"async\" class=\"\" src=\"https:\/\/www3.unicentro.br\/ppgqa\/wp-content\/uploads\/sites\/144\/2023\/10\/XII-JORNADA-png-instagram.jpg\" width=\"700\" height=\"700\" \/><\/a><\/p>\n<p>&nbsp;<\/p>\n<p><a href=\"https:\/\/evento.unicentro.br\/site\/xii-jpgqa\/2023\/1\">Clique Aqui ou no banner para ir para a p\u00e1gina de inscri\u00e7\u00e3o do evento!!<\/a><\/p>\n","protected":false},"excerpt":{"rendered":"<p>&nbsp; Clique Aqui ou no banner para ir para a p\u00e1gina de inscri\u00e7\u00e3o do evento!!<\/p>\n","protected":false},"author":260,"featured_media":0,"parent":87,"menu_order":0,"comment_status":"closed","ping_status":"closed","template":"","meta":{"_exactmetrics_skip_tracking":false,"_exactmetrics_sitenote_active":false,"_exactmetrics_sitenote_note":"","_exactmetrics_sitenote_category":0,"footnotes":"","_links_to":"","_links_to_target":""},"class_list":["post-482","page","type-page","status-publish","hentry"],"_links":{"self":[{"href":"https:\/\/www3.unicentro.br\/ppgqa\/wp-json\/wp\/v2\/pages\/482","targetHints":{"allow":["GET"]}}],"collection":[{"href":"https:\/\/www3.unicentro.br\/ppgqa\/wp-json\/wp\/v2\/pages"}],"about":[{"href":"https:\/\/www3.unicentro.br\/ppgqa\/wp-json\/wp\/v2\/types\/page"}],"author":[{"embeddable":true,"href":"https:\/\/www3.unicentro.br\/ppgqa\/wp-json\/wp\/v2\/users\/260"}],"replies":[{"embeddable":true,"href":"https:\/\/www3.unicentro.br\/ppgqa\/wp-json\/wp\/v2\/comments?post=482"}],"version-history":[{"count":1,"href":"https:\/\/www3.unicentro.br\/ppgqa\/wp-json\/wp\/v2\/pages\/482\/revisions"}],"predecessor-version":[{"id":484,"href":"https:\/\/www3.unicentro.br\/ppgqa\/wp-json\/wp\/v2\/pages\/482\/revisions\/484"}],"up":[{"embeddable":true,"href":"https:\/\/www3.unicentro.br\/ppgqa\/wp-json\/wp\/v2\/pages\/87"}],"wp:attachment":[{"href":"https:\/\/www3.unicentro.br\/ppgqa\/wp-json\/wp\/v2\/media?parent=482"}],"curies":[{"name":"wp","href":"https:\/\/api.w.org\/{rel}","templated":true}]}}