{"id":386,"date":"2023-02-28T11:18:41","date_gmt":"2023-02-28T14:18:41","guid":{"rendered":"https:\/\/www3.unicentro.br\/ppgqa\/?page_id=386"},"modified":"2023-09-05T13:04:48","modified_gmt":"2023-09-05T16:04:48","slug":"instrucoes-normativas","status":"publish","type":"page","link":"https:\/\/www3.unicentro.br\/ppgqa\/documentos\/instrucoes-normativas\/","title":{"rendered":"Instru\u00e7\u00f5es Normativas"},"content":{"rendered":"<div class=\"wpb-content-wrapper\"><p>[vc_row][vc_column][vc_tta_tour][vc_tta_section title=&#8221;01\/2022&#8243; tab_id=&#8221;1664998836422-21d90e9f-d09e&#8221;][vc_column_text]Estabelece os crit\u00e9rios para a concess\u00e3o, manuten\u00e7\u00e3o, cancelamento de bolsas e de desempenho discente do Programa de P\u00f3s-Gradua\u00e7\u00e3o em Qu\u00edmica Aplicada (PPGQA), cursos de Mestrado e Doutorado da UNICENTRO.[\/vc_column_text][vc_btn title=&#8221;Instru\u00e7\u00e3o Normativa&#8221; align=&#8221;center&#8221; link=&#8221;url:https%3A%2F%2Fwww3.unicentro.br%2Fppgqa%2Fwp-content%2Fuploads%2Fsites%2F144%2F2022%2F10%2FInstrucao-Normativa-01-2022-PPGQA.pdf&#8221;][vc_btn title=&#8221;Anexos&#8221; align=&#8221;center&#8221; link=&#8221;url:https%3A%2F%2Fwww3.unicentro.br%2Fppgqa%2Fwp-content%2Fuploads%2Fsites%2F144%2F2022%2F10%2FInstrucao-Normativa-01-2022-PPGQA.docx&#8221;][\/vc_tta_section][vc_tta_section tab_id=&#8221;1664998836423-e5dfe55c-813f&#8221; title=&#8221;01\/2023&#8243;][vc_column_text]Instru\u00e7\u00e3o Normativa 01\/2023 &#8211; Estabelece os crit\u00e9rios para a concess\u00e3o, manuten\u00e7\u00e3o, cancelamento de bolsas e de desempenho discente do Programa de P\u00f3s-Gradua\u00e7\u00e3o em Qu\u00edmica Aplicada (PPGQA), cursos de Mestrado e Doutorado da UNICENTRO.[\/vc_column_text][vc_btn title=&#8221;IN &#8211; 01\/2023&#8243; align=&#8221;center&#8221; link=&#8221;url:https%3A%2F%2Fwww3.unicentro.br%2Fppgqa%2Fwp-content%2Fuploads%2Fsites%2F144%2F2023%2F09%2FInstrucao-Normativa-01-2023-Desempenho-Academico-do-PPGQA.pdf&#8221;][vc_btn title=&#8221;Anexos&#8221; align=&#8221;center&#8221; link=&#8221;url:https%3A%2F%2Fwww3.unicentro.br%2Fppgqa%2Fwp-content%2Fuploads%2Fsites%2F144%2F2023%2F09%2FInstrucao-Normativa-01-2023-Desempenho-Academico-do-PPGQA-anexos.docx&#8221;][\/vc_tta_section][\/vc_tta_tour][\/vc_column][\/vc_row]<\/p>\n<\/div>","protected":false},"excerpt":{"rendered":"<p>[vc_row][vc_column][vc_tta_tour][vc_tta_section title=&#8221;01\/2022&#8243; tab_id=&#8221;1664998836422-21d90e9f-d09e&#8221;][vc_column_text]Estabelece os crit\u00e9rios para a concess\u00e3o, manuten\u00e7\u00e3o, cancelamento de bolsas e de desempenho discente do Programa de P\u00f3s-Gradua\u00e7\u00e3o em Qu\u00edmica Aplicada (PPGQA), cursos de Mestrado e Doutorado da UNICENTRO.[\/vc_column_text][vc_btn title=&#8221;Instru\u00e7\u00e3o Normativa&#8221; align=&#8221;center&#8221; link=&#8221;url:https%3A%2F%2Fwww3.unicentro.br%2Fppgqa%2Fwp-content%2Fuploads%2Fsites%2F144%2F2022%2F10%2FInstrucao-Normativa-01-2022-PPGQA.pdf&#8221;][vc_btn title=&#8221;Anexos&#8221; align=&#8221;center&#8221; link=&#8221;url:https%3A%2F%2Fwww3.unicentro.br%2Fppgqa%2Fwp-content%2Fuploads%2Fsites%2F144%2F2022%2F10%2FInstrucao-Normativa-01-2022-PPGQA.docx&#8221;][\/vc_tta_section][vc_tta_section tab_id=&#8221;1664998836423-e5dfe55c-813f&#8221; title=&#8221;01\/2023&#8243;][vc_column_text]Instru\u00e7\u00e3o Normativa 01\/2023 &#8211; Estabelece os crit\u00e9rios para a concess\u00e3o, manuten\u00e7\u00e3o, cancelamento de bolsas e de [&hellip;]<\/p>\n","protected":false},"author":260,"featured_media":0,"parent":32,"menu_order":0,"comment_status":"closed","ping_status":"closed","template":"","meta":{"_exactmetrics_skip_tracking":false,"_exactmetrics_sitenote_active":false,"_exactmetrics_sitenote_note":"","_exactmetrics_sitenote_category":0,"footnotes":"","_links_to":"","_links_to_target":""},"class_list":["post-386","page","type-page","status-publish","hentry"],"_links":{"self":[{"href":"https:\/\/www3.unicentro.br\/ppgqa\/wp-json\/wp\/v2\/pages\/386","targetHints":{"allow":["GET"]}}],"collection":[{"href":"https:\/\/www3.unicentro.br\/ppgqa\/wp-json\/wp\/v2\/pages"}],"about":[{"href":"https:\/\/www3.unicentro.br\/ppgqa\/wp-json\/wp\/v2\/types\/page"}],"author":[{"embeddable":true,"href":"https:\/\/www3.unicentro.br\/ppgqa\/wp-json\/wp\/v2\/users\/260"}],"replies":[{"embeddable":true,"href":"https:\/\/www3.unicentro.br\/ppgqa\/wp-json\/wp\/v2\/comments?post=386"}],"version-history":[{"count":1,"href":"https:\/\/www3.unicentro.br\/ppgqa\/wp-json\/wp\/v2\/pages\/386\/revisions"}],"predecessor-version":[{"id":454,"href":"https:\/\/www3.unicentro.br\/ppgqa\/wp-json\/wp\/v2\/pages\/386\/revisions\/454"}],"up":[{"embeddable":true,"href":"https:\/\/www3.unicentro.br\/ppgqa\/wp-json\/wp\/v2\/pages\/32"}],"wp:attachment":[{"href":"https:\/\/www3.unicentro.br\/ppgqa\/wp-json\/wp\/v2\/media?parent=386"}],"curies":[{"name":"wp","href":"https:\/\/api.w.org\/{rel}","templated":true}]}}