{"id":384,"date":"2023-02-28T11:18:55","date_gmt":"2023-02-28T14:18:55","guid":{"rendered":"https:\/\/www3.unicentro.br\/ppgqa\/?page_id=384"},"modified":"2023-02-28T11:18:55","modified_gmt":"2023-02-28T14:18:55","slug":"regulamento","status":"publish","type":"page","link":"https:\/\/www3.unicentro.br\/ppgqa\/documentos\/regulamento\/","title":{"rendered":"Regulamento"},"content":{"rendered":"<div class=\"wpb-content-wrapper\"><p>[vc_row][vc_column][vc_btn title=&#8221;Regulamento do Programa de P\u00f3s-Gradua\u00e7\u00e3o em Qu\u00edmica Aplicada&#8221; align=&#8221;center&#8221; link=&#8221;url:https%3A%2F%2Fwww3.unicentro.br%2Fppgqa%2Fwp-content%2Fuploads%2Fsites%2F144%2F2023%2F02%2FRegulamento-PPGQA.pdf&#8221;][\/vc_column][\/vc_row]<\/p>\n<\/div>","protected":false},"excerpt":{"rendered":"<p>[vc_row][vc_column][vc_btn title=&#8221;Regulamento do Programa de P\u00f3s-Gradua\u00e7\u00e3o em Qu\u00edmica Aplicada&#8221; align=&#8221;center&#8221; link=&#8221;url:https%3A%2F%2Fwww3.unicentro.br%2Fppgqa%2Fwp-content%2Fuploads%2Fsites%2F144%2F2023%2F02%2FRegulamento-PPGQA.pdf&#8221;][\/vc_column][\/vc_row]<\/p>\n","protected":false},"author":260,"featured_media":0,"parent":32,"menu_order":0,"comment_status":"closed","ping_status":"closed","template":"","meta":{"_exactmetrics_skip_tracking":false,"_exactmetrics_sitenote_active":false,"_exactmetrics_sitenote_note":"","_exactmetrics_sitenote_category":0,"footnotes":"","_links_to":"","_links_to_target":""},"class_list":["post-384","page","type-page","status-publish","hentry"],"_links":{"self":[{"href":"https:\/\/www3.unicentro.br\/ppgqa\/wp-json\/wp\/v2\/pages\/384","targetHints":{"allow":["GET"]}}],"collection":[{"href":"https:\/\/www3.unicentro.br\/ppgqa\/wp-json\/wp\/v2\/pages"}],"about":[{"href":"https:\/\/www3.unicentro.br\/ppgqa\/wp-json\/wp\/v2\/types\/page"}],"author":[{"embeddable":true,"href":"https:\/\/www3.unicentro.br\/ppgqa\/wp-json\/wp\/v2\/users\/260"}],"replies":[{"embeddable":true,"href":"https:\/\/www3.unicentro.br\/ppgqa\/wp-json\/wp\/v2\/comments?post=384"}],"version-history":[{"count":0,"href":"https:\/\/www3.unicentro.br\/ppgqa\/wp-json\/wp\/v2\/pages\/384\/revisions"}],"up":[{"embeddable":true,"href":"https:\/\/www3.unicentro.br\/ppgqa\/wp-json\/wp\/v2\/pages\/32"}],"wp:attachment":[{"href":"https:\/\/www3.unicentro.br\/ppgqa\/wp-json\/wp\/v2\/media?parent=384"}],"curies":[{"name":"wp","href":"https:\/\/api.w.org\/{rel}","templated":true}]}}