{"id":22,"date":"2022-08-25T16:08:06","date_gmt":"2022-08-25T19:08:06","guid":{"rendered":"https:\/\/www3.unicentro.br\/ppgqa\/?page_id=22"},"modified":"2024-02-23T16:06:34","modified_gmt":"2024-02-23T19:06:34","slug":"linhas-de-pesquisa","status":"publish","type":"page","link":"https:\/\/www3.unicentro.br\/ppgqa\/programa\/linhas-de-pesquisa\/","title":{"rendered":"Linhas de Pesquisa"},"content":{"rendered":"<div class=\"wpb-content-wrapper\"><p>[vc_row][vc_column][vc_column_text]<\/p>\n<p style=\"text-align: justify\"><span style=\"font-size: 18pt;color: #000000\"><strong>An\u00e1lise de Tra\u00e7os, Metodologias Anal\u00edticas e Aplica\u00e7\u00f5es &#8211; ATMAA<\/strong><\/span><\/p>\n<p style=\"text-align: justify\"><span style=\"color: #000000\">Esta linha de pesquisa abrange o desenvolvimento e a valida\u00e7\u00e3o de m\u00e9todos anal\u00edticos por diferentest\u00e9cnicas instrumentais e quimiom\u00e9tricas para a pr\u00e9-concentra\u00e7\u00e3o, detec\u00e7\u00e3o, especia\u00e7\u00e3o, determina\u00e7\u00e3o ebiodisponibilidade de esp\u00e9cies org\u00e2nicas e inorg\u00e2nicas em diferentes matrizes (aliment\u00edcias, farmac\u00eauticas,ambientais, entre outras). Esta linha prev\u00ea ainda, a utiliza\u00e7\u00e3o de ferramentas de an\u00e1lise multivariada paraestudos de reconhecimento de padr\u00f5es a partir de descritores\/marcadores qu\u00edmicos destas matrizes. Al\u00e9mdisso, nesta linha de pesquisa est\u00e1 inclusa a aplica\u00e7\u00e3o de metodologias anal\u00edticas na determina\u00e7\u00e3o deesp\u00e9cies tra\u00e7o org\u00e2nicas e inorg\u00e2nicas em diferentes matrizes e na caracteriza\u00e7\u00e3o de processos decontamina\u00e7\u00e3o do ambiente, os quais envolvem tamb\u00e9m o estudo do comportamento e din\u00e2mica de esp\u00e9ciesqu\u00edmicas nos compartimentos ambientais.<\/span><\/p>\n<p>[\/vc_column_text][\/vc_column][\/vc_row][vc_row][vc_column][vc_zigzag][\/vc_column][\/vc_row][vc_row][vc_column][vc_column_text]<\/p>\n<p style=\"text-align: justify\"><span style=\"font-size: 18pt;color: #000000\"><strong>Eletroqu\u00edmica, Interfaces e Aplica\u00e7\u00f5es &#8211; EIA<\/strong><\/span><\/p>\n<p style=\"text-align: justify\"><span style=\"color: #000000\">Esta linha de pesquisa engloba os aspectos fundamentais e aplicados da eletroqu\u00edmica, interfaces eeletroanal\u00edtica, com \u00eanfase em corros\u00e3o e prote\u00e7\u00e3o, convers\u00e3o de energia, eletroqu\u00edmica molecular,eletroqu\u00edmica ambiental, constru\u00e7\u00e3o, caracteriza\u00e7\u00e3o e aplica\u00e7\u00e3o de sensores e biossensores. Outra tem\u00e1ticaabordada \u00e9 o desenvolvimento de novos materiais para prote\u00e7\u00e3o a corros\u00e3o e para uso como fontes deenergia e supercapacitores.<\/span><\/p>\n<p>[\/vc_column_text][\/vc_column][\/vc_row][vc_row][vc_column][vc_zigzag][\/vc_column][\/vc_row][vc_row][vc_column][vc_column_text]<\/p>\n<p style=\"text-align: justify\"><span style=\"color: #000000\"><strong><span style=\"font-size: 18pt\">Materiais Funcionais e Aplica\u00e7\u00f5es &#8211; MFA<\/span><\/strong><\/span><\/p>\n<p style=\"text-align: justify\"><span style=\"color: #000000\">Esta linha de pesquisa abrange o desenvolvimento de novos materiais a base de argilominerais, biomateriais,biocomp\u00f3sitos, compostos lamelares (naturais e sint\u00e9ticos), hidr\u00f3xidos met\u00e1lico, \u00f3xidos semicondutores,pol\u00edmeros, pol\u00edmeros condutores, nanomateriais e suas aplica\u00e7\u00f5es tecnol\u00f3gicas. A linha trabalha com as\u00edntese e a caracteriza\u00e7\u00e3o dos materiais produzidos e aplica\u00e7\u00f5es na \u00e1rea de eletroqu\u00edmica, de sensores, de(foto)cat\u00e1lise, de adsor\u00e7\u00e3o, de propriedades mec\u00e2nicas, reatividade, libera\u00e7\u00e3o controlada, pigmentos detinta branca comercial, catalisadores, materiais cer\u00e2micos, na remo\u00e7\u00e3o e no reuso de corantes t\u00eaxteis ecosm\u00e9ticos.<\/span><\/p>\n<p>[\/vc_column_text][\/vc_column][\/vc_row][vc_row][vc_column][vc_zigzag][\/vc_column][\/vc_row][vc_row][vc_column][vc_column_text]<\/p>\n<p style=\"text-align: justify\"><span style=\"color: #000000\"><strong><span style=\"font-size: 18pt\">Qu\u00edmica Aplicada a Produtos Naturais &#8211; QAPN<\/span><\/strong><\/span><\/p>\n<p style=\"text-align: justify\"><span style=\"color: #000000\">Esta linha compreende a caracteriza\u00e7\u00e3o de matrizes complexas de extratos de produtos naturais, por meioda identifica\u00e7\u00e3o estrutural, quantifica\u00e7\u00e3o de metab\u00f3litos secund\u00e1rios, an\u00e1lise metabol\u00f4mica,transforma\u00e7\u00f5es qu\u00edmicas de compostos bioativos, bem como a prospec\u00e7\u00e3o de seu potencial farmacol\u00f3gico.Adicionalmente, esta linha compreende o desenvolvimento de produtos aliment\u00edcios, cosmetol\u00f3gicos enanotecnol\u00f3gicos a base de derivados ap\u00edcolas e \u00f3leos vegetais, incluindo produ\u00e7\u00e3o e caracteriza\u00e7\u00e3o debebidas fermentadas a base de cereais e m\u00e9is e sistemas nanoestruturados org\u00e2nicos para libera\u00e7\u00e3ocontrolada de produtos naturais. Para tal, s\u00e3o empregadas t\u00e9cnicas hifenadas de cromatografia,ferramentas de quimiometria e t\u00e9cnicas de determina\u00e7\u00e3o estrutural de compostos org\u00e2nicos comoespectrometria de massas, resson\u00e2ncia magn\u00e9tica nuclear e infravermelho.<\/span><\/p>\n<p>[\/vc_column_text][\/vc_column][\/vc_row]<\/p>\n<\/div>","protected":false},"excerpt":{"rendered":"<p>[vc_row][vc_column][vc_column_text] An\u00e1lise de Tra\u00e7os, Metodologias Anal\u00edticas e Aplica\u00e7\u00f5es &#8211; ATMAA Esta linha de pesquisa abrange o desenvolvimento e a valida\u00e7\u00e3o de m\u00e9todos anal\u00edticos por diferentest\u00e9cnicas instrumentais e quimiom\u00e9tricas para a pr\u00e9-concentra\u00e7\u00e3o, detec\u00e7\u00e3o, especia\u00e7\u00e3o, determina\u00e7\u00e3o ebiodisponibilidade de esp\u00e9cies org\u00e2nicas e inorg\u00e2nicas em diferentes matrizes (aliment\u00edcias, farmac\u00eauticas,ambientais, entre outras). Esta linha prev\u00ea ainda, a utiliza\u00e7\u00e3o de ferramentas [&hellip;]<\/p>\n","protected":false},"author":3,"featured_media":0,"parent":14,"menu_order":0,"comment_status":"closed","ping_status":"closed","template":"","meta":{"_exactmetrics_skip_tracking":false,"_exactmetrics_sitenote_active":false,"_exactmetrics_sitenote_note":"","_exactmetrics_sitenote_category":0,"footnotes":"","_links_to":"","_links_to_target":""},"class_list":["post-22","page","type-page","status-publish","hentry"],"_links":{"self":[{"href":"https:\/\/www3.unicentro.br\/ppgqa\/wp-json\/wp\/v2\/pages\/22","targetHints":{"allow":["GET"]}}],"collection":[{"href":"https:\/\/www3.unicentro.br\/ppgqa\/wp-json\/wp\/v2\/pages"}],"about":[{"href":"https:\/\/www3.unicentro.br\/ppgqa\/wp-json\/wp\/v2\/types\/page"}],"author":[{"embeddable":true,"href":"https:\/\/www3.unicentro.br\/ppgqa\/wp-json\/wp\/v2\/users\/3"}],"replies":[{"embeddable":true,"href":"https:\/\/www3.unicentro.br\/ppgqa\/wp-json\/wp\/v2\/comments?post=22"}],"version-history":[{"count":2,"href":"https:\/\/www3.unicentro.br\/ppgqa\/wp-json\/wp\/v2\/pages\/22\/revisions"}],"predecessor-version":[{"id":563,"href":"https:\/\/www3.unicentro.br\/ppgqa\/wp-json\/wp\/v2\/pages\/22\/revisions\/563"}],"up":[{"embeddable":true,"href":"https:\/\/www3.unicentro.br\/ppgqa\/wp-json\/wp\/v2\/pages\/14"}],"wp:attachment":[{"href":"https:\/\/www3.unicentro.br\/ppgqa\/wp-json\/wp\/v2\/media?parent=22"}],"curies":[{"name":"wp","href":"https:\/\/api.w.org\/{rel}","templated":true}]}}