{"id":18,"date":"2022-08-25T16:07:34","date_gmt":"2022-08-25T19:07:34","guid":{"rendered":"https:\/\/www3.unicentro.br\/ppgqa\/?page_id=18"},"modified":"2024-02-23T10:39:30","modified_gmt":"2024-02-23T13:39:30","slug":"objetivos","status":"publish","type":"page","link":"https:\/\/www3.unicentro.br\/ppgqa\/programa\/objetivos\/","title":{"rendered":"Objetivos"},"content":{"rendered":"<div class=\"wpb-content-wrapper\"><p>[vc_row][vc_column][vc_column_text]<span style=\"font-size: 14pt;\">O Programa de P\u00f3s-Gradua\u00e7\u00e3o em Qu\u00edmica Aplicada da Universidade Estadual do Centro-Oeste, PPGQA\/UNICENTRO, pela oferta dos cursos de Mestrado em Qu\u00edmica Aplicada e Doutorado em Qu\u00edmica Aplicada, M&amp;D, tem por objetivo a forma\u00e7\u00e3o de recursos humanos capacitados a desenvolverem pesquisa nas diversas \u00e1reas da Qu\u00edmica.<\/span>[\/vc_column_text][\/vc_column][\/vc_row]<\/p>\n<\/div>","protected":false},"excerpt":{"rendered":"<p>[vc_row][vc_column][vc_column_text]O Programa de P\u00f3s-Gradua\u00e7\u00e3o em Qu\u00edmica Aplicada da Universidade Estadual do Centro-Oeste, PPGQA\/UNICENTRO, pela oferta dos cursos de Mestrado em Qu\u00edmica Aplicada e Doutorado em Qu\u00edmica Aplicada, M&amp;D, tem por objetivo a forma\u00e7\u00e3o de recursos humanos capacitados a desenvolverem pesquisa nas diversas \u00e1reas da Qu\u00edmica.[\/vc_column_text][\/vc_column][\/vc_row]<\/p>\n","protected":false},"author":3,"featured_media":0,"parent":14,"menu_order":0,"comment_status":"closed","ping_status":"closed","template":"","meta":{"_exactmetrics_skip_tracking":false,"_exactmetrics_sitenote_active":false,"_exactmetrics_sitenote_note":"","_exactmetrics_sitenote_category":0,"footnotes":"","_links_to":"","_links_to_target":""},"class_list":["post-18","page","type-page","status-publish","hentry"],"_links":{"self":[{"href":"https:\/\/www3.unicentro.br\/ppgqa\/wp-json\/wp\/v2\/pages\/18","targetHints":{"allow":["GET"]}}],"collection":[{"href":"https:\/\/www3.unicentro.br\/ppgqa\/wp-json\/wp\/v2\/pages"}],"about":[{"href":"https:\/\/www3.unicentro.br\/ppgqa\/wp-json\/wp\/v2\/types\/page"}],"author":[{"embeddable":true,"href":"https:\/\/www3.unicentro.br\/ppgqa\/wp-json\/wp\/v2\/users\/3"}],"replies":[{"embeddable":true,"href":"https:\/\/www3.unicentro.br\/ppgqa\/wp-json\/wp\/v2\/comments?post=18"}],"version-history":[{"count":1,"href":"https:\/\/www3.unicentro.br\/ppgqa\/wp-json\/wp\/v2\/pages\/18\/revisions"}],"predecessor-version":[{"id":551,"href":"https:\/\/www3.unicentro.br\/ppgqa\/wp-json\/wp\/v2\/pages\/18\/revisions\/551"}],"up":[{"embeddable":true,"href":"https:\/\/www3.unicentro.br\/ppgqa\/wp-json\/wp\/v2\/pages\/14"}],"wp:attachment":[{"href":"https:\/\/www3.unicentro.br\/ppgqa\/wp-json\/wp\/v2\/media?parent=18"}],"curies":[{"name":"wp","href":"https:\/\/api.w.org\/{rel}","templated":true}]}}