{"id":152,"date":"2022-09-19T14:53:51","date_gmt":"2022-09-19T17:53:51","guid":{"rendered":"https:\/\/www3.unicentro.br\/ppgqa\/?page_id=152"},"modified":"2026-03-25T11:38:53","modified_gmt":"2026-03-25T14:38:53","slug":"abertos","status":"publish","type":"page","link":"https:\/\/www3.unicentro.br\/ppgqa\/editais\/abertos\/","title":{"rendered":"Abertos"},"content":{"rendered":"<div class=\"wpb-content-wrapper\"><p>[vc_row][vc_column][vc_column_text]<\/p>\n<p style=\"text-align: center\"><span style=\"font-size: 18pt\">As incri\u00e7\u00f5es podem ser efetuadas acessando o protocolo on-line da UNICENTRO no bot\u00e3o abaixo.<\/span><\/p>\n<p>[\/vc_column_text][vc_row_inner][vc_column_inner width=&#8221;1\/3&#8243;][\/vc_column_inner][vc_column_inner width=&#8221;1\/3&#8243;][vc_column_text]<a href=\"https:\/\/www3.unicentro.br\/protocolo\/\" target=\"_blank\" rel=\"noopener\"><img loading=\"lazy\" decoding=\"async\" class=\" wp-image-102 aligncenter\" src=\"https:\/\/www3.unicentro.br\/ppgqa\/wp-content\/uploads\/sites\/144\/2022\/09\/Protocolo-Unicentro-300x49.png\" alt=\"\" width=\"380\" height=\"62\" srcset=\"https:\/\/www3.unicentro.br\/ppgqa\/wp-content\/uploads\/sites\/144\/2022\/09\/Protocolo-Unicentro-300x49.png 300w, https:\/\/www3.unicentro.br\/ppgqa\/wp-content\/uploads\/sites\/144\/2022\/09\/Protocolo-Unicentro-255x41.png 255w, https:\/\/www3.unicentro.br\/ppgqa\/wp-content\/uploads\/sites\/144\/2022\/09\/Protocolo-Unicentro.png 600w\" sizes=\"auto, (max-width: 380px) 100vw, 380px\" \/><\/a>[\/vc_column_text][\/vc_column_inner][vc_column_inner width=&#8221;1\/3&#8243;][\/vc_column_inner][\/vc_row_inner][\/vc_column][\/vc_row][vc_row][vc_column][vc_zigzag][\/vc_column][\/vc_row][vc_row][vc_column][vc_column_text css=&#8221;&#8221;]<span style=\"font-size: 18pt\">EDITAL N\u00ba 10\/2026 &#8211; Processo Seletivo Para P\u00f3s-Doutoramento Volunt\u00e1rio Fluxo Cont\u00ednuo<\/span>[\/vc_column_text][vc_row_inner][vc_column_inner width=&#8221;1\/3&#8243;][\/vc_column_inner][vc_column_inner width=&#8221;1\/3&#8243;][vc_btn title=&#8221;Edital 10\/2026&#8243; align=&#8221;center&#8221; css=&#8221;&#8221; button_block=&#8221;true&#8221; link=&#8221;url:https%3A%2F%2Fwww3.unicentro.br%2Fppgqa%2Fwp-content%2Fuploads%2Fsites%2F144%2F2026%2F03%2FEdital_2026_Programa-de-PDV-a.pdf&#8221;][vc_btn title=&#8221;Edital 10\/2026 &#8211; Retificado&#8221; align=&#8221;center&#8221; css=&#8221;&#8221; button_block=&#8221;true&#8221; link=&#8221;url:https%3A%2F%2Fwww3.unicentro.br%2Fppgqa%2Fwp-content%2Fuploads%2Fsites%2F144%2F2026%2F03%2FEdital_10_2026_Programa-de-PDV-Corrigido.pdf&#8221;][\/vc_column_inner][vc_column_inner width=&#8221;1\/3&#8243;][\/vc_column_inner][\/vc_row_inner][vc_zigzag][\/vc_column][\/vc_row][vc_row][vc_column][vc_column_text css=&#8221;&#8221;]<span style=\"font-size: 18pt\">EDITAL 07\/2026 &#8211; Abertura De Inscri\u00e7\u00f5es Do Processo Seletivo Interno No \u00c2mbito Do Acordo De Dupla Diploma\u00e7\u00e3o<\/span><span style=\"font-size: 18pt\"> De Doutoramento (Cotutela) Entre A Universidade Estadual Do Centro-Oeste (Brasil) E O Instituto Polit\u00e9cnico De Bragan\u00e7a (Portugal) &#8211; Edi\u00e7\u00e3o 2026<\/span>[\/vc_column_text][vc_row_inner][vc_column_inner width=&#8221;1\/3&#8243;][\/vc_column_inner][vc_column_inner width=&#8221;1\/3&#8243;][vc_btn title=&#8221;Edital 07\/2026&#8243; align=&#8221;center&#8221; css=&#8221;&#8221; button_block=&#8221;true&#8221; link=&#8221;url:https%3A%2F%2Fwww3.unicentro.br%2Fppgqa%2Fwp-content%2Fuploads%2Fsites%2F144%2F2026%2F02%2FEdital_IPB-PPGQA_Publicado_assinado_assinado.pdf&#8221;][vc_btn title=&#8221;Anexo I &#8211; Acordo de dupla diploma\u00e7\u00e3o de Doutoramento entre a UNICENTRO e o IPB&#8221; align=&#8221;center&#8221; css=&#8221;&#8221; button_block=&#8221;true&#8221; link=&#8221;url:https%3A%2F%2Fwww3.unicentro.br%2Fppgqa%2Fwp-content%2Fuploads%2Fsites%2F144%2F2026%2F02%2FAcordo-de-Dupla-Diplomac%CC%A7a%CC%83o-de-Doutoramento-016-2026.pdf&#8221;][vc_btn title=&#8221;Anexo II &#8211; Conv\u00eanio de coopera\u00e7\u00e3o 0107-2026&#8243; align=&#8221;center&#8221; css=&#8221;&#8221; button_block=&#8221;true&#8221; link=&#8221;url:https%3A%2F%2Fwww3.unicentro.br%2Fppgqa%2Fwp-content%2Fuploads%2Fsites%2F144%2F2026%2F02%2FConve%CC%82nio-de-Cooperac%CC%A7a%CC%83o-017-2026-1.pdf&#8221;][vc_btn title=&#8221;Edital 11\/2026 &#8211; Homologa\u00e7\u00e3o das inscri\u00e7\u00f5es&#8221; align=&#8221;center&#8221; css=&#8221;&#8221; button_block=&#8221;true&#8221; link=&#8221;url:https%3A%2F%2Fwww3.unicentro.br%2Fppgqa%2Fwp-content%2Fuploads%2Fsites%2F144%2F2026%2F03%2FEdital-11-2026-Homologacao-das-inscricoes-Unicentro-ipb-1.pdf&#8221;][vc_btn title=&#8221;Edital 12\/2026 &#8211; Resultado Preliminar&#8221; align=&#8221;center&#8221; css=&#8221;&#8221; button_block=&#8221;true&#8221; link=&#8221;url:https%3A%2F%2Fwww3.unicentro.br%2Fppgqa%2Fwp-content%2Fuploads%2Fsites%2F144%2F2026%2F03%2FEdital-12-2026-resultado-preliminar.pdf&#8221;][vc_btn title=&#8221;Edital 13\/2026 &#8211; Recursos&#8221; align=&#8221;center&#8221; css=&#8221;&#8221; button_block=&#8221;true&#8221; link=&#8221;url:https%3A%2F%2Fwww3.unicentro.br%2Fppgqa%2Fwp-content%2Fuploads%2Fsites%2F144%2F2026%2F03%2FEdital-13-2026-Acolhimento-de-recurso-UNICENTRO-IPB.pdf&#8221;][vc_btn title=&#8221;Edital 14\/2026 &#8211; Resultado Final e Homologa\u00e7\u00e3o&#8221; align=&#8221;center&#8221; css=&#8221;&#8221; button_block=&#8221;true&#8221; link=&#8221;url:https%3A%2F%2Fwww3.unicentro.br%2Fppgqa%2Fwp-content%2Fuploads%2Fsites%2F144%2F2026%2F03%2FEdital_14-2026_Resultado_Final_e_homologacao_UNICENTRO-IPB_assinado_assinado.pdf&#8221;][\/vc_column_inner][vc_column_inner width=&#8221;1\/3&#8243;][\/vc_column_inner][\/vc_row_inner][vc_zigzag][\/vc_column][\/vc_row][vc_row][vc_column][vc_column_text css=&#8221;&#8221;]<span style=\"font-size: 18pt\">EDITAL 10\/2025 &#8211; Inscri\u00e7\u00f5es para ingresso no curso de <\/span><em style=\"font-size: 24px\"><strong><span style=\"color: #ff0000\">MESTRADO<\/span><\/strong><\/em><span style=\"font-size: 18pt\">\u00a0em Qu\u00edmica Aplicada<\/span><span style=\"font-size: 18pt\">.<\/span><\/p>\n<p style=\"text-align: center\"><span style=\"font-size: 18pt;color: #ff0000\">Sele\u00e7\u00e3o Regular<\/span><\/p>\n<p style=\"text-align: center\"><span style=\"font-size: 18pt;color: #ff0000\">Turma 2026<\/span><\/p>\n<p>[\/vc_column_text][vc_row_inner][vc_column_inner width=&#8221;1\/3&#8243;][\/vc_column_inner][vc_column_inner width=&#8221;1\/3&#8243;][vc_btn title=&#8221;Edital 10\/2025&#8243; align=&#8221;center&#8221; css=&#8221;&#8221; button_block=&#8221;true&#8221; link=&#8221;url:https%3A%2F%2Fwww3.unicentro.br%2Fppgqa%2Fwp-content%2Fuploads%2Fsites%2F144%2F2025%2F12%2FEdital-10-2025-PPGQA-Selecao-Mestrado-Turma-2026-15-12-2025.pdf&#8221;][vc_btn title=&#8221;Anexos&#8221; align=&#8221;center&#8221; css=&#8221;&#8221; button_block=&#8221;true&#8221; link=&#8221;url:https%3A%2F%2Fwww3.unicentro.br%2Fppgqa%2Fwp-content%2Fuploads%2Fsites%2F144%2F2026%2F01%2FANEXO-FORMULARIOS-PPGQA-MesDoc.doc&#8221;][vc_btn title=&#8221;Prova de Sele\u00e7\u00e3o &#8211; Instru\u00e7\u00f5es&#8221; align=&#8221;center&#8221; css=&#8221;&#8221; button_block=&#8221;true&#8221; link=&#8221;url:https%3A%2F%2Fwww3.unicentro.br%2Fppgqa%2Fwp-content%2Fuploads%2Fsites%2F144%2F2026%2F01%2FAnexo-Prova-de-selecao-instrucoes-2026.pdf&#8221;][vc_btn title=&#8221;Edital 01\/2026 &#8211; Homologa\u00e7\u00e3o das inscri\u00e7\u00f5es e convoca\u00e7\u00e3o para a prova da sele\u00e7\u00e3o&#8221; align=&#8221;center&#8221; css=&#8221;&#8221; button_block=&#8221;true&#8221; link=&#8221;url:https%3A%2F%2Fwww3.unicentro.br%2Fppgqa%2Fwp-content%2Fuploads%2Fsites%2F144%2F2026%2F01%2FEdital0012026PPGQAHomologacaoInscricoesMestradoT2026.pdf&#8221;][vc_btn title=&#8221;Edital 03\/2026 &#8211; Resultado e classifica\u00e7\u00e3o preliminar da prova e objetiva e de t\u00edtulos&#8221; align=&#8221;center&#8221; css=&#8221;&#8221; button_block=&#8221;true&#8221; link=&#8221;url:https%3A%2F%2Fwww3.unicentro.br%2Fppgqa%2Fwp-content%2Fuploads%2Fsites%2F144%2F2026%2F01%2FEdital-03-2026-PPGQA-ResultadoMestrado.pdf&#8221;][vc_btn title=&#8221;Gabarito da Prova de Sele\u00e7\u00e3o&#8221; align=&#8221;center&#8221; css=&#8221;&#8221; button_block=&#8221;true&#8221; link=&#8221;url:https%3A%2F%2Fwww3.unicentro.br%2Fppgqa%2Fwp-content%2Fuploads%2Fsites%2F144%2F2026%2F01%2FGabarito.pdf&#8221;][vc_btn title=&#8221;Edital 05\/2026 &#8211; Resultado e Classifica\u00e7\u00e3o Final&#8221; align=&#8221;center&#8221; css=&#8221;&#8221; button_block=&#8221;true&#8221; link=&#8221;url:https%3A%2F%2Fwww3.unicentro.br%2Fppgqa%2Fwp-content%2Fuploads%2Fsites%2F144%2F2026%2F02%2FEdital052025PPGQAHomol.ResultadoMest.pdf&#8221;][vc_btn title=&#8221;Edital 08\/2026 &#8211; Convoca\u00e7\u00e3o para Matr\u00edcula&#8221; align=&#8221;center&#8221; css=&#8221;&#8221; button_block=&#8221;true&#8221; link=&#8221;url:https%3A%2F%2Fwww3.unicentro.br%2Fppgqa%2Fwp-content%2Fuploads%2Fsites%2F144%2F2026%2F03%2FEdital-08-convocacao-matricula-mestrado.pdf&#8221;][\/vc_column_inner][vc_column_inner width=&#8221;1\/3&#8243;][\/vc_column_inner][\/vc_row_inner][vc_zigzag][\/vc_column][\/vc_row][vc_row][vc_column][vc_column_text css=&#8221;&#8221;]<span style=\"font-size: 18pt\">EDITAL 09\/2025 &#8211; Inscri\u00e7\u00f5es para ingresso no curso de <\/span><em style=\"font-size: 24px\"><strong><span style=\"color: #ff0000\">DOUTORADO<\/span><\/strong><\/em><span style=\"font-size: 18pt\">\u00a0em Qu\u00edmica Aplicada<\/span><span style=\"font-size: 18pt\">.<\/span><\/p>\n<p style=\"text-align: center\"><span style=\"font-size: 18pt;color: #ff0000\">Sele\u00e7\u00e3o Regular<\/span><\/p>\n<p style=\"text-align: center\"><span style=\"font-size: 18pt;color: #ff0000\">Turma 2026<\/span><\/p>\n<p>[\/vc_column_text][vc_row_inner][vc_column_inner width=&#8221;1\/3&#8243;][\/vc_column_inner][vc_column_inner width=&#8221;1\/3&#8243;][vc_btn title=&#8221;Edital 09\/2025&#8243; align=&#8221;center&#8221; css=&#8221;&#8221; button_block=&#8221;true&#8221; link=&#8221;url:https%3A%2F%2Fwww3.unicentro.br%2Fppgqa%2Fwp-content%2Fuploads%2Fsites%2F144%2F2025%2F12%2FEdital-09-2025-PPGQA-Selecao-Doutorado-Turma-2026-15-12-2025.pdf&#8221;][vc_btn title=&#8221;Anexos&#8221; align=&#8221;center&#8221; css=&#8221;&#8221; button_block=&#8221;true&#8221; link=&#8221;url:https%3A%2F%2Fwww3.unicentro.br%2Fppgqa%2Fwp-content%2Fuploads%2Fsites%2F144%2F2026%2F01%2FANEXO-FORMULARIOS-PPGQA-MesDoc.doc&#8221;][vc_btn title=&#8221;Prova de Sele\u00e7\u00e3o &#8211; Instru\u00e7\u00f5es&#8221; align=&#8221;center&#8221; css=&#8221;&#8221; button_block=&#8221;true&#8221; link=&#8221;url:https%3A%2F%2Fwww3.unicentro.br%2Fppgqa%2Fwp-content%2Fuploads%2Fsites%2F144%2F2026%2F01%2FAnexo-Prova-de-selecao-instrucoes-2026.pdf&#8221;][vc_btn title=&#8221;Edital 02\/2026 &#8211; Homologa\u00e7\u00e3o das inscri\u00e7\u00f5es e convoca\u00e7\u00e3o para a prova da sele\u00e7\u00e3o&#8221; align=&#8221;center&#8221; css=&#8221;&#8221; button_block=&#8221;true&#8221; link=&#8221;url:https%3A%2F%2Fwww3.unicentro.br%2Fppgqa%2Fwp-content%2Fuploads%2Fsites%2F144%2F2026%2F01%2FEdital0022026PPGQAHomologacaoInscricoesDoutoradoT2026.pdf&#8221;][vc_btn title=&#8221;Edital 04\/2026 &#8211; Resultado e classifica\u00e7\u00e3o preliminar da prova e objetiva e de t\u00edtulos&#8221; align=&#8221;center&#8221; css=&#8221;&#8221; button_block=&#8221;true&#8221; link=&#8221;url:https%3A%2F%2Fwww3.unicentro.br%2Fppgqa%2Fwp-content%2Fuploads%2Fsites%2F144%2F2026%2F01%2FEdital-04-2026-PPGQA-ResultadoDoutorado.pdf&#8221;][vc_btn title=&#8221;Gabarito da Prova de Sele\u00e7\u00e3o&#8221; align=&#8221;center&#8221; css=&#8221;&#8221; button_block=&#8221;true&#8221; link=&#8221;url:https%3A%2F%2Fwww3.unicentro.br%2Fppgqa%2Fwp-content%2Fuploads%2Fsites%2F144%2F2026%2F01%2FGabarito.pdf&#8221;][vc_btn title=&#8221;Edital 06\/2026 &#8211; Resultado e Classifica\u00e7\u00e3o Final&#8221; align=&#8221;center&#8221; css=&#8221;&#8221; button_block=&#8221;true&#8221; link=&#8221;url:https%3A%2F%2Fwww3.unicentro.br%2Fppgqa%2Fwp-content%2Fuploads%2Fsites%2F144%2F2026%2F02%2FEdital062026PPGQAhomol.resultadoDoc.pdf&#8221;][vc_btn title=&#8221;Edital 09\/2026 &#8211; Convoca\u00e7\u00e3o para matr\u00edcula&#8221; align=&#8221;center&#8221; css=&#8221;&#8221; button_block=&#8221;true&#8221; link=&#8221;url:https%3A%2F%2Fwww3.unicentro.br%2Fppgqa%2Fwp-content%2Fuploads%2Fsites%2F144%2F2026%2F03%2FEdital-09-convocacao-matricula-doutorado.pdf&#8221;][\/vc_column_inner][vc_column_inner width=&#8221;1\/3&#8243;][\/vc_column_inner][\/vc_row_inner][vc_zigzag][\/vc_column][\/vc_row]<\/p>\n<\/div>","protected":false},"excerpt":{"rendered":"<p>[vc_row][vc_column][vc_column_text] As incri\u00e7\u00f5es podem ser efetuadas acessando o protocolo on-line da UNICENTRO no bot\u00e3o abaixo. [\/vc_column_text][vc_row_inner][vc_column_inner width=&#8221;1\/3&#8243;][\/vc_column_inner][vc_column_inner width=&#8221;1\/3&#8243;][vc_column_text][\/vc_column_text][\/vc_column_inner][vc_column_inner width=&#8221;1\/3&#8243;][\/vc_column_inner][\/vc_row_inner][\/vc_column][\/vc_row][vc_row][vc_column][vc_zigzag][\/vc_column][\/vc_row][vc_row][vc_column][vc_column_text css=&#8221;&#8221;]EDITAL N\u00ba 10\/2026 &#8211; Processo Seletivo Para P\u00f3s-Doutoramento Volunt\u00e1rio Fluxo Cont\u00ednuo[\/vc_column_text][vc_row_inner][vc_column_inner width=&#8221;1\/3&#8243;][\/vc_column_inner][vc_column_inner width=&#8221;1\/3&#8243;][vc_btn title=&#8221;Edital 10\/2026&#8243; align=&#8221;center&#8221; css=&#8221;&#8221; button_block=&#8221;true&#8221; link=&#8221;url:https%3A%2F%2Fwww3.unicentro.br%2Fppgqa%2Fwp-content%2Fuploads%2Fsites%2F144%2F2026%2F03%2FEdital_2026_Programa-de-PDV-a.pdf&#8221;][vc_btn title=&#8221;Edital 10\/2026 &#8211; Retificado&#8221; align=&#8221;center&#8221; css=&#8221;&#8221; button_block=&#8221;true&#8221; link=&#8221;url:https%3A%2F%2Fwww3.unicentro.br%2Fppgqa%2Fwp-content%2Fuploads%2Fsites%2F144%2F2026%2F03%2FEdital_10_2026_Programa-de-PDV-Corrigido.pdf&#8221;][\/vc_column_inner][vc_column_inner width=&#8221;1\/3&#8243;][\/vc_column_inner][\/vc_row_inner][vc_zigzag][\/vc_column][\/vc_row][vc_row][vc_column][vc_column_text css=&#8221;&#8221;]EDITAL 07\/2026 &#8211; Abertura De Inscri\u00e7\u00f5es Do Processo [&hellip;]<\/p>\n","protected":false},"author":260,"featured_media":0,"parent":12,"menu_order":0,"comment_status":"closed","ping_status":"closed","template":"","meta":{"_exactmetrics_skip_tracking":false,"_exactmetrics_sitenote_active":false,"_exactmetrics_sitenote_note":"","_exactmetrics_sitenote_category":0,"footnotes":"","_links_to":"","_links_to_target":""},"class_list":["post-152","page","type-page","status-publish","hentry"],"_links":{"self":[{"href":"https:\/\/www3.unicentro.br\/ppgqa\/wp-json\/wp\/v2\/pages\/152","targetHints":{"allow":["GET"]}}],"collection":[{"href":"https:\/\/www3.unicentro.br\/ppgqa\/wp-json\/wp\/v2\/pages"}],"about":[{"href":"https:\/\/www3.unicentro.br\/ppgqa\/wp-json\/wp\/v2\/types\/page"}],"author":[{"embeddable":true,"href":"https:\/\/www3.unicentro.br\/ppgqa\/wp-json\/wp\/v2\/users\/260"}],"replies":[{"embeddable":true,"href":"https:\/\/www3.unicentro.br\/ppgqa\/wp-json\/wp\/v2\/comments?post=152"}],"version-history":[{"count":3,"href":"https:\/\/www3.unicentro.br\/ppgqa\/wp-json\/wp\/v2\/pages\/152\/revisions"}],"predecessor-version":[{"id":858,"href":"https:\/\/www3.unicentro.br\/ppgqa\/wp-json\/wp\/v2\/pages\/152\/revisions\/858"}],"up":[{"embeddable":true,"href":"https:\/\/www3.unicentro.br\/ppgqa\/wp-json\/wp\/v2\/pages\/12"}],"wp:attachment":[{"href":"https:\/\/www3.unicentro.br\/ppgqa\/wp-json\/wp\/v2\/media?parent=152"}],"curies":[{"name":"wp","href":"https:\/\/api.w.org\/{rel}","templated":true}]}}