{"id":57,"date":"2018-12-19T15:50:47","date_gmt":"2018-12-19T17:50:47","guid":{"rendered":"https:\/\/www3.unicentro.br\/ppgnb\/?page_id=57"},"modified":"2024-03-21T11:02:44","modified_gmt":"2024-03-21T14:02:44","slug":"documentos-oficiais","status":"publish","type":"page","link":"https:\/\/www3.unicentro.br\/ppgnb\/documentos-oficiais\/","title":{"rendered":"Documentos Oficiais"},"content":{"rendered":"<div class=\"wpb-content-wrapper\"><p>[vc_row][vc_column width=&#8221;1\/2&#8243;][vc_column_text]<\/p>\n<ul>\n<li class=\"p1\"><a href=\"http:\/\/sgu.unicentro.br\/pcatooficiais\/imprimir\/70A0F95B\">RESOLU\u00c7\u00c3O N\u00ba 9-COU\/UNICENTRO, DE 6 DE FEVEREIRO DE 2019 &#8211; Aprova o Programa de P\u00f3s-Gradua\u00e7\u00e3o stricto sensu em Nanoci\u00eancias e Bioci\u00eancias<\/a><\/li>\n<\/ul>\n<p>[\/vc_column_text][\/vc_column][vc_column width=&#8221;1\/2&#8243; css=&#8221;.vc_custom_1551125685021{border-left-width: 1px !important;padding-left: 15px !important;border-left-color: #bfbfbf !important;border-left-style: dotted !important;}&#8221;][vc_column_text]<strong>Coordena\u00e7\u00e3o do Programa \u2013 2023-2025<\/strong><\/p>\n<p><strong>Membros do Colegiado:<\/strong><br \/>\nProf\u00aa. Dra. Carine Teles Sangaleti Miyahara<br \/>\nProf. Dr. Marcos Ereno Auler<br \/>\nProf. Dr. Najeh Maissar Khalil<br \/>\nProf. Dr. Paulo Jose dos Reis<br \/>\nProf\u00aa. Dra. Sandra Mara Guse Sc\u00f3s Venske<br \/>\nProf\u00aa Dra. Tania Toyomi Tominaga<br \/>\nRepresentante discente Mauricio Mazur[\/vc_column_text][\/vc_column][\/vc_row]<\/p>\n<\/div>","protected":false},"excerpt":{"rendered":"<p>[vc_row][vc_column width=&#8221;1\/2&#8243;][vc_column_text] RESOLU\u00c7\u00c3O N\u00ba 9-COU\/UNICENTRO, DE 6 DE FEVEREIRO DE 2019 &#8211; Aprova o Programa de P\u00f3s-Gradua\u00e7\u00e3o stricto sensu em Nanoci\u00eancias e Bioci\u00eancias [\/vc_column_text][\/vc_column][vc_column width=&#8221;1\/2&#8243; css=&#8221;.vc_custom_1551125685021{border-left-width: 1px !important;padding-left: 15px !important;border-left-color: #bfbfbf !important;border-left-style: dotted !important;}&#8221;][vc_column_text]Coordena\u00e7\u00e3o do Programa \u2013 2023-2025 Membros do Colegiado: Prof\u00aa. Dra. Carine Teles Sangaleti Miyahara Prof. Dr. Marcos Ereno Auler Prof. Dr. Najeh [&hellip;]<\/p>\n","protected":false},"author":3,"featured_media":0,"parent":0,"menu_order":0,"comment_status":"closed","ping_status":"closed","template":"","meta":{"_exactmetrics_skip_tracking":false,"_exactmetrics_sitenote_active":false,"_exactmetrics_sitenote_note":"","_exactmetrics_sitenote_category":0,"footnotes":"","_links_to":"","_links_to_target":""},"class_list":["post-57","page","type-page","status-publish","hentry"],"_links":{"self":[{"href":"https:\/\/www3.unicentro.br\/ppgnb\/wp-json\/wp\/v2\/pages\/57","targetHints":{"allow":["GET"]}}],"collection":[{"href":"https:\/\/www3.unicentro.br\/ppgnb\/wp-json\/wp\/v2\/pages"}],"about":[{"href":"https:\/\/www3.unicentro.br\/ppgnb\/wp-json\/wp\/v2\/types\/page"}],"author":[{"embeddable":true,"href":"https:\/\/www3.unicentro.br\/ppgnb\/wp-json\/wp\/v2\/users\/3"}],"replies":[{"embeddable":true,"href":"https:\/\/www3.unicentro.br\/ppgnb\/wp-json\/wp\/v2\/comments?post=57"}],"version-history":[{"count":1,"href":"https:\/\/www3.unicentro.br\/ppgnb\/wp-json\/wp\/v2\/pages\/57\/revisions"}],"predecessor-version":[{"id":763,"href":"https:\/\/www3.unicentro.br\/ppgnb\/wp-json\/wp\/v2\/pages\/57\/revisions\/763"}],"wp:attachment":[{"href":"https:\/\/www3.unicentro.br\/ppgnb\/wp-json\/wp\/v2\/media?parent=57"}],"curies":[{"name":"wp","href":"https:\/\/api.w.org\/{rel}","templated":true}]}}