{"id":45,"date":"2018-12-19T15:49:05","date_gmt":"2018-12-19T17:49:05","guid":{"rendered":"https:\/\/www3.unicentro.br\/ppgnb\/?page_id=45"},"modified":"2019-08-15T16:52:27","modified_gmt":"2019-08-15T19:52:27","slug":"discentes","status":"publish","type":"page","link":"https:\/\/www3.unicentro.br\/ppgnb\/discentes\/","title":{"rendered":"Discentes"},"content":{"rendered":"<div class=\"wpb-content-wrapper\"><p>[vc_row][vc_column][vc_tta_accordion style=&#8221;flat&#8221; shape=&#8221;square&#8221; color=&#8221;chino&#8221; spacing=&#8221;1&#8243; active_section=&#8221;30&#8243; no_fill=&#8221;true&#8221; collapsible_all=&#8221;true&#8221;][vc_tta_section title=&#8221;Turma 2019&#8243; tab_id=&#8221;1494434765192-0f909498-c7d8&#8243;][vc_column_text]<\/p>\n<table style=\"height: 275px\" width=\"80%\">\n<thead>\n<tr>\n<td style=\"text-align: center\" colspan=\"2\"><strong>Unicentro<\/strong><\/td>\n<\/tr>\n<\/thead>\n<colgroup>\n<col style=\"width: 30%\" \/>\n<col style=\"width: 70%\" \/> <\/colgroup>\n<tbody>\n<tr>\n<td>\u00a0<img loading=\"lazy\" decoding=\"async\" src=\"https:\/\/www3.unicentro.br\/ppgnb\/wp-content\/uploads\/sites\/63\/2019\/04\/01.jpg\" width=\"105\" height=\"152\" \/><\/td>\n<td>Nome:<strong> Ana Caroline Lopes<\/strong><br \/>\nOrientador(a): <strong>Daniel de Paula<\/strong><br \/>\nLinha de pesquisa: <strong>Avalia\u00e7\u00e3o e aplica\u00e7\u00e3o de materiais<\/strong><br \/>\nIngresso: <strong>04\/2019<\/strong><\/td>\n<\/tr>\n<tr>\n<td>\u00a0<img loading=\"lazy\" decoding=\"async\" src=\"https:\/\/www3.unicentro.br\/ppgnb\/wp-content\/uploads\/sites\/63\/2019\/04\/03.jpg\" width=\"105\" height=\"152\" \/><\/td>\n<td>\u00a0Nome:<strong> Bruna Gomes Muller<\/strong><br \/>\nOrientador(a): <strong>Ricardo Yoshimitsu Miyahara<\/strong><br \/>\nLinha de pesquisa: <strong>S\u00edntese, simula\u00e7\u00e3o e caracteriza\u00e7\u00e3o de sistemas nanoestruturados<\/strong><br \/>\nIngresso: <strong>04\/2019<\/strong><\/td>\n<\/tr>\n<tr>\n<td>\u00a0<img loading=\"lazy\" decoding=\"async\" src=\"https:\/\/www3.unicentro.br\/ppgnb\/wp-content\/uploads\/sites\/63\/2019\/04\/04.jpg\" width=\"105\" height=\"152\" \/><\/td>\n<td>\u00a0Nome:<strong> Camila Rickli<\/strong><br \/>\nOrientador(a): <strong>Valdirlei Fernandes Freitas<\/strong><br \/>\nLinha de pesquisa: <strong>Avalia\u00e7\u00e3o e aplica\u00e7\u00e3o de materiais<\/strong><br \/>\nIngresso: <strong>04\/2019<\/strong><\/td>\n<\/tr>\n<tr>\n<td><img loading=\"lazy\" decoding=\"async\" src=\"https:\/\/www3.unicentro.br\/ppgnb\/wp-content\/uploads\/sites\/63\/2019\/04\/05.jpg\" width=\"105\" height=\"152\" \/><\/td>\n<td>\u00a0Nome:<strong> Douglas Grossko<\/strong><br \/>\nOrientador(a): <strong>Tania Toyomi Tominga<\/strong><br \/>\nLinha de pesquisa: <strong>S\u00edntese, simula\u00e7\u00e3o e caracteriza\u00e7\u00e3o de sistemas nanoestruturados<\/strong><br \/>\nIngresso: <strong>04\/2019<\/strong><\/td>\n<\/tr>\n<tr>\n<td><img loading=\"lazy\" decoding=\"async\" src=\"https:\/\/www3.unicentro.br\/ppgnb\/wp-content\/uploads\/sites\/63\/2019\/04\/06.jpg\" width=\"105\" height=\"152\" \/><\/td>\n<td>\u00a0Nome:<strong> J\u00e9ssica da Cruz<\/strong><br \/>\nOrientador(a): <strong>Najeh Maissar Khalil<\/strong><br \/>\nLinha de pesquisa: <strong>Avalia\u00e7\u00e3o e aplica\u00e7\u00e3o de materiais<\/strong><br \/>\nIngresso: <strong>04\/2019<\/strong><\/td>\n<\/tr>\n<tr>\n<td><img loading=\"lazy\" decoding=\"async\" src=\"https:\/\/www3.unicentro.br\/ppgnb\/wp-content\/uploads\/sites\/63\/2019\/04\/07.jpg\" width=\"105\" height=\"152\" \/><\/td>\n<td>\u00a0Nome:<strong> Larissa Gulogurski Ribeiro<\/strong><br \/>\nOrientador(a): <strong>Taiana Gabriela Moretti Bonadio<\/strong><br \/>\nLinha de pesquisa: <strong>S\u00edntese, simula\u00e7\u00e3o e caracteriza\u00e7\u00e3o de sistemas nanoestruturados<\/strong><br \/>\nIngresso:\u00a0<strong>04\/2019<\/strong><\/td>\n<\/tr>\n<tr>\n<td><img loading=\"lazy\" decoding=\"async\" src=\"https:\/\/www3.unicentro.br\/ppgnb\/wp-content\/uploads\/sites\/63\/2019\/04\/08.jpg\" width=\"105\" height=\"152\" \/><\/td>\n<td>\u00a0Nome:<strong> Lucas Cordeiro Siqueira<\/strong><br \/>\nOrientador(a): <strong>Sandra Mara Guse Scos Venske<\/strong><br \/>\nLinha de pesquisa: <strong>S\u00edntese, simula\u00e7\u00e3o e caracteriza\u00e7\u00e3o de sistemas nanoestruturados<\/strong><br \/>\nIngresso:\u00a0<strong>04\/2019<\/strong><\/td>\n<\/tr>\n<tr>\n<td><img loading=\"lazy\" decoding=\"async\" src=\"https:\/\/www3.unicentro.br\/ppgnb\/wp-content\/uploads\/sites\/63\/2019\/04\/09.jpg\" width=\"105\" height=\"152\" \/><\/td>\n<td>\u00a0Nome:<strong> Marcos Paulo Polowei Rol\u00e3o<\/strong><br \/>\nOrientador(a): <strong>Paulo Jos\u00e9 dos Reis<\/strong><br \/>\nLinha de pesquisa: <strong>S\u00edntese, simula\u00e7\u00e3o e caracteriza\u00e7\u00e3o de sistemas nanoestruturados<\/strong><br \/>\nIngresso:\u00a0<strong>04\/2019<\/strong><\/td>\n<\/tr>\n<tr>\n<td><img loading=\"lazy\" decoding=\"async\" src=\"https:\/\/www3.unicentro.br\/ppgnb\/wp-content\/uploads\/sites\/63\/2019\/04\/10.jpg\" width=\"105\" height=\"152\" \/><\/td>\n<td>\u00a0Nome:<strong> Mariane Maria Silveira Vieira de Lima<\/strong><br \/>\nOrientador(a): <strong>Ivo Ilvan Kerppers<\/strong><br \/>\nLinha de pesquisa: <strong>Avalia\u00e7\u00e3o e aplica\u00e7\u00e3o de materiais<\/strong><br \/>\nIngresso:\u00a0<strong>04\/2019<\/strong><\/td>\n<\/tr>\n<tr>\n<td><img loading=\"lazy\" decoding=\"async\" src=\"https:\/\/www3.unicentro.br\/ppgnb\/wp-content\/uploads\/sites\/63\/2019\/04\/11.jpg\" width=\"105\" height=\"152\" \/><\/td>\n<td>\u00a0Nome:<strong> Natalia Valendolf Pires<\/strong><br \/>\nOrientador(a): <strong>Marcos Ereno Auler<\/strong><br \/>\nLinha de pesquisa: <strong>Avalia\u00e7\u00e3o e aplica\u00e7\u00e3o de materiais<\/strong><br \/>\nIngresso:\u00a0<strong>04\/2019<\/strong><\/td>\n<\/tr>\n<tr>\n<td><img loading=\"lazy\" decoding=\"async\" src=\"https:\/\/www3.unicentro.br\/ppgnb\/wp-content\/uploads\/sites\/63\/2019\/04\/12.jpg\" width=\"105\" height=\"152\" \/><\/td>\n<td>\u00a0Nome:<strong> Talita Czekster<\/strong><br \/>\nOrientador(a): <strong>Carine Teles Sangaleti Miyahara<\/strong><br \/>\nLinha de pesquisa: <strong>Avalia\u00e7\u00e3o e aplica\u00e7\u00e3o de materiais<\/strong><br \/>\nIngresso:\u00a0<strong>04\/2019<\/strong><\/td>\n<\/tr>\n<\/tbody>\n<\/table>\n<p>[\/vc_column_text][\/vc_tta_section][\/vc_tta_accordion][\/vc_column][\/vc_row]<\/p>\n<\/div>","protected":false},"excerpt":{"rendered":"<p>[vc_row][vc_column][vc_tta_accordion style=&#8221;flat&#8221; shape=&#8221;square&#8221; color=&#8221;chino&#8221; spacing=&#8221;1&#8243; active_section=&#8221;30&#8243; no_fill=&#8221;true&#8221; collapsible_all=&#8221;true&#8221;][vc_tta_section title=&#8221;Turma 2019&#8243; tab_id=&#8221;1494434765192-0f909498-c7d8&#8243;][vc_column_text] Unicentro \u00a0 Nome: Ana Caroline Lopes Orientador(a): Daniel de Paula Linha de pesquisa: Avalia\u00e7\u00e3o e aplica\u00e7\u00e3o de materiais Ingresso: 04\/2019 \u00a0 \u00a0Nome: Bruna Gomes Muller Orientador(a): Ricardo Yoshimitsu Miyahara Linha de pesquisa: S\u00edntese, simula\u00e7\u00e3o e caracteriza\u00e7\u00e3o de sistemas nanoestruturados Ingresso: 04\/2019 \u00a0 \u00a0Nome: Camila [&hellip;]<\/p>\n","protected":false},"author":3,"featured_media":0,"parent":0,"menu_order":0,"comment_status":"closed","ping_status":"closed","template":"","meta":{"_exactmetrics_skip_tracking":false,"_exactmetrics_sitenote_active":false,"_exactmetrics_sitenote_note":"","_exactmetrics_sitenote_category":0,"footnotes":"","_links_to":"","_links_to_target":""},"class_list":["post-45","page","type-page","status-publish","hentry"],"_links":{"self":[{"href":"https:\/\/www3.unicentro.br\/ppgnb\/wp-json\/wp\/v2\/pages\/45","targetHints":{"allow":["GET"]}}],"collection":[{"href":"https:\/\/www3.unicentro.br\/ppgnb\/wp-json\/wp\/v2\/pages"}],"about":[{"href":"https:\/\/www3.unicentro.br\/ppgnb\/wp-json\/wp\/v2\/types\/page"}],"author":[{"embeddable":true,"href":"https:\/\/www3.unicentro.br\/ppgnb\/wp-json\/wp\/v2\/users\/3"}],"replies":[{"embeddable":true,"href":"https:\/\/www3.unicentro.br\/ppgnb\/wp-json\/wp\/v2\/comments?post=45"}],"version-history":[{"count":0,"href":"https:\/\/www3.unicentro.br\/ppgnb\/wp-json\/wp\/v2\/pages\/45\/revisions"}],"wp:attachment":[{"href":"https:\/\/www3.unicentro.br\/ppgnb\/wp-json\/wp\/v2\/media?parent=45"}],"curies":[{"name":"wp","href":"https:\/\/api.w.org\/{rel}","templated":true}]}}