{"id":43,"date":"2018-12-19T15:48:45","date_gmt":"2018-12-19T17:48:45","guid":{"rendered":"https:\/\/www3.unicentro.br\/ppgnb\/?page_id=43"},"modified":"2022-12-19T15:42:32","modified_gmt":"2022-12-19T18:42:32","slug":"formularios","status":"publish","type":"page","link":"https:\/\/www3.unicentro.br\/ppgnb\/formularios\/","title":{"rendered":"Formul\u00e1rios"},"content":{"rendered":"<ul>\n<li><a href=\"https:\/\/www3.unicentro.br\/ppgnb\/wp-content\/uploads\/sites\/63\/2021\/12\/PARA_ORIENTADOR_ATESTADO_DE_ENTREGA_DA_VERS_O_DEFINITIVA_DA_DISSERTA_O_atualizado.doc\">ATESTADO DE ENTREGA DA VERS\u00c3O DEFINITIVA DA DISSERTA\u00c7\u00c3O [.doc]<\/a><\/li>\n<li><a href=\"https:\/\/www3.unicentro.br\/ppgnb\/wp-content\/uploads\/sites\/63\/2021\/11\/Formul_rio_p_s_doutorado_volunt_rio_61a14f60e68cb.doc\">FORMUL\u00c1RIO EST\u00c1GIO DE P\u00d3S-DOUTORADO VOLUNT\u00c1RIO [.doc]<\/a><\/li>\n<li><a href=\"https:\/\/mega.nz\/file\/d74AnA7S#QORJ1iLevrL2HvP2BppW6_-eZAUWZ-1Md1219JqquUU\" target=\"_blank\" rel=\"noopener\">MODELO DE DISSERTA\u00c7\u00c3O &#8211; FORMATO LATEX [.zip]<\/a><\/li>\n<li><a href=\"https:\/\/www3.unicentro.br\/ppgnb\/wp-content\/uploads\/sites\/63\/2021\/03\/modelo_disserta_o_WORD_604a656deaed1.doc\">MODELO DE DISSERTA\u00c7\u00c3O &#8211; FORMATO WORD [.doc]<\/a><\/li>\n<li><a href=\"https:\/\/www3.unicentro.br\/ppgnb\/wp-content\/uploads\/sites\/63\/2019\/07\/Relato_rio_Geral_Bolsistas_5d160157aee85.doc\">RELAT\u00d3RIO GERAL &#8211; BOLSISTAS [.doc]<\/a><\/li>\n<li><a href=\"https:\/\/www3.unicentro.br\/ppgnb\/wp-content\/uploads\/sites\/63\/2019\/07\/RELAT_RIO_SEMESTRAL_5d16017a0f968.docx\">RELAT\u00d3RIO SEMESTRAL [.doc]<\/a><\/li>\n<li><a href=\"https:\/\/www3.unicentro.br\/ppgnb\/wp-content\/uploads\/sites\/63\/2022\/11\/requerimento_coorientacao_63777808aad4d.docx\">REQUERIMENTO DE COORIENTA\u00c7\u00c3O [.doc]<\/a><\/li>\n<li><a href=\"https:\/\/www3.unicentro.br\/ppgnb\/wp-content\/uploads\/sites\/63\/2022\/05\/Novo_Requerimento_defesa_disserta_o_6294d063eb7d3.doc\">REQUERIMENTO DE DEFESA DE DISSERTA\u00c7\u00c3O [.doc]<\/a><\/li>\n<li><a href=\"https:\/\/www3.unicentro.br\/ppgnb\/wp-content\/uploads\/sites\/63\/2022\/05\/Novo_Requerimento_exame_de_qualifica_o_6294d063a2e22.doc\">REQUERIMENTO DE DEFESA DE QUALIFICA\u00c7\u00c3O [.doc]<\/a><\/li>\n<li><a href=\"https:\/\/www3.unicentro.br\/ppgnb\/wp-content\/uploads\/sites\/63\/2019\/04\/REQUERIMENTO_TRANSFER_NCIA_DE_ORIENTADOR_5cc8314ce7bf4.doc\">REQUERIMENTO DE TRANSFER\u00caNCIA DE ORIENTADOR \u2013 Aluno regular [.doc]<\/a><\/li>\n<li><a href=\"https:\/\/www3.unicentro.br\/ppgnb\/wp-content\/uploads\/sites\/63\/2019\/04\/SOLICITA_O_DE_ALTERA_O_DO_OBJETO_DE_PESQUISA_5cc8319510667.doc\">SOLICITA\u00c7\u00c3O DE ALTERA\u00c7\u00c3O DO OBJETO DE ESTUDO [.doc]<\/a><\/li>\n<li><a href=\"https:\/\/www3.unicentro.br\/ppgnb\/wp-content\/uploads\/sites\/63\/2019\/04\/SOLICITA_O_DE_APROVEITAMENTO_DE_CR_DITOS_5cc8319fac669.doc\">SOLICITA\u00c7\u00c3O DE APROVEITAMENTO DE CR\u00c9DITOS CURSADOS [.doc]<\/a><\/li>\n<li><a href=\"https:\/\/www3.unicentro.br\/ppgnb\/wp-content\/uploads\/sites\/63\/2019\/05\/aproveitamento_proficiencia_5cc8310b22c80_5cee675eadaa1.doc\">SOLICITA\u00c7\u00c3O DE APROVEITAMENTO &#8211; PROFICI\u00caNCIA [.doc]<\/a><\/li>\n<li><a href=\"https:\/\/www3.unicentro.br\/ppgnb\/wp-content\/uploads\/sites\/63\/2019\/04\/cancelamento_disciplinas_5cc83122e7bcb.doc\">SOLICITA\u00c7\u00c3O DE CANCELAMENTO DE DISCIPLINAS [.doc]<\/a><\/li>\n<li><a href=\"https:\/\/www3.unicentro.br\/ppgnb\/wp-content\/uploads\/sites\/63\/2021\/04\/Solicita_o_de_Desligamento_60894fe7a0f4a.doc\">SOLICITA\u00c7\u00c3O DE DESLIGAMENTO DE CURSO [.doc]<\/a><\/li>\n<li><a href=\"https:\/\/www3.unicentro.br\/ppgnb\/wp-content\/uploads\/sites\/63\/2019\/04\/SOLICITA_O_DE_PRORROGA_O_DE_PRAZO_DE_DEFESA_5cc831aa6b62a.doc\">SOLICITA\u00c7\u00c3O DE PRORROGA\u00c7\u00c3O DE PRAZO [.doc]<\/a><\/li>\n<li><a href=\"https:\/\/www3.unicentro.br\/ppgnb\/wp-content\/uploads\/sites\/63\/2021\/02\/Solicita_o_de_Trancamento_6036c264892e3.doc\">SOLICITA\u00c7\u00c3O DE TRANCAMENTO DE CURSO [.doc]<\/a><\/li>\n<\/ul>\n","protected":false},"excerpt":{"rendered":"<p>ATESTADO DE ENTREGA DA VERS\u00c3O DEFINITIVA DA DISSERTA\u00c7\u00c3O [.doc] FORMUL\u00c1RIO EST\u00c1GIO DE P\u00d3S-DOUTORADO VOLUNT\u00c1RIO [.doc] MODELO DE DISSERTA\u00c7\u00c3O &#8211; FORMATO LATEX [.zip] MODELO DE DISSERTA\u00c7\u00c3O &#8211; FORMATO WORD [.doc] RELAT\u00d3RIO GERAL &#8211; BOLSISTAS [.doc] RELAT\u00d3RIO SEMESTRAL [.doc] REQUERIMENTO DE COORIENTA\u00c7\u00c3O [.doc] REQUERIMENTO DE DEFESA DE DISSERTA\u00c7\u00c3O [.doc] REQUERIMENTO DE DEFESA DE QUALIFICA\u00c7\u00c3O [.doc] REQUERIMENTO DE [&hellip;]<\/p>\n","protected":false},"author":3,"featured_media":0,"parent":0,"menu_order":0,"comment_status":"closed","ping_status":"closed","template":"","meta":{"_exactmetrics_skip_tracking":false,"_exactmetrics_sitenote_active":false,"_exactmetrics_sitenote_note":"","_exactmetrics_sitenote_category":0,"footnotes":"","_links_to":"","_links_to_target":""},"class_list":["post-43","page","type-page","status-publish","hentry"],"_links":{"self":[{"href":"https:\/\/www3.unicentro.br\/ppgnb\/wp-json\/wp\/v2\/pages\/43","targetHints":{"allow":["GET"]}}],"collection":[{"href":"https:\/\/www3.unicentro.br\/ppgnb\/wp-json\/wp\/v2\/pages"}],"about":[{"href":"https:\/\/www3.unicentro.br\/ppgnb\/wp-json\/wp\/v2\/types\/page"}],"author":[{"embeddable":true,"href":"https:\/\/www3.unicentro.br\/ppgnb\/wp-json\/wp\/v2\/users\/3"}],"replies":[{"embeddable":true,"href":"https:\/\/www3.unicentro.br\/ppgnb\/wp-json\/wp\/v2\/comments?post=43"}],"version-history":[{"count":0,"href":"https:\/\/www3.unicentro.br\/ppgnb\/wp-json\/wp\/v2\/pages\/43\/revisions"}],"wp:attachment":[{"href":"https:\/\/www3.unicentro.br\/ppgnb\/wp-json\/wp\/v2\/media?parent=43"}],"curies":[{"name":"wp","href":"https:\/\/api.w.org\/{rel}","templated":true}]}}