{"id":41,"date":"2018-12-19T15:48:25","date_gmt":"2018-12-19T17:48:25","guid":{"rendered":"https:\/\/www3.unicentro.br\/ppgnb\/?page_id=41"},"modified":"2025-12-18T12:56:40","modified_gmt":"2025-12-18T15:56:40","slug":"regimentos","status":"publish","type":"page","link":"https:\/\/www3.unicentro.br\/ppgnb\/regimentos\/","title":{"rendered":"Regimentos"},"content":{"rendered":"<div class=\"wpb-content-wrapper\"><p>[vc_row][vc_column][vc_column_text css=&#8221;&#8221;]<\/p>\n<ul>\n<li><a href=\"https:\/\/www3.unicentro.br\/ppgnb\/wp-content\/uploads\/sites\/63\/2025\/12\/Instru_o_normativa_002_2025_PPGNB_UNICENTRO_6944150d252ee.pdf\"><strong>Instru\u00e7\u00e3o Normativa n\u00ba 002\/2025 \u2013 PPGNB<\/strong> &#8211; Estabelece crit\u00e9rios e procedimentos para comprova\u00e7\u00e3o de submiss\u00e3o de artigo para fins de titula\u00e7\u00e3o e defesa de disserta\u00e7\u00e3o no \u00e2mbito do Programa de P\u00f3s-Gradua\u00e7\u00e3o em Nanoci\u00eancias e Bioci\u00eancias da Universidade Estadual do Centro-Oeste, Unicentro, e d\u00e1 outras provid\u00eancias<\/a><\/li>\n<li><a href=\"https:\/\/www3.unicentro.br\/ppgnb\/wp-content\/uploads\/sites\/63\/2025\/12\/Instru_o_Normativa_001_2025_PPGNB_UNICENTRO_694415086f0b7.pdf\"><strong>Instru\u00e7\u00e3o Normativa n\u00ba 001\/2025 \u2013 PPGNB<\/strong> &#8211; Disp\u00f5e sobre os crit\u00e9rios para Credenciamento e Recredenciamento do corpo docente do Programa de P\u00f3s Gradua\u00e7\u00e3o em Nanoci\u00eancias e Bioci\u00eancias da Unicentro<\/a><\/li>\n<li><a href=\"https:\/\/www3.unicentro.br\/ppgnb\/wp-content\/uploads\/sites\/63\/2022\/07\/IN_2_2022_Criterios_de_Credenciamento_e_Recredenciamento_assinado_62d04b8b38c45.pdf\"><strong>Instru\u00e7\u00e3o Normativa n\u00ba 002\/2022 \u2013 PPGNB<\/strong> &#8211; Disp\u00f5e sobre os crit\u00e9rios para Credenciamento e Recredenciamento do corpo docente do Programa de P\u00f3s Gradua\u00e7\u00e3o em Nanoci\u00eancias e Bioci\u00eancias da Unicentro<\/a><\/li>\n<li><a href=\"https:\/\/www3.unicentro.br\/ppgnb\/wp-content\/uploads\/sites\/63\/2022\/07\/Normativa_01_2022_PPGNB_new_assinado_62d013a81c5f1.pdf\"><strong>Instru\u00e7\u00e3o Normativa n\u00ba 001\/2022 \u2013 PPGNB<\/strong> &#8211; Estabelece par\u00e2metros e condi\u00e7\u00f5es para profici\u00eancia em l\u00edngua estrangeira para os discentes do Programa de P\u00f3s Gradua\u00e7\u00e3o PPGNB da Unicentro<\/a><\/li>\n<li><a href=\"https:\/\/www3.unicentro.br\/ppgnb\/wp-content\/uploads\/sites\/63\/2022\/12\/IN__01_2021_autoavalia_o_6399911651bb9.pdf\"><strong>Instru\u00e7\u00e3o Normativa n\u00ba 001\/2021 \u2013PPGNB<\/strong> &#8211; Estabelece crit\u00e9rios para a autoavalia\u00e7\u00e3o do Programa de P\u00f3s-Gradua\u00e7\u00e3o Stricto Sensu em Nanoci\u00eancias e Bioci\u00eancias (PPGNB) da Unicentro<\/a><\/li>\n<li><strong>Instru\u00e7\u00e3o Normativa n\u00ba 005\/2019 \u2013 PPGNB<\/strong> &#8211;\u00a0Regulamentar a apresenta\u00e7\u00e3o de relat\u00f3rio semestral de atividades dos discentes [<a href=\"https:\/\/www3.unicentro.br\/ppgnb\/wp-content\/uploads\/sites\/63\/2019\/07\/Relat_rio_Semestral_Instruc_a_o_normativa_005_2019_5d2dba431e0aa.docx\">.doc<\/a>] [<a href=\"https:\/\/www3.unicentro.br\/ppgnb\/wp-content\/uploads\/sites\/63\/2019\/07\/Relat_rio_Semestral_Instruc_a_o_normativa_005_2019_5d36fa503e490.pdf\">.pdf<\/a>]<\/li>\n<li><a href=\"https:\/\/www3.unicentro.br\/ppgnb\/wp-content\/uploads\/sites\/63\/2019\/04\/Intru_o_Normativa_003_2019_5cc19ca3d1782.pdf\"><strong>Instru\u00e7\u00e3o Normativa n\u00ba 003\/2019-PPGNB<\/strong>\u00a0&#8211; Estabelece crit\u00e9rios para solicita\u00e7\u00e3o e aprova\u00e7\u00e3o de coorienta\u00e7\u00e3o no PPGNB<\/a><\/li>\n<li><a href=\"https:\/\/www3.unicentro.br\/ppgnb\/wp-content\/uploads\/sites\/63\/2019\/04\/Intru_es_normativas_02_5cb709b88ecb1.pdf\"><strong>Instru\u00e7\u00e3o Normativa n\u00ba 002\/2019-PPGNB<\/strong> &#8211; Estabelece crit\u00e9rios para comprova\u00e7\u00e3o de profici\u00eancia em l\u00edngua estrangeira para os discentes do PPGNB<\/a><\/li>\n<li><a href=\"https:\/\/www3.unicentro.br\/ppgnb\/wp-content\/uploads\/sites\/63\/2019\/04\/Intru_es_Normativas_001_2019_5caf233570a90.pdf\"><strong>Instru\u00e7\u00e3o Normativa n\u00ba 001\/2019-PPGNB<\/strong> &#8211; Crit\u00e9rios para concess\u00e3o \u00e9 manuten\u00e7\u00e3o de bolsa de estudo para os discentes do PPGNB<\/a><\/li>\n<li><a href=\"https:\/\/www3.unicentro.br\/ppgnb\/wp-content\/uploads\/sites\/63\/2019\/05\/Instruc_o_Normativa_02_2014_PROPESP.pdf\"><strong>Instru\u00e7\u00e3o Normativa n\u00ba 002\/2014 &#8211; Propesp<\/strong> &#8211; Estabelece normas e procedimentos para confec\u00e7\u00e3o de disserta\u00e7\u00f5es e teses<\/a><\/li>\n<\/ul>\n<p>[\/vc_column_text][\/vc_column][\/vc_row]<\/p>\n<\/div>","protected":false},"excerpt":{"rendered":"<p>[vc_row][vc_column][vc_column_text css=&#8221;&#8221;] Instru\u00e7\u00e3o Normativa n\u00ba 002\/2025 \u2013 PPGNB &#8211; Estabelece crit\u00e9rios e procedimentos para comprova\u00e7\u00e3o de submiss\u00e3o de artigo para fins de titula\u00e7\u00e3o e defesa de disserta\u00e7\u00e3o no \u00e2mbito do Programa de P\u00f3s-Gradua\u00e7\u00e3o em Nanoci\u00eancias e Bioci\u00eancias da Universidade Estadual do Centro-Oeste, Unicentro, e d\u00e1 outras provid\u00eancias Instru\u00e7\u00e3o Normativa n\u00ba 001\/2025 \u2013 PPGNB &#8211; Disp\u00f5e [&hellip;]<\/p>\n","protected":false},"author":3,"featured_media":0,"parent":0,"menu_order":0,"comment_status":"closed","ping_status":"closed","template":"","meta":{"_exactmetrics_skip_tracking":false,"_exactmetrics_sitenote_active":false,"_exactmetrics_sitenote_note":"","_exactmetrics_sitenote_category":0,"footnotes":"","_links_to":"","_links_to_target":""},"class_list":["post-41","page","type-page","status-publish","hentry"],"_links":{"self":[{"href":"https:\/\/www3.unicentro.br\/ppgnb\/wp-json\/wp\/v2\/pages\/41","targetHints":{"allow":["GET"]}}],"collection":[{"href":"https:\/\/www3.unicentro.br\/ppgnb\/wp-json\/wp\/v2\/pages"}],"about":[{"href":"https:\/\/www3.unicentro.br\/ppgnb\/wp-json\/wp\/v2\/types\/page"}],"author":[{"embeddable":true,"href":"https:\/\/www3.unicentro.br\/ppgnb\/wp-json\/wp\/v2\/users\/3"}],"replies":[{"embeddable":true,"href":"https:\/\/www3.unicentro.br\/ppgnb\/wp-json\/wp\/v2\/comments?post=41"}],"version-history":[{"count":2,"href":"https:\/\/www3.unicentro.br\/ppgnb\/wp-json\/wp\/v2\/pages\/41\/revisions"}],"predecessor-version":[{"id":965,"href":"https:\/\/www3.unicentro.br\/ppgnb\/wp-json\/wp\/v2\/pages\/41\/revisions\/965"}],"wp:attachment":[{"href":"https:\/\/www3.unicentro.br\/ppgnb\/wp-json\/wp\/v2\/media?parent=41"}],"curies":[{"name":"wp","href":"https:\/\/api.w.org\/{rel}","templated":true}]}}