{"id":38,"date":"2018-12-19T15:47:49","date_gmt":"2018-12-19T17:47:49","guid":{"rendered":"https:\/\/www3.unicentro.br\/ppgnb\/?page_id=38"},"modified":"2018-12-19T15:47:49","modified_gmt":"2018-12-19T17:47:49","slug":"fotos","status":"publish","type":"page","link":"https:\/\/www3.unicentro.br\/ppgnb\/fotos\/","title":{"rendered":"Fotos"},"content":{"rendered":"<p><strong>I Encontro em Nanoci\u00eancias e Bioci\u00eancias\/UNICENTRO:<\/strong> <a href=\"https:\/\/evento.unicentro.br\/site\/enb\/2017\/1\">https:\/\/evento.unicentro.br\/site\/enb\/2017\/1<\/a><br \/>\nFotos: <a href=\"https:\/\/www.flickr.com\/photos\/unicentropr\/albums\/72157700270586902\">https:\/\/www.flickr.com\/photos\/unicentropr\/albums\/72157700270586902<\/a><\/p>\n<p><strong>II Simp\u00f3sio em Nanoci\u00eancias, Bioci\u00eancias e Ci\u00eancias Farmac\u00eauticas\/UNICENTRO:<\/strong> <a href=\"https:\/\/evento.unicentro.br\/site\/enb\/2018\">https:\/\/evento.unicentro.br\/site\/enb\/2018<\/a><br \/>\nFotos: <a href=\"https:\/\/www.flickr.com\/photos\/unicentropr\/albums\/72157687129908214\">https:\/\/www.flickr.com\/photos\/unicentropr\/albums\/72157687129908214<\/a><\/p>\n<p><strong>1<sup>a<\/sup> Reuni\u00e3o do corpo docente do mestrado em Nanoci\u00eancias e Bioci\u00eancias, 17\/12\/2018<br \/>\n<img loading=\"lazy\" decoding=\"async\" class=\"aligncenter size-full wp-image-39\" src=\"https:\/\/www3.unicentro.br\/ppgnb\/wp-content\/uploads\/sites\/63\/2018\/12\/docentes-ppgnb.jpg\" alt=\"\" width=\"377\" height=\"202\" srcset=\"https:\/\/www3.unicentro.br\/ppgnb\/wp-content\/uploads\/sites\/63\/2018\/12\/docentes-ppgnb.jpg 377w, https:\/\/www3.unicentro.br\/ppgnb\/wp-content\/uploads\/sites\/63\/2018\/12\/docentes-ppgnb-300x161.jpg 300w, https:\/\/www3.unicentro.br\/ppgnb\/wp-content\/uploads\/sites\/63\/2018\/12\/docentes-ppgnb-255x137.jpg 255w\" sizes=\"auto, (max-width: 377px) 100vw, 377px\" \/><\/strong><\/p>\n","protected":false},"excerpt":{"rendered":"<p>I Encontro em Nanoci\u00eancias e Bioci\u00eancias\/UNICENTRO: https:\/\/evento.unicentro.br\/site\/enb\/2017\/1 Fotos: https:\/\/www.flickr.com\/photos\/unicentropr\/albums\/72157700270586902 II Simp\u00f3sio em Nanoci\u00eancias, Bioci\u00eancias e Ci\u00eancias Farmac\u00eauticas\/UNICENTRO: https:\/\/evento.unicentro.br\/site\/enb\/2018 Fotos: https:\/\/www.flickr.com\/photos\/unicentropr\/albums\/72157687129908214 1a Reuni\u00e3o do corpo docente do mestrado em Nanoci\u00eancias e Bioci\u00eancias, 17\/12\/2018<\/p>\n","protected":false},"author":3,"featured_media":0,"parent":0,"menu_order":0,"comment_status":"closed","ping_status":"closed","template":"","meta":{"_exactmetrics_skip_tracking":false,"_exactmetrics_sitenote_active":false,"_exactmetrics_sitenote_note":"","_exactmetrics_sitenote_category":0,"footnotes":"","_links_to":"","_links_to_target":""},"class_list":["post-38","page","type-page","status-publish","hentry"],"_links":{"self":[{"href":"https:\/\/www3.unicentro.br\/ppgnb\/wp-json\/wp\/v2\/pages\/38","targetHints":{"allow":["GET"]}}],"collection":[{"href":"https:\/\/www3.unicentro.br\/ppgnb\/wp-json\/wp\/v2\/pages"}],"about":[{"href":"https:\/\/www3.unicentro.br\/ppgnb\/wp-json\/wp\/v2\/types\/page"}],"author":[{"embeddable":true,"href":"https:\/\/www3.unicentro.br\/ppgnb\/wp-json\/wp\/v2\/users\/3"}],"replies":[{"embeddable":true,"href":"https:\/\/www3.unicentro.br\/ppgnb\/wp-json\/wp\/v2\/comments?post=38"}],"version-history":[{"count":0,"href":"https:\/\/www3.unicentro.br\/ppgnb\/wp-json\/wp\/v2\/pages\/38\/revisions"}],"wp:attachment":[{"href":"https:\/\/www3.unicentro.br\/ppgnb\/wp-json\/wp\/v2\/media?parent=38"}],"curies":[{"name":"wp","href":"https:\/\/api.w.org\/{rel}","templated":true}]}}