{"id":36,"date":"2018-12-19T15:33:16","date_gmt":"2018-12-19T17:33:16","guid":{"rendered":"https:\/\/www3.unicentro.br\/ppgnb\/?page_id=36"},"modified":"2025-08-28T10:20:53","modified_gmt":"2025-08-28T13:20:53","slug":"corpo-docente","status":"publish","type":"page","link":"https:\/\/www3.unicentro.br\/ppgnb\/corpo-docente\/","title":{"rendered":"Corpo Docente"},"content":{"rendered":"<div class=\"wpb-content-wrapper\"><p>[vc_row][vc_column][vc_tta_accordion style=&#8221;flat&#8221; shape=&#8221;square&#8221; spacing=&#8221;1&#8243; active_section=&#8221;100&#8243; no_fill=&#8221;true&#8221; collapsible_all=&#8221;true&#8221;][vc_tta_section title=&#8221;Dra. Carine Teles Sangaleti Miyahara&#8221; tab_id=&#8221;1545240477366-4db1b782-da47&#8243;][vc_column_text]Gradua\u00e7\u00e3o: Enfermagem e Obstetr\u00edcia\/UFSCar<\/p>\n<p>P\u00f3s-gradua\u00e7\u00e3o: Doutorado em Ci\u00eancias\/INCOR &#8211; FMUSP<\/p>\n<p>\u00c1rea de atua\u00e7\u00e3o: Aspectos fisiopatol\u00f3gicos, epidemiol\u00f3gicos e assistenciais das condi\u00e7\u00f5es cr\u00f4nicas, com enfoque em Hipertens\u00e3o, S\u00edndrome Metab\u00f3lica e ferida cr\u00f4nicas.<\/p>\n<p>e-mail: <a href=\"mailto:carineteles@unicentro.br\">carineteles@unicentro.br<\/a><\/p>\n<p>telefone: (42) 3629 8141 &#8211; Ambulat\u00f3rio de Feridas<\/p>\n<p>Lattes: <a href=\"http:\/\/lattes.cnpq.br\/4721448719649013\">http:\/\/lattes.cnpq.br\/4721448719649013<\/a>[\/vc_column_text][\/vc_tta_section][vc_tta_section title=&#8221;Dr. Daniel de Paula&#8221; tab_id=&#8221;1545240477388-71a75e30-4fdc&#8221;][vc_column_text]Gradua\u00e7\u00e3o: Farm\u00e1cia\/FCFRP-USP<\/p>\n<p>P\u00f3s-gradua\u00e7\u00e3o: Doutorado em CI\u00caNCIAS FARMAC\u00caUTICAS\/FCFRP-USP<\/p>\n<p>\u00c1rea de atua\u00e7\u00e3o: Ci\u00eancias Farmac\u00eauticas<\/p>\n<p>e-mail: <a href=\"ddepaula@unicentro.br\">ddepaula@unicentro.br<\/a><\/p>\n<p>telefone: (42) 3629 8137 &#8211; Departamento de Farm\u00e1cia<\/p>\n<p>Lattes:\u00a0 <a href=\"http:\/\/lattes.cnpq.br\/1846628990988101\">http:\/\/lattes.cnpq.br\/1846628990988101<\/a>[\/vc_column_text][\/vc_tta_section][vc_tta_section title=&#8221;Dr. Ivo Ilvan Kerppers&#8221; tab_id=&#8221;1545240526131-882aa852-852e&#8221;][vc_column_text]Gradua\u00e7\u00e3o: Fisioterapia\/PONTIF\u00cdCIA UNIVERSIDADE CAT\u00d3LICA DO PARAN\u00c1<\/p>\n<p>P\u00f3s-gradua\u00e7\u00e3o: Doutorado em ENGENHARIA BIOM\u00c9DICA\/UNICASTELO<\/p>\n<p>\u00c1rea de atua\u00e7\u00e3o: Neuroinflama\u00e7\u00e3o\/Neurodegenera\u00e7\u00e3o<\/p>\n<p>e-mail: <a href=\"mailto:ikerppers@unicentro.br\">ikerppers@unicentro.br<\/a><\/p>\n<p>telefone: (42) 3629 8155 &#8211; laborat\u00f3rio de Neuroanatomia e Neurofisiologia<\/p>\n<p>Lattes:\u00a0 <a href=\"http:\/\/lattes.cnpq.br\/2107257822885032\">http:\/\/lattes.cnpq.br\/2107257822885032<\/a>[\/vc_column_text][\/vc_tta_section][vc_tta_section title=&#8221;Dr. Marcos Ereno Auler&#8221; tab_id=&#8221;1545240546998-7b6a74cd-98d8&#8243;][vc_column_text]Gradua\u00e7\u00e3o: Farm\u00e1cia\/UNIVERSIDADE FEDERAL DE SANTA MARIA<\/p>\n<p>Bioqu\u00edmica\/UNIVERSIDADE ESTADUAL DE PONTA GROSSA<\/p>\n<p>P\u00f3s-gradua\u00e7\u00e3o: Doutorado em CI\u00caNCIAS MICROBIOLOGIA\/ICB\/USP<\/p>\n<p>\u00c1rea de atua\u00e7\u00e3o: Atividade antif\u00fangica<\/p>\n<p>e-mail: <a href=\"auler@unicentro.br\">auler@unicentro.br<\/a><\/p>\n<p>telefone: (42) 3629 8123 &#8211; laborat\u00f3rio de Pesquisa em Fungos Patog\u00eanicos<\/p>\n<p>Lattes:\u00a0\u00a0<a href=\"http:\/\/lattes.cnpq.br\/2151715934354880\">http:\/\/lattes.cnpq.br\/2151715934354880<\/a>[\/vc_column_text][\/vc_tta_section][vc_tta_section title=&#8221;Dr. Najeh Maissar Khalil&#8221; tab_id=&#8221;1545240566303-1697cbc8-24b4&#8243;][vc_column_text]Gradua\u00e7\u00e3o: Farm\u00e1cia e Bioqu\u00edmica\/UNIVERSIDADE FEDERAL DE SANTA MARIA<\/p>\n<p>P\u00f3s-gradua\u00e7\u00e3o: Doutorado em AN\u00c1LISES CL\u00cdNICAS\/UNESP<\/p>\n<p>\u00c1rea de atua\u00e7\u00e3o: Nanotecnologia Farmac\u00eautica<\/p>\n<p>e-mail: <a href=\"najeh@unicentro.br\">najeh@unicentro.br<\/a><\/p>\n<p>telefone: (42) 3629 8160 &#8211; laborat\u00f3rio de Nanotecnologia Farmac\u00eautica<\/p>\n<p>Lattes:\u00a0\u00a0<a href=\"http:\/\/lattes.cnpq.br\/8578241611510102\">http:\/\/lattes.cnpq.br\/8578241611510102<\/a>[\/vc_column_text][\/vc_tta_section][vc_tta_section title=&#8221;Dr. Paulo Jos\u00e9 dos Reis&#8221; tab_id=&#8221;1545240589889-1906d2fd-b358&#8243;][vc_column_text]Gradua\u00e7\u00e3o: Bacharelado em F\u00edsica\/UEL<\/p>\n<p>P\u00f3s-gradua\u00e7\u00e3o: Doutorado em F\u00edsica\/UEL<\/p>\n<p>\u00c1rea de atua\u00e7\u00e3o:\u00a0 Processamento e an\u00e1lise de imagens digitais<\/p>\n<p>e-mail: <a href=\"mailto:preis@unicentro.br\">preis@unicentro.br<\/a><\/p>\n<p>telefone: (42) 3629 8129 &#8211; Departamento de F\u00edsica<\/p>\n<p>Lattes: <a href=\"http:\/\/lattes.cnpq.br\/7583225521767479\">http:\/\/lattes.cnpq.br\/7583225521767479<\/a>[\/vc_column_text][\/vc_tta_section][vc_tta_section title=&#8221;Dr. Ricardo Yoshimitsu Miyahara&#8221; tab_id=&#8221;1545240608862-da6d8019-d135&#8243;][vc_column_text]Gradua\u00e7\u00e3o: F\u00edsica\/UFSCar<\/p>\n<p>P\u00f3s-gradua\u00e7\u00e3o: Doutorado em Engenharia Metal\u00fargica e de Materiais\/UNIVERSIDADE DE S\u00c3O PAULO &#8211; USP<\/p>\n<p>\u00c1rea de atua\u00e7\u00e3o: Obten\u00e7\u00e3o e Caracteriza\u00e7\u00e3o de Materiais Cer\u00e2micos e Biomateriais<\/p>\n<p>e-mail: <a href=\"mailto:rmiyahara@unicentro.br\">rmiyahara@unicentro.br<\/a><\/p>\n<p>telefone: (42) 3629 8129<\/p>\n<p>Lattes:\u00a0 <a href=\"http:\/\/lattes.cnpq.br\/4732577960462037\">http:\/\/lattes.cnpq.br\/4732577960462037<\/a>[\/vc_column_text][\/vc_tta_section][vc_tta_section title=&#8221;Dra Rubiana Mara Mainardes&#8221; tab_id=&#8221;1545240636776-b07ef3f2-f496&#8243;][vc_column_text]Gradua\u00e7\u00e3o: Farm\u00e1cia\/UNIVERSIDADE ESTADUAL DE PONTA GROSSA<\/p>\n<p>P\u00f3s-gradua\u00e7\u00e3o: Doutorado em CI\u00caNCIAS FARMAC\u00caUTICAS\/UNESP<\/p>\n<p>\u00c1rea de atua\u00e7\u00e3o: Nanotecnologia Farmac\u00eautica<\/p>\n<p>e-mail: <a href=\"mainardes@unicentro.br\">mainardes@unicentro.br<\/a><\/p>\n<p>telefone: (42) 3629 8160 &#8211; laborat\u00f3rio de Nanotecnologia Farmac\u00eautica<\/p>\n<p>Lattes:\u00a0 <a href=\"http:\/\/lattes.cnpq.br\/7632867790178003\">http:\/\/lattes.cnpq.br\/7632867790178003<\/a>[\/vc_column_text][\/vc_tta_section][vc_tta_section title=&#8221;Dra. Sandra Mara Guse Sc\u00f3s Venske&#8221; tab_id=&#8221;1545240659862-215dbd8f-0b87&#8243;][vc_column_text]Gradua\u00e7\u00e3o: Inform\u00e1tica\/UNIVERSIDADE ESTADUAL DE PONTA GROSSA (UEPG)<\/p>\n<p>P\u00f3s-gradua\u00e7\u00e3o: Doutorado em CI\u00caNCIAS &#8211; ENGENHARIA DE COMPUTA\u00c7\u00c3O \/ UTFPR<\/p>\n<p>\u00c1rea de atua\u00e7\u00e3o: Ci\u00eancia da Computa\u00e7\u00e3o<\/p>\n<p>e-mail: <a href=\"mailto:ssvenske@unicentro.br\">ssvenske@unicentro.br<\/a><\/p>\n<p>telefone: (42) 3629 8144 &#8211; Departamento de Ci\u00eancia da Computa\u00e7\u00e3o<\/p>\n<p>Lattes: <a href=\"http:\/\/lattes.cnpq.br\/1005946243028031\">http:\/\/lattes.cnpq.br\/1005946243028031<\/a>[\/vc_column_text][\/vc_tta_section][vc_tta_section title=&#8221;Dra. Taiana Gabriela Moretti Bonadio&#8221; tab_id=&#8221;1545240680887-f3045c86-9694&#8243;][vc_column_text]Gradua\u00e7\u00e3o: F\u00edsica\/UEM<\/p>\n<p>P\u00f3s-gradua\u00e7\u00e3o: Doutorado em F\u00cdSICA\/UEM<\/p>\n<p>\u00c1rea de atua\u00e7\u00e3o: Biomateriais<\/p>\n<p>e-mail: <a href=\"mailto:tbonadio@unicentro.br\">tbonadio@unicentro.br<\/a><\/p>\n<p>telefone: (42) 3629 8129 &#8211; Departamento de F\u00edsica<\/p>\n<p>Lattes: <a href=\"http:\/\/lattes.cnpq.br\/7766755148242956\">http:\/\/lattes.cnpq.br\/7766755148242956<\/a>[\/vc_column_text][\/vc_tta_section][vc_tta_section title=&#8221;Dra Tania Toyomi Tominaga&#8221; tab_id=&#8221;1545240701779-9d2692d1-3ca5&#8243;][vc_column_text]Gradua\u00e7\u00e3o: F\u00edsica\/USP S\u00c3O CARLOS<\/p>\n<p>P\u00f3s-gradua\u00e7\u00e3o: Doutorado em QU\u00cdMICA\/USP S\u00c3O CARLOS<\/p>\n<p>\u00c1rea de atua\u00e7\u00e3o: Biof\u00edsica<\/p>\n<p>e-mail: ttominaga@unicentro.br<\/p>\n<p>telefone: (42) 3629 8129 &#8211; Departamento de F\u00edsica<\/p>\n<p>Lattes: <a href=\"http:\/\/lattes.cnpq.br\/6909363427100376\">http:\/\/lattes.cnpq.br\/6909363427100376<\/a>[\/vc_column_text][\/vc_tta_section][vc_tta_section title=&#8221;Dr. Valdirlei Fernandes Freitas&#8221; tab_id=&#8221;1545240724447-bc550c28-624f&#8221;][vc_column_text]Gradua\u00e7\u00e3o: F\u00edsica\/UEM<\/p>\n<p>P\u00f3s-gradua\u00e7\u00e3o: P\u00f3s-doutorado em F\u00cdSICA\/UEM<\/p>\n<p>\u00c1rea de atua\u00e7\u00e3o: F\u00edsica da mat\u00e9ria condensada<\/p>\n<p>e-mail: vfreitas@unicentro.br<\/p>\n<p>telefone: (42) 3629-8129 &#8211; Departamento de F\u00edsica\/Unicentro<\/p>\n<p>Lattes:\u00a0\u00a0 <a href=\"http:\/\/lattes.cnpq.br\/6761091964951329\">http:\/\/lattes.cnpq.br\/6761091964951329<\/a>[\/vc_column_text][\/vc_tta_section][\/vc_tta_accordion][\/vc_column][\/vc_row]<\/p>\n<\/div>","protected":false},"excerpt":{"rendered":"<p>[vc_row][vc_column][vc_tta_accordion style=&#8221;flat&#8221; shape=&#8221;square&#8221; spacing=&#8221;1&#8243; active_section=&#8221;100&#8243; no_fill=&#8221;true&#8221; collapsible_all=&#8221;true&#8221;][vc_tta_section title=&#8221;Dra. Carine Teles Sangaleti Miyahara&#8221; tab_id=&#8221;1545240477366-4db1b782-da47&#8243;][vc_column_text]Gradua\u00e7\u00e3o: Enfermagem e Obstetr\u00edcia\/UFSCar P\u00f3s-gradua\u00e7\u00e3o: Doutorado em Ci\u00eancias\/INCOR &#8211; FMUSP \u00c1rea de atua\u00e7\u00e3o: Aspectos fisiopatol\u00f3gicos, epidemiol\u00f3gicos e assistenciais das condi\u00e7\u00f5es cr\u00f4nicas, com enfoque em Hipertens\u00e3o, S\u00edndrome Metab\u00f3lica e ferida cr\u00f4nicas. e-mail: carineteles@unicentro.br telefone: (42) 3629 8141 &#8211; Ambulat\u00f3rio de Feridas Lattes: http:\/\/lattes.cnpq.br\/4721448719649013[\/vc_column_text][\/vc_tta_section][vc_tta_section title=&#8221;Dr. [&hellip;]<\/p>\n","protected":false},"author":3,"featured_media":0,"parent":0,"menu_order":0,"comment_status":"closed","ping_status":"closed","template":"","meta":{"_exactmetrics_skip_tracking":false,"_exactmetrics_sitenote_active":false,"_exactmetrics_sitenote_note":"","_exactmetrics_sitenote_category":0,"footnotes":"","_links_to":"","_links_to_target":""},"class_list":["post-36","page","type-page","status-publish","hentry"],"_links":{"self":[{"href":"https:\/\/www3.unicentro.br\/ppgnb\/wp-json\/wp\/v2\/pages\/36","targetHints":{"allow":["GET"]}}],"collection":[{"href":"https:\/\/www3.unicentro.br\/ppgnb\/wp-json\/wp\/v2\/pages"}],"about":[{"href":"https:\/\/www3.unicentro.br\/ppgnb\/wp-json\/wp\/v2\/types\/page"}],"author":[{"embeddable":true,"href":"https:\/\/www3.unicentro.br\/ppgnb\/wp-json\/wp\/v2\/users\/3"}],"replies":[{"embeddable":true,"href":"https:\/\/www3.unicentro.br\/ppgnb\/wp-json\/wp\/v2\/comments?post=36"}],"version-history":[{"count":2,"href":"https:\/\/www3.unicentro.br\/ppgnb\/wp-json\/wp\/v2\/pages\/36\/revisions"}],"predecessor-version":[{"id":941,"href":"https:\/\/www3.unicentro.br\/ppgnb\/wp-json\/wp\/v2\/pages\/36\/revisions\/941"}],"wp:attachment":[{"href":"https:\/\/www3.unicentro.br\/ppgnb\/wp-json\/wp\/v2\/media?parent=36"}],"curies":[{"name":"wp","href":"https:\/\/api.w.org\/{rel}","templated":true}]}}