{"id":30,"date":"2018-12-19T15:14:30","date_gmt":"2018-12-19T17:14:30","guid":{"rendered":"https:\/\/www3.unicentro.br\/ppgnb\/?page_id=30"},"modified":"2018-12-19T15:14:30","modified_gmt":"2018-12-19T17:14:30","slug":"linhas-de-pesquisa","status":"publish","type":"page","link":"https:\/\/www3.unicentro.br\/ppgnb\/linhas-de-pesquisa\/","title":{"rendered":"Linhas de Pesquisa"},"content":{"rendered":"<h3><strong><u>Avalia\u00e7\u00e3o e aplica\u00e7\u00e3o de materiais<\/u><\/strong><\/h3>\n<p><strong>\u00c1rea de Concentra\u00e7\u00e3o:<br \/>\n<\/strong>Nanoci\u00eancias e Bioci\u00eancias<\/p>\n<p><strong>Descri\u00e7\u00e3o:<br \/>\n<\/strong>Essa linha de pesquisa tem como objetivo a avalia\u00e7\u00e3o biol\u00f3gica, toxicol\u00f3gica e impacto no meio ambiente de sistemas nanoestruturados e materiais, determinando o potencial de aplica\u00e7\u00e3o para a popula\u00e7\u00e3o. Os pesquisadores desenvolver\u00e3o projetos integrados que avaliem produtos inovadores, t\u00e9cnicas anal\u00edticas e\/ou biol\u00f3gicas, m\u00e9todos inovadores de ensino e programas que ampliem a efic\u00e1cia terap\u00eautica de f\u00e1rmacos\/medicamentos, possibilitem a monitora\u00e7\u00e3o ambiental e a divulga\u00e7\u00e3o did\u00e1tico-pedag\u00f3gica. Docentes e alunos ir\u00e3o integrar conhecimentos b\u00e1sicos da \u00e1rea de Sa\u00fade, Biol\u00f3gicas, Agr\u00e1rias e Exatas para desenvolverem m\u00e9todos cient\u00edficos inovadores para a nanotecnologia. Docentes: Carine Teles Sangaleti Miyahara, Daniel de Paula, Ivo Ilvan Kerppers, Marcos Ereno Auler, Najeh Maissar Khalil e Rubiana Mara Mainardes<\/p>\n<p>&nbsp;<\/p>\n<h3><strong><u>S\u00edntese, simula\u00e7\u00e3o e caracteriza\u00e7\u00e3o de sistemas nanoestruturados<\/u><\/strong><\/h3>\n<p><strong>\u00c1rea de Concentra\u00e7\u00e3o:<br \/>\n<\/strong>Nanoci\u00eancias e Bioci\u00eancias<\/p>\n<p><strong>Descri\u00e7\u00e3o:<br \/>\n<\/strong>Essa linha tem o prop\u00f3sito de utilizar metodologias cl\u00e1ssicas e\/ou inovadoras com o intuito da obten\u00e7\u00e3o\/s\u00edntese de sistemas nanoestruturados para as mais diversas aplica\u00e7\u00f5es, al\u00e9m de aplicar t\u00e9cnicas de caracteriza\u00e7\u00e3o de mat\u00e9rias para avaliar os produtos obtidos bem como desenvolvimento de softwares. Os pesquisadores utilizar\u00e3o conhecimentos nas \u00e1reas de f\u00edsica, qu\u00edmica, engenharia e biocompatibilidade para o desenvolvimento de novos materiais e\/ou produtos nanotecn\u00f3logicos ou para seu aprimoramento. Esta linha possui um forte car\u00e1ter interdisciplinar com as \u00e1reas biom\u00e9dica e de materiais para a obten\u00e7\u00e3o de produtos de alto valor tecnol\u00f3gico. Docentes: Paulo Jose dos Reis, Ricardo Yoshimitsu Miyahara, Sandra Mara Guse Scos, Taiana Gabriela Moretti Bonadio, Tania Toyomi Tominaga e Valdirlei Fernandes Freitas<\/p>\n","protected":false},"excerpt":{"rendered":"<p>Avalia\u00e7\u00e3o e aplica\u00e7\u00e3o de materiais \u00c1rea de Concentra\u00e7\u00e3o: Nanoci\u00eancias e Bioci\u00eancias Descri\u00e7\u00e3o: Essa linha de pesquisa tem como objetivo a avalia\u00e7\u00e3o biol\u00f3gica, toxicol\u00f3gica e impacto no meio ambiente de sistemas nanoestruturados e materiais, determinando o potencial de aplica\u00e7\u00e3o para a popula\u00e7\u00e3o. Os pesquisadores desenvolver\u00e3o projetos integrados que avaliem produtos inovadores, t\u00e9cnicas anal\u00edticas e\/ou biol\u00f3gicas, m\u00e9todos [&hellip;]<\/p>\n","protected":false},"author":3,"featured_media":0,"parent":0,"menu_order":0,"comment_status":"closed","ping_status":"closed","template":"","meta":{"_exactmetrics_skip_tracking":false,"_exactmetrics_sitenote_active":false,"_exactmetrics_sitenote_note":"","_exactmetrics_sitenote_category":0,"footnotes":"","_links_to":"","_links_to_target":""},"class_list":["post-30","page","type-page","status-publish","hentry"],"_links":{"self":[{"href":"https:\/\/www3.unicentro.br\/ppgnb\/wp-json\/wp\/v2\/pages\/30","targetHints":{"allow":["GET"]}}],"collection":[{"href":"https:\/\/www3.unicentro.br\/ppgnb\/wp-json\/wp\/v2\/pages"}],"about":[{"href":"https:\/\/www3.unicentro.br\/ppgnb\/wp-json\/wp\/v2\/types\/page"}],"author":[{"embeddable":true,"href":"https:\/\/www3.unicentro.br\/ppgnb\/wp-json\/wp\/v2\/users\/3"}],"replies":[{"embeddable":true,"href":"https:\/\/www3.unicentro.br\/ppgnb\/wp-json\/wp\/v2\/comments?post=30"}],"version-history":[{"count":0,"href":"https:\/\/www3.unicentro.br\/ppgnb\/wp-json\/wp\/v2\/pages\/30\/revisions"}],"wp:attachment":[{"href":"https:\/\/www3.unicentro.br\/ppgnb\/wp-json\/wp\/v2\/media?parent=30"}],"curies":[{"name":"wp","href":"https:\/\/api.w.org\/{rel}","templated":true}]}}