{"id":26,"date":"2018-12-19T15:11:07","date_gmt":"2018-12-19T17:11:07","guid":{"rendered":"https:\/\/www3.unicentro.br\/ppgnb\/?page_id=26"},"modified":"2018-12-19T15:11:07","modified_gmt":"2018-12-19T17:11:07","slug":"apresentacao","status":"publish","type":"page","link":"https:\/\/www3.unicentro.br\/ppgnb\/apresentacao\/","title":{"rendered":"Apresenta\u00e7\u00e3o"},"content":{"rendered":"<p>O Programa de P\u00f3s-gradua\u00e7\u00e3o em NANOCI\u00caNCIAS E BIOCI\u00caNCIAS\/UNICENTRO foi aprovado na\u00a0181\u00aa Reuni\u00e3o do Conselho T\u00e9cnico-Cient\u00edfico da Educa\u00e7\u00e3o Superior (CTC-ES), realizada no per\u00edodo de 28 a 30 de novembro de 2018, em Bras\u00edlia, na \u00e1rea de MATERIAIS (<a href=\"http:\/\/capes.gov.br\/avaliacao\/entrada-no-snpg-propostas\/mestrado-profissional\/resultados\">http:\/\/capes.gov.br\/avaliacao\/entrada-no-snpg-propostas\/mestrado-profissional\/resultados<\/a>).<\/p>\n<p>A iniciativa da proposta iniciou-se com a necessidade da forma\u00e7\u00e3o de profissionais com a compet\u00eancia de dominarem a s\u00edntese, simula\u00e7\u00e3o, caracteriza\u00e7\u00e3o, desenvolvimento e avalia\u00e7\u00e3o biol\u00f3gica de sistemas nanoestruturados, atrav\u00e9s da realiza\u00e7\u00e3o de disciplinas que contemplem a multidisciplinaridade da nanoci\u00eancia, al\u00e9m de desenvolver projetos de pesquisa que abranjam todas as fases da execu\u00e7\u00e3o de um sistema nanoestruturado. Isso \u00e9 poss\u00edvel devido a composi\u00e7\u00e3o de um grupo multidisciplinar, com compet\u00eancia t\u00e9cnica em cada uma das fases descritas. A consolida\u00e7\u00e3o da atual proposta, impulsionar\u00e1 o desenvolvimento regional e nacional atrav\u00e9s da forma\u00e7\u00e3o de recursos humanos para \u00e1reas de tecnologia.<\/p>\n","protected":false},"excerpt":{"rendered":"<p>O Programa de P\u00f3s-gradua\u00e7\u00e3o em NANOCI\u00caNCIAS E BIOCI\u00caNCIAS\/UNICENTRO foi aprovado na\u00a0181\u00aa Reuni\u00e3o do Conselho T\u00e9cnico-Cient\u00edfico da Educa\u00e7\u00e3o Superior (CTC-ES), realizada no per\u00edodo de 28 a 30 de novembro de 2018, em Bras\u00edlia, na \u00e1rea de MATERIAIS (http:\/\/capes.gov.br\/avaliacao\/entrada-no-snpg-propostas\/mestrado-profissional\/resultados). A iniciativa da proposta iniciou-se com a necessidade da forma\u00e7\u00e3o de profissionais com a compet\u00eancia de dominarem a [&hellip;]<\/p>\n","protected":false},"author":3,"featured_media":0,"parent":0,"menu_order":0,"comment_status":"closed","ping_status":"closed","template":"","meta":{"_exactmetrics_skip_tracking":false,"_exactmetrics_sitenote_active":false,"_exactmetrics_sitenote_note":"","_exactmetrics_sitenote_category":0,"footnotes":"","_links_to":"","_links_to_target":""},"class_list":["post-26","page","type-page","status-publish","hentry"],"_links":{"self":[{"href":"https:\/\/www3.unicentro.br\/ppgnb\/wp-json\/wp\/v2\/pages\/26","targetHints":{"allow":["GET"]}}],"collection":[{"href":"https:\/\/www3.unicentro.br\/ppgnb\/wp-json\/wp\/v2\/pages"}],"about":[{"href":"https:\/\/www3.unicentro.br\/ppgnb\/wp-json\/wp\/v2\/types\/page"}],"author":[{"embeddable":true,"href":"https:\/\/www3.unicentro.br\/ppgnb\/wp-json\/wp\/v2\/users\/3"}],"replies":[{"embeddable":true,"href":"https:\/\/www3.unicentro.br\/ppgnb\/wp-json\/wp\/v2\/comments?post=26"}],"version-history":[{"count":0,"href":"https:\/\/www3.unicentro.br\/ppgnb\/wp-json\/wp\/v2\/pages\/26\/revisions"}],"wp:attachment":[{"href":"https:\/\/www3.unicentro.br\/ppgnb\/wp-json\/wp\/v2\/media?parent=26"}],"curies":[{"name":"wp","href":"https:\/\/api.w.org\/{rel}","templated":true}]}}