{"id":65,"date":"2017-04-03T00:00:00","date_gmt":"2017-04-03T03:00:00","guid":{"rendered":"https:\/\/www3.unicentro.br\/ppgl\/internacionalizacao\/"},"modified":"2018-05-03T17:22:22","modified_gmt":"2018-05-03T20:22:22","slug":"internacionalizacao","status":"publish","type":"page","link":"https:\/\/www3.unicentro.br\/ppgl\/internacionalizacao\/","title":{"rendered":"Internacionaliza\u00e7\u00e3o"},"content":{"rendered":"<p align=\"justify\">A UNICENTRO insere-se em Programas Nacionais e Internacionais de Coopera\u00e7\u00e3o, visando a proje\u00e7\u00e3o da P\u00f3s-Gradua\u00e7\u00e3o nos contextos do Pa\u00eds e mundial. Ag\u00eancias de fomento como a CAPES e o CNPq financiam programas dessa natureza, sendo a oficializa\u00e7\u00e3o das parcerias na UNICENTRO efetuada por meio de conv\u00eanios acad\u00eamicos, nacionais e internacionais, esses \u00faltimos, operacionalizados pelo Escrit\u00f3rio de Rela\u00e7\u00f5es internacionais-ERI.<\/p>\n<p align=\"justify\">O Programa de P\u00f3s-gradua\u00e7\u00e3o em Letras da UNICENTRO (PPGL) empenha esfor\u00e7os em incrementar a internacionaliza\u00e7\u00e3o. H\u00e1 v\u00e1rios conv\u00eanios implementados, dentre eles com a S\u00e9rvia, que j\u00e1 rendeu frutos com a vinda das alunas Jovana Simanic e Isidora Popovic que participam como alunas regulares do Programa, sendo que a primeira j\u00e1 defendeu sua disserta\u00e7\u00e3o.<\/p>\n<p align=\"justify\"><a name=\"_GoBack\"><\/a>Os professores Maria Cleci Venturini e Maria Salete Borba aprovaram projetos de p\u00f3s-doutoramento, respectivamente, em Coimbra, na Holanda e em Berlim, esses est\u00e1gios demonstram que h\u00e1 inser\u00e7\u00e3o dos projetos da UNICENTRO em institui\u00e7\u00f5es internacionais.<\/p>\n<p align=\"justify\">Professores do Programa ministraram palestras e confer\u00eancias em Universidades estrangeiras, destacando a UC \u2013 Universidad de C\u00e1diz- Espanha e na Universidade de Leiden- Irlanda. A professora L\u00eddia Stutz fez parte do seu doutorado em Genebra e tem dado continuidade \u00e0 parceria com produ\u00e7\u00e3o bibliogr\u00e1fica conjunta, participa\u00e7\u00e3o em reuni\u00f5es de estudos, entre outras. A professora Denise Witzel, possui produ\u00e7\u00f5es no prelo na Fran\u00e7a e a professora Maria Cleci Venturini est\u00e1 organizando livro em que o professor Juan M. Lopez Mu\u00f1oz da Universidade de C\u00e1diz e publicou cap\u00edtulo, juntamente com Verli Petri, da UFSM e, a professora Adelaide Chichorro Ferreira, da Universidade de Coimbra.<\/p>\n<p align=\"justify\">Al\u00e9m disso, alguns discentes realizaram est\u00e1gios no exterior e cursaram disciplinas no curso de Doutoramento na Universidade de Jujuy com iniciativas de M\u00e1rcio Fernandes e Nincia Cecilia Ribas Borges Teixeira.<\/p>\n<p align=\"justify\">A internacionaliza\u00e7\u00e3o se efetua, especialmente, por meio de Acordos Bilaterais, em que se desenvolvem projetos conjuntos de pesquisa entre grupos brasileiros e estrangeiros. H\u00e1 financiamento de miss\u00f5es de trabalhos, realizadas por docentes, miss\u00f5es de estudo, envolvendo o interc\u00e2mbio entre alunos, e custeio de atividades dos Projetos.<\/p>\n<ul>\n<li><strong><a href=\"http:\/\/www2.unicentro.br\/ppgl\/files\/2017\/04\/tabela-de-convenios.pdf\">Conv\u00eanios de Coopera\u00e7\u00e3o com Universidades Internacionais<\/a><\/strong><\/li>\n<\/ul>\n<p>&nbsp;<\/p>\n","protected":false},"excerpt":{"rendered":"<p>A UNICENTRO insere-se em Programas Nacionais e Internacionais de Coopera\u00e7\u00e3o, visando a proje\u00e7\u00e3o da P\u00f3s-Gradua\u00e7\u00e3o nos contextos do Pa\u00eds e mundial. Ag\u00eancias de fomento como a CAPES e o CNPq financiam programas dessa natureza, sendo a oficializa\u00e7\u00e3o das parcerias na UNICENTRO efetuada por meio de conv\u00eanios acad\u00eamicos, nacionais e internacionais, esses \u00faltimos, operacionalizados pelo Escrit\u00f3rio [&hellip;]<\/p>\n","protected":false},"author":3,"featured_media":0,"parent":0,"menu_order":0,"comment_status":"open","ping_status":"open","template":"","meta":{"_exactmetrics_skip_tracking":false,"_exactmetrics_sitenote_active":false,"_exactmetrics_sitenote_note":"","_exactmetrics_sitenote_category":0,"footnotes":"","_links_to":"","_links_to_target":""},"class_list":["post-65","page","type-page","status-publish","hentry"],"_links":{"self":[{"href":"https:\/\/www3.unicentro.br\/ppgl\/wp-json\/wp\/v2\/pages\/65","targetHints":{"allow":["GET"]}}],"collection":[{"href":"https:\/\/www3.unicentro.br\/ppgl\/wp-json\/wp\/v2\/pages"}],"about":[{"href":"https:\/\/www3.unicentro.br\/ppgl\/wp-json\/wp\/v2\/types\/page"}],"author":[{"embeddable":true,"href":"https:\/\/www3.unicentro.br\/ppgl\/wp-json\/wp\/v2\/users\/3"}],"replies":[{"embeddable":true,"href":"https:\/\/www3.unicentro.br\/ppgl\/wp-json\/wp\/v2\/comments?post=65"}],"version-history":[{"count":0,"href":"https:\/\/www3.unicentro.br\/ppgl\/wp-json\/wp\/v2\/pages\/65\/revisions"}],"wp:attachment":[{"href":"https:\/\/www3.unicentro.br\/ppgl\/wp-json\/wp\/v2\/media?parent=65"}],"curies":[{"name":"wp","href":"https:\/\/api.w.org\/{rel}","templated":true}]}}