{"id":63,"date":"2017-04-06T00:00:00","date_gmt":"2017-04-06T03:00:00","guid":{"rendered":"https:\/\/www3.unicentro.br\/ppgl\/laboratorios\/"},"modified":"2020-03-31T17:49:44","modified_gmt":"2020-03-31T20:49:44","slug":"laboratorios","status":"publish","type":"page","link":"https:\/\/www3.unicentro.br\/ppgl\/infraestrutura\/laboratorios\/","title":{"rendered":"Laborat\u00f3rios"},"content":{"rendered":"<p><strong>Laborat\u00f3rios de Inform\u00e1tica<\/strong> (4), compartilhado com a gradua\u00e7\u00e3o. Os laborat\u00f3rios est\u00e3o equipados com computadores, quadro verde, arm\u00e1rio e data show e todos os computadores est\u00e3o conectados \u00e0 internet por wifi;<\/p>\n<p><a href=\"https:\/\/www3.unicentro.br\/labell\/\"><strong>Laborat\u00f3rio de Estudos Lingu\u00edsticos e Liter\u00e1rios Labell<\/strong><\/a>: com um acervo de 650 livros, cinquenta e duas c\u00f3pias de disserta\u00e7\u00f5es defendidas no programa, seis computadores com acesso \u00e0 internet, arm\u00e1rios fechados e cinco aramados para os livros, estante, tela interativa, uma impressora, quadro verde, Data show. H\u00e1 duas mesas retangulares com 15 cadeiras e quatro mesas redondas com quatro cadeiras cada uma;<\/p>\n<p><a href=\"https:\/\/www3.unicentro.br\/live\/\"><strong>Laborat\u00f3rio de Linguagem, Varia\u00e7\u00e3o e Ensino \u2013 Live<\/strong><\/a> &#8211; com uma mesa retangular e cadeiras, duas mesas redondas com cadeiras, dois computadores com acesso \u00e0 internet, um acervo de cento e vinte livros de Lingu\u00edstica, destaque para a Sociolingu\u00edstica e ensino de l\u00ednguas, estantes para livros, um arm\u00e1rio fechado e um arquivo. Esse laborat\u00f3rio \u00e9 respons\u00e1vel pela aplica\u00e7\u00e3o das provas de profici\u00eancia em L\u00edngua Estrangeira, por isso, conta com uma bolsa da Funda\u00e7\u00e3o Arauc\u00e1ria;<\/p>\n<p><a href=\"https:\/\/labecir.wordpress.com\/\"><strong>Laborat\u00f3rio de Estudos Culturais, Identidades e Representa\u00e7\u00f5es &#8211; Labecir<\/strong><\/a> &#8211; com dois computadores com acesso \u00e0 internet, dois arm\u00e1rios para livros e um armado, um acervo de cento e cinquenta livros de teoria da Literatura e Estudos Culturais, um data show, duas mesas redondas com cadeiras, um Data show e uma tela interativa;<\/p>\n<p><strong>Laborat\u00f3rio de Varia\u00e7\u00e3o e Sociolingu\u00edstica<\/strong>, no campus de Irati com um acervo espec\u00edfico com livros, dicion\u00e1rios e gram\u00e1ticas, cinco\u00a0computadores com acesso \u00e0 internet, tela interativa, duas impressoras, mesa, cinco arm\u00e1rios com chave, dois projetores e demais materiais necess\u00e1rios ao desenvolvimento do projeto, tais como: gravadores, m\u00e1quinas fotogr\u00e1ficas, fones de ouvido, etc.<\/p>\n","protected":false},"excerpt":{"rendered":"<p>Laborat\u00f3rios de Inform\u00e1tica (4), compartilhado com a gradua\u00e7\u00e3o. Os laborat\u00f3rios est\u00e3o equipados com computadores, quadro verde, arm\u00e1rio e data show e todos os computadores est\u00e3o conectados \u00e0 internet por wifi; Laborat\u00f3rio de Estudos Lingu\u00edsticos e Liter\u00e1rios Labell: com um acervo de 650 livros, cinquenta e duas c\u00f3pias de disserta\u00e7\u00f5es defendidas no programa, seis computadores com [&hellip;]<\/p>\n","protected":false},"author":3,"featured_media":0,"parent":66,"menu_order":0,"comment_status":"open","ping_status":"closed","template":"","meta":{"_exactmetrics_skip_tracking":false,"_exactmetrics_sitenote_active":false,"_exactmetrics_sitenote_note":"","_exactmetrics_sitenote_category":0,"footnotes":"","_links_to":"","_links_to_target":""},"class_list":["post-63","page","type-page","status-publish","hentry"],"_links":{"self":[{"href":"https:\/\/www3.unicentro.br\/ppgl\/wp-json\/wp\/v2\/pages\/63","targetHints":{"allow":["GET"]}}],"collection":[{"href":"https:\/\/www3.unicentro.br\/ppgl\/wp-json\/wp\/v2\/pages"}],"about":[{"href":"https:\/\/www3.unicentro.br\/ppgl\/wp-json\/wp\/v2\/types\/page"}],"author":[{"embeddable":true,"href":"https:\/\/www3.unicentro.br\/ppgl\/wp-json\/wp\/v2\/users\/3"}],"replies":[{"embeddable":true,"href":"https:\/\/www3.unicentro.br\/ppgl\/wp-json\/wp\/v2\/comments?post=63"}],"version-history":[{"count":0,"href":"https:\/\/www3.unicentro.br\/ppgl\/wp-json\/wp\/v2\/pages\/63\/revisions"}],"up":[{"embeddable":true,"href":"https:\/\/www3.unicentro.br\/ppgl\/wp-json\/wp\/v2\/pages\/66"}],"wp:attachment":[{"href":"https:\/\/www3.unicentro.br\/ppgl\/wp-json\/wp\/v2\/media?parent=63"}],"curies":[{"name":"wp","href":"https:\/\/api.w.org\/{rel}","templated":true}]}}