{"id":62,"date":"2017-04-03T00:00:00","date_gmt":"2017-04-03T03:00:00","guid":{"rendered":"https:\/\/www3.unicentro.br\/ppgl\/politica-de-bolsas\/"},"modified":"2024-03-04T09:31:44","modified_gmt":"2024-03-04T12:31:44","slug":"politica-de-bolsas","status":"publish","type":"page","link":"https:\/\/www3.unicentro.br\/ppgl\/politica-de-bolsas\/","title":{"rendered":"Pol\u00edtica de Bolsas"},"content":{"rendered":"<p>As bolsas s\u00e3o concedidas aos alunos regulares do PPGL, em atendimento aos editais de concess\u00e3o de bolsas.<br \/>\nAs candidaturas s\u00e3o analisadas pela Comiss\u00e3o de Sele\u00e7\u00e3o de Bolsas do PPGL e divulgadas no site do Programa, por meio de edital, de acordo com a disponibilidade das Ag\u00eancias de Fomento.<\/p>\n<p><strong>Bolsas de Estudo<\/strong><\/p>\n<p>Os discentes do Programa de P\u00f3s-Gradua\u00e7\u00e3o stricto sensu em Letras\u00a0poder\u00e3o concorrer \u00e0s bolsas de estudos, dentro do limite de cotas disponibilizadas pela Capes, Funda\u00e7\u00e3o Arauc\u00e1ria e CNPq.<\/p>\n<ul>\n<li><a href=\"https:\/\/www3.unicentro.br\/ppgl\/wp-content\/uploads\/sites\/36\/2023\/12\/INSTRUCAO-NORMATIVA-3-2023-Atualizada.pdf\">Instru\u00e7\u00e3o Normativa n\u00ba 03\/2023 \u2013 PPGL\/UNICENTRO \u2013 Normas para distribui\u00e7\u00e3o, manuten\u00e7\u00e3o e ac\u00famulo de bolsas com atividade remunerada no \u00e2mbito do PPGL<\/a><\/li>\n<li><a href=\"http:\/\/www.capes.gov.br\/images\/stories\/download\/legislacao\/PORTARIA-N-156-DE-28-DE-NOVEMBRO-DE-2014.pdf\">Portaria n\u00ba 156 de 28\/11\/2014 &#8211; Aprova o novo Regulamento do Programa de Apoio \u00e0 P\u00f3s-Gradua\u00e7\u00e3o &#8211; PROAP<\/a><\/li>\n<li><a href=\"https:\/\/www3.unicentro.br\/ppgl\/wp-content\/uploads\/sites\/36\/2022\/07\/Portaria-no-76-de-14-de-Abril-de-2010-1.pdf\">Portaria n\u00ba 76 de 14\/04\/2010 &#8211; Regulamento do Programa de Bolsas da Demanda Social CAPES<\/a><\/li>\n<li><a href=\"http:\/\/www2.unicentro.br\/ppgl\/files\/2017\/04\/acumulo-de-bolsas.pdf\">Portaria\u00a0Conjunta n\u00ba 01\/2010 &#8211; Capes\/CNPq &#8211; Ac\u00famulo de Bolsa com Atividade Remunerada<\/a><\/li>\n<li><a href=\"http:\/\/www2.unicentro.br\/ppgl\/files\/2015\/11\/MEC-Licen\u00e7a-maternidade-Portaria-248-19-dez.2011.pdf\">Portaria n\u00ba 248 de\u00a019\/12\/2011 &#8211; MEC Bolsas de Estudo \u00e0s mulheres em Licen\u00e7a Maternidade<\/a><\/li>\n<li><a href=\"http:\/\/www2.unicentro.br\/ppgl\/files\/2017\/04\/RelatorioFinal_BolsasMestradoDoutorado-1-modelo.docx\">Relat\u00f3rio Final para Bolsistas Capes\/Funda\u00e7\u00e3o Arauc\u00e1ria<\/a><\/li>\n<li><a href=\"https:\/\/www3.unicentro.br\/ppgl\/wp-content\/uploads\/sites\/36\/2022\/07\/MODELO-de-Relatorio_CAPES.doc\">Modelo de Relat\u00f3rio de Atividade Semestral- Bolsista Capes<\/a><\/li>\n<li><span style=\"color: #000000\">Valores das bolsas:<\/span>\n<ul>\n<li><a href=\"http:\/\/www.capes.gov.br\/bolsas\/valores-das-bolsas\">http:\/\/www.capes.gov.br\/bolsas\/valores-das-bolsas<\/a><\/li>\n<li><a href=\"http:\/\/www.cnpq.br\/web\/guest\/no-pais\">http:\/\/www.cnpq.br\/web\/guest\/no-pais<\/a><\/li>\n<\/ul>\n<\/li>\n<\/ul>\n<p>&nbsp;<\/p>\n<p><strong>Modelo de Declara\u00e7\u00f5es para concess\u00e3o de bolsas\u00a0<\/strong><\/p>\n<ul>\n<li><a href=\"https:\/\/www3.unicentro.br\/ppgl\/wp-content\/uploads\/sites\/36\/2024\/03\/Indice-de-Vulnerabilidade.docx\">Declara\u00e7\u00e3o de Condi\u00e7\u00e3o de Vulnerabilidade Socioecon\u00f4mica<\/a><\/li>\n<li><a href=\"https:\/\/www3.unicentro.br\/ppgl\/wp-content\/uploads\/sites\/36\/2024\/03\/Declaracao_Acumulo_Bolsas_CAPES.doc\">Declara\u00e7\u00e3o de Ac\u00famulo de Bolsa com outros rendimentos<\/a><\/li>\n<li><a href=\"https:\/\/www3.unicentro.br\/ppgl\/wp-content\/uploads\/sites\/36\/2024\/03\/Declaracao_Nao_Acumulo_Bolsa.docx\">Declara\u00e7\u00e3o de N\u00e3o Ac\u00famulo de Bolsa com outros rendimentos<\/a><\/li>\n<\/ul>\n<p>&nbsp;<\/p>\n<p><strong>Bolsas PNPD<\/strong><\/p>\n<p>O PNPD\/CAPES, Programa Nacional de P\u00f3s Doutorado da CAPES, \u00e9 um programa de concess\u00e3o institucional que financia est\u00e1gios p\u00f3s-doutorais em Programas de P\u00f3s-Gradua\u00e7\u00e3o (PPG) stricto sensu acad\u00eamicos recomendados pela CAPES.<\/p>\n<ul>\n<li><a href=\"http:\/\/www2.unicentro.br\/ppgl\/files\/2017\/04\/Portaria_86_2013_Regulamento_PNPD.pdf\">Portaria n\u00b086_03 de julho 2013 &#8211; Regulamento do Programa Nacional de P\u00f3s-Gradua\u00e7\u00e3o -PNPD<\/a><\/li>\n<li><a href=\"http:\/\/www2.unicentro.br\/ppgl\/files\/2017\/04\/memorial_descritivo_PNPD.pdf\">Indicadores para avalia\u00e7\u00e3o do Memorial Descritivo Circunstanciado &#8211; PNPD<\/a><\/li>\n<li><a href=\"http:\/\/www.capes.gov.br\/bolsas\/bolsas-no-pais\/pnpd-capes\">http:\/\/www.capes.gov.br\/bolsas\/bolsas-no-pais\/pnpd-capes<\/a><\/li>\n<\/ul>\n","protected":false},"excerpt":{"rendered":"<p>As bolsas s\u00e3o concedidas aos alunos regulares do PPGL, em atendimento aos editais de concess\u00e3o de bolsas. As candidaturas s\u00e3o analisadas pela Comiss\u00e3o de Sele\u00e7\u00e3o de Bolsas do PPGL e divulgadas no site do Programa, por meio de edital, de acordo com a disponibilidade das Ag\u00eancias de Fomento. Bolsas de Estudo Os discentes do Programa [&hellip;]<\/p>\n","protected":false},"author":3,"featured_media":0,"parent":0,"menu_order":0,"comment_status":"open","ping_status":"open","template":"","meta":{"_exactmetrics_skip_tracking":false,"_exactmetrics_sitenote_active":false,"_exactmetrics_sitenote_note":"","_exactmetrics_sitenote_category":0,"footnotes":"","_links_to":"","_links_to_target":""},"class_list":["post-62","page","type-page","status-publish","hentry"],"_links":{"self":[{"href":"https:\/\/www3.unicentro.br\/ppgl\/wp-json\/wp\/v2\/pages\/62","targetHints":{"allow":["GET"]}}],"collection":[{"href":"https:\/\/www3.unicentro.br\/ppgl\/wp-json\/wp\/v2\/pages"}],"about":[{"href":"https:\/\/www3.unicentro.br\/ppgl\/wp-json\/wp\/v2\/types\/page"}],"author":[{"embeddable":true,"href":"https:\/\/www3.unicentro.br\/ppgl\/wp-json\/wp\/v2\/users\/3"}],"replies":[{"embeddable":true,"href":"https:\/\/www3.unicentro.br\/ppgl\/wp-json\/wp\/v2\/comments?post=62"}],"version-history":[{"count":2,"href":"https:\/\/www3.unicentro.br\/ppgl\/wp-json\/wp\/v2\/pages\/62\/revisions"}],"predecessor-version":[{"id":4208,"href":"https:\/\/www3.unicentro.br\/ppgl\/wp-json\/wp\/v2\/pages\/62\/revisions\/4208"}],"wp:attachment":[{"href":"https:\/\/www3.unicentro.br\/ppgl\/wp-json\/wp\/v2\/media?parent=62"}],"curies":[{"name":"wp","href":"https:\/\/api.w.org\/{rel}","templated":true}]}}