{"id":6095,"date":"2026-03-30T09:55:14","date_gmt":"2026-03-30T12:55:14","guid":{"rendered":"https:\/\/www3.unicentro.br\/ppgl\/?page_id=6095"},"modified":"2026-04-27T09:29:31","modified_gmt":"2026-04-27T12:29:31","slug":"proficiencia","status":"publish","type":"page","link":"https:\/\/www3.unicentro.br\/ppgl\/proficiencia\/","title":{"rendered":"Profici\u00eancia"},"content":{"rendered":"<p lang=\"pt-PT\" align=\"justify\">O PPGL\/UNICENTRO oferta exames de profici\u00eancia em Espanhol \/ Franc\u00eas \/ Ingl\u00eas<\/p>\n<p lang=\"pt-PT\" align=\"justify\">Data das Provas:<\/p>\n<p lang=\"pt-PT\" align=\"justify\"><span style=\"font-size: 12pt\"><strong><span style=\"color: #0000ff\"><u>25\/06\/2026<\/u>\u00a0<\/span><\/strong>&#8211; <strong><span style=\"color: #333333\">Profici\u00eancia em L\u00edngua Estrangeira \u2013 1\u00aa Edi\u00e7\u00e3o<\/span><\/strong><\/span><\/p>\n<p lang=\"pt-PT\" align=\"justify\"><span style=\"font-size: 12pt\"><span style=\"color: #0000ff\"><strong><u>22\/10\/2026<\/u><\/strong><\/span>\u00a0&#8211;<span style=\"color: #333333\"> <strong>Profici\u00eancia em L\u00edngua Estrangeira \u2013 2\u00aa Edi\u00e7\u00e3o<\/strong><\/span><\/span><\/p>\n<p lang=\"pt-PT\" align=\"justify\"><span style=\"color: #333333;font-family: arial, helvetica, sans-serif\">Hor\u00e1rio: Das 9h \u00e0s 11h30 \u2013 presencial, bloco M, C\u00e2mpus Santa Cruz.<\/span><\/p>\n<p lang=\"pt-PT\" align=\"justify\"><span style=\"color: #333333\"><span style=\"font-family: arial, helvetica, sans-serif\">Valor das inscri\u00e7\u00f5es: R$ 80,00. Inscri\u00e7\u00f5es pelo site\u00a0<\/span><strong><span style=\"font-family: arial, helvetica, sans-serif;color: #ff0000\">(aguarde \u2013 edital em breve)<\/span>.<\/strong><\/span><\/p>\n<p lang=\"pt-PT\" align=\"justify\"><span style=\"font-size: 14pt\"><u>Sobre o exame:<\/u><\/span><\/p>\n<p lang=\"pt-PT\" align=\"justify\">Um exame de profici\u00eancia em leitura em l\u00edngua estrangeira tem como intuito avaliar a capacidade do candidato em compreender e interpretar textos de diferentes g\u00eaneros textuais.<\/p>\n<p lang=\"pt-PT\" align=\"justify\">A compet\u00eancia em leitura \u00e9 o alvo deste exame, requerendo que o candidato seja capaz de construir sentidos por meio da intera\u00e7\u00e3o entre as informa\u00e7\u00f5es advindas do texto e o conhecimento do leitor. Esse conhecimento \u00e9 constitu\u00eddo pela compet\u00eancia lingu\u00edstica (estrutura gramatical, vocabul\u00e1rio) e o conhecimento pr\u00e9vio, que envolve, al\u00e9m do conhecimento de mundo e do contexto s\u00f3cio-hist\u00f3rico a compreens\u00e3o do funcionamento do texto em seus diversos g\u00eaneros.<\/p>\n<p lang=\"pt-PT\" align=\"justify\">O exame de profici\u00eancia em leitura do PPGL ser\u00e1 composto de textos acad\u00eamico-cient\u00edficos que tratam de conhecimentos gerais, isto \u00e9, que n\u00e3o necessitam conhecimento t\u00e9cnico em uma determinada \u00e1rea de conhecimento.<\/p>\n<p lang=\"pt-PT\" align=\"justify\">O exame ser\u00e1 composto por um texto contendo entre 2000 e 2500 palavras.<\/p>\n<p lang=\"pt-PT\" align=\"justify\">Ser\u00e3o propostas at\u00e9 oito (8) quest\u00f5es abertas (discursivas). Al\u00e9m dessas quest\u00f5es, ser\u00e1 solicitado: (1) a tradu\u00e7\u00e3o de grupos nominais retirados e identificados no texto e (2) a tradu\u00e7\u00e3o livre de um par\u00e1grafo ou excerto.<\/p>\n<p lang=\"pt-PT\" align=\"justify\">O valor de cada uma das quest\u00f5es ficar\u00e1 a crit\u00e9rio da banca respons\u00e1vel pela elabora\u00e7\u00e3o do exame.<\/p>\n<p lang=\"pt-PT\" align=\"justify\">Todas as perguntas ser\u00e3o formuladas em l\u00edngua portuguesa e devem ser respondidas em l\u00edngua portuguesa, tendo-se em vista que o objetivo do exame \u00e9 avaliar a habilidade de ler e de compreender textos em l\u00edngua estrangeira.<\/p>\n<p lang=\"pt-PT\" align=\"justify\">Os candidatos poder\u00e3o utilizar somente dicion\u00e1rios impressos durante o exame. N\u00e3o ser\u00e1 permitido o empr\u00e9stimo de dicion\u00e1rios durante e ap\u00f3s a finaliza\u00e7\u00e3o do exame por um dos candidatos.<\/p>\n<p lang=\"pt-PT\" align=\"justify\"><span style=\"text-decoration: underline\"><span style=\"font-size: 14pt\">Provas anteriores:<\/span><\/span><\/p>\n<p lang=\"pt-PT\" align=\"justify\"><strong><a href=\"https:\/\/www3.unicentro.br\/ppgl\/wp-content\/uploads\/sites\/36\/2026\/03\/Provas-Proficiencia-2025-2a-Edicao.pdf\"><span style=\"color: #0000ff\">Download Provas 2\u00aa Ed.\/2025<\/span><\/a><\/strong><\/p>\n<p lang=\"pt-PT\" align=\"justify\"><span style=\"color: #0000ff\"><a style=\"color: #0000ff\" href=\"https:\/\/www3.unicentro.br\/ppgl\/wp-content\/uploads\/sites\/36\/2025\/08\/2025_1_Versao-PPGL-Com-Cabecalho.pdf\"><strong>Download Provas 1\u00aa Ed.\/2025<\/strong><\/a><\/span><\/p>\n<p lang=\"pt-PT\" align=\"justify\"><span style=\"color: #0000ff\"><strong><a style=\"color: #0000ff\" href=\"https:\/\/www3.unicentro.br\/ppgl\/wp-content\/uploads\/sites\/36\/2025\/09\/Proficiencia-2o-2024-Ingles.pdf\">Download Provas 2\u00aa Ed.\/2024<\/a><\/strong><\/span><\/p>\n<p lang=\"pt-PT\" align=\"justify\"><span style=\"color: #0000ff\"><strong><a style=\"color: #0000ff\" href=\"https:\/\/www3.unicentro.br\/ppgl\/wp-content\/uploads\/sites\/36\/2025\/09\/Proficiencia-1o-2024-Ingles.pdf\">Download Provas 1\u00aa Ed.\/2024<\/a><\/strong><\/span><\/p>\n<p class=\"western\" lang=\"pt-PT\" align=\"justify\">\n","protected":false},"excerpt":{"rendered":"<p>O PPGL\/UNICENTRO oferta exames de profici\u00eancia em Espanhol \/ Franc\u00eas \/ Ingl\u00eas Data das Provas: 25\/06\/2026\u00a0&#8211; Profici\u00eancia em L\u00edngua Estrangeira \u2013 1\u00aa Edi\u00e7\u00e3o 22\/10\/2026\u00a0&#8211; Profici\u00eancia em L\u00edngua Estrangeira \u2013 2\u00aa Edi\u00e7\u00e3o Hor\u00e1rio: Das 9h \u00e0s 11h30 \u2013 presencial, bloco M, C\u00e2mpus Santa Cruz. Valor das inscri\u00e7\u00f5es: R$ 80,00. Inscri\u00e7\u00f5es pelo site\u00a0(aguarde \u2013 edital em breve). [&hellip;]<\/p>\n","protected":false},"author":6,"featured_media":0,"parent":0,"menu_order":0,"comment_status":"closed","ping_status":"closed","template":"","meta":{"_exactmetrics_skip_tracking":false,"_exactmetrics_sitenote_active":false,"_exactmetrics_sitenote_note":"","_exactmetrics_sitenote_category":0,"footnotes":"","_links_to":"","_links_to_target":""},"class_list":["post-6095","page","type-page","status-publish","hentry"],"_links":{"self":[{"href":"https:\/\/www3.unicentro.br\/ppgl\/wp-json\/wp\/v2\/pages\/6095","targetHints":{"allow":["GET"]}}],"collection":[{"href":"https:\/\/www3.unicentro.br\/ppgl\/wp-json\/wp\/v2\/pages"}],"about":[{"href":"https:\/\/www3.unicentro.br\/ppgl\/wp-json\/wp\/v2\/types\/page"}],"author":[{"embeddable":true,"href":"https:\/\/www3.unicentro.br\/ppgl\/wp-json\/wp\/v2\/users\/6"}],"replies":[{"embeddable":true,"href":"https:\/\/www3.unicentro.br\/ppgl\/wp-json\/wp\/v2\/comments?post=6095"}],"version-history":[{"count":3,"href":"https:\/\/www3.unicentro.br\/ppgl\/wp-json\/wp\/v2\/pages\/6095\/revisions"}],"predecessor-version":[{"id":6172,"href":"https:\/\/www3.unicentro.br\/ppgl\/wp-json\/wp\/v2\/pages\/6095\/revisions\/6172"}],"wp:attachment":[{"href":"https:\/\/www3.unicentro.br\/ppgl\/wp-json\/wp\/v2\/media?parent=6095"}],"curies":[{"name":"wp","href":"https:\/\/api.w.org\/{rel}","templated":true}]}}