{"id":60,"date":"2017-04-03T00:00:00","date_gmt":"2017-04-03T03:00:00","guid":{"rendered":"https:\/\/www3.unicentro.br\/ppgl\/apresentacao\/"},"modified":"2022-04-07T16:04:15","modified_gmt":"2022-04-07T19:04:15","slug":"apresentacao","status":"publish","type":"page","link":"https:\/\/www3.unicentro.br\/ppgl\/apresentacao\/","title":{"rendered":"Apresenta\u00e7\u00e3o"},"content":{"rendered":"<p align=\"justify\"><span style=\"color: #000000\"><span style=\"font-family: Arial, serif\">O Programa de P\u00f3s-Gradua\u00e7\u00e3o <\/span><\/span><span style=\"color: #000000\"><span style=\"font-family: Arial, serif\"><i>Stricto Sensu<\/i><\/span><\/span><span style=\"color: #000000\"><span style=\"font-family: Arial, serif\"> em Letras, PPGL, N\u00edvel Mestrado (aprovado em 2010 e implementado em julho de 2011) e Doutorado (aprovado em 2020 e implementado em 2021) Campus Santa Cruz da Universidade Estadual do Centro-Oeste, UNICENTRO tem como \u00e1rea de concentra\u00e7\u00e3o INTERFACES ENTRE L\u00cdNGUA E LITERATURA, articulando os estudos do TEXTO\/DISCURSO, da MEM\u00d3RIA, da CULTURA, das DIFERENTES LINGUAGENS e do ENSINO, priorizando a leitura e a interpreta\u00e7\u00e3o a partir de diferentes correntes te\u00f3ricas:<\/span><\/span><\/p>\n<p align=\"justify\"><span style=\"color: #000000\"><span style=\"font-family: Arial, serif\">As linhas de pesquisa s\u00e3o: <\/span><\/span><\/p>\n<ol>\n<li>\n<p align=\"justify\"><span style=\"color: #000000\"><span style=\"font-family: Arial, serif\">Linguagens, leitura, interpreta\u00e7\u00e3o<\/span><\/span><\/p>\n<\/li>\n<li>\n<p align=\"justify\"><span style=\"color: #000000\"><span style=\"font-family: Arial, serif\">Texto, mem\u00f3ria, cultura<\/span><\/span><\/p>\n<\/li>\n<\/ol>\n<p align=\"justify\"><span style=\"font-family: Arial, serif\">O PPGL (UNICENTRO) \u2000\u00e9 resultado de um curso de Letras marcado pela excel\u00eancia e longevidade, sublinhando-se que vem formando profissionais desde 1974, mantendo a regularidade e uma demanda compat\u00edvel com o desenvolvimento da \u2000\u00e1rea. Foram essas condi\u00e7\u00f5es que contribu\u00edram para a aprova\u00e7\u00e3o do mestrado em 2010 e a sua implementa\u00e7\u00e3o\u2000em 2011 e o Doutorado em 2020 e a sua implementa\u00e7\u00e3o em 2021, centrado atendimento das necessidades do polo do centro-oeste do Paran\u00e1. <\/span><\/p>\n<p align=\"justify\"><span style=\"font-family: Arial, serif\">A justificativa para priorizarmos a Interface entre L\u00edngua e Literatura por meio das duas linhas de pesquisa deve-se ao fato de que a Lingu\u00edstica e a Literatura se constituem pela l\u00edngua.<\/span><\/p>\n<p align=\"justify\"><span style=\"font-family: Arial, serif\">A ader\u00eancia e a articula\u00e7\u00e3o da \u2000\u00e1rea de concentra\u00e7\u00e3o entre L\u00edngua e Literatura ocorre por meio de tr\u00eas eixos, quais sejam: a MEM\u00d3RIA, a CULTURA e a LINGUAGEM na produ\u00e7\u00e3o\u2000\u2000do conhecimento, pela interface resultante de diferentes formas materiais significantes (textos: cient\u00edficos, liter\u00e1rios, jornal\u00edsticos, publicit\u00e1rios, hist\u00f3ricos, culturais, midi\u00e1ticos, etc.) por meio da linguagem. <\/span><\/p>\n<p align=\"justify\"><span style=\"font-family: Arial, serif\">O recorte te\u00f3rico da investiga\u00e7\u00e3o proposta pelo Programa, \u00e9, ent\u00e3o, o TEXTO e o DISCURSO, considerando-se como <\/span><span style=\"font-family: Arial, serif\"><i>locus<\/i><\/span><span style=\"font-family: Arial, serif\"> a linguagem e a interpreta\u00e7\u00e3o, tendo em vista que toda a produ\u00e7\u00e3o de linguagem ocorre por meio de sujeitos e da necessidade de leitura e de interpreta\u00e7\u00e3o.<\/span><\/p>\n","protected":false},"excerpt":{"rendered":"<p>O Programa de P\u00f3s-Gradua\u00e7\u00e3o Stricto Sensu em Letras, PPGL, N\u00edvel Mestrado (aprovado em 2010 e implementado em julho de 2011) e Doutorado (aprovado em 2020 e implementado em 2021) Campus Santa Cruz da Universidade Estadual do Centro-Oeste, UNICENTRO tem como \u00e1rea de concentra\u00e7\u00e3o INTERFACES ENTRE L\u00cdNGUA E LITERATURA, articulando os estudos do TEXTO\/DISCURSO, da MEM\u00d3RIA, [&hellip;]<\/p>\n","protected":false},"author":3,"featured_media":0,"parent":0,"menu_order":0,"comment_status":"open","ping_status":"open","template":"","meta":{"_exactmetrics_skip_tracking":false,"_exactmetrics_sitenote_active":false,"_exactmetrics_sitenote_note":"","_exactmetrics_sitenote_category":0,"footnotes":"","_links_to":"","_links_to_target":""},"class_list":["post-60","page","type-page","status-publish","hentry"],"_links":{"self":[{"href":"https:\/\/www3.unicentro.br\/ppgl\/wp-json\/wp\/v2\/pages\/60","targetHints":{"allow":["GET"]}}],"collection":[{"href":"https:\/\/www3.unicentro.br\/ppgl\/wp-json\/wp\/v2\/pages"}],"about":[{"href":"https:\/\/www3.unicentro.br\/ppgl\/wp-json\/wp\/v2\/types\/page"}],"author":[{"embeddable":true,"href":"https:\/\/www3.unicentro.br\/ppgl\/wp-json\/wp\/v2\/users\/3"}],"replies":[{"embeddable":true,"href":"https:\/\/www3.unicentro.br\/ppgl\/wp-json\/wp\/v2\/comments?post=60"}],"version-history":[{"count":0,"href":"https:\/\/www3.unicentro.br\/ppgl\/wp-json\/wp\/v2\/pages\/60\/revisions"}],"wp:attachment":[{"href":"https:\/\/www3.unicentro.br\/ppgl\/wp-json\/wp\/v2\/media?parent=60"}],"curies":[{"name":"wp","href":"https:\/\/api.w.org\/{rel}","templated":true}]}}