{"id":54,"date":"2015-11-13T00:00:00","date_gmt":"2015-11-13T02:00:00","guid":{"rendered":"https:\/\/www3.unicentro.br\/ppgl\/formularios\/"},"modified":"2025-08-14T16:19:17","modified_gmt":"2025-08-14T19:19:17","slug":"formularios","status":"publish","type":"page","link":"https:\/\/www3.unicentro.br\/ppgl\/formularios\/","title":{"rendered":"Formul\u00e1rios"},"content":{"rendered":"<div class=\"wpb-content-wrapper\"><p>[vc_row][vc_column][vc_tta_accordion style=&#8221;flat&#8221; shape=&#8221;square&#8221; spacing=&#8221;1&#8243; active_section=&#8221;10&#8243; no_fill=&#8221;true&#8221; collapsible_all=&#8221;true&#8221;][vc_tta_section title=&#8221;Alunos Regulares&#8221; tab_id=&#8221;1524489187255-81c5c694-67c3&#8243;][vc_column_text css=&#8221;&#8221;]<strong>Requerimentos<\/strong><\/p>\n<ul>\n<li><a href=\"https:\/\/www3.unicentro.br\/ppgl\/wp-content\/uploads\/sites\/36\/2025\/08\/Form.-Req.-Solicitacao-de-Diarias.doc\">Requerimento de Di\u00e1rias (\u00e0 alunos para apresenta\u00e7\u00e3o trabalhos ou cursos relacionados \u00e0s suas disserta\u00e7\u00f5es e teses)<\/a><\/li>\n<li><a href=\"https:\/\/www3.unicentro.br\/ppgl\/wp-content\/uploads\/sites\/36\/2022\/10\/Req_Exercicio_Domiciliar.doc\" target=\"_blank\" rel=\"noopener\">Requerimento de Exerc\u00edcio Domiciliar<\/a><\/li>\n<li><a href=\"https:\/\/www3.unicentro.br\/ppgl\/wp-content\/uploads\/sites\/36\/2025\/03\/Form.-Aproveitamento-Creditos.doc\">Requerimento de Aproveitamento de Estudos<\/a><\/li>\n<li><a href=\"https:\/\/www3.unicentro.br\/ppgl\/wp-content\/uploads\/sites\/36\/2025\/03\/Form.-Aproveitamento-Proficiencia.doc\">Requerimento Aproveitamento de Profici\u00eancia<\/a><\/li>\n<li><a href=\"https:\/\/www3.unicentro.br\/ppgl\/wp-content\/uploads\/sites\/36\/2025\/01\/Solicit_-Trancamento_Matiicula.doc\">Requerimento de Trancamento de Matr\u00edcula<\/a><\/li>\n<li><a href=\"https:\/\/www2.unicentro.br\/ppgl\/files\/2015\/11\/cancelamento_disciplinas_Novo.doc\">Requerimento de Cancelamento Disciplinas<\/a><\/li>\n<li><a href=\"https:\/\/www2.unicentro.br\/ppgl\/files\/2015\/11\/Solicitacao_de_desligamento_curso.doc\">Requerimento de Desligamento do Curso<\/a><\/li>\n<li><a href=\"https:\/\/www3.unicentro.br\/ppgl\/wp-content\/uploads\/sites\/36\/2025\/01\/Solicit._Prorrog_Prazo.doc\">Requerimento de Prorroga\u00e7\u00e3o de Prazo\u00a0<\/a><\/li>\n<li><a href=\"https:\/\/www3.unicentro.br\/ppgl\/wp-content\/uploads\/sites\/36\/2025\/05\/Req.-Estagio-Docencia.doc\">Requerimento de Est\u00e1gio de Doc\u00eancia<\/a><\/li>\n<li><a href=\"https:\/\/www3.unicentro.br\/ppgl\/wp-content\/uploads\/sites\/36\/2025\/06\/Relatorio-Estagio-Docencia.doc\">Relat\u00f3rio &#8211; Est\u00e1gio de Doc\u00eancia<\/a><\/li>\n<li><a href=\"https:\/\/www2.unicentro.br\/ppgl\/files\/2015\/11\/ALTERACAO_DE_ORIENTADOR_Novo.doc\">Requerimento para altera\u00e7\u00e3o de Orientador<\/a><\/li>\n<li><a href=\"https:\/\/www3.unicentro.br\/ppgl\/wp-content\/uploads\/sites\/36\/2024\/07\/Req.-QUALIF.-MESTRADO-Ativ.-Complement-Atualiz.-02-07-2024.doc\">Requerimento Exame de Qualifica\u00e7\u00e3o de MESTRADO \/ Atividades Complementares<\/a><\/li>\n<li><a href=\"https:\/\/www3.unicentro.br\/ppgl\/wp-content\/uploads\/sites\/36\/2024\/07\/Req.-QUALIF.-DOUTORADO-Ativ.-Complement-Atualiz.-02-07-2024.doc\">Requerimento Exame de Qualifica\u00e7\u00e3o de DOUTORADO \/ Atividades Complementares<\/a><\/li>\n<li><a href=\"https:\/\/www3.unicentro.br\/ppgl\/wp-content\/uploads\/sites\/36\/2024\/07\/Req.-DEFESA-MESTRADO-Atualiz.-02-07-2024.doc\">Requerimento de Defesa de Disserta\u00e7\u00e3o<\/a><\/li>\n<li><a href=\"https:\/\/www3.unicentro.br\/ppgl\/wp-content\/uploads\/sites\/36\/2024\/07\/Req.-DEFESA-DOUTORADO-Atualiz.-02-07-2024.doc\">Requerimento de Defesa de Tese<\/a><\/li>\n<li><a href=\"https:\/\/www3.unicentro.br\/ppgl\/wp-content\/uploads\/sites\/36\/2022\/06\/requerimento_coorientacao.doc\">Requerimento Coorienta\u00e7\u00e3o<\/a><\/li>\n<li><a href=\"https:\/\/www2.unicentro.br\/ppgl\/files\/2015\/11\/FICHA-DE-REVIS\u00c3O-FINAL-AP\u00d3S-A-DEFESA-DE-DISSERTA\u00c7\u00c3O_Novo.doc\">Ficha de Revis\u00e3o Final Ap\u00f3s Defesa\u00a0de Disserta\u00e7\u00e3o<\/a><\/li>\n<\/ul>\n<p><strong>Orienta\u00e7\u00f5es para confec\u00e7\u00e3o de disserta\u00e7\u00f5es<\/strong><\/p>\n<ul>\n<li><a href=\"https:\/\/www3.unicentro.br\/ppgl\/wp-content\/uploads\/sites\/36\/2022\/02\/Instru_o_Normativa_n_2_2014_PROPESP_53d7da627f219.pdf\">Instru\u00e7\u00e3o Normativa n\u00ba02 PROPESP\/UNICENTRO, de 12 de mar\u00e7o de 2014<\/a><\/li>\n<\/ul>\n<p>[\/vc_column_text][\/vc_tta_section][vc_tta_section title=&#8221;Atividades Complementares&#8221; tab_id=&#8221;1524489238357-c67fb061-af27&#8243;][vc_column_text]<\/p>\n<ul>\n<li><a href=\"https:\/\/www3.unicentro.br\/ppgl\/wp-content\/uploads\/sites\/36\/2023\/07\/INSTRUCAO-NORMATIVA-2-2023-Atualizada.pdf\">Atividades Complementares \u2013 Instru\u00e7\u00e3o Normativa n\u00ba 002\/2023\u2013 PPGL\/Unicentro<\/a><\/li>\n<li><del><a href=\"http:\/\/www2.unicentro.br\/ppgl\/files\/2015\/08\/Normativa_02_atividades_complementatres.pdf?x13431\">Atividades Complementares \u2013 Instru\u00e7\u00e3o Normativa n\u00ba 002\/2013 \u2013 PPGL\/Unicentro<\/a><\/del><\/li>\n<li><a href=\"https:\/\/www3.unicentro.br\/ppgl\/wp-content\/uploads\/sites\/36\/2020\/08\/Instrucao-Normativa-4.pdf\"><del>Atividades Complementares &#8211; Instru\u00e7\u00e3o Normativa n\u00ba 004\/2019 &#8211; PPGL\/Unicentro<\/del><\/a><\/li>\n<\/ul>\n<p>[\/vc_column_text][\/vc_tta_section][\/vc_tta_accordion][\/vc_column][\/vc_row]<\/p>\n<\/div>","protected":false},"excerpt":{"rendered":"<p>[vc_row][vc_column][vc_tta_accordion style=&#8221;flat&#8221; shape=&#8221;square&#8221; spacing=&#8221;1&#8243; active_section=&#8221;10&#8243; no_fill=&#8221;true&#8221; collapsible_all=&#8221;true&#8221;][vc_tta_section title=&#8221;Alunos Regulares&#8221; tab_id=&#8221;1524489187255-81c5c694-67c3&#8243;][vc_column_text css=&#8221;&#8221;]Requerimentos Requerimento de Di\u00e1rias (\u00e0 alunos para apresenta\u00e7\u00e3o trabalhos ou cursos relacionados \u00e0s suas disserta\u00e7\u00f5es e teses) Requerimento de Exerc\u00edcio Domiciliar Requerimento de Aproveitamento de Estudos Requerimento Aproveitamento de Profici\u00eancia Requerimento de Trancamento de Matr\u00edcula Requerimento de Cancelamento Disciplinas Requerimento de Desligamento do Curso Requerimento [&hellip;]<\/p>\n","protected":false},"author":3,"featured_media":0,"parent":0,"menu_order":0,"comment_status":"open","ping_status":"open","template":"","meta":{"_exactmetrics_skip_tracking":false,"_exactmetrics_sitenote_active":false,"_exactmetrics_sitenote_note":"","_exactmetrics_sitenote_category":0,"footnotes":"","_links_to":"","_links_to_target":""},"class_list":["post-54","page","type-page","status-publish","hentry"],"_links":{"self":[{"href":"https:\/\/www3.unicentro.br\/ppgl\/wp-json\/wp\/v2\/pages\/54","targetHints":{"allow":["GET"]}}],"collection":[{"href":"https:\/\/www3.unicentro.br\/ppgl\/wp-json\/wp\/v2\/pages"}],"about":[{"href":"https:\/\/www3.unicentro.br\/ppgl\/wp-json\/wp\/v2\/types\/page"}],"author":[{"embeddable":true,"href":"https:\/\/www3.unicentro.br\/ppgl\/wp-json\/wp\/v2\/users\/3"}],"replies":[{"embeddable":true,"href":"https:\/\/www3.unicentro.br\/ppgl\/wp-json\/wp\/v2\/comments?post=54"}],"version-history":[{"count":2,"href":"https:\/\/www3.unicentro.br\/ppgl\/wp-json\/wp\/v2\/pages\/54\/revisions"}],"predecessor-version":[{"id":5457,"href":"https:\/\/www3.unicentro.br\/ppgl\/wp-json\/wp\/v2\/pages\/54\/revisions\/5457"}],"wp:attachment":[{"href":"https:\/\/www3.unicentro.br\/ppgl\/wp-json\/wp\/v2\/media?parent=54"}],"curies":[{"name":"wp","href":"https:\/\/api.w.org\/{rel}","templated":true}]}}