{"id":46,"date":"2015-09-01T00:00:00","date_gmt":"2015-09-01T03:00:00","guid":{"rendered":"https:\/\/www3.unicentro.br\/ppgl\/forma-de-ingresso-aos-discentes\/"},"modified":"2026-03-27T15:18:43","modified_gmt":"2026-03-27T18:18:43","slug":"forma-de-ingresso-aos-discentes","status":"publish","type":"page","link":"https:\/\/www3.unicentro.br\/ppgl\/forma-de-ingresso-aos-discentes\/","title":{"rendered":"Forma de Ingresso aos Discentes"},"content":{"rendered":"<div class=\"wpb-content-wrapper\"><p>[vc_row][vc_column][vc_column_text css=&#8221;&#8221;]<strong>Processo de Sele\u00e7\u00e3o Alunos Regulares\u00a0<\/strong><\/p>\n<p>\u2022\u00a0 \u00a0Os cursos de Mestrado e Doutorado em Letras, \u00c1rea de Concentra\u00e7\u00e3o Interfaces entre L\u00edngua e Literatura, estruturam-se em duas Linhas de Pesquisa: Texto, Mem\u00f3ria, Cultura; e Linguagens, Leitura, Interpreta\u00e7\u00e3o.<br \/>\n\u2022\u00a0 \u00a0O PPGL oferta os cursos de Mestrado e Doutorado na modalidade presencial, de acordo com seu <a href=\"https:\/\/www3.unicentro.br\/ppgl\/wp-content\/uploads\/sites\/36\/2021\/12\/Resolucao-13-2021-Regulamento-PPGL-2.pdf\">regulamento<\/a>.<br \/>\n\u2022\u00a0 \u00a0As inscri\u00e7\u00f5es para sele\u00e7\u00e3o de ingresso no Programa de P\u00f3s-Gradua\u00e7\u00e3o em Letras como aluno regular de Mestrado e Doutorado, s\u00e3o realizadas no site de inscri\u00e7\u00f5es, divulgadas em edital espec\u00edfico (publicado aproximadamente em 15 de dezembro).<br \/>\n\u2022\u00a0 \u00a0O per\u00edodo de inscri\u00e7\u00f5es ocorrem nos meses de dezembro e janeiro.<br \/>\n\u2022\u00a0 \u00a0O candidato indica a categoria: Mestrado ou Doutorado, e a Linha de Pesquisa pretendida:<br \/>\n\u2022\u00a0 \u00a0Linha 1: Texto, Mem\u00f3ria, Cultura;<br \/>\n\u2022\u00a0 \u00a0Linha 2: Linguagens, Leitura, Interpreta\u00e7\u00e3o<br \/>\n\u2022\u00a0 \u00a0O candidato dever\u00e1 tamb\u00e9m indicar duas op\u00e7\u00f5es de orientadores na ordem de prefer\u00eancia.<br \/>\n\u2022\u00a0 \u00a0O processo de sele\u00e7\u00e3o consta das seguintes fases eliminat\u00f3rias: projeto de pesquisa e entrevista (ocorre em fevereiro).<br \/>\n\u2022\u00a0 \u00a0Matr\u00edculas e in\u00edcio das disciplinas em mar\u00e7o.<br \/>\n\u2022\u00a0 \u00a0Aulas semanais de segunda a quarta-feira, per\u00edodo manh\u00e3 e tarde <a href=\"https:\/\/www3.unicentro.br\/ppgl\/horarios\/\">(ver em hor\u00e1rios)<\/a>.<\/p>\n<ul>\n<li>Editais\u00a0<span style=\"color: #666699\"> &#8211;\u00a0<a href=\"https:\/\/www3.unicentro.br\/ppgl\/wp-content\/uploads\/sites\/36\/2026\/01\/Edital-86-2025-Selecao-PPGL_2026-.pdf\"><span style=\"text-decoration: underline\">Acesse o edital do \u00faltimo processo de sele\u00e7\u00e3o para turmas 2026<\/span><\/a><\/span><\/li>\n<\/ul>\n<p><strong>Processo de Sele\u00e7\u00e3o Alunos Especiais<\/strong><\/p>\n<p>S\u00e3o considerados Alunos Especiais aqueles matriculados em disciplinas isoladas (alunos de outros Programas de P\u00f3s-Gradua\u00e7\u00e3o Stricto Sensu da Unicentro ou de outra Institui\u00e7\u00e3o e outros graduados).<\/p>\n<p>Aluno especial pode cursar at\u00e9 duas disciplinas do Curso, sendo uma por semestre. Em caso de aprova\u00e7\u00e3o em processo como aluno regular, poder\u00e1 solicitar aproveitamento dos cr\u00e9ditos cursados. A inscri\u00e7\u00e3o e matr\u00edcula para aluno especial ocorre semestralmente, ap\u00f3s a matr\u00edcula dos alunos regulares, obedecendo aos crit\u00e9rios estabelecidos no Regulamento do Programa e Edital espec\u00edfico.<\/p>\n<ul>\n<li><a href=\"https:\/\/www3.unicentro.br\/ppgl\/editais\/\">Editais<\/a>\u00a0<span style=\"color: #666699\"> &#8211;\u00a0<span style=\"text-decoration: underline\"> <strong><span style=\"font-family: georgia, palatino, serif\">Per\u00edodo de Inscri\u00e7\u00f5es:\u00a0 fevereiro \/ julho<\/span><\/strong><\/span><\/span><\/li>\n<\/ul>\n<p><strong>Processo de Sele\u00e7\u00e3o Alunos Estrangeiros<\/strong><\/p>\n<p>Candidatos de outros pa\u00edses que desejarem ingressar no PPGL, devem se adequar \u00e0s normas da Capes e aos editais para abertura de processo seletivo.<\/p>\n<ul>\n<li><a href=\"https:\/\/www3.unicentro.br\/ppgl\/editais\/\">Editais<\/a><\/li>\n<li><a href=\"http:\/\/www2.unicentro.br\/ppge\/files\/2014\/02\/RES_N_50_Mobilidade_acad.pdf?x16490\">Regulamento sobre a Mobilidade Internacional na Unicentro<\/a><\/li>\n<li><a href=\"http:\/\/www2.unicentro.br\/eri\/\">Escrit\u00f3rio de Rela\u00e7\u00f5es Internacionais \u2013 Unicentro<\/a><\/li>\n<\/ul>\n<p>[\/vc_column_text][\/vc_column][\/vc_row]<\/p>\n<\/div>","protected":false},"excerpt":{"rendered":"<p>[vc_row][vc_column][vc_column_text css=&#8221;&#8221;]Processo de Sele\u00e7\u00e3o Alunos Regulares\u00a0 \u2022\u00a0 \u00a0Os cursos de Mestrado e Doutorado em Letras, \u00c1rea de Concentra\u00e7\u00e3o Interfaces entre L\u00edngua e Literatura, estruturam-se em duas Linhas de Pesquisa: Texto, Mem\u00f3ria, Cultura; e Linguagens, Leitura, Interpreta\u00e7\u00e3o. \u2022\u00a0 \u00a0O PPGL oferta os cursos de Mestrado e Doutorado na modalidade presencial, de acordo com seu regulamento. \u2022\u00a0 [&hellip;]<\/p>\n","protected":false},"author":3,"featured_media":0,"parent":0,"menu_order":0,"comment_status":"open","ping_status":"closed","template":"","meta":{"_exactmetrics_skip_tracking":false,"_exactmetrics_sitenote_active":false,"_exactmetrics_sitenote_note":"","_exactmetrics_sitenote_category":0,"footnotes":"","_links_to":"","_links_to_target":""},"class_list":["post-46","page","type-page","status-publish","hentry"],"_links":{"self":[{"href":"https:\/\/www3.unicentro.br\/ppgl\/wp-json\/wp\/v2\/pages\/46","targetHints":{"allow":["GET"]}}],"collection":[{"href":"https:\/\/www3.unicentro.br\/ppgl\/wp-json\/wp\/v2\/pages"}],"about":[{"href":"https:\/\/www3.unicentro.br\/ppgl\/wp-json\/wp\/v2\/types\/page"}],"author":[{"embeddable":true,"href":"https:\/\/www3.unicentro.br\/ppgl\/wp-json\/wp\/v2\/users\/3"}],"replies":[{"embeddable":true,"href":"https:\/\/www3.unicentro.br\/ppgl\/wp-json\/wp\/v2\/comments?post=46"}],"version-history":[{"count":3,"href":"https:\/\/www3.unicentro.br\/ppgl\/wp-json\/wp\/v2\/pages\/46\/revisions"}],"predecessor-version":[{"id":6084,"href":"https:\/\/www3.unicentro.br\/ppgl\/wp-json\/wp\/v2\/pages\/46\/revisions\/6084"}],"wp:attachment":[{"href":"https:\/\/www3.unicentro.br\/ppgl\/wp-json\/wp\/v2\/media?parent=46"}],"curies":[{"name":"wp","href":"https:\/\/api.w.org\/{rel}","templated":true}]}}