{"id":45,"date":"2015-08-10T00:00:00","date_gmt":"2015-08-10T03:00:00","guid":{"rendered":"https:\/\/www3.unicentro.br\/ppgl\/financiamento\/"},"modified":"2015-08-10T00:00:00","modified_gmt":"2015-08-10T03:00:00","slug":"financiamento","status":"publish","type":"page","link":"https:\/\/www3.unicentro.br\/ppgl\/financiamento\/","title":{"rendered":"Financiamento"},"content":{"rendered":"<p><a href=\"http:\/\/www.fappr.pr.gov.br\/\">Funda\u00e7\u00e3o Arauc\u00e1ria<\/a><\/p>\n<p><a href=\"http:\/\/www.capes.gov.br\/\">Coordena\u00e7\u00e3o de Aperfei\u00e7oamento de Pessoal de N\u00edvel Superior &#8211; CAPES<\/a><\/p>\n<p><a href=\"http:\/\/www.seti.pr.gov.br\/\">Secret\u00e1ria da Ci\u00eancia, Tecnologia e Ensino Superior &#8211; SETI<\/a><\/p>\n","protected":false},"excerpt":{"rendered":"<p>Funda\u00e7\u00e3o Arauc\u00e1ria Coordena\u00e7\u00e3o de Aperfei\u00e7oamento de Pessoal de N\u00edvel Superior &#8211; CAPES Secret\u00e1ria da Ci\u00eancia, Tecnologia e Ensino Superior &#8211; SETI<\/p>\n","protected":false},"author":3,"featured_media":0,"parent":0,"menu_order":0,"comment_status":"open","ping_status":"open","template":"","meta":{"_exactmetrics_skip_tracking":false,"_exactmetrics_sitenote_active":false,"_exactmetrics_sitenote_note":"","_exactmetrics_sitenote_category":0,"footnotes":"","_links_to":"","_links_to_target":""},"class_list":["post-45","page","type-page","status-publish","hentry"],"_links":{"self":[{"href":"https:\/\/www3.unicentro.br\/ppgl\/wp-json\/wp\/v2\/pages\/45","targetHints":{"allow":["GET"]}}],"collection":[{"href":"https:\/\/www3.unicentro.br\/ppgl\/wp-json\/wp\/v2\/pages"}],"about":[{"href":"https:\/\/www3.unicentro.br\/ppgl\/wp-json\/wp\/v2\/types\/page"}],"author":[{"embeddable":true,"href":"https:\/\/www3.unicentro.br\/ppgl\/wp-json\/wp\/v2\/users\/3"}],"replies":[{"embeddable":true,"href":"https:\/\/www3.unicentro.br\/ppgl\/wp-json\/wp\/v2\/comments?post=45"}],"version-history":[{"count":0,"href":"https:\/\/www3.unicentro.br\/ppgl\/wp-json\/wp\/v2\/pages\/45\/revisions"}],"wp:attachment":[{"href":"https:\/\/www3.unicentro.br\/ppgl\/wp-json\/wp\/v2\/media?parent=45"}],"curies":[{"name":"wp","href":"https:\/\/api.w.org\/{rel}","templated":true}]}}