{"id":43,"date":"2015-08-10T00:00:00","date_gmt":"2015-08-10T03:00:00","guid":{"rendered":"https:\/\/www3.unicentro.br\/ppgl\/periodicos\/"},"modified":"2015-08-10T00:00:00","modified_gmt":"2015-08-10T03:00:00","slug":"periodicos","status":"publish","type":"page","link":"https:\/\/www3.unicentro.br\/ppgl\/periodicos\/","title":{"rendered":"Peri\u00f3dicos"},"content":{"rendered":"<p><strong>Portal de Peri\u00f3dicos da CAPES<\/strong><\/p>\n<p>O Portal de Peri\u00f3dicos, da Coordena\u00e7\u00e3o de Aperfei\u00e7oamento de Pessoal de N\u00edvel Superior (Capes), \u00e9 uma biblioteca virtual que re\u00fane e disponibiliza a institui\u00e7\u00f5es de ensino e pesquisa no Brasil o melhor da produ\u00e7\u00e3o cient\u00edfica internacional. Informa\u00e7\u00f5es: <a href=\"http:\/\/www.periodicos.capes.gov.br\">www.periodicos.capes.gov.br<\/a><\/p>\n<p><strong>Revista Terra Roxa\u00a0<\/strong><br \/>\nUEL \u2013 Universidade Estadual de Londrina<br \/>\nInforma\u00e7\u00f5es: <a href=\"http:\/\/www.uel.br\/pos\/letras\/terraroxa\/index.php?option=com_frontpage&amp;Itemid=1\">http:\/\/www.uel.br\/pos\/letras\/terraroxa\/index.php?option=com_frontpage&amp;Itemid=1<\/a><\/p>\n<p><strong>Revista Cr\u00edtica Cultural<\/strong><br \/>\nPrograma de P\u00f3s-Gradua\u00e7\u00e3o em Ci\u00eancias da Linguagem da Universidade do Sul de Santa Catarina (Unisul)<br \/>\nOs trabalhos devem ser enviados para o e-mail: critica.cultural@unisul.br<br \/>\nNormas para publica\u00e7\u00e3o e outras informa\u00e7\u00f5es no site: <a href=\"http:\/\/linguagem.unisul.br\/paginas\/ensino\/pos\/linguagem\/critica\/revista.htm\">http:\/\/linguagem.unisul.br\/paginas\/ensino\/pos\/linguagem\/critica\/revista.htm<\/a><\/p>\n<p><strong>Revista Carand\u00e1. Revista do Curso de Letras do CPAN<\/strong><br \/>\nUFMS, Corumb\u00e1<br \/>\nPrazo para envio de contribui\u00e7\u00f5es: at\u00e9 meados de abril para a edi\u00e7\u00e3o do primeiro semestre, e continuar\u00e1 recebendo submiss\u00f5es, em fluxo cont\u00ednuo, para a edi\u00e7\u00e3o do segundo semestre.<br \/>\nEnvio para e-mail: rauer.rauer@uol.com.br<br \/>\nInforma\u00e7\u00f5es: <a href=\"http:\/\/cpan.ufms.br\/old\/index.phpoption=com_content&amp;view=category&amp;id=48&amp;layout=blog&amp;Itemid=205\">http:\/\/cpan.ufms.br\/old\/index.phpoption=com_content&amp;view=category&amp;id=48&amp;layout=blog&amp;Itemid=205<\/a><\/p>\n<p><strong>Revista Cadernos do IL<\/strong><br \/>\nInstituto de Letras da UFRGS<br \/>\nTema: Livre<br \/>\nPrazo: fluxo cont\u00ednuo<br \/>\nInforma\u00e7\u00f5es: <a href=\"http:\/\/www6.ufrgs.br\/iletras\/publicacoes\/\">http:\/\/www6.ufrgs.br\/iletras\/publicacoes\/<\/a><\/p>\n<p><strong>Revista Ars<\/strong><br \/>\nUSP<br \/>\nPrazo: Fluxo cont\u00ednuo<br \/>\nInforma\u00e7\u00f5es: <a href=\"http:\/\/www.cap.eca.usp.br\/ars.htm\">http:\/\/www.cap.eca.usp.br\/ars.htm<\/a><\/p>\n<p><strong>Revista L\u00ednguas &amp; Letras<\/strong><br \/>\nUnioeste \u2013 PR<br \/>\nTema: 1\u00ba Semestre: Estudos Lingu\u00edsticos<br \/>\n2\u00ba Semestre: Estudos Liter\u00e1rios<br \/>\nPrazo: Fluxo cont\u00ednuo<br \/>\nInforma\u00e7\u00f5es: <a href=\"http:\/\/e-revista.unioeste.br\/index.php\/linguaseletras\">http:\/\/e-revista.unioeste.br\/index.php\/linguaseletras<\/a><\/p>\n<p><strong>Revista Signum<\/strong><br \/>\nUEL &#8211; Universidade Estadual de Londrina<br \/>\nTema: Estudos da Linguagem<br \/>\nPrazo: Fluxo cont\u00ednuo<br \/>\nInforma\u00e7\u00f5es: <a href=\"http:\/\/www.uel.br\/revistas\/uel\/index.php\/signum\">http:\/\/www.uel.br\/revistas\/uel\/index.php\/signum<\/a><\/p>\n<p><strong>Revista Gl\u00e1uks<\/strong><br \/>\nUniversidade Federal de Vi\u00e7osa<br \/>\nTema: Lingu\u00edstica Aplicada, An\u00e1lise do Discurso, Estudos Interacionais, Sem\u00e2ntica Cognitiva, An\u00e1lise Sint\u00e1tica, Estudos do Texto, dentre outras.<br \/>\nPrazo: Fluxo cont\u00ednuo<br \/>\nInforma\u00e7\u00f5es: <a href=\"http:\/\/www.revistaglauks.ufv.br\/\">http:\/\/www.revistaglauks.ufv.br\/<\/a><\/p>\n<p><strong>Revista da Faculdade de Letras UFRJ<\/strong><br \/>\nFluxo cont\u00ednuo<br \/>\nEnviar textos para o e-mail: fdeliteratura@gmail.com<br \/>\nNormas e mais informa\u00e7\u00f5es: <a href=\"http:\/\/www.forumdeliteratura.com\">http:\/\/www.forumdeliteratura.com<\/a><\/p>\n<p><strong>Revista Acta Scientiarum. Language and Culture<\/strong><br \/>\nUEM \u2013 Universidade Estadual de Maring\u00e1<br \/>\nInforma\u00e7\u00f5es: <a href=\"http:\/\/periodicos.uem.br\/ojs\/index.php\/ActaSciLangCult\/index\">http:\/\/periodicos.uem.br\/ojs\/index.php\/ActaSciLangCult\/index<\/a><\/p>\n<p><strong>Revista Interfaces<\/strong><br \/>\nUnicentro<br \/>\nInforma\u00e7\u00f5es: <a href=\"http:\/\/revistas.unicentro.br\/index.php\/revista_interfaces\">http:\/\/revistas.unicentro.br\/index.php\/revista_interfaces<\/a><\/p>\n<p><strong>Chamadas de Peri\u00f3dicos &#8211; Portal Unicentro<\/strong><br \/>\n<a href=\"http:\/\/sites.unicentro.br\/periodicos\/\">http:\/\/sites.unicentro.br\/periodicos\/<\/a><\/p>\n","protected":false},"excerpt":{"rendered":"<p>Portal de Peri\u00f3dicos da CAPES O Portal de Peri\u00f3dicos, da Coordena\u00e7\u00e3o de Aperfei\u00e7oamento de Pessoal de N\u00edvel Superior (Capes), \u00e9 uma biblioteca virtual que re\u00fane e disponibiliza a institui\u00e7\u00f5es de ensino e pesquisa no Brasil o melhor da produ\u00e7\u00e3o cient\u00edfica internacional. Informa\u00e7\u00f5es: www.periodicos.capes.gov.br Revista Terra Roxa\u00a0 UEL \u2013 Universidade Estadual de Londrina Informa\u00e7\u00f5es: http:\/\/www.uel.br\/pos\/letras\/terraroxa\/index.php?option=com_frontpage&amp;Itemid=1 Revista [&hellip;]<\/p>\n","protected":false},"author":3,"featured_media":0,"parent":0,"menu_order":0,"comment_status":"open","ping_status":"open","template":"","meta":{"_exactmetrics_skip_tracking":false,"_exactmetrics_sitenote_active":false,"_exactmetrics_sitenote_note":"","_exactmetrics_sitenote_category":0,"footnotes":"","_links_to":"","_links_to_target":""},"class_list":["post-43","page","type-page","status-publish","hentry"],"_links":{"self":[{"href":"https:\/\/www3.unicentro.br\/ppgl\/wp-json\/wp\/v2\/pages\/43","targetHints":{"allow":["GET"]}}],"collection":[{"href":"https:\/\/www3.unicentro.br\/ppgl\/wp-json\/wp\/v2\/pages"}],"about":[{"href":"https:\/\/www3.unicentro.br\/ppgl\/wp-json\/wp\/v2\/types\/page"}],"author":[{"embeddable":true,"href":"https:\/\/www3.unicentro.br\/ppgl\/wp-json\/wp\/v2\/users\/3"}],"replies":[{"embeddable":true,"href":"https:\/\/www3.unicentro.br\/ppgl\/wp-json\/wp\/v2\/comments?post=43"}],"version-history":[{"count":0,"href":"https:\/\/www3.unicentro.br\/ppgl\/wp-json\/wp\/v2\/pages\/43\/revisions"}],"wp:attachment":[{"href":"https:\/\/www3.unicentro.br\/ppgl\/wp-json\/wp\/v2\/media?parent=43"}],"curies":[{"name":"wp","href":"https:\/\/api.w.org\/{rel}","templated":true}]}}