{"id":39,"date":"2015-08-10T00:00:00","date_gmt":"2015-08-10T03:00:00","guid":{"rendered":"https:\/\/www3.unicentro.br\/ppgl\/grupos-de-pesquisa\/"},"modified":"2018-05-08T13:20:27","modified_gmt":"2018-05-08T16:20:27","slug":"grupos-de-pesquisa","status":"publish","type":"page","link":"https:\/\/www3.unicentro.br\/ppgl\/grupos-de-pesquisa\/","title":{"rendered":"Grupos de Pesquisa"},"content":{"rendered":"<div class=\"wpb-content-wrapper\"><p>[vc_row][vc_column][vc_column_text]<\/p>\n<table>\n<thead>\n<tr>\n<td><strong>Docentes<\/strong><\/td>\n<td><strong>Grupos de Pesquisa<\/strong><\/td>\n<\/tr>\n<\/thead>\n<tbody>\n<tr>\n<td>Dr\u00aa Adenize Aparecida Franco<\/td>\n<td><a href=\"http:\/\/dgp.cnpq.br\/dgp\/espelhogrupo\/5558526734767349\">Interfaces L\u00edngua e Literatura<\/a><\/td>\n<\/tr>\n<tr>\n<td>\u00a0Dr\u00aa C\u00e9lia Bassuma Fernandes<\/td>\n<td><a href=\"http:\/\/dgp.cnpq.br\/dgp\/espelhogrupo\/5558526734767349\">Interfaces L\u00edngua e Literatura<br \/>\n<\/a><a href=\"http:\/\/dgp.cnpq.br\/dgp\/espelhogrupo\/5974749838628574\">Estudos do Texto e do Discurso: entrela\u00e7amentos te\u00f3ricos e anal\u00edticos &#8211; GPTD<\/a><\/td>\n<\/tr>\n<tr>\n<td>\u00a0Dr\u00aa\u00a0Cibele Krause Lemke<\/td>\n<td><a href=\"http:\/\/dgp.cnpq.br\/dgp\/espelhogrupo\/4186760305843197\">L\u00edngua, Hist\u00f3ria e Literatura Ucraniana<\/a><br \/>\n<a href=\"http:\/\/dgp.cnpq.br\/dgp\/espelhogrupo\/9023390962455319\">L\u00edngua, Imigra\u00e7\u00e3o e Identidade<\/a><\/td>\n<\/tr>\n<tr>\n<td>Dr Cl\u00e1udio Jos\u00e9 de Almeida Mello<\/td>\n<td><a href=\"http:\/\/dgp.cnpq.br\/dgp\/espelhogrupo\/5465604013735935\">Literatura e Educa\u00e7\u00e3o<\/a><br \/>\n<a href=\"http:\/\/dgp.cnpq.br\/dgp\/espelhorh\/4508680567169966\">Interfaces L\u00edngua e Literatura<\/a><br \/>\n<a href=\"http:\/\/dgp.cnpq.br\/dgp\/espelhogrupo\/2056252436986486\">Ensino de L\u00edngua e Literatura<\/a><\/td>\n<\/tr>\n<tr>\n<td>Dr\u00aa Cristiane Malinoski Pianaro Angelo<\/td>\n<td><a href=\"http:\/\/dgp.cnpq.br\/dgp\/espelhogrupo\/2094255894508627\">Intera\u00e7\u00e3o e Escrita<br \/>\n<\/a><a href=\"http:\/\/dgp.cnpq.br\/dgp\/espelhogrupo\/5727330612773166\">Intera\u00e7\u00e3o e ensino<br \/>\n<\/a><a href=\"http:\/\/dgp.cnpq.br\/dgp\/espelhogrupo\/2055765035637778\">Educa\u00e7\u00e3o, linguagem e letramento<\/a><a href=\"http:\/\/dgp.cnpq.br\/dgp\/espelhogrupo\/2094255894508627\"><br \/>\n<\/a><\/td>\n<\/tr>\n<tr>\n<td>Dr\u00aa Denise Gabriel Witzel<\/td>\n<td><a href=\"http:\/\/dgp.cnpq.br\/dgp\/espelhogrupo\/7697814502569304\">Laborat\u00f3rio de Estudos Discursivos Foucaultianos &#8211; LEDIF<\/a><br \/>\n<a href=\"http:\/\/dgp.cnpq.br\/dgp\/espelhorh\/2281147550095036\">Interfaces L\u00edngua e Literatura<\/a><\/td>\n<\/tr>\n<tr>\n<td>Dr Edson Santos Silva<\/td>\n<td><a href=\"http:\/\/dgp.cnpq.br\/dgp\/espelhogrupo\/8321525622207591\">Estudos Liter\u00e1rios: teoria, cr\u00edtica e ensino<\/a><\/td>\n<\/tr>\n<tr>\n<td>Dr\u00aa L\u00eddia Stutz<\/td>\n<td><a href=\"http:\/\/dgp.cnpq.br\/dgp\/espelhogrupo\/8458521720239451\">G\u00eaneros textuais e pr\u00e1xis docente<\/a><br \/>\n<a href=\"http:\/\/dgp.cnpq.br\/dgp\/espelhogrupo\/5558526734767349\">Interfaces L\u00edngua e Literatura<\/a><br \/>\n<a href=\"http:\/\/dgp.cnpq.br\/dgp\/espelhogrupo\/0322576119665502\">Linguagem e Educa\u00e7\u00e3o<\/a><\/td>\n<\/tr>\n<tr>\n<td>Dr\u00aa Loremi Loregian Penkal<\/td>\n<td><a href=\"http:\/\/dgp.cnpq.br\/dgp\/espelhogrupo\/4186760305843197\">L\u00edngua, Hist\u00f3ria e Literatura Ucraniana<\/a><br \/>\n<a href=\"http:\/\/dgp.cnpq.br\/dgp\/espelhogrupo\/1224635504830812\">VARLINFE &#8211; Varia\u00e7\u00e3o Lingu\u00edstica de Fala Eslava<\/a><br \/>\n<a href=\"http:\/\/dgp.cnpq.br\/dgp\/espelhogrupo\/4317221004202527\">Varia\u00e7\u00e3o e mudan\u00e7a em portugu\u00eas &#8211; Varsul<\/a><\/td>\n<\/tr>\n<tr>\n<td>Dr\u00aa Luciane Baretta<\/td>\n<td><a href=\"http:\/\/dgp.cnpq.br\/dgp\/espelhogrupo\/5558526734767349\">Interfaces L\u00edngua e Literatura<br \/>\n<\/a><a href=\"http:\/\/dgp.cnpq.br\/dgp\/espelhogrupo\/8015608912212962\">L\u00edngua e Literaturas de l\u00edngua inglesa e suas interfaces com o ensino<br \/>\n<\/a><a href=\"http:\/\/dgp.cnpq.br\/dgp\/espelhogrupo\/8240783112607634\">Aquisi\u00e7\u00e3o, aprendizagem e processamento de primeira e segundas l\u00ednguas<\/a><\/td>\n<\/tr>\n<tr>\n<td>Dr\u00aa Luciane Trennephol da Costa<\/td>\n<td><a href=\"http:\/\/dgp.cnpq.br\/dgp\/espelhogrupo\/1224635504830812\">VARLINFE &#8211; Varia\u00e7\u00e3o Lingu\u00edstica de Fala Eslava<\/a><br \/>\n<a href=\"http:\/\/dgp.cnpq.br\/dgp\/espelhogrupo\/0632659090503293\">FAVO &#8211; Investiga\u00e7\u00f5es Ac\u00fasticas de Fala e Voz<\/a><\/td>\n<\/tr>\n<tr>\n<td>Dr\u00aa Maria Cleci Venturini<\/td>\n<td><a href=\"http:\/\/dgp.cnpq.br\/dgp\/espelhogrupo\/5974749838628574\">Estudos do Texto e do Discurso: entrela\u00e7amentos te\u00f3ricos e anal\u00edticos &#8211; GPTD<br \/>\n<\/a><a href=\"http:\/\/dgp.cnpq.br\/dgp\/espelhogrupo\/5558526734767349\">Interfaces L\u00edngua e Literatura<br \/>\n<\/a><a href=\"http:\/\/dgp.cnpq.br\/dgp\/espelhogrupo\/0994086208881337\">Linguagem, sentido e mem\u00f3ria<\/a><\/td>\n<\/tr>\n<tr>\n<td>Dr\u00aa Maria Salete Borba<\/td>\n<td><a href=\"http:\/\/dgp.cnpq.br\/dgp\/espelhogrupo\/5558526734767349\">Interfaces L\u00edngua e Literatura<br \/>\n<\/a><a href=\"http:\/\/dgp.cnpq.br\/dgp\/espelhogrupo\/9348912051700009\">Estudos de Po\u00e9ticas do Presente<\/a><\/td>\n<\/tr>\n<tr>\n<td>Dr\u00aa Nilc\u00e9ia Valdati<\/td>\n<td><a href=\"http:\/\/dgp.cnpq.br\/dgp\/espelhogrupo\/5558526734767349\">Interfaces L\u00edngua e Literatura<br \/>\n<\/a><a href=\"http:\/\/dgp.cnpq.br\/dgp\/espelhogrupo\/9348912051700009\">Estudos de Po\u00e9ticas do Presente<\/a><\/td>\n<\/tr>\n<tr>\n<td>Dr\u00aa N\u00edncia Cec\u00edlia Ribas Borges Teixeira<\/td>\n<td><a href=\"http:\/\/dgp.cnpq.br\/dgp\/espelhogrupo\/8627496394485269\">Conversas Latinas em Comunica\u00e7\u00e3o (CLC)<br \/>\n<\/a><a href=\"http:\/\/dgp.cnpq.br\/dgp\/espelhogrupo\/5097624875134335\">Literatura de Autoria Feminina Brasileira &#8211; LAFEB<br \/>\n<\/a><a href=\"http:\/\/dgp.cnpq.br\/dgp\/espelhogrupo\/5558526734767349\">Interfaces L\u00edngua e Literatura<\/a><a href=\"http:\/\/dgp.cnpq.br\/dgp\/espelhogrupo\/8627496394485269\"><br \/>\n<\/a><\/td>\n<\/tr>\n<tr>\n<td>Dr\u00aa Raquel Terezinha Rodrigues<\/td>\n<td><a href=\"http:\/\/dgp.cnpq.br\/dgp\/espelhogrupo\/5558526734767349\">Interfaces L\u00edngua e Literatura<\/a><br \/>\n<a href=\"http:\/\/dgp.cnpq.br\/dgp\/espelhogrupo\/1520992822756622\">Di\u00e1logos Liter\u00e1rios<\/a><\/td>\n<\/tr>\n<\/tbody>\n<\/table>\n<p>[\/vc_column_text][\/vc_column][\/vc_row]<\/p>\n<\/div>","protected":false},"excerpt":{"rendered":"<p>[vc_row][vc_column][vc_column_text] Docentes Grupos de Pesquisa Dr\u00aa Adenize Aparecida Franco Interfaces L\u00edngua e Literatura \u00a0Dr\u00aa C\u00e9lia Bassuma Fernandes Interfaces L\u00edngua e Literatura Estudos do Texto e do Discurso: entrela\u00e7amentos te\u00f3ricos e anal\u00edticos &#8211; GPTD \u00a0Dr\u00aa\u00a0Cibele Krause Lemke L\u00edngua, Hist\u00f3ria e Literatura Ucraniana L\u00edngua, Imigra\u00e7\u00e3o e Identidade Dr Cl\u00e1udio Jos\u00e9 de Almeida Mello Literatura e Educa\u00e7\u00e3o Interfaces [&hellip;]<\/p>\n","protected":false},"author":3,"featured_media":0,"parent":0,"menu_order":0,"comment_status":"open","ping_status":"open","template":"","meta":{"_exactmetrics_skip_tracking":false,"_exactmetrics_sitenote_active":false,"_exactmetrics_sitenote_note":"","_exactmetrics_sitenote_category":0,"footnotes":"","_links_to":"","_links_to_target":""},"class_list":["post-39","page","type-page","status-publish","hentry"],"_links":{"self":[{"href":"https:\/\/www3.unicentro.br\/ppgl\/wp-json\/wp\/v2\/pages\/39","targetHints":{"allow":["GET"]}}],"collection":[{"href":"https:\/\/www3.unicentro.br\/ppgl\/wp-json\/wp\/v2\/pages"}],"about":[{"href":"https:\/\/www3.unicentro.br\/ppgl\/wp-json\/wp\/v2\/types\/page"}],"author":[{"embeddable":true,"href":"https:\/\/www3.unicentro.br\/ppgl\/wp-json\/wp\/v2\/users\/3"}],"replies":[{"embeddable":true,"href":"https:\/\/www3.unicentro.br\/ppgl\/wp-json\/wp\/v2\/comments?post=39"}],"version-history":[{"count":0,"href":"https:\/\/www3.unicentro.br\/ppgl\/wp-json\/wp\/v2\/pages\/39\/revisions"}],"wp:attachment":[{"href":"https:\/\/www3.unicentro.br\/ppgl\/wp-json\/wp\/v2\/media?parent=39"}],"curies":[{"name":"wp","href":"https:\/\/api.w.org\/{rel}","templated":true}]}}