{"id":28,"date":"2015-08-03T00:00:00","date_gmt":"2015-08-03T03:00:00","guid":{"rendered":"https:\/\/www3.unicentro.br\/ppgl\/regulamentos\/"},"modified":"2021-12-16T08:38:57","modified_gmt":"2021-12-16T11:38:57","slug":"regulamentos","status":"publish","type":"page","link":"https:\/\/www3.unicentro.br\/ppgl\/regulamentos\/","title":{"rendered":"Regulamentos"},"content":{"rendered":"<p>&nbsp;<\/p>\n<ul>\n<li><a href=\"https:\/\/www3.unicentro.br\/ppgl\/wp-content\/uploads\/sites\/36\/2021\/12\/Resolucao-13-2021-Regulamento-PPGL-2.pdf\">Resolu\u00e7\u00e3o n\u00ba 13-PROPESP\/Unicentro 15\/12\/2021 &#8211; Regulamento do Programa de P\u00f3s-Gradua\u00e7\u00e3o em Letras &#8211; N\u00edveis Mestrado e Doutorado<\/a><\/li>\n<li><a href=\"http:\/\/www2.unicentro.br\/ppgl\/files\/2015\/08\/Regulamento_aprovado_2016.pdf\">Resolu\u00e7\u00e3o n\u00ba 39 &#8211; CEPE\/Unicentro 31\/10\/2016 &#8211; Regulamento do Programa de P\u00f3s Gradua\u00e7\u00e3o em Letras &#8211; N\u00edvel Mestrado<\/a><\/li>\n<li><a href=\"http:\/\/www.unicentro.br\/atos\/201106091030535451.pdf\">Resolu\u00e7\u00e3o n\u00ba 29 &#8211; CEPE\/Unicentro 01\/07\/2011 &#8211; Regulamento da P\u00f3s-Gradua\u00e7\u00e3o <em>Stricto Sensu<\/em> da UNICENTRO<\/a><\/li>\n<li><a href=\"https:\/\/www3.unicentro.br\/ppgl\/wp-content\/uploads\/sites\/36\/2021\/04\/Regulamento-Geral-PPG.pdf\">Resolua\u00e7\u00e3o n\u00ba 67 &#8211; CEPE\/Unicentro, de 18 de dezembro de 2020 &#8211; Regulamento da P\u00f3s-Gradu\u00e7\u00e3o <em>Stricto Sensu<\/em> da UNICENTRO<\/a><\/li>\n<li><a href=\"http:\/\/www2.unicentro.br\/ppgl\/files\/2015\/08\/Resolu\u00e7\u00e3o-n5-cad-unicentro2015-taxas-academicas.pdf\">Resolu\u00e7\u00e3o n\u00ba 05 &#8211; CAD\/Unicentro 07\/07\/2015 &#8211; Tabela de Taxas Acad\u00eamicas da UNICENTRO<\/a><\/li>\n<\/ul>\n","protected":false},"excerpt":{"rendered":"<p>&nbsp; Resolu\u00e7\u00e3o n\u00ba 13-PROPESP\/Unicentro 15\/12\/2021 &#8211; Regulamento do Programa de P\u00f3s-Gradua\u00e7\u00e3o em Letras &#8211; N\u00edveis Mestrado e Doutorado Resolu\u00e7\u00e3o n\u00ba 39 &#8211; CEPE\/Unicentro 31\/10\/2016 &#8211; Regulamento do Programa de P\u00f3s Gradua\u00e7\u00e3o em Letras &#8211; N\u00edvel Mestrado Resolu\u00e7\u00e3o n\u00ba 29 &#8211; CEPE\/Unicentro 01\/07\/2011 &#8211; Regulamento da P\u00f3s-Gradua\u00e7\u00e3o Stricto Sensu da UNICENTRO Resolua\u00e7\u00e3o n\u00ba 67 &#8211; CEPE\/Unicentro, [&hellip;]<\/p>\n","protected":false},"author":3,"featured_media":0,"parent":0,"menu_order":0,"comment_status":"open","ping_status":"open","template":"","meta":{"_exactmetrics_skip_tracking":false,"_exactmetrics_sitenote_active":false,"_exactmetrics_sitenote_note":"","_exactmetrics_sitenote_category":0,"footnotes":"","_links_to":"","_links_to_target":""},"class_list":["post-28","page","type-page","status-publish","hentry"],"_links":{"self":[{"href":"https:\/\/www3.unicentro.br\/ppgl\/wp-json\/wp\/v2\/pages\/28","targetHints":{"allow":["GET"]}}],"collection":[{"href":"https:\/\/www3.unicentro.br\/ppgl\/wp-json\/wp\/v2\/pages"}],"about":[{"href":"https:\/\/www3.unicentro.br\/ppgl\/wp-json\/wp\/v2\/types\/page"}],"author":[{"embeddable":true,"href":"https:\/\/www3.unicentro.br\/ppgl\/wp-json\/wp\/v2\/users\/3"}],"replies":[{"embeddable":true,"href":"https:\/\/www3.unicentro.br\/ppgl\/wp-json\/wp\/v2\/comments?post=28"}],"version-history":[{"count":0,"href":"https:\/\/www3.unicentro.br\/ppgl\/wp-json\/wp\/v2\/pages\/28\/revisions"}],"wp:attachment":[{"href":"https:\/\/www3.unicentro.br\/ppgl\/wp-json\/wp\/v2\/media?parent=28"}],"curies":[{"name":"wp","href":"https:\/\/api.w.org\/{rel}","templated":true}]}}