{"id":27,"date":"2015-08-03T00:00:00","date_gmt":"2015-08-03T03:00:00","guid":{"rendered":"https:\/\/www3.unicentro.br\/ppgl\/instrucoes-normativas\/"},"modified":"2026-03-06T14:35:18","modified_gmt":"2026-03-06T17:35:18","slug":"instrucoes-normativas","status":"publish","type":"page","link":"https:\/\/www3.unicentro.br\/ppgl\/instrucoes-normativas\/","title":{"rendered":"Instru\u00e7\u00f5es Normativas"},"content":{"rendered":"<div class=\"wpb-content-wrapper\"><p>[vc_row][vc_column][vc_column_text css=&#8221;&#8221;]<\/p>\n<ul>\n<li><a href=\"https:\/\/www3.unicentro.br\/ppgl\/wp-content\/uploads\/sites\/36\/2026\/03\/INSTRUCAO-NORMATIVA-2026.pdf\">Instru\u00e7\u00e3o Normativa n\u00ba 01\/2026 &#8211; PPGL\/UNICENTRO &#8211; Normas para distribui\u00e7\u00e3o, manuten\u00e7\u00e3o e ac\u00famulo de bolsas com atividade remunerada no \u00e2mbito do PPGL<\/a><\/li>\n<li><a href=\"https:\/\/www3.unicentro.br\/ppgl\/wp-content\/uploads\/sites\/36\/2025\/10\/IN-001-2025-Credenciamento-e-Recredenciamento-de-Docentes.pdf\">Instru\u00e7\u00e3o Normativa n\u00ba 001\/2025-PPGL\/UNICENTRO &#8211; Par\u00e2metros para Credenciamento e Recredenciamento de Docentes Permanentes no PPGL\/UNICENTRO\u00a0<\/a><\/li>\n<li><a href=\"https:\/\/www3.unicentro.br\/ppgl\/wp-content\/uploads\/sites\/36\/2024\/10\/IN-1-2024-Proficiencia-PPGL.pdf\">Instru\u00e7\u00e3o Normativa n\u00ba 01\/2024-PPGL\/UNICENTRO &#8211; Crit\u00e9rios para comprova\u00e7\u00e3o de Profici\u00eancia em L\u00edngua Estrangeira no PPGL\/UNICENTRO-PR \u00a0<\/a><\/li>\n<li><a href=\"https:\/\/www3.unicentro.br\/ppgl\/wp-content\/uploads\/sites\/36\/2024\/01\/IN03231.pdf\">Instru\u00e7\u00e3o Normativa n\u00ba 03\/2023 &#8211; PROPESP\/UNICENTRO &#8211; Institui a ado\u00e7\u00e3o de assinatura eletr\u00f4nica em ata de qualifica\u00e7\u00e3o e defesa (E-Protocolo)<\/a><\/li>\n<li><a href=\"https:\/\/www3.unicentro.br\/propesp\/wp-content\/uploads\/sites\/99\/2022\/07\/IN_03_22_PROPESP_Estabelece_procedimentos_para_a_realiza_o_de_bancas_62d173099a145.pdf\">Instru\u00e7\u00e3o Normativa n\u00ba 03\/2022-PROPESP\/UNICENTRO -Normas e procedimentos para a realiza\u00e7\u00e3o de bancas de defesa de disserta\u00e7\u00e3o, tese ou trabalho de conclus\u00e3o de forma remota<\/a><\/li>\n<li><a href=\"http:\/\/www2.unicentro.br\/ppgl\/files\/2015\/08\/Instru_o_Normativa_n_1_2014_PROPESP.pdf\">Instru\u00e7\u00e3o Normativa n\u00ba 01\/2014- PROPESP\/UNICENTRO &#8211; Normas para Confec\u00e7\u00e3o de Disserta\u00e7\u00f5es e Teses<\/a><\/li>\n<li><a href=\"https:\/\/www3.unicentro.br\/ppgl\/wp-content\/uploads\/sites\/36\/2023\/04\/IN-01.23-PROPESP-Estabelece-parametros-e-condicoes-para-comprovacao-de-proficiencia-em-lingua-estrangeira_versao-final.pdf\">Instru\u00e7\u00e3o Normativa 001\/2023- PROPESP\/UNICENTRO &#8211; Par\u00e2metros e condi\u00e7\u00f5es para comprova\u00e7\u00e3o de profici\u00eancia em l\u00edngua estrangeira, para os discentes de P\u00f3s-Gradua\u00e7\u00e3o <em>Stricto Sensu<\/em><\/a><\/li>\n<li><a href=\"http:\/\/www2.unicentro.br\/ppgl\/files\/2015\/08\/Est_gio_docente_2013.pdf\">Instru\u00e7\u00e3o Normativa n\u00ba 001\/2013 \u2013 PPGL\/UNICENTRO &#8211; Est\u00e1gio de Doc\u00eancia<\/a><\/li>\n<li><a href=\"https:\/\/www3.unicentro.br\/ppgl\/wp-content\/uploads\/sites\/36\/2023\/07\/INSTRUCAO-NORMATIVA-2-2023-Atualizada.pdf\">Instru\u00e7\u00e3o Normativa n\u00ba 002\/2023 &#8211; PPGL\/UNICENTRO &#8211; Atividades Complementares<\/a><\/li>\n<li><a href=\"https:\/\/www3.unicentro.br\/ppgl\/wp-content\/uploads\/sites\/36\/2023\/06\/INSTRUCAO-NORMATIVA-1-2023.pdf\">Instru\u00e7\u00e3o Normativa n\u00ba 001\/2023 &#8211; PPGL\/UNICENTRO &#8211; Estabelece crit\u00e9rios de an\u00e1lise para o Exame de Qualifica\u00e7\u00e3o de Mestrado e Doutorado do PPGL\/UNICENTRO<\/a><\/li>\n<li><a href=\"https:\/\/www3.unicentro.br\/ppgl\/wp-content\/uploads\/sites\/36\/2019\/11\/Instru\u00e7ao-Normativa-6.pdf\">Instru\u00e7\u00e3o Normativa n\u00ba 006\/2019 &#8211; PPGL\/UNICENTRO &#8211; Semin\u00e1rio Anual do Programa de Avalia\u00e7\u00e3o de P\u00f3s-Gradua\u00e7\u00e3o em Letras<\/a><\/li>\n<li><a href=\"https:\/\/www3.unicentro.br\/ppgl\/wp-content\/uploads\/sites\/36\/2021\/11\/Normativa-08.pdf\">Instru\u00e7\u00e3o Normativa n\u00ba 008\/2021 &#8211; PPGL\/UNICENTRO &#8211; Credenciamento, Recredenciamento e Descredenciamento<\/a><\/li>\n<\/ul>\n<p>[\/vc_column_text][\/vc_column][\/vc_row]<\/p>\n<\/div>","protected":false},"excerpt":{"rendered":"<p>[vc_row][vc_column][vc_column_text css=&#8221;&#8221;] Instru\u00e7\u00e3o Normativa n\u00ba 01\/2026 &#8211; PPGL\/UNICENTRO &#8211; Normas para distribui\u00e7\u00e3o, manuten\u00e7\u00e3o e ac\u00famulo de bolsas com atividade remunerada no \u00e2mbito do PPGL Instru\u00e7\u00e3o Normativa n\u00ba 001\/2025-PPGL\/UNICENTRO &#8211; Par\u00e2metros para Credenciamento e Recredenciamento de Docentes Permanentes no PPGL\/UNICENTRO\u00a0 Instru\u00e7\u00e3o Normativa n\u00ba 01\/2024-PPGL\/UNICENTRO &#8211; Crit\u00e9rios para comprova\u00e7\u00e3o de Profici\u00eancia em L\u00edngua Estrangeira no PPGL\/UNICENTRO-PR \u00a0 [&hellip;]<\/p>\n","protected":false},"author":3,"featured_media":0,"parent":0,"menu_order":0,"comment_status":"open","ping_status":"open","template":"","meta":{"_exactmetrics_skip_tracking":false,"_exactmetrics_sitenote_active":false,"_exactmetrics_sitenote_note":"","_exactmetrics_sitenote_category":0,"footnotes":"","_links_to":"","_links_to_target":""},"class_list":["post-27","page","type-page","status-publish","hentry"],"_links":{"self":[{"href":"https:\/\/www3.unicentro.br\/ppgl\/wp-json\/wp\/v2\/pages\/27","targetHints":{"allow":["GET"]}}],"collection":[{"href":"https:\/\/www3.unicentro.br\/ppgl\/wp-json\/wp\/v2\/pages"}],"about":[{"href":"https:\/\/www3.unicentro.br\/ppgl\/wp-json\/wp\/v2\/types\/page"}],"author":[{"embeddable":true,"href":"https:\/\/www3.unicentro.br\/ppgl\/wp-json\/wp\/v2\/users\/3"}],"replies":[{"embeddable":true,"href":"https:\/\/www3.unicentro.br\/ppgl\/wp-json\/wp\/v2\/comments?post=27"}],"version-history":[{"count":2,"href":"https:\/\/www3.unicentro.br\/ppgl\/wp-json\/wp\/v2\/pages\/27\/revisions"}],"predecessor-version":[{"id":5982,"href":"https:\/\/www3.unicentro.br\/ppgl\/wp-json\/wp\/v2\/pages\/27\/revisions\/5982"}],"wp:attachment":[{"href":"https:\/\/www3.unicentro.br\/ppgl\/wp-json\/wp\/v2\/media?parent=27"}],"curies":[{"name":"wp","href":"https:\/\/api.w.org\/{rel}","templated":true}]}}