{"id":25,"date":"2015-08-03T00:00:00","date_gmt":"2015-08-03T03:00:00","guid":{"rendered":"https:\/\/www3.unicentro.br\/ppgl\/coordenacao-colegiado-e-comissoes\/"},"modified":"2026-03-12T16:48:53","modified_gmt":"2026-03-12T19:48:53","slug":"coordenacao-colegiado-e-comissoes","status":"publish","type":"page","link":"https:\/\/www3.unicentro.br\/ppgl\/coordenacao-colegiado-e-comissoes\/","title":{"rendered":"Coordena\u00e7\u00e3o, Colegiado e Comiss\u00f5es"},"content":{"rendered":"<div class=\"wpb-content-wrapper\"><p>[vc_row][vc_column][vc_column_text css=&#8221;&#8221;]<\/p>\n<h4>Coordena\u00e7\u00e3o<\/h4>\n<h4><strong>Mandato 2025 &#8211; 2027<\/strong><\/h4>\n<p style=\"padding-left: 30px\"><strong>Prof\u00aa. Dr\u00aa. Nilc\u00e9ia Valdati<\/strong><br \/>\n<em>Coordenadora do Programa Mestrado em Letras<\/em><br \/>\nnvaldati@unicentro.br<\/p>\n<p style=\"padding-left: 30px\"><strong>Prof\u00aa. Dr\u00aa. Maria Cleci Venturini<\/strong><br \/>\n<em>Vice-coordenadora do Programa Mestrado em Letras<\/em><br \/>\nmariacleciventurini@gmail.com<\/p>\n<hr \/>\n<h4>Representante Discente<\/h4>\n<p><em>\u00a0 \u00a0 \u00a0 \u00a0 Doutorado:<\/em><\/p>\n<p style=\"padding-left: 30px\"><strong>Mariana Miranda M\u00e1ximo<br \/>\n<\/strong>marimaximo86@gmail.com<\/p>\n<p style=\"padding-left: 30px\"><em>Mestrado:<\/em><\/p>\n<p style=\"padding-left: 30px\"><strong>Saulo Semann<br \/>\n<\/strong>umrabula@gmail.com<\/p>\n<hr \/>\n<h4>Colegiado do PPGL<\/h4>\n<p style=\"padding-left: 30px\"><strong>Profa. Dra. Nilc\u00e9ia Valdati <\/strong>(<em>Presidente)<\/em><em><br \/>\n<\/em>nvaldati@unicentro.br<\/p>\n<p style=\"padding-left: 30px\"><strong>Profa. Dra. Maria Cleci Venturini <\/strong>(<em>Vice-presidente)<\/em><strong><br \/>\n<\/strong>mariacleciventurini@gmail.com<\/p>\n<p>(vig\u00eancia: de 1\u00ba de julho de 2025 a 30 de junho de 2027)<\/p>\n<p><strong>\u00a0Representantes docentes <\/strong>(de 1\u00ba de julho de 2025 a 30 de junho de 2027)<strong>:<\/strong><br \/>\n<strong>\u00a0a) Membros da Linha de Pesquisa \u201cLinguagens, Leitura, Interpreta\u00e7\u00e3o\u201d:<\/strong><br \/>\n<strong>\u00a0 \u00a0 \u00a01) Profa. Dra. Cibele Krause-Lemke; <\/strong>contato: cklemke@unicentro.br;<br \/>\n<strong>\u00a0 \u00a0 \u00a02) Profa. Dra. Luciane Baretta<\/strong>, contato: lbaretta@unicentro.br<br \/>\n<strong>\u00a0b) Membros da Linha de Pesquisa \u201cTexto, Mem\u00f3ria, Cultura\u201d:<\/strong><br \/>\n<strong>\u00a0 \u00a0 \u00a01) Profa. Dra. Loremi Loregian-Penkal<\/strong>, contato: llpenkal@unicentro.br;<br \/>\n<strong>\u00a0 \u00a0 \u00a02) Profa. Dra. N\u00edncia Cec\u00edlia Ribas Borges Teixeira,<\/strong> contato: nincia@unicentro.br<\/p>\n<p><strong>\u00a0Representantes discentes <\/strong>(de 1\u00ba de julho de 2025 a 30 de junho de 2026)<strong>:<\/strong><br \/>\n<strong>\u00a0a) Membro do curso de doutorado:<\/strong><br \/>\n<strong>\u00a0 \u00a0 \u00a0 1)Mariana Miranda M\u00e1ximo &#8211; <\/strong>marimaximo86@gmail.com<br \/>\n<strong>\u00a0<\/strong><strong>b) Membro do curso de mestrado:<\/strong><br \/>\n<strong>\u00a0 \u00a0 \u00a0 1) Saulo Semann &#8211; <\/strong>umrabula@gmail.com<\/p>\n<hr \/>\n<h4>Comiss\u00e3o de Sele\u00e7\u00e3o<\/h4>\n<p style=\"padding-left: 30px\"><strong>Profa. Dra. Nilc\u00e9ia Valdati<br \/>\n<\/strong><em>Presidente<br \/>\n<\/em>nvaldati@unicentro.br<\/p>\n<p style=\"padding-left: 30px\"><strong>Profa. Dra. Maria Cleci Venturini<br \/>\n<\/strong><em>Vice-presidente<br \/>\n<\/em>mariacleciventurini@gmail.com<\/p>\n<p><strong>\u00a0 \u00a0 \u00a0 \u00a0Profa. Dra. C\u00e9lia Bassuma Fernandes<br \/>\n<\/strong>\u00a0 \u00a0 \u00a0 \u00a0 bacelfer@hotmail.com<\/p>\n<p><strong>\u00a0 \u00a0 \u00a0 \u00a0Profa. Dra. Cibele Krause-Lemke<br \/>\n<\/strong>\u00a0 \u00a0 \u00a0 \u00a0 cklemke@unicentro.br<\/p>\n<p><strong>\u00a0 \u00a0 \u00a0 \u00a0Prof. Dr. Edson Santos Silva<br \/>\n<\/strong>\u00a0 \u00a0 \u00a0 \u00a0 edsonsilva@unicentro.br<\/p>\n<p style=\"padding-left: 30px\"><strong>Profa. Dra. N\u00edncia Cec\u00edlia Ribas Borges Teixeira<br \/>\n<\/strong>ninciaborgesteixeira@yahoo.com.br<\/p>\n<hr \/>\n<h4>Comiss\u00e3o de Bolsas<\/h4>\n<p style=\"padding-left: 30px\"><strong>Mandato 2025 &#8211; 2027<\/strong><\/p>\n<p style=\"padding-left: 30px\"><strong>Profa. Dra. Nilc\u00e9ia Valdati<br \/>\n<\/strong><em>Presidente<br \/>\n<\/em>nvaldati@unicentro.br<\/p>\n<p><strong>\u00a0 \u00a0 \u00a0 \u00a0 Profa. Dra. Maria Cleci Venturini<br \/>\n<\/strong><em>\u00a0 \u00a0 \u00a0 \u00a0 Vice-presidente<br \/>\n<\/em>\u00a0 \u00a0 \u00a0 \u00a0 mariacleciventurini@gmail.com<\/p>\n<p><strong>\u00a0 \u00a0 \u00a0 \u00a0 Prof. Dr. Andr\u00e9 Lu\u00eds Specht<br \/>\n<\/strong>\u00a0 \u00a0 \u00a0 \u00a0 alspecht@unicentro.br<\/p>\n<p><strong>\u00a0 \u00a0 \u00a0 \u00a0 <\/strong><strong>Prof. Dr. Gabriel Victor Rocha Pinezi<br \/>\n<\/strong>\u00a0 \u00a0 \u00a0 \u00a0 gabrielpinezi@gmail.com<\/p>\n<p><strong>\u00a0 \u00a0 \u00a0 \u00a0 Prof. Dr. Lucas Toledo de Andrade<br \/>\n<\/strong>\u00a0 \u00a0 \u00a0 \u00a0 \u00a0ltoledodeandrade@gmail.com<\/p>\n<p><strong>\u00a0 \u00a0 \u00a0 \u00a0 Prof. Dr. Pedro Leites Junior<br \/>\n<\/strong>\u00a0 \u00a0 \u00a0 \u00a0 pedroleitesjunior@gmail.com<\/p>\n<p><strong>\u00a0 \u00a0 \u00a0 \u00a0 <\/strong><strong>Prof. Dra. Renata Adriana de Souza<br \/>\n<\/strong>\u00a0 \u00a0 \u00a0 \u00a0 rasouza@unicentro.br<\/p>\n<p style=\"padding-left: 30px\"><strong>Prof. Dr. Saulo Gomes Thim\u00f3teo<br \/>\n<\/strong>saulo.thimoteo@uffs.edu.br<\/p>\n<hr \/>\n<h4>Comiss\u00e3o de Autoavalia\u00e7\u00e3o (de 1\u00ba de abril de 2025 a 31 de mar\u00e7o de 2026)<\/h4>\n<p>I- Representante da Pr\u00f3-Reitoria de Pesquisa e P\u00f3s-Gradua\u00e7\u00e3o:<\/p>\n<p><strong>Prof. Dr. Jackson Kawakami<\/strong><\/p>\n<p>II- Representantes dos docentes do PPG <em>Stricto Sensu<\/em> em Letras:<br \/>\n<strong>a) Prof\u00aa Luciane Baretta;<\/strong><br \/>\n<strong>b) Prof\u00aa Neide Garcia Pinheiro.<\/strong><\/p>\n<p>III- Representante dos agentes universit\u00e1rios:<\/p>\n<p><strong>Omar Ricieri Nunez Dalmaz<\/strong><\/p>\n<p>IV- Representante dos egressos do o PPG <em>Stricto Sensu<\/em> em Letras:<\/p>\n<p><strong>Amanda Padilha Pieta<\/strong><\/p>\n<p>V- Representante dos discentes do PPG <em>Stricto Sensu<\/em> em Letras:<br \/>\n<strong>Maxmillian Gomes Schreiner<\/strong><\/p>\n<p>VI- Representante da comunidade externa:<\/p>\n<p><strong>Maria Cl\u00e1udia Teixeira<\/strong><\/p>\n<hr \/>\n<h4>Comiss\u00e3o de Planejamento Estrat\u00e9gico<\/h4>\n<p style=\"padding-left: 30px\"><strong>Profa. Dra. Nilc\u00e9ia Valdati <\/strong>(<em>Presidente)<\/em><em><br \/>\n<\/em><strong>Profa. Dra. Maria Cleci Venturini <\/strong>(<em>Vice-presidente)<\/em><\/p>\n<p style=\"padding-left: 30px\"><strong>Profa. Dra. Loremi Loregian-Penkal <\/strong><em>(membro) <\/em><\/p>\n<p style=\"padding-left: 30px\"><strong>Profa. Dra.Luciane Baretta <\/strong><em>(membro)<\/em><\/p>\n<p><strong>\u00a0 \u00a0 \u00a0 \u00a0 Profa. Dra.Luciane Trennephol da Costa <\/strong><em>(membro)<\/em><\/p>\n<p>&nbsp;<\/p>\n<p>&nbsp;<\/p>\n<p>[\/vc_column_text][\/vc_column][\/vc_row]<\/p>\n<\/div>","protected":false},"excerpt":{"rendered":"<p>[vc_row][vc_column][vc_column_text css=&#8221;&#8221;] Coordena\u00e7\u00e3o Mandato 2025 &#8211; 2027 Prof\u00aa. Dr\u00aa. Nilc\u00e9ia Valdati Coordenadora do Programa Mestrado em Letras nvaldati@unicentro.br Prof\u00aa. Dr\u00aa. Maria Cleci Venturini Vice-coordenadora do Programa Mestrado em Letras mariacleciventurini@gmail.com Representante Discente \u00a0 \u00a0 \u00a0 \u00a0 Doutorado: Mariana Miranda M\u00e1ximo marimaximo86@gmail.com Mestrado: Saulo Semann umrabula@gmail.com Colegiado do PPGL Profa. Dra. Nilc\u00e9ia Valdati (Presidente) nvaldati@unicentro.br Profa. [&hellip;]<\/p>\n","protected":false},"author":3,"featured_media":0,"parent":0,"menu_order":0,"comment_status":"closed","ping_status":"closed","template":"","meta":{"_exactmetrics_skip_tracking":false,"_exactmetrics_sitenote_active":false,"_exactmetrics_sitenote_note":"","_exactmetrics_sitenote_category":0,"footnotes":"","_links_to":"","_links_to_target":""},"class_list":["post-25","page","type-page","status-publish","hentry"],"_links":{"self":[{"href":"https:\/\/www3.unicentro.br\/ppgl\/wp-json\/wp\/v2\/pages\/25","targetHints":{"allow":["GET"]}}],"collection":[{"href":"https:\/\/www3.unicentro.br\/ppgl\/wp-json\/wp\/v2\/pages"}],"about":[{"href":"https:\/\/www3.unicentro.br\/ppgl\/wp-json\/wp\/v2\/types\/page"}],"author":[{"embeddable":true,"href":"https:\/\/www3.unicentro.br\/ppgl\/wp-json\/wp\/v2\/users\/3"}],"replies":[{"embeddable":true,"href":"https:\/\/www3.unicentro.br\/ppgl\/wp-json\/wp\/v2\/comments?post=25"}],"version-history":[{"count":3,"href":"https:\/\/www3.unicentro.br\/ppgl\/wp-json\/wp\/v2\/pages\/25\/revisions"}],"predecessor-version":[{"id":6021,"href":"https:\/\/www3.unicentro.br\/ppgl\/wp-json\/wp\/v2\/pages\/25\/revisions\/6021"}],"wp:attachment":[{"href":"https:\/\/www3.unicentro.br\/ppgl\/wp-json\/wp\/v2\/media?parent=25"}],"curies":[{"name":"wp","href":"https:\/\/api.w.org\/{rel}","templated":true}]}}