{"id":24,"date":"2015-08-03T00:00:00","date_gmt":"2015-08-03T03:00:00","guid":{"rendered":"https:\/\/www3.unicentro.br\/ppgl\/corpo-docente\/"},"modified":"2025-12-17T15:18:56","modified_gmt":"2025-12-17T18:18:56","slug":"corpo-docente","status":"publish","type":"page","link":"https:\/\/www3.unicentro.br\/ppgl\/corpo-docente\/","title":{"rendered":"Corpo Docente"},"content":{"rendered":"<div class=\"wpb-content-wrapper\"><p>[vc_row][vc_column css_animation=&#8221;zoomIn&#8221;][vc_column_text css_animation=&#8221;bounceInUp&#8221; css=&#8221;.vc_custom_1656959005550{border-radius: 4px !important;}&#8221;]<\/p>\n<p style=\"text-align: center\"><a href=\"https:\/\/www3.unicentro.br\/ppgl\/2022\/07\/04\/pesquisadores-ppgl\/\"><span style=\"font-size: 14pt;color: #ff9900\"><strong><span style=\"color: #ff0000\"><span style=\"font-size: 18pt\">\u21d2<\/span> <span style=\"text-decoration: underline\"><span style=\"color: #ff6600;text-decoration: underline\">Conhe\u00e7a os pesquisadores do PPGL<\/span><\/span> <span style=\"font-size: 18pt\">\u21d0<\/span><\/span><\/strong><\/span><\/a><\/p>\n<p>[\/vc_column_text][vc_column_text css=&#8221;&#8221;]<\/p>\n<table style=\"height: 1474px;width: 100%\" cellspacing=\"0\" cellpadding=\"8\" align=\"center\">\n<tbody>\n<tr style=\"height: 48px\">\n<td style=\"height: 48px;width: 45.2151%\" valign=\"middle\"><strong>DOCENTES PERMANENTES<\/strong><\/td>\n<td style=\"height: 48px;width: 28.5713%\" valign=\"middle\"><strong>E-MAIL<\/strong><\/td>\n<td style=\"height: 48px;width: 25.9362%\" valign=\"middle\"><strong>CURR\u00cdCULO LATTES<\/strong><\/td>\n<\/tr>\n<tr>\n<td style=\"width: 45.2151%\">Andr\u00e9 Lu\u00eds Specht<\/td>\n<td style=\"width: 28.5713%\">alspecht@unicentro.br<\/td>\n<td style=\"width: 25.9362%\">\n<p align=\"center\">[ <a href=\"https:\/\/lattes.cnpq.br\/7094006805819586\" target=\"_blank\" rel=\"noopener noreferrer\">Curr\u00edculo Lattes<\/a> ]<\/p>\n<\/td>\n<\/tr>\n<tr style=\"height: 56px\">\n<td style=\"height: 56px;width: 45.2151%\" valign=\"middle\">C\u00e9lia Bassuma Fernandes<\/td>\n<td style=\"height: 56px;width: 28.5713%\" valign=\"middle\">bacelfer@hotmail.com<\/td>\n<td style=\"height: 56px;width: 25.9362%\" valign=\"middle\">\n<p align=\"center\">[ <a href=\"http:\/\/buscatextual.cnpq.br\/buscatextual\/visualizacv.do?id=K4739306J1\" target=\"_blank\" rel=\"noopener noreferrer\">Curr\u00edculo Lattes<\/a> ]<\/p>\n<\/td>\n<\/tr>\n<tr style=\"height: 56px\">\n<td style=\"height: 56px;width: 45.2151%\" valign=\"middle\">Cibele Krause-Lemke<\/td>\n<td style=\"height: 56px;width: 28.5713%\" valign=\"middle\">cibelekl@gmail.com<\/td>\n<td style=\"height: 56px;width: 25.9362%\" valign=\"middle\">\n<p align=\"center\">[<a href=\"http:\/\/lattes.cnpq.br\/6827638510072708\"> Curr\u00edculo Lattes<\/a> ]<\/p>\n<\/td>\n<\/tr>\n<tr style=\"height: 56px\">\n<td style=\"width: 45.2151%;height: 56px\">Claudia Maris Tullio<\/td>\n<td style=\"width: 28.5713%;height: 56px\">claudiamaris@unicentro.br<\/td>\n<td style=\"width: 25.9362%;height: 56px\">\n<p align=\"center\"><span class=\"s4\" style=\"color: #000000\">[ <a href=\"http:\/\/lattes.cnpq.br\/9417865332945400\" target=\"_blank\" rel=\"noopener noreferrer\">Curr\u00edculo Lattes<\/a> ]<\/span><\/p>\n<\/td>\n<\/tr>\n<tr style=\"height: 56px\">\n<td style=\"height: 56px;width: 45.2151%\" valign=\"middle\">Cristiane Malinoski Pianaro Angelo<\/td>\n<td style=\"height: 56px;width: 28.5713%\" valign=\"middle\">cristiane.mpa@gmail.com<\/td>\n<td style=\"height: 56px;width: 25.9362%\" valign=\"middle\">\n<p align=\"center\">[ <a href=\"http:\/\/lattes.cnpq.br\/3063731236262817\">Curr\u00edculo Lattes<\/a> ]<\/p>\n<\/td>\n<\/tr>\n<tr style=\"height: 56px\">\n<td style=\"height: 56px;width: 45.2151%\" valign=\"middle\">Denise Gabriel Witzel<\/td>\n<td style=\"height: 56px;width: 28.5713%\" valign=\"middle\">witzeldg@gmail.com<\/td>\n<td style=\"height: 56px;width: 25.9362%\" valign=\"middle\">\n<p align=\"center\">[ <a href=\"http:\/\/buscatextual.cnpq.br\/buscatextual\/visualizacv.do?id=K4707230Y9\" target=\"_blank\" rel=\"noopener noreferrer\">Curr\u00edculo Lattes<\/a> ]<\/p>\n<\/td>\n<\/tr>\n<tr style=\"height: 56px\">\n<td style=\"height: 56px;width: 45.2151%\" valign=\"middle\">Edson Santos Silva<\/td>\n<td style=\"height: 56px;width: 28.5713%\" valign=\"middle\">\u00a0jeremoabo21@gmail.com<\/td>\n<td style=\"height: 56px;width: 25.9362%\" valign=\"middle\">\n<p align=\"center\">[\u00a0<a href=\"http:\/\/lattes.cnpq.br\/2855415041274093\">Curr\u00edculo Lattes<\/a>\u00a0]<\/p>\n<\/td>\n<\/tr>\n<tr style=\"height: 56px\">\n<td style=\"height: 56px;width: 45.2151%\">Gabriel Victor Rocha Pinezi<\/td>\n<td style=\"height: 56px;width: 28.5713%\">gabrielpinezi@gmail.com<\/td>\n<td style=\"height: 56px;width: 25.9362%\">\n<p align=\"center\">[ <a href=\"http:\/\/lattes.cnpq.br\/0277858761272309\">Curr\u00edculo Lattes<\/a> ]<\/p>\n<\/td>\n<\/tr>\n<tr style=\"height: 56px\">\n<td style=\"height: 56px;width: 45.2151%\" valign=\"middle\">Loremi Loregian-Penkal<\/td>\n<td style=\"height: 56px;width: 28.5713%\" valign=\"middle\">loremi.loregian@gmail.com<\/td>\n<td style=\"height: 56px;width: 25.9362%\" valign=\"middle\">\n<p align=\"center\">[ <a href=\"http:\/\/buscatextual.cnpq.br\/buscatextual\/visualizacv.do?id=E945056\" target=\"_blank\" rel=\"noopener noreferrer\">Curr\u00edculo Lattes<\/a> ]<\/p>\n<\/td>\n<\/tr>\n<tr>\n<td style=\"width: 45.2151%\">Lucas Toledo de Andrade<\/td>\n<td style=\"width: 28.5713%\">ltoledodeandrade@gmail.com<\/td>\n<td style=\"width: 25.9362%\">\n<p align=\"center\">[ <a href=\"http:\/\/lattes.cnpq.br\/0329201436751302\" target=\"_blank\" rel=\"noopener noreferrer\">Curr\u00edculo Lattes<\/a> ]<\/p>\n<\/td>\n<\/tr>\n<tr style=\"height: 56px\">\n<td style=\"height: 56px;width: 45.2151%\" valign=\"middle\">Luciane Baretta<\/td>\n<td style=\"height: 56px;width: 28.5713%\" valign=\"middle\">barettaluciane@gmail.com<\/td>\n<td style=\"height: 56px;width: 25.9362%\" valign=\"middle\">\n<p align=\"center\">[ <a href=\"http:\/\/buscatextual.cnpq.br\/buscatextual\/visualizacv.do?id=K4798028P3\" target=\"_blank\" rel=\"noopener noreferrer\">Curr\u00edculo Lattes<\/a>\u00a0]<\/p>\n<\/td>\n<\/tr>\n<tr style=\"height: 56px\">\n<td style=\"height: 56px;width: 45.2151%\" valign=\"middle\">Luciane Trennephol da Costa<\/td>\n<td style=\"height: 56px;width: 28.5713%\" valign=\"middle\">luciane.tcosta@yahoo.com.br<\/td>\n<td style=\"height: 56px;width: 25.9362%\" valign=\"middle\">\n<p align=\"center\">[ <a href=\"http:\/\/lattes.cnpq.br\/0019182505248618\">Curr\u00edculo Lattes<\/a> ]<\/p>\n<\/td>\n<\/tr>\n<tr style=\"height: 56px\">\n<td style=\"height: 56px;width: 45.2151%\" valign=\"middle\">Maria Cleci Venturini<\/td>\n<td style=\"height: 56px;width: 28.5713%\" valign=\"middle\">mariacleciventurini@gmail.com<\/td>\n<td style=\"height: 56px;width: 25.9362%\" valign=\"middle\">\n<p align=\"center\">[ <a href=\"http:\/\/buscatextual.cnpq.br\/buscatextual\/visualizacv.do?id=K4750335H0\" target=\"_blank\" rel=\"noopener noreferrer\">Curr\u00edculo Lattes<\/a> ]<\/p>\n<\/td>\n<\/tr>\n<tr style=\"height: 56px\">\n<td style=\"height: 56px;width: 45.2151%\" valign=\"middle\">Neide Garcia Pinheiro<\/td>\n<td style=\"height: 56px;width: 28.5713%\" valign=\"middle\">neidinha_2005@hotmail.com<\/td>\n<td style=\"height: 56px;width: 25.9362%\" valign=\"middle\">\n<p align=\"center\">[ <a href=\"http:\/\/buscatextual.cnpq.br\/buscatextual\/visualizacv.do?id=K4756888J9&amp;tokenCaptchar=03AHaCkAZDX7iLFSGsQt7Z2inBUVCwzbujnBDAHScJFKcJatltrhWQ6Rxleo47vtXDIIMf10x2e2l_NYnllNtWpiVeTzrirgHML7Y9GKEUM_O7QXAVxCRX-sLPNplHmp3l6SoT1FWyyqOxTiOglvXXvHBuY7tXq5WYLc1Rd65F9GJduFCg7FtDcmIMlXXuTGJNzqlenNYRD5o5vET_MQX-py9A4KjLT_gx0g1ed3uk756hhXb57h-WqB4Dq5NPb3XUuaTJdBaDBInpyO65XwHlGbgdTA8ogktx1mnaQGyXeX0wmYO-BOmB74oMDmWpHFEjTtozOe1FARh-mfnPY6h7DOJ_jNH9D-Zzbdd857f18loAEY2ipt-_8phIPs-gOejrjgonbvA48qDFDU9zhzE_RDdlOZLeYMkU2Y8qWJVu18YbBQ0OhgdCFZ6EDFCYZrixRoqVFtE8pe3EuXLZsABsKaeZFV878KInnQ\">Curr\u00edculo Lattes<\/a> ]<\/p>\n<\/td>\n<\/tr>\n<tr style=\"height: 56px\">\n<td style=\"height: 56px;width: 45.2151%\" valign=\"middle\">Nilc\u00e9ia Valdati<\/td>\n<td style=\"height: 56px;width: 28.5713%\" valign=\"middle\">valdati@gmail.com<\/td>\n<td style=\"height: 56px;width: 25.9362%\" valign=\"middle\">\n<p align=\"center\">[ <a href=\"http:\/\/lattes.cnpq.br\/3535139037449628\">Curr\u00edculo Lattes <\/a>]<\/p>\n<\/td>\n<\/tr>\n<tr style=\"height: 56px\">\n<td style=\"height: 56px;width: 45.2151%\" valign=\"middle\">N\u00edncia Cec\u00edlia Ribas Borges Teixeira<\/td>\n<td style=\"height: 56px;width: 28.5713%\" valign=\"middle\">ninciaborgesteixeira@yahoo.com.br<\/td>\n<td style=\"height: 56px;width: 25.9362%\" valign=\"middle\">\n<p align=\"center\"><span class=\"s4\" style=\"color: #000000\">[ <a href=\"http:\/\/buscatextual.cnpq.br\/buscatextual\/visualizacv.do?id=K4707353U1\" target=\"_blank\" rel=\"noopener noreferrer\">Curr\u00edculo Lattes<\/a> ]<\/span><\/p>\n<\/td>\n<\/tr>\n<tr>\n<td style=\"width: 45.2151%\">Pedro Leites Junior<\/td>\n<td style=\"width: 28.5713%\">pedroleitesjunior@gmail.com<\/td>\n<td style=\"width: 25.9362%\">\n<p align=\"center\"><span class=\"s4\" style=\"color: #000000\">[ <a href=\"http:\/\/lattes.cnpq.br\/0312276806206560\" target=\"_blank\" rel=\"noopener noreferrer\">Curr\u00edculo Lattes<\/a> ]<\/span><\/p>\n<\/td>\n<\/tr>\n<tr style=\"height: 56px\">\n<td style=\"width: 45.2151%;height: 56px\">Renata Adriana de Souza<\/td>\n<td style=\"width: 28.5713%;height: 56px\">rasouza@unicentro.br<\/td>\n<td style=\"width: 25.9362%;height: 56px\">\n<p align=\"center\"><span class=\"s4\" style=\"color: #000000\">[ <a href=\"http:\/\/lattes.cnpq.br\/1761740888737322\" target=\"_blank\" rel=\"noopener noreferrer\">Curr\u00edculo Lattes<\/a> ]<\/span><\/p>\n<\/td>\n<\/tr>\n<tr style=\"height: 56px\">\n<td style=\"height: 56px;width: 45.2151%\">Saulo Gomes Thim\u00f3teo<\/td>\n<td style=\"height: 56px;width: 28.5713%\">saulo.thimoteo@uffs.edu.br<\/td>\n<td style=\"height: 56px;width: 25.9362%\">\n<p align=\"center\"><span class=\"s4\" style=\"color: #000000\">[ <a href=\"http:\/\/lattes.cnpq.br\/4420031367303105\" target=\"_blank\" rel=\"noopener noreferrer\">Curr\u00edculo Lattes<\/a> ]<\/span><\/p>\n<\/td>\n<\/tr>\n<tr style=\"height: 56px\">\n<td style=\"width: 45.2151%;height: 56px\">Susana Celia Leandro Scramim<\/td>\n<td style=\"width: 28.5713%;height: 56px\">sscramim@uol.com.br<\/td>\n<td style=\"width: 25.9362%;height: 56px\">\n<p align=\"center\"><span class=\"s4\" style=\"color: #000000\">[ <a href=\"http:\/\/lattes.cnpq.br\/6591761281867711\" target=\"_blank\" rel=\"noopener noreferrer\">Curr\u00edculo Lattes<\/a> ]<\/span><\/p>\n<\/td>\n<\/tr>\n<tr>\n<td style=\"width: 45.2151%\">Valdir Olivo Junior<\/td>\n<td style=\"width: 28.5713%\">volivo@unicentro.br<\/td>\n<td style=\"width: 25.9362%\">\n<p align=\"center\"><span class=\"s4\" style=\"color: #000000\">[ <a href=\"https:\/\/lattes.cnpq.br\/8829988618337240\" target=\"_blank\" rel=\"noopener noreferrer\">Curr\u00edculo Lattes<\/a> ]<\/span><\/p>\n<\/td>\n<\/tr>\n<tr style=\"height: 24px\">\n<td style=\"width: 45.2151%;height: 24px\" valign=\"middle\"><\/td>\n<td style=\"width: 28.5713%;height: 24px\" valign=\"middle\"><\/td>\n<td style=\"width: 25.9362%;height: 24px\" valign=\"middle\"><\/td>\n<\/tr>\n<tr style=\"height: 24px\">\n<td style=\"width: 45.2151%;height: 24px\" valign=\"middle\"><strong>DOCENTES COLABORADORES<\/strong><\/td>\n<td style=\"width: 28.5713%;height: 24px\" valign=\"middle\"><strong>E-MAIL<\/strong><\/td>\n<td style=\"width: 25.9362%;height: 24px\" valign=\"middle\"><strong>CURR\u00cdCULO LATTES<\/strong><\/td>\n<\/tr>\n<tr style=\"height: 56px\">\n<td style=\"height: 56px;width: 45.2151%\" valign=\"middle\">Cl\u00e1udio Jos\u00e9 de Almeida Mello<\/td>\n<td style=\"height: 56px;width: 28.5713%\" valign=\"middle\">claudiomello@unicentro.br<\/td>\n<td style=\"height: 56px;width: 25.9362%\" valign=\"middle\">\n<p align=\"center\">[ <a href=\"http:\/\/buscatextual.cnpq.br\/buscatextual\/visualizacv.do?id=K4739322D7\" target=\"_blank\" rel=\"noopener noreferrer\">Curr\u00edculo Lattes<\/a> ]<\/p>\n<\/td>\n<\/tr>\n<tr style=\"height: 24px\">\n<td style=\"width: 45.2151%;height: 24px\" valign=\"middle\"><strong>P\u00d3S-DOUTORANDOS (em est\u00e1gio p\u00f3s-doc no PPGL)<\/strong><\/td>\n<td style=\"width: 28.5713%;height: 24px\" valign=\"middle\"><strong>E-MAIL<\/strong><\/td>\n<td style=\"width: 25.9362%;height: 24px\" valign=\"middle\"><strong>CURR\u00cdCULO LATTES<\/strong><\/td>\n<\/tr>\n<tr style=\"height: 56px\">\n<td style=\"width: 45.2151%;height: 56px\">Felipe Soares (Bolsista P\u00f3s-Doc)<\/td>\n<td style=\"width: 28.5713%;height: 56px\">felipesoeirofelipe@gmail.com<\/td>\n<td style=\"width: 25.9362%;height: 56px;text-align: center\"><span class=\"s4\" style=\"color: #000000\"><a href=\"http:\/\/lattes.cnpq.br\/3314833135811743\">[ Curr\u00edculo Lattes ]<\/a><\/span><\/td>\n<\/tr>\n<\/tbody>\n<\/table>\n<p>[\/vc_column_text][\/vc_column][\/vc_row][vc_row][vc_column][\/vc_column][\/vc_row]<\/p>\n<\/div>","protected":false},"excerpt":{"rendered":"<p>[vc_row][vc_column css_animation=&#8221;zoomIn&#8221;][vc_column_text css_animation=&#8221;bounceInUp&#8221; css=&#8221;.vc_custom_1656959005550{border-radius: 4px !important;}&#8221;] \u21d2 Conhe\u00e7a os pesquisadores do PPGL \u21d0 [\/vc_column_text][vc_column_text css=&#8221;&#8221;] DOCENTES PERMANENTES E-MAIL CURR\u00cdCULO LATTES Andr\u00e9 Lu\u00eds Specht alspecht@unicentro.br [ Curr\u00edculo Lattes ] C\u00e9lia Bassuma Fernandes bacelfer@hotmail.com [ Curr\u00edculo Lattes ] Cibele Krause-Lemke cibelekl@gmail.com [ Curr\u00edculo Lattes ] Claudia Maris Tullio claudiamaris@unicentro.br [ Curr\u00edculo Lattes ] Cristiane Malinoski Pianaro Angelo [&hellip;]<\/p>\n","protected":false},"author":3,"featured_media":0,"parent":0,"menu_order":0,"comment_status":"open","ping_status":"open","template":"","meta":{"_exactmetrics_skip_tracking":false,"_exactmetrics_sitenote_active":false,"_exactmetrics_sitenote_note":"","_exactmetrics_sitenote_category":0,"footnotes":"","_links_to":"","_links_to_target":""},"class_list":["post-24","page","type-page","status-publish","hentry"],"_links":{"self":[{"href":"https:\/\/www3.unicentro.br\/ppgl\/wp-json\/wp\/v2\/pages\/24","targetHints":{"allow":["GET"]}}],"collection":[{"href":"https:\/\/www3.unicentro.br\/ppgl\/wp-json\/wp\/v2\/pages"}],"about":[{"href":"https:\/\/www3.unicentro.br\/ppgl\/wp-json\/wp\/v2\/types\/page"}],"author":[{"embeddable":true,"href":"https:\/\/www3.unicentro.br\/ppgl\/wp-json\/wp\/v2\/users\/3"}],"replies":[{"embeddable":true,"href":"https:\/\/www3.unicentro.br\/ppgl\/wp-json\/wp\/v2\/comments?post=24"}],"version-history":[{"count":1,"href":"https:\/\/www3.unicentro.br\/ppgl\/wp-json\/wp\/v2\/pages\/24\/revisions"}],"predecessor-version":[{"id":5784,"href":"https:\/\/www3.unicentro.br\/ppgl\/wp-json\/wp\/v2\/pages\/24\/revisions\/5784"}],"wp:attachment":[{"href":"https:\/\/www3.unicentro.br\/ppgl\/wp-json\/wp\/v2\/media?parent=24"}],"curies":[{"name":"wp","href":"https:\/\/api.w.org\/{rel}","templated":true}]}}