{"id":23,"date":"2015-08-03T00:00:00","date_gmt":"2015-08-03T03:00:00","guid":{"rendered":"https:\/\/www3.unicentro.br\/ppgl\/disciplinas\/"},"modified":"2023-11-24T10:26:34","modified_gmt":"2023-11-24T13:26:34","slug":"disciplinas","status":"publish","type":"page","link":"https:\/\/www3.unicentro.br\/ppgl\/disciplinas\/","title":{"rendered":"Disciplinas"},"content":{"rendered":"<div class=\"wpb-content-wrapper\"><p>[vc_row][vc_column][vc_column_text]<\/p>\n<h3><span style=\"font-size: 12pt;color: #000000\"><strong>Obrigat\u00f3rias Doutorado<\/strong><\/span><\/h3>\n<table style=\"height: 240px;width: 92.3651%\" width=\"756\" align=\"center\">\n<tbody>\n<tr style=\"height: 48px\">\n<td style=\"width: 10.9303%;height: 48px\"><strong>\u00a0 \u00a0C\u00f3digo<br \/>\n<\/strong><\/td>\n<td style=\"text-align: center;width: 66.6719%;height: 48px\"><strong>\u00a0Disciplinas\u00a0 \/ Ementas<\/strong><\/td>\n<td style=\"text-align: center;width: 10.9354%;height: 48px\"><strong>\u00a0Cr\u00e9ditos\u00a0<\/strong><\/td>\n<td style=\"text-align: center;width: 9.88142%;height: 48px\"><strong>Carga Hor\u00e1ria\u00a0<\/strong><\/td>\n<\/tr>\n<tr style=\"height: 48px\">\n<td style=\"text-align: center;width: 10.9303%;height: 48px\">DLE-101<\/td>\n<td style=\"width: 66.6719%;height: 48px\"><a href=\"https:\/\/www3.unicentro.br\/ppgl\/wp-content\/uploads\/sites\/36\/2021\/03\/Conceitos-e-Objetos-de-Investigacao-na-interface-entre-Lingua-e-Literatura-1.pdf\">CONCEITOS E OBJETOS DE INVESTIGA\u00c7\u00c3O NA INTERFACE ENTRE L\u00cdNGUA E LITERATURA<\/a><\/td>\n<td style=\"text-align: center;width: 10.9354%;height: 48px\">04<\/td>\n<td style=\"text-align: center;width: 9.88142%;height: 48px\">60 h\/a<\/td>\n<\/tr>\n<tr>\n<td style=\"text-align: center;width: 10.9303%\">DLE-118<\/td>\n<td style=\"width: 66.6719%\"><a href=\"https:\/\/www3.unicentro.br\/ppgl\/wp-content\/uploads\/sites\/36\/2019\/07\/Mem\u00f3ria-leitura-e-pr\u00e1ticas-liter\u00e1rias.pdf\">MEM\u00d3RIA, LEITURA E PR\u00c1TICAS LITER\u00c1RIAS<\/a><\/td>\n<td style=\"text-align: center;width: 10.9354%\">04<\/td>\n<td style=\"text-align: center;width: 9.88142%\">60 h\/a<\/td>\n<\/tr>\n<tr style=\"height: 24px\">\n<td style=\"text-align: center;width: 10.9303%;height: 24px\">DLE-106<\/td>\n<td style=\"width: 66.6719%;height: 24px\"><a href=\"https:\/\/www3.unicentro.br\/ppgl\/wp-content\/uploads\/sites\/36\/2021\/03\/Disciplina-obrigatoria-Seminario-de-Tese-I.pdf\">SEMIN\u00c1RIO DE TESE I<\/a><\/td>\n<td style=\"text-align: center;width: 10.9354%;height: 24px\">02<\/td>\n<td style=\"text-align: center;width: 9.88142%;height: 24px\">30h\/a<\/td>\n<\/tr>\n<tr style=\"height: 24px\">\n<td style=\"text-align: center;width: 10.9303%;height: 24px\">DLE-107<\/td>\n<td style=\"width: 66.6719%;height: 24px\"><a href=\"https:\/\/www3.unicentro.br\/ppgl\/wp-content\/uploads\/sites\/36\/2021\/03\/Disciplina-obrigatoria-Seminario-de-tese-II.pdf\">SEMIN\u00c1RIO DE TESE II<\/a><\/td>\n<td style=\"text-align: center;width: 10.9354%;height: 24px\">02<\/td>\n<td style=\"text-align: center;width: 9.88142%;height: 24px\">30h\/a<\/td>\n<\/tr>\n<tr style=\"height: 24px\">\n<td style=\"text-align: center;width: 10.9303%;height: 24px\">DLE-108<\/td>\n<td style=\"width: 66.6719%;height: 24px\"><a href=\"https:\/\/www3.unicentro.br\/ppgl\/wp-content\/uploads\/sites\/36\/2021\/03\/Disciplina-obrigatoria-Seminario-de-tese-III.pdf\">SEMIN\u00c1RIO DE TESE III<\/a><\/td>\n<td style=\"text-align: center;width: 10.9354%;height: 24px\">02<\/td>\n<td style=\"text-align: center;width: 9.88142%;height: 24px\">30h\/a<\/td>\n<\/tr>\n<tr style=\"height: 24px\">\n<td style=\"text-align: center;width: 10.9303%;height: 24px\">DLE-109<\/td>\n<td style=\"width: 66.6719%;height: 24px\"><a href=\"https:\/\/www3.unicentro.br\/ppgl\/wp-content\/uploads\/sites\/36\/2021\/03\/Disciplina-obrigatoria-Seminario-de-Tese-IV.pdf\">SEMIN\u00c1RIO DE TESE IV<\/a><\/td>\n<td style=\"text-align: center;width: 10.9354%;height: 24px\">02<\/td>\n<td style=\"text-align: center;width: 9.88142%;height: 24px\">30h\/a<\/td>\n<\/tr>\n<\/tbody>\n<\/table>\n<h3><span style=\"font-size: 12pt;color: #000000\"><strong>Obrigat\u00f3rias Mestrado e Doutorado<\/strong><\/span><\/h3>\n<table style=\"height: 137px\" width=\"756\" align=\"center\">\n<tbody>\n<tr>\n<td><strong>\u00a0 \u00a0C\u00f3digo<br \/>\n<\/strong><\/td>\n<td style=\"text-align: center\"><strong>\u00a0Disciplinas\u00a0 \/ Ementas<\/strong><\/td>\n<td style=\"text-align: center\"><strong>\u00a0Cr\u00e9ditos\u00a0<\/strong><\/td>\n<td style=\"text-align: center\"><strong>Carga Hor\u00e1ria\u00a0<\/strong><\/td>\n<\/tr>\n<tr>\n<td>MLE-101<\/p>\n<p>DLE-110<\/td>\n<td><a href=\"https:\/\/www3.unicentro.br\/ppgl\/wp-content\/uploads\/sites\/36\/2019\/07\/Estudos-Comparativos-L\u00edngua-Literatura-e-suas-Interfaces.pdf\">ESTUDOS COMPARATIVOS: L\u00cdNGUA LITERATURA E SUAS INTERFACES<\/a><\/td>\n<td style=\"text-align: center\">04<\/td>\n<td style=\"text-align: center\">60 h\/a<\/td>\n<\/tr>\n<tr>\n<td>MLE-102<\/p>\n<p>DLE-111<\/td>\n<td><a href=\"https:\/\/www3.unicentro.br\/ppgl\/wp-content\/uploads\/sites\/36\/2019\/07\/Texto-Mem\u00f3ria-e-Subjetividade.pdf\">TEXTO, MEM\u00d3RIA E SUBJETIVIDADE\u00a0<\/a><\/td>\n<td style=\"text-align: center\">04<\/td>\n<td style=\"text-align: center\">60\u00a0h\/a<\/td>\n<\/tr>\n<\/tbody>\n<\/table>\n<h3><strong><span style=\"font-size: 12pt;color: #000000\">Eletivas Mestrado e Doutorado<\/span><\/strong><\/h3>\n<table style=\"height: 1030px;width: 750px\" width=\"762\" align=\"center\">\n<tbody>\n<tr>\n<td style=\"text-align: center;width: 83px\"><strong>\u00a0 C\u00f3digo\u00a0 \u00a0 \u00a0\u00a0<\/strong><\/td>\n<td style=\"text-align: center;width: 508px\"><strong>Disciplinas \/ Ementas<\/strong><\/td>\n<td style=\"text-align: center;width: 84px\"><strong>Cr\u00e9ditos<\/strong><\/td>\n<td style=\"text-align: center;width: 75px\"><strong>Carga Hor\u00e1ria<\/strong><\/td>\n<\/tr>\n<tr>\n<td style=\"width: 83px\">MLE-134<\/p>\n<p>DLE-120<\/td>\n<td style=\"width: 508px\"><a href=\"https:\/\/www3.unicentro.br\/ppgl\/wp-content\/uploads\/sites\/36\/2023\/11\/Ementa-Lingua-e-Literatura_-Pesquisa-Ensino-e-Novas-Tecnologias.pdf\">L\u00cdNGUA E LITERATURA: PESQUISA, ENSINO E NOVAS TECNOLOGIAS<\/a><\/td>\n<td style=\"text-align: center;width: 84px\">04<\/td>\n<td style=\"text-align: center;width: 75px\">60\u00a0h\/a<\/td>\n<\/tr>\n<tr>\n<td style=\"width: 83px\">MLE-115<\/p>\n<p>DLE-115<\/td>\n<td style=\"width: 508px\"><a href=\"https:\/\/www3.unicentro.br\/ppgl\/wp-content\/uploads\/sites\/36\/2019\/07\/Espa\u00e7o-urbano-mem\u00f3ria-e-patrim\u00f4nio.pdf\">ESPA\u00c7O URBANO, MEM\u00d3RIA E PATRIM\u00d4NIO<\/a><\/td>\n<td style=\"text-align: center;width: 84px\">04<\/td>\n<td style=\"text-align: center;width: 75px\">60\u00a0h\/a<\/td>\n<\/tr>\n<tr>\n<td style=\"width: 83px\">MLE-104<\/p>\n<p>DLE-122<\/td>\n<td style=\"width: 508px\"><a href=\"https:\/\/www3.unicentro.br\/ppgl\/wp-content\/uploads\/sites\/36\/2019\/07\/Hist\u00f3ria-das-Ideias-Lingu\u00edsticas-e-Liter\u00e1rias-no-Brasil.pdf\">HIST\u00d3RIA DAS IDEIAS LINGU\u00cdSTICAS E LITER\u00c1RIAS NO BRASIL<\/a><\/td>\n<td style=\"text-align: center;width: 84px\">04<\/td>\n<td style=\"text-align: center;width: 75px\">60\u00a0h\/a<\/td>\n<\/tr>\n<tr>\n<td style=\"width: 83px\">MLE-105<\/p>\n<p>DLE-119<\/td>\n<td style=\"width: 508px\"><a href=\"https:\/\/www3.unicentro.br\/ppgl\/wp-content\/uploads\/sites\/36\/2019\/07\/Identidade-Cultura-e-Representa\u00e7\u00e3o.pdf\">IDENTIDADE, CULTURA E REPRESENTA\u00c7\u00c3O<\/a><\/td>\n<td style=\"text-align: center;width: 84px\">04<\/td>\n<td style=\"text-align: center;width: 75px\">60\u00a0h\/a<\/td>\n<\/tr>\n<tr>\n<td style=\"width: 83px\">MLE-126<\/p>\n<p>DLE-123<\/td>\n<td style=\"width: 508px\"><a href=\"https:\/\/www3.unicentro.br\/ppgl\/wp-content\/uploads\/sites\/36\/2019\/07\/L\u00edngua-e-Literatura-Di\u00e1logo-com-as-M\u00eddias-e-as-Artes.pdf\">L\u00cdNGUA E LITERATURA: DI\u00c1LOGO COM AS M\u00cdDIAS E AS ARTES\u00a0<\/a><\/td>\n<td style=\"text-align: center;width: 84px\">04<\/td>\n<td style=\"text-align: center;width: 75px\">60\u00a0h\/a<\/td>\n<\/tr>\n<tr>\n<td style=\"width: 83px\">MLE-106<\/p>\n<p>DLE-117<\/td>\n<td style=\"width: 508px\"><a href=\"https:\/\/www3.unicentro.br\/ppgl\/wp-content\/uploads\/sites\/36\/2019\/07\/L\u00edngua-Discurso-e-Enuncia\u00e7\u00e3o-.pdf\">L\u00cdNGUA, DISCURSO E ENUNCIA\u00c7\u00c3O<\/a><\/td>\n<td style=\"text-align: center;width: 84px\">04<\/td>\n<td style=\"text-align: center;width: 75px\">60\u00a0h\/a<\/td>\n<\/tr>\n<tr>\n<td style=\"width: 83px\">MLE-107<\/p>\n<p>DLE-114<\/td>\n<td style=\"width: 508px\"><a href=\"https:\/\/www3.unicentro.br\/ppgl\/wp-content\/uploads\/sites\/36\/2019\/07\/Linguagem-e-Transdisciplinaridade-.pdf\">LINGUAGEM E TRANSDISCIPLINARIDADE<\/a><\/td>\n<td style=\"text-align: center;width: 84px\">04<\/td>\n<td style=\"text-align: center;width: 75px\">60\u00a0h\/a<\/td>\n<\/tr>\n<tr>\n<td style=\"width: 83px\">MLE-125<\/p>\n<p>DLE-113<\/td>\n<td style=\"width: 508px\"><a href=\"https:\/\/www3.unicentro.br\/ppgl\/wp-content\/uploads\/sites\/36\/2019\/07\/Linguagem-Varia\u00e7\u00e3o-e-Cultura-.pdf\">LINGUAGEM, VARIA\u00c7\u00c3O E CULTURA<\/a><\/td>\n<td style=\"text-align: center;width: 84px\">04<\/td>\n<td style=\"text-align: center;width: 75px\">60\u00a0h\/a<\/td>\n<\/tr>\n<tr>\n<td style=\"width: 83px\">MLE-117<\/p>\n<p>DLE-128<\/td>\n<td style=\"width: 508px\"><a href=\"https:\/\/www3.unicentro.br\/ppgl\/wp-content\/uploads\/sites\/36\/2019\/07\/Rela\u00e7\u00f5es-de-G\u00eanero-Intersec\u00e7\u00f5es-Multiculturais-.pdf\">RELA\u00c7\u00d5ES DE G\u00caNERO: INTERSEC\u00c7\u00d5ES MULTICULTURAIS<\/a><\/td>\n<td style=\"text-align: center;width: 84px\">04<\/td>\n<td style=\"text-align: center;width: 75px\">60\u00a0h\/a<\/td>\n<\/tr>\n<tr>\n<td style=\"width: 83px\">MLE-131<\/td>\n<td style=\"width: 508px\"><a href=\"https:\/\/www3.unicentro.br\/ppgl\/wp-content\/uploads\/sites\/36\/2019\/07\/Semin\u00e1rio-de-Disserta\u00e7\u00e3o-.pdf\">SEMIN\u00c1RIOS DE DISSERTA\u00c7\u00c3O I<\/a><\/td>\n<td style=\"text-align: center;width: 84px\">02<\/td>\n<td style=\"text-align: center;width: 75px\">30 h\/a<\/td>\n<\/tr>\n<tr>\n<td style=\"width: 83px\">MLE-132<\/td>\n<td style=\"width: 508px\"><a href=\"https:\/\/www3.unicentro.br\/ppgl\/wp-content\/uploads\/sites\/36\/2019\/07\/Semin\u00e1rio-de-Disserta\u00e7\u00e3o-.pdf\">SEMIN\u00c1RIOS DE DISSERTA\u00c7\u00c3O II<\/a><\/td>\n<td style=\"text-align: center;width: 84px\">02<\/td>\n<td style=\"text-align: center;width: 75px\">30h\/a<\/td>\n<\/tr>\n<tr>\n<td style=\"width: 83px\">MLE-110<\/p>\n<p>DLE-129<\/td>\n<td style=\"width: 508px\"><a href=\"https:\/\/www3.unicentro.br\/ppgl\/wp-content\/uploads\/sites\/36\/2019\/07\/Sujeito-l\u00edngua-e-hist\u00f3ria-na-leitura-e-na-escritura.pdf\">SUJEITO, L\u00cdNGUA E HIST\u00d3RIA NA LEITURA E NA ESCRITURA<\/a><\/td>\n<td style=\"text-align: center;width: 84px\">04<\/td>\n<td style=\"text-align: center;width: 75px\">60\u00a0h\/a<\/td>\n<\/tr>\n<tr>\n<td style=\"width: 83px\">MLE-111<\/p>\n<p>DLE-126<\/td>\n<td style=\"width: 508px\"><a href=\"https:\/\/www3.unicentro.br\/ppgl\/wp-content\/uploads\/sites\/36\/2019\/07\/TEORIAS-DO-TEXTO.pdf\">TEORIAS DO TEXTO<\/a><\/td>\n<td style=\"text-align: center;width: 84px\">04<\/td>\n<td style=\"text-align: center;width: 75px\">60\u00a0h\/a<\/td>\n<\/tr>\n<tr>\n<td style=\"width: 83px\">MLE-112<\/p>\n<p>DLE-112<\/td>\n<td style=\"width: 508px\"><a href=\"https:\/\/www3.unicentro.br\/ppgl\/wp-content\/uploads\/sites\/36\/2019\/07\/Textualidade-e-Interpreta\u00e7\u00e3o-.pdf\">TEXTUALIDADE E INTERPRETA\u00c7\u00c3O<\/a><\/td>\n<td style=\"text-align: center;width: 84px\">04<\/td>\n<td style=\"text-align: center;width: 75px\">60\u00a0h\/a<\/td>\n<\/tr>\n<tr>\n<td style=\"width: 83px\">MLE-113<\/p>\n<p>DLE-127<\/td>\n<td style=\"width: 508px\"><a href=\"https:\/\/www3.unicentro.br\/ppgl\/wp-content\/uploads\/sites\/36\/2022\/07\/Ementa-MLE-113-e-DLE-127.pdf\">T\u00d3PICOS EM L\u00cdNGUA E LITERATURA I<\/a><\/td>\n<td style=\"text-align: center;width: 84px\">04<\/td>\n<td style=\"text-align: center;width: 75px\">60\u00a0h\/a<\/td>\n<\/tr>\n<tr>\n<td style=\"width: 83px\">MLE-135<\/p>\n<p>DLE-130<\/td>\n<td style=\"width: 508px\"><a href=\"https:\/\/www3.unicentro.br\/ppgl\/wp-content\/uploads\/sites\/36\/2022\/07\/Ementa-MLE-135-e-DLE-130.pdf\">T\u00d3PICOS EM L\u00cdNGUA E LITERATURA II<\/a><\/td>\n<td style=\"text-align: center;width: 84px\">04<\/td>\n<td style=\"text-align: center;width: 75px\">60\u00a0h\/a<\/td>\n<\/tr>\n<tr>\n<td style=\"width: 83px\">MLE-128<\/p>\n<p>DLE-121<\/td>\n<td style=\"width: 508px\"><a href=\"http:\/\/www2.unicentro.br\/ppgl\/files\/2018\/02\/ESTUDOS-AVAN\u00c7ADOS-I-EMENTA.pdf\">ESTUDOS AVAN\u00c7ADOS \u00a0NA INTERFACE \u00a0ENTRE L\u00cdNGUA E LITERATURA I<\/a><\/td>\n<td style=\"text-align: center;width: 84px\">02<\/td>\n<td style=\"text-align: center;width: 75px\">30 h\/a<\/td>\n<\/tr>\n<tr>\n<td style=\"width: 83px\">MLE-129<\/p>\n<p>DLE-125<\/td>\n<td style=\"width: 508px\"><a href=\"http:\/\/www2.unicentro.br\/ppgl\/files\/2018\/02\/ESTUDOS-AVAN\u00c7ADOS-II-EMENTA.pdf\">ESTUDOS AVAN\u00c7ADOS NA INTERFACE ENTRE L\u00cdNGUA E LITERATURA II<\/a><\/td>\n<td style=\"text-align: center;width: 84px\">02<\/td>\n<td style=\"text-align: center;width: 75px\">30 h\/a<\/td>\n<\/tr>\n<tr style=\"height: 24px\">\n<td style=\"text-align: center;width: 83px;height: 24px\">DLE-104<\/td>\n<td style=\"width: 508px;height: 24px\"><a href=\"https:\/\/www3.unicentro.br\/ppgl\/wp-content\/uploads\/sites\/36\/2021\/03\/Topicos-avancados-em-Lingua-e-Literatura-I.pdf\">T\u00d3PICOS AVAN\u00c7ADOS EM L\u00cdNGUA E LITERATURA I<\/a><\/td>\n<td style=\"text-align: center;width: 84px;height: 24px\">04<\/td>\n<td style=\"text-align: center;width: 75px;height: 24px\">60h\/a<\/td>\n<\/tr>\n<tr style=\"height: 24px\">\n<td style=\"text-align: center;width: 83px;height: 24px\">DLE-105<\/td>\n<td style=\"width: 508px;height: 24px\"><a href=\"https:\/\/www3.unicentro.br\/ppgl\/wp-content\/uploads\/sites\/36\/2021\/03\/Topicos-avancados-em-Lingua-e-Literatura-II.pdf\">T\u00d3PICOS AVAN\u00c7ADOS EM L\u00cdNGUA E LITERATURA II<\/a><\/td>\n<td style=\"text-align: center;width: 84px;height: 24px\">04<\/td>\n<td style=\"text-align: center;width: 75px;height: 24px\">60h\/a<\/td>\n<\/tr>\n<\/tbody>\n<\/table>\n<p>[\/vc_column_text][\/vc_column][\/vc_row]<\/p>\n<\/div>","protected":false},"excerpt":{"rendered":"<p>[vc_row][vc_column][vc_column_text] Obrigat\u00f3rias Doutorado \u00a0 \u00a0C\u00f3digo \u00a0Disciplinas\u00a0 \/ Ementas \u00a0Cr\u00e9ditos\u00a0 Carga Hor\u00e1ria\u00a0 DLE-101 CONCEITOS E OBJETOS DE INVESTIGA\u00c7\u00c3O NA INTERFACE ENTRE L\u00cdNGUA E LITERATURA 04 60 h\/a DLE-118 MEM\u00d3RIA, LEITURA E PR\u00c1TICAS LITER\u00c1RIAS 04 60 h\/a DLE-106 SEMIN\u00c1RIO DE TESE I 02 30h\/a DLE-107 SEMIN\u00c1RIO DE TESE II 02 30h\/a DLE-108 SEMIN\u00c1RIO DE TESE III 02 [&hellip;]<\/p>\n","protected":false},"author":3,"featured_media":0,"parent":0,"menu_order":0,"comment_status":"open","ping_status":"open","template":"","meta":{"_exactmetrics_skip_tracking":false,"_exactmetrics_sitenote_active":false,"_exactmetrics_sitenote_note":"","_exactmetrics_sitenote_category":0,"footnotes":"","_links_to":"","_links_to_target":""},"class_list":["post-23","page","type-page","status-publish","hentry"],"_links":{"self":[{"href":"https:\/\/www3.unicentro.br\/ppgl\/wp-json\/wp\/v2\/pages\/23","targetHints":{"allow":["GET"]}}],"collection":[{"href":"https:\/\/www3.unicentro.br\/ppgl\/wp-json\/wp\/v2\/pages"}],"about":[{"href":"https:\/\/www3.unicentro.br\/ppgl\/wp-json\/wp\/v2\/types\/page"}],"author":[{"embeddable":true,"href":"https:\/\/www3.unicentro.br\/ppgl\/wp-json\/wp\/v2\/users\/3"}],"replies":[{"embeddable":true,"href":"https:\/\/www3.unicentro.br\/ppgl\/wp-json\/wp\/v2\/comments?post=23"}],"version-history":[{"count":2,"href":"https:\/\/www3.unicentro.br\/ppgl\/wp-json\/wp\/v2\/pages\/23\/revisions"}],"predecessor-version":[{"id":3823,"href":"https:\/\/www3.unicentro.br\/ppgl\/wp-json\/wp\/v2\/pages\/23\/revisions\/3823"}],"wp:attachment":[{"href":"https:\/\/www3.unicentro.br\/ppgl\/wp-json\/wp\/v2\/media?parent=23"}],"curies":[{"name":"wp","href":"https:\/\/api.w.org\/{rel}","templated":true}]}}