{"id":22,"date":"2015-08-03T00:00:00","date_gmt":"2015-08-03T03:00:00","guid":{"rendered":"https:\/\/www3.unicentro.br\/ppgl\/caracterizacao-do-curso\/"},"modified":"2023-03-06T14:23:07","modified_gmt":"2023-03-06T17:23:07","slug":"caracterizacao-do-curso","status":"publish","type":"page","link":"https:\/\/www3.unicentro.br\/ppgl\/caracterizacao-do-curso\/","title":{"rendered":"Caracteriza\u00e7\u00e3o do Curso"},"content":{"rendered":"<div class=\"wpb-content-wrapper\"><p>[vc_row][vc_column][vc_column_text]<strong>N\u00edvel<\/strong><\/p>\n<p style=\"padding-left: 30px\">Mestrado e Doutorado Acad\u00eamico<\/p>\n<p><strong>\u00c1rea de Concentra\u00e7\u00e3o<\/strong><\/p>\n<p style=\"padding-left: 30px\">Interfaces entre L\u00edngua e Literatura<\/p>\n<p><strong>Periodicidade de Sele\u00e7\u00e3o<\/strong><\/p>\n<p style=\"padding-left: 30px\">Anual<\/p>\n<p><strong>Conceito do curso pela Capes<\/strong><\/p>\n<p style=\"padding-left: 30px\">Conceito 5<\/p>\n<p><strong>Total de Vagas<\/strong><\/p>\n<p style=\"padding-left: 30px\">Vagas por Sele\u00e7\u00e3o: 25 para Mestrado e 15 para Doutorado.<\/p>\n<p><strong>Objetivos \/ Perfil profissional a ser formado:<\/strong><\/p>\n<p style=\"padding-left: 30px\"><strong>Objetivos gerais<\/strong><\/p>\n<ul>\n<li style=\"padding-left: 30px\">Aprofundar a integra\u00e7\u00e3o da p\u00f3s-gradua\u00e7\u00e3o com a gradua\u00e7\u00e3o, por meio da dinamiza\u00e7\u00e3o de projetos de inicia\u00e7\u00e3o cient\u00edfica, orientados pelos doutores efetivos do curso e implementar o car\u00e1ter transdisciplinar nos moldes dos programas de p\u00f3s-gradua\u00e7\u00e3o, buscando integralizar atividades acad\u00eamicas, tendo em vista uma cultura de pesquisa, necess\u00e1ria ao desenvolvimento, produ\u00e7\u00e3o e interlocu\u00e7\u00e3o do saber, dentro e fora da Universidade.<\/li>\n<li style=\"padding-left: 30px\">Atuar, enquanto programa de p\u00f3s-gradua\u00e7\u00e3o, como um centro de refer\u00eancia nos estudos que priorizam a interface entre L\u00edngua e Literatura, com vistas a destacar a linguagem como inerentes a todos as \u00e1reas e sujeitos.<\/li>\n<\/ul>\n<p style=\"padding-left: 30px\"><strong>Objetivos espec\u00edficos:<\/strong><\/p>\n<ul>\n<li style=\"padding-left: 30px\">Desenvolver pesquisas em torno de fen\u00f4menos lingu\u00edsticos e liter\u00e1rios, dando visibilidade para a interface, mantendo a unidade e a coer\u00eancia da investiga\u00e7\u00e3o cient\u00edfica por meio de teorias que se inter-relacionem;<\/li>\n<li style=\"padding-left: 30px\">Refletir acerca dos fen\u00f4menos lingu\u00edsticos e liter\u00e1rios, destacando converg\u00eancias entre o texto, a mem\u00f3ria e a cultura na an\u00e1lise e produ\u00e7\u00e3o do conhecimento;<\/li>\n<li style=\"padding-left: 30px\">Investigar procedimentos de leitura e escritura com vistas a discutir escalas de valores, mecanismos de legitima\u00e7\u00e3o discursiva na produ\u00e7\u00e3o de saberes;<\/li>\n<li style=\"padding-left: 30px\">Produzir experi\u00eancias inovadoras de abertura de indaga\u00e7\u00f5es transdisciplinares e de compatibiliza\u00e7\u00e3o entre campos de investiga\u00e7\u00e3o da teoria do texto e da leitura, em suas rela\u00e7\u00f5es com a mem\u00f3ria e a cultura.<\/li>\n<\/ul>\n<p><strong>Perfil do profissional a ser formado:<\/strong><\/p>\n<p>O profissional de Letras deve, al\u00e9m de dominar os conhecimentos pr\u00f3prios da sua \u00e1rea, fomentar a reflex\u00e3o acerca da rela\u00e7\u00e3o transdisciplinar entre os discursos, buscando ampliar a leitura de propostas te\u00f3ricas para os problemas de investiga\u00e7\u00e3o cient\u00edfica nas linhas de pesquisa do curso.<\/p>\n<p>&nbsp;<\/p>\n<p><strong>Total de cr\u00e9ditos para titula\u00e7\u00e3o:<\/strong><\/p>\n<p>I &#8211; distribui\u00e7\u00e3o do n\u00famero de cr\u00e9ditos exigidos: 24 cr\u00e9ditos para atividades do Mestrado, sendo:<br \/>\na) 8 cr\u00e9ditos de disciplinas obrigat\u00f3rias;<br \/>\nb) 16 cr\u00e9ditos de disciplinas eletivas;<br \/>\nc) Semin\u00e1rios de disserta\u00e7\u00e3o I e II;<br \/>\nd) Doc\u00eancia orientada (obrigat\u00f3ria para aluno bolsista);<br \/>\ne) 12 horas de atividades complementares;<br \/>\nII &#8211; distribui\u00e7\u00e3o do n\u00famero de cr\u00e9ditos exigidos: 40 cr\u00e9ditos para atividades do Doutorado, sendo:<br \/>\na) 16 cr\u00e9ditos de disciplinas obrigat\u00f3rias;<br \/>\nb) 24 cr\u00e9ditos de disciplinas eletivas e T\u00f3picos Avan\u00e7ados;<br \/>\nc) Semin\u00e1rios de tese I, II, III e IV;<br \/>\nd) Doc\u00eancia orientada (obrigat\u00f3ria para aluno bolsista);<br \/>\ne) 30 horas de atividades complementares.<br \/>\nIII &#8211; prazo para integraliza\u00e7\u00e3o dos cr\u00e9ditos do Mestrado: 18 meses.<br \/>\nIV &#8211; prazos para a integraliza\u00e7\u00e3o dos cr\u00e9ditos do Doutorado: 24 meses.<br \/>\n* Cada unidade de cr\u00e9dito corresponde a quinze horas de atividades programadas.<br \/>\n** \u00c9 facultado aos discentes regulares de mestrado e de doutorado a integraliza\u00e7\u00e3o<br \/>\nde at\u00e9 8 cr\u00e9ditos em outro PPG, mediante aprova\u00e7\u00e3o de seu orientador e homologa\u00e7\u00e3o do Colegiado.<br \/>\n*** As atividades complementares s\u00e3o a\u00e7\u00f5es de car\u00e1ter acad\u00eamico-cient\u00edfico-cultural relevantes para a forma\u00e7\u00e3o do p\u00f3s-graduando em Letras, desenvolvidas no decorrer do curso, entre o per\u00edodo de matr\u00edcula e o per\u00edodo de qualifica\u00e7\u00e3o[\/vc_column_text][\/vc_column][\/vc_row]<\/p>\n<\/div>","protected":false},"excerpt":{"rendered":"<p>[vc_row][vc_column][vc_column_text]N\u00edvel Mestrado e Doutorado Acad\u00eamico \u00c1rea de Concentra\u00e7\u00e3o Interfaces entre L\u00edngua e Literatura Periodicidade de Sele\u00e7\u00e3o Anual Conceito do curso pela Capes Conceito 5 Total de Vagas Vagas por Sele\u00e7\u00e3o: 25 para Mestrado e 15 para Doutorado. Objetivos \/ Perfil profissional a ser formado: Objetivos gerais Aprofundar a integra\u00e7\u00e3o da p\u00f3s-gradua\u00e7\u00e3o com a gradua\u00e7\u00e3o, por [&hellip;]<\/p>\n","protected":false},"author":3,"featured_media":0,"parent":0,"menu_order":0,"comment_status":"open","ping_status":"open","template":"","meta":{"_exactmetrics_skip_tracking":false,"_exactmetrics_sitenote_active":false,"_exactmetrics_sitenote_note":"","_exactmetrics_sitenote_category":0,"footnotes":"","_links_to":"","_links_to_target":""},"class_list":["post-22","page","type-page","status-publish","hentry"],"_links":{"self":[{"href":"https:\/\/www3.unicentro.br\/ppgl\/wp-json\/wp\/v2\/pages\/22","targetHints":{"allow":["GET"]}}],"collection":[{"href":"https:\/\/www3.unicentro.br\/ppgl\/wp-json\/wp\/v2\/pages"}],"about":[{"href":"https:\/\/www3.unicentro.br\/ppgl\/wp-json\/wp\/v2\/types\/page"}],"author":[{"embeddable":true,"href":"https:\/\/www3.unicentro.br\/ppgl\/wp-json\/wp\/v2\/users\/3"}],"replies":[{"embeddable":true,"href":"https:\/\/www3.unicentro.br\/ppgl\/wp-json\/wp\/v2\/comments?post=22"}],"version-history":[{"count":0,"href":"https:\/\/www3.unicentro.br\/ppgl\/wp-json\/wp\/v2\/pages\/22\/revisions"}],"wp:attachment":[{"href":"https:\/\/www3.unicentro.br\/ppgl\/wp-json\/wp\/v2\/media?parent=22"}],"curies":[{"name":"wp","href":"https:\/\/api.w.org\/{rel}","templated":true}]}}