{"id":2178,"date":"2021-09-13T14:47:13","date_gmt":"2021-09-13T17:47:13","guid":{"rendered":"https:\/\/www3.unicentro.br\/ppgl\/?page_id=2178"},"modified":"2021-09-13T14:47:13","modified_gmt":"2021-09-13T17:47:13","slug":"historique-du-cours","status":"publish","type":"page","link":"https:\/\/www3.unicentro.br\/ppgl\/fr\/historique-du-cours\/","title":{"rendered":"Historique du Cours"},"content":{"rendered":"<p>Le Programme d&#8217;\u00c9tudes Sup\u00e9rieures en Lettres (UNICENTRO) est le r\u00e9sultat d&#8217;un cours de Lettres marqu\u00e9 par l&#8217;excellence et la long\u00e9vit\u00e9, soulignant qu&#8217;il forme des professionnels depuis 1974, maintenant une r\u00e9gularit\u00e9 et une demande compatible avec le d\u00e9veloppement de la r\u00e9gion. Ce sont ces conditions qui ont contribu\u00e9 \u00e0 l&#8217;approbation du Master en 2010 et \u00e0 sa mise en \u0153uvre en 2011, visant \u00e0 r\u00e9pondre aux besoins du p\u00f4le au Centro-Oeste du Paran\u00e1. En 2019, nous avons soumis la proposition de Doctorat en Lettres, qui a \u00e9t\u00e9 approuv\u00e9e en 2020 et mise en \u0153uvre en 2021, avec une offre initiale de douze (12) postes vacants.<\/p>\n","protected":false},"excerpt":{"rendered":"<p>Le Programme d&#8217;\u00c9tudes Sup\u00e9rieures en Lettres (UNICENTRO) est le r\u00e9sultat d&#8217;un cours de Lettres marqu\u00e9 par l&#8217;excellence et la long\u00e9vit\u00e9, soulignant qu&#8217;il forme des professionnels depuis 1974, maintenant une r\u00e9gularit\u00e9 et une demande compatible avec le d\u00e9veloppement de la r\u00e9gion. Ce sont ces conditions qui ont contribu\u00e9 \u00e0 l&#8217;approbation du Master en 2010 et \u00e0 [&hellip;]<\/p>\n","protected":false},"author":3,"featured_media":0,"parent":0,"menu_order":0,"comment_status":"open","ping_status":"open","template":"","meta":{"_exactmetrics_skip_tracking":false,"_exactmetrics_sitenote_active":false,"_exactmetrics_sitenote_note":"","_exactmetrics_sitenote_category":0,"footnotes":"","_links_to":"","_links_to_target":""},"class_list":["post-2178","page","type-page","status-publish","hentry"],"_links":{"self":[{"href":"https:\/\/www3.unicentro.br\/ppgl\/wp-json\/wp\/v2\/pages\/2178","targetHints":{"allow":["GET"]}}],"collection":[{"href":"https:\/\/www3.unicentro.br\/ppgl\/wp-json\/wp\/v2\/pages"}],"about":[{"href":"https:\/\/www3.unicentro.br\/ppgl\/wp-json\/wp\/v2\/types\/page"}],"author":[{"embeddable":true,"href":"https:\/\/www3.unicentro.br\/ppgl\/wp-json\/wp\/v2\/users\/3"}],"replies":[{"embeddable":true,"href":"https:\/\/www3.unicentro.br\/ppgl\/wp-json\/wp\/v2\/comments?post=2178"}],"version-history":[{"count":0,"href":"https:\/\/www3.unicentro.br\/ppgl\/wp-json\/wp\/v2\/pages\/2178\/revisions"}],"wp:attachment":[{"href":"https:\/\/www3.unicentro.br\/ppgl\/wp-json\/wp\/v2\/media?parent=2178"}],"curies":[{"name":"wp","href":"https:\/\/api.w.org\/{rel}","templated":true}]}}