{"id":2176,"date":"2021-09-13T14:46:37","date_gmt":"2021-09-13T17:46:37","guid":{"rendered":"https:\/\/www3.unicentro.br\/ppgl\/?page_id=2176"},"modified":"2021-09-13T14:46:37","modified_gmt":"2021-09-13T17:46:37","slug":"historico-del-curso","status":"publish","type":"page","link":"https:\/\/www3.unicentro.br\/ppgl\/es\/historico-del-curso\/","title":{"rendered":"Hist\u00f3rico del Curso"},"content":{"rendered":"<p>El Programa de Posgrado en Letras (UNICENTRO) es resultado de un curso de Letras marcado por la excelencia y longevidad, destac\u00e1ndose que viene formando profesionales desde 1974, manteniendo la regularidad y una demanda compatible con el desarrollo del \u00e1rea. Fueron esas condiciones que contribuyeron para la aprobaci\u00f3n de la maestr\u00eda el 2010 y su implementaci\u00f3n el 2011, visando el atendimiento de las necesidades del polo del centro oeste del Paran\u00e1. El 2019, sometimos la propuesta del doctorado en Letras, que fue aprobada el 2020 e implementada el 2021, con una oferta inicial de doce (12) plazas.<\/p>\n","protected":false},"excerpt":{"rendered":"<p>El Programa de Posgrado en Letras (UNICENTRO) es resultado de un curso de Letras marcado por la excelencia y longevidad, destac\u00e1ndose que viene formando profesionales desde 1974, manteniendo la regularidad y una demanda compatible con el desarrollo del \u00e1rea. Fueron esas condiciones que contribuyeron para la aprobaci\u00f3n de la maestr\u00eda el 2010 y su implementaci\u00f3n [&hellip;]<\/p>\n","protected":false},"author":3,"featured_media":0,"parent":0,"menu_order":0,"comment_status":"open","ping_status":"open","template":"","meta":{"_exactmetrics_skip_tracking":false,"_exactmetrics_sitenote_active":false,"_exactmetrics_sitenote_note":"","_exactmetrics_sitenote_category":0,"footnotes":"","_links_to":"","_links_to_target":""},"class_list":["post-2176","page","type-page","status-publish","hentry"],"_links":{"self":[{"href":"https:\/\/www3.unicentro.br\/ppgl\/wp-json\/wp\/v2\/pages\/2176","targetHints":{"allow":["GET"]}}],"collection":[{"href":"https:\/\/www3.unicentro.br\/ppgl\/wp-json\/wp\/v2\/pages"}],"about":[{"href":"https:\/\/www3.unicentro.br\/ppgl\/wp-json\/wp\/v2\/types\/page"}],"author":[{"embeddable":true,"href":"https:\/\/www3.unicentro.br\/ppgl\/wp-json\/wp\/v2\/users\/3"}],"replies":[{"embeddable":true,"href":"https:\/\/www3.unicentro.br\/ppgl\/wp-json\/wp\/v2\/comments?post=2176"}],"version-history":[{"count":0,"href":"https:\/\/www3.unicentro.br\/ppgl\/wp-json\/wp\/v2\/pages\/2176\/revisions"}],"wp:attachment":[{"href":"https:\/\/www3.unicentro.br\/ppgl\/wp-json\/wp\/v2\/media?parent=2176"}],"curies":[{"name":"wp","href":"https:\/\/api.w.org\/{rel}","templated":true}]}}