{"id":2173,"date":"2021-09-13T14:45:23","date_gmt":"2021-09-13T17:45:23","guid":{"rendered":"https:\/\/www3.unicentro.br\/ppgl\/?page_id=2173"},"modified":"2021-09-13T14:45:23","modified_gmt":"2021-09-13T17:45:23","slug":"ingreso-de-alumnos","status":"publish","type":"page","link":"https:\/\/www3.unicentro.br\/ppgl\/es\/ingreso-de-alumnos\/","title":{"rendered":"Ingreso de alumnos"},"content":{"rendered":"<p><strong>Ingreso de alumnos regulares<\/strong><\/p>\n<p>El proceso selectivo es anual. El colegiado del programa compone un equipo de evaluadores compuesto por seis miembros: la coordinaci\u00f3n y vicecoordinaci\u00f3n y dos investigadores de cada l\u00ednea de investigaci\u00f3n. Las etapas del proceso son las siguientes:<\/p>\n<ul>\n<li>examen escrito (con indicaci\u00f3n de una bibliograf\u00eda b\u00e1sica de Estudios Literarios y Ling\u00fc\u00edsticos) y el aspirante debe contestar cuestiones de las dos \u00e1reas.<\/li>\n<li>evaluaci\u00f3n del proyecto (estructura, escritura, fundamentaci\u00f3n te\u00f3rica, con contenido adecuado al \u00e1rea de concentraci\u00f3n del PPGL y sus l\u00edneas de investigaci\u00f3n del Programa). Cabe al aspirante la indicaci\u00f3n de dos posibles tutores (ambos de la misma l\u00ednea de investigaci\u00f3n), observando la disponibilidad de plazas.<\/li>\n<li>entrevista (las cuestiones hechas en la entrevista ser\u00e1n aquellas referentes al proyecto le\u00eddo previamente por cuatro miembros de la comisi\u00f3n evaluadora).<\/li>\n<\/ul>\n<p>Para aprobar la selecci\u00f3n, el aspirante deber\u00e1 alcanzar la nota m\u00ednima de siete (7,0) en todas las etapas del proceso (examen escrito, proyecto de investigaci\u00f3n y entrevista).<\/p>\n<p>Observaci\u00f3n: el ingreso al Programa est\u00e1 condicionado al n\u00famero de plazas por tutor, los aprobados y no seleccionados, quedan en lista de suplencia.<\/p>\n<p><strong> Proceso de Selecci\u00f3n de alumnos no-regulares<\/strong><\/p>\n<p>A cada inicio de semestre el Programa abre plazas para alumnos no-regulares de acuerdo con la disponibilidad de los docentes de cada asignatura.<\/p>\n<p><strong>Proceso de Selecci\u00f3n de Alumnos Extranjeros<\/strong><\/p>\n<p>Aspirantes extranjeros que deseen ingresar al PPGL, deben adecuarse a las normas de la CAPES y a las convocatorias espec\u00edficas.<\/p>\n<ul>\n<li><em>Editais<\/em> &#8211; Avisos y Convocatorias<\/li>\n<li><em>Regulamento sobre Mobilidade Internacional na UNICENTRO<\/em> &#8211; Reglamento sobre Movilidad Internacional en UNICENTRO<\/li>\n<\/ul>\n<p><em>Escrit\u00f3rio de Rela\u00e7\u00f5es Internacionais \u2013 UNICENTRO<\/em> &#8211; Oficina de Relaciones Internacionales \u2013 UNICENTRO<a href=\"#_ftnref1\" name=\"_ftn1\"><\/a><\/p>\n","protected":false},"excerpt":{"rendered":"<p>Ingreso de alumnos regulares El proceso selectivo es anual. El colegiado del programa compone un equipo de evaluadores compuesto por seis miembros: la coordinaci\u00f3n y vicecoordinaci\u00f3n y dos investigadores de cada l\u00ednea de investigaci\u00f3n. Las etapas del proceso son las siguientes: examen escrito (con indicaci\u00f3n de una bibliograf\u00eda b\u00e1sica de Estudios Literarios y Ling\u00fc\u00edsticos) y [&hellip;]<\/p>\n","protected":false},"author":3,"featured_media":0,"parent":0,"menu_order":0,"comment_status":"open","ping_status":"closed","template":"","meta":{"_exactmetrics_skip_tracking":false,"_exactmetrics_sitenote_active":false,"_exactmetrics_sitenote_note":"","_exactmetrics_sitenote_category":0,"footnotes":"","_links_to":"","_links_to_target":""},"class_list":["post-2173","page","type-page","status-publish","hentry"],"_links":{"self":[{"href":"https:\/\/www3.unicentro.br\/ppgl\/wp-json\/wp\/v2\/pages\/2173","targetHints":{"allow":["GET"]}}],"collection":[{"href":"https:\/\/www3.unicentro.br\/ppgl\/wp-json\/wp\/v2\/pages"}],"about":[{"href":"https:\/\/www3.unicentro.br\/ppgl\/wp-json\/wp\/v2\/types\/page"}],"author":[{"embeddable":true,"href":"https:\/\/www3.unicentro.br\/ppgl\/wp-json\/wp\/v2\/users\/3"}],"replies":[{"embeddable":true,"href":"https:\/\/www3.unicentro.br\/ppgl\/wp-json\/wp\/v2\/comments?post=2173"}],"version-history":[{"count":0,"href":"https:\/\/www3.unicentro.br\/ppgl\/wp-json\/wp\/v2\/pages\/2173\/revisions"}],"wp:attachment":[{"href":"https:\/\/www3.unicentro.br\/ppgl\/wp-json\/wp\/v2\/media?parent=2173"}],"curies":[{"name":"wp","href":"https:\/\/api.w.org\/{rel}","templated":true}]}}