{"id":2171,"date":"2021-09-13T14:44:12","date_gmt":"2021-09-13T17:44:12","guid":{"rendered":"https:\/\/www3.unicentro.br\/ppgl\/?page_id=2171"},"modified":"2021-09-13T14:50:32","modified_gmt":"2021-09-13T17:50:32","slug":"admission-des-etudiants","status":"publish","type":"page","link":"https:\/\/www3.unicentro.br\/ppgl\/fr\/admission-des-etudiants\/","title":{"rendered":"Admission des \u00c9tudiants"},"content":{"rendered":"<p><strong>ADMISSION DES \u00c9TUDIANTS R\u00c9GULIERS <\/strong><\/p>\n<p>Le processus de s\u00e9lection est annuel. La coll\u00e9giale du programme compose un comit\u00e9 d&#8217;\u00e9valuation compos\u00e9 de six membres : la coordination et la vice-coordination et deux chercheurs de chaque axe de recherche. Les \u00e9tapes du processus sont les suivantes :<\/p>\n<p>&#8211;\u00a0\u00a0 \u00e9preuve \u00e9crite (avec indication d&#8217;une bibliographie de base des \u00e9tudes litt\u00e9raires et linguistiques) et les candidats doivent r\u00e9pondre aux questions des deux domaines.<\/p>\n<p>&#8211;\u00a0\u00a0 \u00e9valuation du projet (structure, r\u00e9daction, fondement th\u00e9orique, avec un contenu ad\u00e9quat au domaine de concentration du PPGL et aux axes de recherche du programme). Il appartient au candidat d&#8217;indiquer deux conseillers possibles (tous deux issus du m\u00eame axe de recherche), en observant la disponibilit\u00e9 des postes vacants.<\/p>\n<p>&#8211;\u00a0\u00a0 entretien (les questions \u00e0 poser lors de l&#8217;entretien sont celles se rapportant au projet pr\u00e9alablement lu par quatre membres du comit\u00e9 d&#8217;\u00e9valuation).<\/p>\n<p>Pour r\u00e9ussir la s\u00e9lection, le candidat doit obtenir un score minimum de sept (7,0) \u00e0 toutes les \u00e9tapes du processus (contr\u00f4le \u00e9crit, projet de recherche et entretien).<\/p>\n<p><strong>Remarque:<\/strong> l&#8217;admission au programme est soumise au nombre de postes vacants par conseiller, ceux qui ont \u00e9t\u00e9 approuv\u00e9s et non s\u00e9lectionn\u00e9s seront remplac\u00e9s.<\/p>\n<p><strong>ADMISSION DES \u00c9TUDIANTS NON-R\u00c9GULIERS<\/strong><\/p>\n<p>\u00c0 chaque d\u00e9but de semestre, le Programme ouvre des postes vacants pour les \u00e9tudiants non-r\u00e9guliers en fonction de la disponibilit\u00e9 des professeurs dans chaque discipline.<\/p>\n<p><strong>ADMISSION DES \u00c9TUDIANTS \u00c9TRANGERS<\/strong><\/p>\n<p>Les candidats \u00e9trangers souhaitant rejoindre le PPGL doivent se conformer \u00e0 la r\u00e9glementation CAPES et aux notices sp\u00e9cifiques du processus de s\u00e9lection.<\/p>\n<ul>\n<li>Appel d\u2019Offres<\/li>\n<li>R\u00e8glement \u00e0 propos de la Mobilit\u00e9 Internationale \u00e0 UNICENTRO<\/li>\n<li>Bureau des Relations Internationales \u2013 UNICENTRO<\/li>\n<\/ul>\n","protected":false},"excerpt":{"rendered":"<p>ADMISSION DES \u00c9TUDIANTS R\u00c9GULIERS Le processus de s\u00e9lection est annuel. La coll\u00e9giale du programme compose un comit\u00e9 d&#8217;\u00e9valuation compos\u00e9 de six membres : la coordination et la vice-coordination et deux chercheurs de chaque axe de recherche. Les \u00e9tapes du processus sont les suivantes : &#8211;\u00a0\u00a0 \u00e9preuve \u00e9crite (avec indication d&#8217;une bibliographie de base des \u00e9tudes [&hellip;]<\/p>\n","protected":false},"author":3,"featured_media":0,"parent":0,"menu_order":0,"comment_status":"open","ping_status":"closed","template":"","meta":{"_exactmetrics_skip_tracking":false,"_exactmetrics_sitenote_active":false,"_exactmetrics_sitenote_note":"","_exactmetrics_sitenote_category":0,"footnotes":"","_links_to":"","_links_to_target":""},"class_list":["post-2171","page","type-page","status-publish","hentry"],"_links":{"self":[{"href":"https:\/\/www3.unicentro.br\/ppgl\/wp-json\/wp\/v2\/pages\/2171","targetHints":{"allow":["GET"]}}],"collection":[{"href":"https:\/\/www3.unicentro.br\/ppgl\/wp-json\/wp\/v2\/pages"}],"about":[{"href":"https:\/\/www3.unicentro.br\/ppgl\/wp-json\/wp\/v2\/types\/page"}],"author":[{"embeddable":true,"href":"https:\/\/www3.unicentro.br\/ppgl\/wp-json\/wp\/v2\/users\/3"}],"replies":[{"embeddable":true,"href":"https:\/\/www3.unicentro.br\/ppgl\/wp-json\/wp\/v2\/comments?post=2171"}],"version-history":[{"count":0,"href":"https:\/\/www3.unicentro.br\/ppgl\/wp-json\/wp\/v2\/pages\/2171\/revisions"}],"wp:attachment":[{"href":"https:\/\/www3.unicentro.br\/ppgl\/wp-json\/wp\/v2\/media?parent=2171"}],"curies":[{"name":"wp","href":"https:\/\/api.w.org\/{rel}","templated":true}]}}