{"id":2161,"date":"2021-09-13T14:18:37","date_gmt":"2021-09-13T17:18:37","guid":{"rendered":"https:\/\/www3.unicentro.br\/ppgl\/?page_id=2161"},"modified":"2024-07-04T16:36:00","modified_gmt":"2024-07-04T19:36:00","slug":"caracterizacion-del-curso","status":"publish","type":"page","link":"https:\/\/www3.unicentro.br\/ppgl\/es\/caracterizacion-del-curso\/","title":{"rendered":"Caracterizaci\u00f3n del Curso"},"content":{"rendered":"<p>Nivel: Maestr\u00eda y Doctorado Acad\u00e9mico.<\/p>\n<p><strong>\u00c1rea de Concentraci\u00f3n:<\/strong> Interfaces entre Lengua y Literatura<br \/>\n<strong>Periodicidad de Convocatoria:<\/strong> Anual<br \/>\n<strong>Concepto del curso por la CAPES:<\/strong> Concepto 5<\/p>\n<p><strong>N\u00famero de Plazas<br \/>\n<\/strong>Plazas por Convocatoria: 25 para la Maestr\u00eda y 15 para el Doctorado.<\/p>\n<p>&nbsp;<\/p>\n<p><strong>Objetivos<\/strong><\/p>\n<p><strong>Objetivos generales<\/strong><\/p>\n<ul>\n<li>Profundizar la integraci\u00f3n del posgrado con la licenciatura, por medio de la dinamizaci\u00f3n de proyectos de iniciaci\u00f3n cient\u00edfica, orientados por los doctores efectivos del curso e implementar el car\u00e1cter interdisciplinar en los moldes de los programas de posgrado, buscando integrar actividades acad\u00e9micas, visando una cultura de investigaci\u00f3n, necesaria al desarrollo, producci\u00f3n e interlocuci\u00f3n del saber, dentro y fuera de la Universidad.<\/li>\n<li>Actuar, en cuanto programa de posgrado, como un centro de referencia en los estudios que priorizan la interfaz entre Lengua y Literatura, con vistas a destacar el lenguaje como inherente a todas las \u00e1reas y sujetos.<\/li>\n<\/ul>\n<p>&nbsp;<\/p>\n<p><strong>Objetivos espec\u00edficos<\/strong><\/p>\n<ul>\n<li>Formar docentes investigadores para actuar en la ense\u00f1anza superior, cualificando la pr\u00e1ctica cient\u00edfico-pedag\u00f3gica de los profesionales que act\u00faan en el \u00e1rea de Letras y en las \u00e1reas afines;<\/li>\n<li>Cualificar investigadores en el \u00e1mbito de los estudios ling\u00fc\u00edsticos y literarios, brind\u00e1ndoles la discusi\u00f3n, la profundizaci\u00f3n y la renovaci\u00f3n de los supuestos te\u00f3ricos y metodol\u00f3gicos que fundamentan el trabajo de investigaci\u00f3n que contemplen la interfaz entre Lengua y Literatura, dando especial importancia a la memoria, a la cultura y lenguajes, atendiendo a la diversidad de la regi\u00f3n del centro oeste del Estado de Paran\u00e1, en Brasil;<\/li>\n<li>Avanzar en acciones, con car\u00e1cter prospectivo, de intervenci\u00f3n sociocomunitaria, cultural y memorial, especialmente, en el \u00e1rea de alcance de la Universidade Estadual do Centro-Oeste do Paran\u00e1, con vistas a la formaci\u00f3n de sujetos conscientes, cr\u00edticos y est\u00e9ticamente sensibles a las diferencias \u00e9tnicas;<\/li>\n<li>Invertir en la formaci\u00f3n de profesionales cualificados a la investigaci\u00f3n y a la pr\u00e1ctica social y cultural, estando aptos a contribuir en la producci\u00f3n de la ciencia que contemple las interfaces, dentro de las especificidades del \u00e1rea de Letras;<\/li>\n<li>Operar metodolog\u00edas y conceptos relativos a los estudios ling\u00fc\u00edsticos y literarios, en los cuales la lengua funcione en diferentes lenguajes y situaciones de comunicaci\u00f3n.<\/li>\n<\/ul>\n<p>&nbsp;<\/p>\n<p><strong>Perfil del profesional a ser graduado<\/strong><\/p>\n<p>El Programa de Posgrado en Letras de la Unicentro busca formar docentes investigadores para actuar en la ense\u00f1anza superior, con investigaciones cualificadas en el \u00e1mbito cient\u00edfico-pedag\u00f3gico del \u00e1rea de Letras, interfaces Lengua y Literatura. El egreso debe ser capaz de evidenciar las relaciones entre esos dos campos del conocimiento, priorizando las mediaciones, articulaciones y adherencias entre las l\u00edneas de investigaci\u00f3n \u201cTexto, Memoria, Cultura\u201d y \u201cLenguajes, Lectura, Interpretaci\u00f3n\u201d. En s\u00edntesis, el egreso del programa debe poseer:<\/p>\n<ul>\n<li>capacidad de reflexionar sobre cuestiones concretas advenidas de la realidad en su \u00e1rea de actuaci\u00f3n, en el caso de la regi\u00f3n centro oeste del Paran\u00e1, ser sensible a las diferencias entre la lengua, la cultura y los lenguajes de las etnias y corrientes inmigratorias, que componen la regi\u00f3n;<\/li>\n<li>postura cient\u00edfica inherente al investigador aut\u00f3nomo, cr\u00edtico y reflexivo que ultrapase las fronteras disciplinares e incida sobre las interfaces entre lengua y literatura;<\/li>\n<li>aptitud para actuar en la transformaci\u00f3n de la sociedad por medio del discurso cient\u00edfico, que resulte en pr\u00e1cticas efectivas de impacto en las relaciones sociales, promocionando el crecimiento human\u00edstico, cultural, econ\u00f3mico;<\/li>\n<li>conocimiento de tecnolog\u00edas de informaci\u00f3n capaces de promocionar la innovaci\u00f3n cient\u00edfica en el \u00e1mbito de las humanidades, actuando como liderazgo en su regi\u00f3n de alcance.<\/li>\n<\/ul>\n<p><strong>N\u00famero de cr\u00e9ditos para titulaci\u00f3n <\/strong><\/p>\n<p><strong>Maestr\u00eda<br \/>\n<\/strong>(Cada unidad de cr\u00e9dito corresponde a 15 (quince) horas-clases)<\/p>\n<p>El curso de Maestr\u00eda en Letras tiene un total de 28 cr\u00e9ditos, as\u00ed divididos:<\/p>\n<p>8 cr\u00e9ditos de asignaturas obligatorias<br \/>\n16 cr\u00e9ditos de asignaturas de elecci\u00f3n*<br \/>\n4 cr\u00e9ditos en Seminarios de tesis I y II<br \/>\nDocencia orientada (obligatoria para becarios)<br \/>\n12 horas de actividades complementarias**<\/p>\n<p><strong>Doctorado<br \/>\n<\/strong>El n\u00famero de cr\u00e9ditos totales del curso de Doctorado es de 48 cr\u00e9ditos, distribuidos de la siguiente manera:<\/p>\n<p>16 cr\u00e9ditos \u2013 Asignaturas obligatorias<br \/>\n24 cr\u00e9ditos \u2013 Asignaturas de elecci\u00f3n y T\u00f3picos Avanzados*<br \/>\n8 cr\u00e9ditos \u2013 Seminarios de tesis I, II, III y IV<br \/>\nDocencia orientada (obligatoria para becarios)<br \/>\n30 horas \u2013 Actividades complementarias**<\/p>\n<p>*Es permitido a los discentes regulares acreditar hasta ocho cr\u00e9ditos en otro Programa de Posgrado, mediante autorizaci\u00f3n de su tutor y homologaci\u00f3n del Colegiado, conforme el Reglamento del Programa.<\/p>\n<p>**Las actividades complementarias son acciones de car\u00e1cter acad\u00e9mico-cient\u00edfico-cultural relevantes para la formaci\u00f3n del alumno del Programa de Posgrado en Letras, desarrolladas a lo largo del curso, entre el periodo de matr\u00edcula y el periodo de calificaci\u00f3n, conforme establece INSTRUCCI\u00d3N NORMATIVA N\u00ba 002\/2013 \u2013 PPGL\/UNICENTRO.<\/p>\n","protected":false},"excerpt":{"rendered":"<p>Nivel: Maestr\u00eda y Doctorado Acad\u00e9mico. \u00c1rea de Concentraci\u00f3n: Interfaces entre Lengua y Literatura Periodicidad de Convocatoria: Anual Concepto del curso por la CAPES: Concepto 5 N\u00famero de Plazas Plazas por Convocatoria: 25 para la Maestr\u00eda y 15 para el Doctorado. &nbsp; Objetivos Objetivos generales Profundizar la integraci\u00f3n del posgrado con la licenciatura, por medio de [&hellip;]<\/p>\n","protected":false},"author":3,"featured_media":0,"parent":0,"menu_order":0,"comment_status":"open","ping_status":"open","template":"","meta":{"_exactmetrics_skip_tracking":false,"_exactmetrics_sitenote_active":false,"_exactmetrics_sitenote_note":"","_exactmetrics_sitenote_category":0,"footnotes":"","_links_to":"","_links_to_target":""},"class_list":["post-2161","page","type-page","status-publish","hentry"],"_links":{"self":[{"href":"https:\/\/www3.unicentro.br\/ppgl\/wp-json\/wp\/v2\/pages\/2161","targetHints":{"allow":["GET"]}}],"collection":[{"href":"https:\/\/www3.unicentro.br\/ppgl\/wp-json\/wp\/v2\/pages"}],"about":[{"href":"https:\/\/www3.unicentro.br\/ppgl\/wp-json\/wp\/v2\/types\/page"}],"author":[{"embeddable":true,"href":"https:\/\/www3.unicentro.br\/ppgl\/wp-json\/wp\/v2\/users\/3"}],"replies":[{"embeddable":true,"href":"https:\/\/www3.unicentro.br\/ppgl\/wp-json\/wp\/v2\/comments?post=2161"}],"version-history":[{"count":1,"href":"https:\/\/www3.unicentro.br\/ppgl\/wp-json\/wp\/v2\/pages\/2161\/revisions"}],"predecessor-version":[{"id":4550,"href":"https:\/\/www3.unicentro.br\/ppgl\/wp-json\/wp\/v2\/pages\/2161\/revisions\/4550"}],"wp:attachment":[{"href":"https:\/\/www3.unicentro.br\/ppgl\/wp-json\/wp\/v2\/media?parent=2161"}],"curies":[{"name":"wp","href":"https:\/\/api.w.org\/{rel}","templated":true}]}}