{"id":2126,"date":"2021-09-13T11:14:53","date_gmt":"2021-09-13T14:14:53","guid":{"rendered":"https:\/\/www3.unicentro.br\/ppgl\/?page_id=2126"},"modified":"2021-09-13T11:14:53","modified_gmt":"2021-09-13T14:14:53","slug":"admission-of-students","status":"publish","type":"page","link":"https:\/\/www3.unicentro.br\/ppgl\/en\/admission-of-students\/","title":{"rendered":"Admission of students"},"content":{"rendered":"<p><strong>Admission of regular students<\/strong><\/p>\n<p>The selection process is annual. The program&#8217;s collegiate board composes an assessment panel made up of six members: the coordination and vice-coordination and two researchers from each research line.\u00a0 The stages of the process are as follows:<\/p>\n<p>&#8211; written test (with an indication of a basic bibliography of Literary and Linguistic Studies) and candidates must answer questions from both areas.<\/p>\n<p>&#8211; evaluation of the project (structure, writing, theoretical basis, with content appropriate to the PPGL&#8217;s area of concentration and the Program&#8217;s research lines).\u00a0 The candidate is responsible for appointing two possible advisors (both from the same line of research), subject to availability.<\/p>\n<p>&#8211; interview (the questions to be asked in the interview are those related to the project previously read by four members of the evaluation commission).<\/p>\n<p>To be approved in the selection, the candidate must achieve a minimum score of seven (7.0) in all stages of the process (written test, research project, and interview).<\/p>\n<p>Observation: admission to the Program is subject to the number of vacancies per advisor; those approved but not selected will be substituted.<\/p>\n<p>&nbsp;<\/p>\n<p><strong>Selection Process for non-regular students<\/strong><\/p>\n<p>At the beginning of each semester the Program opens vacancies for non-regular students according to the availability of the professors of each discipline.<\/p>\n<p>&nbsp;<\/p>\n<p><strong>Foreign Student Selection Process<\/strong><\/p>\n<p>Foreign candidates who wish to enroll in PPGL must follow CAPES\u2019 norms and the specific selection process edicts.<\/p>\n<ul>\n<li>Editais &#8211; Announcements\/ Edicts<\/li>\n<li><a href=\"http:\/\/www2.unicentro.br\/ppge\/files\/2014\/02\/RES_N_50_Mobilidade_acad.pdf?x16490\">Regulamento sobre a Mobilidade Internacional na UNICENTRO<\/a> &#8211; Regulations on International Mobility at UNICENTRO<\/li>\n<li><a href=\"http:\/\/www2.unicentro.br\/eri\/\">Escrit\u00f3rio de Rela\u00e7\u00f5es Internacionais \u2013 UNICENTRO<\/a> &#8211; International Relations Office &#8211; UNICENTRO<\/li>\n<\/ul>\n","protected":false},"excerpt":{"rendered":"<p>Admission of regular students The selection process is annual. The program&#8217;s collegiate board composes an assessment panel made up of six members: the coordination and vice-coordination and two researchers from each research line.\u00a0 The stages of the process are as follows: &#8211; written test (with an indication of a basic bibliography of Literary and Linguistic [&hellip;]<\/p>\n","protected":false},"author":3,"featured_media":0,"parent":0,"menu_order":0,"comment_status":"open","ping_status":"closed","template":"","meta":{"_exactmetrics_skip_tracking":false,"_exactmetrics_sitenote_active":false,"_exactmetrics_sitenote_note":"","_exactmetrics_sitenote_category":0,"footnotes":"","_links_to":"","_links_to_target":""},"class_list":["post-2126","page","type-page","status-publish","hentry"],"_links":{"self":[{"href":"https:\/\/www3.unicentro.br\/ppgl\/wp-json\/wp\/v2\/pages\/2126","targetHints":{"allow":["GET"]}}],"collection":[{"href":"https:\/\/www3.unicentro.br\/ppgl\/wp-json\/wp\/v2\/pages"}],"about":[{"href":"https:\/\/www3.unicentro.br\/ppgl\/wp-json\/wp\/v2\/types\/page"}],"author":[{"embeddable":true,"href":"https:\/\/www3.unicentro.br\/ppgl\/wp-json\/wp\/v2\/users\/3"}],"replies":[{"embeddable":true,"href":"https:\/\/www3.unicentro.br\/ppgl\/wp-json\/wp\/v2\/comments?post=2126"}],"version-history":[{"count":0,"href":"https:\/\/www3.unicentro.br\/ppgl\/wp-json\/wp\/v2\/pages\/2126\/revisions"}],"wp:attachment":[{"href":"https:\/\/www3.unicentro.br\/ppgl\/wp-json\/wp\/v2\/media?parent=2126"}],"curies":[{"name":"wp","href":"https:\/\/api.w.org\/{rel}","templated":true}]}}