{"id":94,"date":"2018-10-01T00:00:00","date_gmt":"2018-10-01T03:00:00","guid":{"rendered":"https:\/\/www3.unicentro.br\/ppgh\/estudantes-regulares\/"},"modified":"2023-12-14T13:44:08","modified_gmt":"2023-12-14T16:44:08","slug":"estudantes-regulares","status":"publish","type":"page","link":"https:\/\/www3.unicentro.br\/ppgh\/processo-de-selecao\/estudantes-regulares\/","title":{"rendered":"Estudantes Regulares"},"content":{"rendered":"<p class=\"western\" align=\"justify\">Estudante regular \u00e9 o portador de diploma de gradua\u00e7\u00e3o, aprovado e classificado no exame de sele\u00e7\u00e3o, matriculado no PPGH, com obedi\u00eancia a todos os requisitos necess\u00e1rios \u00e0 obten\u00e7\u00e3o do t\u00edtulo correspondente.<\/p>\n<h2 class=\"western\">Inscri\u00e7\u00e3o<\/h2>\n<p class=\"western\" align=\"justify\">Os documentos necess\u00e1rios, o cronograma e a forma de inscri\u00e7\u00e3o para a sele\u00e7\u00e3o do corpo discente s\u00e3o definidos anualmente pelo colegiado e publicados a cada processo seletivo em editais pr\u00f3prios. Ao inscrever-se no processo seletivo o candidato declara conhecer e concordar com as normas publicadas pelo Programa.<\/p>\n<h2 class=\"western\">Sele\u00e7\u00e3o e classifica\u00e7\u00e3o<\/h2>\n<p class=\"western\" align=\"justify\">A sele\u00e7\u00e3o dos candidatos a estudante regular cabe \u00e0 comiss\u00e3o designada pelo colegiado do PPGH, constitu\u00edda de, no m\u00ednimo, 04 (quatro) docentes permanentes, conforme descrito no artigo 3\u00ba do regulamento do Mestrado em Hist\u00f3ria e presidida pelo(a) coordenador(a) do programa.<\/p>\n<p class=\"western\" align=\"justify\">O processo seletivo dos estudantes regulares ser\u00e1 realizado conforme normativa pr\u00f3pria, em locais e datas definidos no calend\u00e1rio anual e detalhados em edital pr\u00f3prio e consta das seguintes fases:<\/p>\n<ul>\n<li>an\u00e1lise e avalia\u00e7\u00e3o do projeto de pesquisa, de car\u00e1ter eliminat\u00f3rio, considerando a \u00e1rea de concentra\u00e7\u00e3o e as linhas de pesquisa. \u00c9 considerado aprovado na primeira fase o candidato que, no projeto de pesquisa, obtiver nota igual ou superior a sete inteiros (7,0).<\/li>\n<li>prova escrita, a partir de bibliografia indicada pela comiss\u00e3o de sele\u00e7\u00e3o, de car\u00e1ter eliminat\u00f3rio, com dura\u00e7\u00e3o de 04 (quatro) horas. \u00c9 considerado aprovado na segunda fase o candidato que, na prova escrita, obtiver nota igual ou superior a sete inteiros (7,0).<\/li>\n<li>argui\u00e7\u00e3o, que dever\u00e1 ater-se fundamentalmente ao projeto de pesquisa apresentado pelo candidato e, opcionalmente, a perguntas e coment\u00e1rios sobre a prova escrita. \u00c9 considerado aprovado, na terceira fase, o candidato que, na argui\u00e7\u00e3o, obtiver nota igual ou superior a sete inteiros (7,0).<\/li>\n<\/ul>\n<h2 class=\"western\">Matr\u00edcula<\/h2>\n<p class=\"western\" align=\"justify\">T\u00eam direito \u00e0 matr\u00edcula no PPGH, os candidatos inscritos que forem aprovados e classificados no processo de sele\u00e7\u00e3o.<\/p>\n<p class=\"western\" align=\"justify\">No ato da matr\u00edcula o estudante dever\u00e1 apresentar a seguinte documenta\u00e7\u00e3o:<\/p>\n<ul>\n<li class=\"western\">uma foto 2\u00d72 cm recente;<\/li>\n<li class=\"western\">fotoc\u00f3pia dos seguintes documentos: c\u00e9dula de Identidade, CPF, certid\u00e3o de nascimento ou casamento, t\u00edtulo de eleitor, comprovante de vota\u00e7\u00e3o da \u00faltima elei\u00e7\u00e3o, documento de quita\u00e7\u00e3o com o servi\u00e7o militar, para candidatos do sexo masculino;<\/li>\n<li class=\"western\">folha de identifica\u00e7\u00e3o do passaporte e respectivo visto de estudante, quando estrangeiro;<\/li>\n<li class=\"western\">diploma de gradua\u00e7\u00e3o reconhecido pelo MEC (autenticado);<\/li>\n<li class=\"western\">hist\u00f3rico escolar do curso de gradua\u00e7\u00e3o (autenticado);<\/li>\n<li class=\"western\">comprovante de profici\u00eancia em l\u00edngua estrangeira (autenticado ou original) quando realizado em outra institui\u00e7\u00e3o.<\/li>\n<\/ul>\n<p class=\"western\" align=\"justify\">Estudantes matriculados em programas de p\u00f3s-gradua\u00e7\u00e3o\u00a0<i>Stricto Sensu<\/i>\u00a0de outras Institui\u00e7\u00f5es, devidamente reconhecidos pela CAPES, poder\u00e3o cursar disciplinas como estudantes n\u00e3o regulares, ofertadas a qualquer momento no per\u00edodo letivo, desde que sejam autorizados pelo(a) docente respons\u00e1vel da disciplina e pelo colegiado e atendam aos seguintes procedimentos:<\/p>\n<ul>\n<li class=\"western\">protocolo ao colegiado;<\/li>\n<li class=\"western\">apresenta\u00e7\u00e3o do comprovante de matr\u00edcula da Institui\u00e7\u00e3o de origem;<\/li>\n<li class=\"western\">apresenta\u00e7\u00e3o de uma carta do(a) orientador(a) recomendando a realiza\u00e7\u00e3o da disciplina.<\/li>\n<\/ul>\n<p class=\"western\" align=\"justify\">O n\u00famero de vagas oferecidas para ingresso a cada sele\u00e7\u00e3o anual \u00e9 definido pela comiss\u00e3o de sele\u00e7\u00e3o, respeitado o limite de vagas estabelecido para cada orientador.<\/p>\n<p class=\"western\" align=\"justify\"><b>Profici\u00eancia em l\u00edngua estrangeira<\/b><\/p>\n<p class=\"western\" align=\"justify\">No ato da matr\u00edcula o estudante dever\u00e1 apresentar certificado de profici\u00eancia em l\u00edngua estrangeira, ingl\u00eas, franc\u00eas, alem\u00e3o, espanhol ou italiano, emitidos pela UNICENTRO ou em conson\u00e2ncia com a\u00a0<a href=\"https:\/\/www3.unicentro.br\/ppgh\/wp-content\/uploads\/sites\/47\/2023\/10\/IN-01.23-PROPESP-Estabelece-parametros-e-condicoes-para-comprovacao-de-proficiencia-em-lingua-estrangeira.pdf\">i<u>nstru\u00e7\u00e3o normativa 01\/2023 \u2013 PROPESP\/UNICENTRO<\/u><\/a>\u00a0em seus artigos 3\u00ba e 4\u00ba;<\/p>\n<p class=\"western\" align=\"justify\">O estudante que n\u00e3o apresentar, no ato da matr\u00edcula, atestado de profici\u00eancia em l\u00edngua estrangeira perder\u00e1 a vaga no PPGH.<\/p>\n<p class=\"western\" align=\"justify\"><b>Dos crit\u00e9rios de sele\u00e7\u00e3o e resultado final<\/b><\/p>\n<p class=\"western\" align=\"justify\">A classifica\u00e7\u00e3o dos candidatos \u00e9 feita pela m\u00e9dia aritm\u00e9tica das tr\u00eas fases do processo de sele\u00e7\u00e3o.<\/p>\n<p class=\"western\" align=\"justify\">Em caso de empate prevalecer\u00e1 o crit\u00e9rio de melhor curr\u00edculo; em caso de persist\u00eancia no empate, prevalece o crit\u00e9rio da maior nota na prova escrita.<\/p>\n<p class=\"western\" align=\"justify\">An\u00e1lise do\u00a0<i>Curriculum Lattes<\/i>\u00a0ter\u00e1 como par\u00e2metro instrumento institucional, previamente definido pelo colegiado, que se reserva o direito de solicitar comprova\u00e7\u00e3o documental.<\/p>\n<p class=\"western\" align=\"justify\">A Comiss\u00e3o de Sele\u00e7\u00e3o divulgar\u00e1 a lista dos candidatos aprovados no processo de sele\u00e7\u00e3o no mural e site do programa, ap\u00f3s homologa\u00e7\u00e3o do Colegiado.<\/p>\n","protected":false},"excerpt":{"rendered":"<p>Estudante regular \u00e9 o portador de diploma de gradua\u00e7\u00e3o, aprovado e classificado no exame de sele\u00e7\u00e3o, matriculado no PPGH, com obedi\u00eancia a todos os requisitos necess\u00e1rios \u00e0 obten\u00e7\u00e3o do t\u00edtulo correspondente. Inscri\u00e7\u00e3o Os documentos necess\u00e1rios, o cronograma e a forma de inscri\u00e7\u00e3o para a sele\u00e7\u00e3o do corpo discente s\u00e3o definidos anualmente pelo colegiado e publicados [&hellip;]<\/p>\n","protected":false},"author":3,"featured_media":0,"parent":89,"menu_order":0,"comment_status":"closed","ping_status":"closed","template":"","meta":{"_exactmetrics_skip_tracking":false,"_exactmetrics_sitenote_active":false,"_exactmetrics_sitenote_note":"","_exactmetrics_sitenote_category":0,"footnotes":"","_links_to":"","_links_to_target":""},"class_list":["post-94","page","type-page","status-publish","hentry"],"_links":{"self":[{"href":"https:\/\/www3.unicentro.br\/ppgh\/wp-json\/wp\/v2\/pages\/94","targetHints":{"allow":["GET"]}}],"collection":[{"href":"https:\/\/www3.unicentro.br\/ppgh\/wp-json\/wp\/v2\/pages"}],"about":[{"href":"https:\/\/www3.unicentro.br\/ppgh\/wp-json\/wp\/v2\/types\/page"}],"author":[{"embeddable":true,"href":"https:\/\/www3.unicentro.br\/ppgh\/wp-json\/wp\/v2\/users\/3"}],"replies":[{"embeddable":true,"href":"https:\/\/www3.unicentro.br\/ppgh\/wp-json\/wp\/v2\/comments?post=94"}],"version-history":[{"count":1,"href":"https:\/\/www3.unicentro.br\/ppgh\/wp-json\/wp\/v2\/pages\/94\/revisions"}],"predecessor-version":[{"id":2767,"href":"https:\/\/www3.unicentro.br\/ppgh\/wp-json\/wp\/v2\/pages\/94\/revisions\/2767"}],"up":[{"embeddable":true,"href":"https:\/\/www3.unicentro.br\/ppgh\/wp-json\/wp\/v2\/pages\/89"}],"wp:attachment":[{"href":"https:\/\/www3.unicentro.br\/ppgh\/wp-json\/wp\/v2\/media?parent=94"}],"curies":[{"name":"wp","href":"https:\/\/api.w.org\/{rel}","templated":true}]}}