{"id":92,"date":"2018-10-01T00:00:00","date_gmt":"2018-10-01T03:00:00","guid":{"rendered":"https:\/\/www3.unicentro.br\/ppgh\/eventos\/"},"modified":"2019-11-29T14:10:30","modified_gmt":"2019-11-29T17:10:30","slug":"eventos","status":"publish","type":"page","link":"https:\/\/www3.unicentro.br\/ppgh\/eventos\/","title":{"rendered":"Eventos"},"content":{"rendered":"<p>&nbsp;<\/p>\n<hr \/>\n<h4>Evento: VI SIEPE &#8211; Semana de Integra\u00e7\u00e3o Ensino, Pesquisa e Extens\u00e3o<\/h4>\n<p>Local: <em>Campus<\/em> Santa Cruz, Irati e CEDETEG<\/p>\n<p>Data: 28\/10 a 01\/11\/2019<\/p>\n<p>Inscri\u00e7\u00f5es: <a href=\"https:\/\/evento.unicentro.br\" target=\"_blank\" rel=\"noopener noreferrer\">https:\/\/evento.unicentro.br<\/a><\/p>\n<hr \/>\n<h4>Evento: XXVI Semana de Hist\u00f3ria<\/h4>\n<p>Local: UNICENTRO &#8211; campus Santa Cruz, Guarapuava\/PR.<\/p>\n<p>Data: 11 a 14\/11\/2019<\/p>\n<p>Inscri\u00e7\u00f5es: <a href=\"https:\/\/evento.unicentro.br\" target=\"_blank\" rel=\"noopener noreferrer\">https:\/\/evento.unicentro.br<\/a><\/p>\n<hr \/>\n<h4>Confer\u00eancia: Desafios da Pesquisa na Universidade<\/h4>\n<p>Ministrante: Rodrigo Pacheco &#8211; UFRPE<\/p>\n<p>Local: UNICENTRO &#8211; campus Irati\/PR<\/p>\n<p>Data: 13\/22\/2019, \u00e0s 19h30min<\/p>\n<hr \/>\n<h4>Eventos: XIV Semana de Hist\u00f3ria; IV Semin\u00e1rio de Estudos Etnicos Raciais; VI Jornada de Integra\u00e7\u00e3o Gradua\u00e7\u00e3o e P\u00f3s-Gradua\u00e7\u00e3o<\/h4>\n<p>Local: UNICENTRO &#8211; <em>campus<\/em>\u00a0 Irati\/PR.<\/p>\n<p>Data: 12 a 14\/11\/2019<\/p>\n<p>Inscri\u00e7\u00f5es: <a href=\"https:\/\/evento.unicentro.br\" target=\"_blank\" rel=\"noopener noreferrer\">https:\/\/evento.unicentro.br<\/a><\/p>\n<hr \/>\n<h4 style=\"text-align: center\">Eventos anteriores<\/h4>\n<hr \/>\n<h4>Confer\u00eancia: Sobre Crimes e Criminosos: entre o social e o cultural<\/h4>\n<p>Ministrante: Prof. Dr. Marcos Bretas &#8211; UFRJ<\/p>\n<p>Local:\u00a0 19 h &#8211; Miniaudit\u00f3rio do Pr\u00e9dio Principal,\u00a0UNICENTRO, <em>campus <\/em>Irati.<\/p>\n<p>Data: 20\/09\/2019<\/p>\n<hr \/>\n<p>&nbsp;<\/p>\n<h4>Evento: Roda de conversa com o Professor Dr. Gabriel Carini<\/h4>\n<p>Local: UNICENTRO, Miniaudit\u00f3rio,\u00a0<em>campus <\/em>Irati.<\/p>\n<p>Data: 04\/09\/2019<\/p>\n<p><img loading=\"lazy\" decoding=\"async\" class=\"alignnone wp-image-1191\" src=\"https:\/\/www3.unicentro.br\/ppgh\/wp-content\/uploads\/sites\/47\/2019\/09\/cartaz_gabrielcarini-212x300.jpg\" alt=\"\" width=\"288\" height=\"408\" \/><\/p>\n<p>&nbsp;<\/p>\n<hr \/>\n<p>&nbsp;<\/p>\n<h4>Evento: II Col\u00f3quio Internacional Museus e arquivos; Lugares de Mem\u00f3ria no\/do espa\u00e7o urbano&#8221; e a II Jornada de An\u00e1lise de Discurso do Paran\u00e1: l\u00edngua, hist\u00f3ria e mem\u00f3ria<\/h4>\n<p>Local: UNICENTRO, <em>campus<\/em> Santa Cruz e Irati<\/p>\n<p>Data: 09 a 11\/04\/2019<\/p>\n<hr \/>\n<h4>Evento: <span class=\"ai1ec-event-title\">XXXII Encontro da Arte Folcl\u00f3rica<\/span><\/h4>\n<p>Local: UNICENTRO, campus Irati, CEDETEG e Santa Cruz<\/p>\n<p>Data: 20 a 30\/08\/2019<\/p>\n<hr \/>\n<h4>Evento:\u00a0<a href=\"https:\/\/ivsnhm.wixsite.com\/ivsnhm\" target=\"_blank\" rel=\"noopener noreferrer\">IV Simp\u00f3sio Nacional de Hist\u00f3ria Militar<\/a><\/h4>\n<p>Local: UEL, Londrina, PR.<\/p>\n<p>Data: 27 a 30\/08\/2019.<\/p>\n<p>Inscri\u00e7\u00f5es:\u00a0<a href=\"https:\/\/ivsnhm.wixsite.com\/ivsnhm\" target=\"_blank\" rel=\"noopener noreferrer\">https:\/\/ivsnhm.wixsite.com\/ivsnhm<\/a><\/p>\n<hr \/>\n<h4>Evento: Dia Internacional da Mem\u00f3ria do Tr\u00e1fico Negreiro \u2013 Confer\u00eancias Mundiais Contra o Racismo<\/h4>\n<p>Local: UNICENTRO, campus CEDETEG, Irati e Santa Cruz, Chopinzinho, Coronel Vivida, Laranjeiras do Sul, Pitanga e Prudent\u00f3polis<\/p>\n<p>Data: 23\/08\/2019<\/p>\n<hr \/>\n<h4>Evento: Dia Internacional da Mulher Afro Latino-Americana e Caribenha<\/h4>\n<p>Local: UNICENTRO, <em>campus<\/em> Irati<\/p>\n<p>Data: 25\/07\/2019pm<\/p>\n<p>&nbsp;<\/p>\n<hr \/>\n<h4>Evento: <span class=\"ai1ec-event-title\">III <\/span>Workshop de Hist\u00f3ria Ambiental <span class=\"ai1ec-event-title\">\u2013 LHA <\/span><\/h4>\n<p>Local: UNICENTRO, <em>campus<\/em> Santa Cruz<\/p>\n<p>Data: 7 e 8\/06\/2019<\/p>\n<hr \/>\n<h4>Evento: <span class=\"ai1ec-event-title\">III <\/span>Workshop de Hist\u00f3ria Ambiental <span class=\"ai1ec-event-title\">\u2013 LHA <\/span><\/h4>\n<p>Local: UNICENTRO, <em>campus<\/em> Santa Cruz<\/p>\n<p>Data: 7 e 8\/06\/2019<\/p>\n<hr \/>\n<h4>Evento:\u00a02\u00ba Simp\u00f3sio Internacional de Inova\u00e7\u00e3o em Educa\u00e7\u00e3o Superior<\/h4>\n<p>Local: UDESC, Florian\u00f3polis, SC.<\/p>\n<p>Data: 03 a 05\/07\/2019.<\/p>\n<p>Inscri\u00e7\u00f5es:\u00a0<a href=\"http:\/\/siies2019.udesc.br\/\" target=\"_blank\" rel=\"noopener noreferrer\">http:\/\/siies2019.udesc.br\/<\/a><\/p>\n<p>Para ver o cronograma do evento\u00a0<a href=\"https:\/\/www3.unicentro.br\/ppgh\/wp-content\/uploads\/sites\/47\/2019\/04\/Programa\u00e7\u00e3o-Preliminar.pdf\"><strong>clique aqui<\/strong><\/a>.<\/p>\n<p><a href=\"https:\/\/siies.eventoum.com.br\/index.php\/auth\/eventologin\/1\" target=\"_blank\" rel=\"noopener noreferrer\"><img loading=\"lazy\" decoding=\"async\" class=\"alignnone wp-image-938\" src=\"https:\/\/www3.unicentro.br\/ppgh\/wp-content\/uploads\/sites\/47\/2019\/04\/SIIES-2019-300x300.jpg\" alt=\"\" width=\"316\" height=\"316\" \/><\/a><\/p>\n<hr \/>\n<h4>Evento:\u00a0II Col\u00f3quio de G\u00eanero e pesquisa hist\u00f3rica<\/h4>\n<p>Local: UNICENTRO, <em>campus<\/em> Irati.<\/p>\n<p>Data: 06 e 07\/06\/2019<\/p>\n<p>Inscri\u00e7\u00f5es:\u00a0<a href=\"https:\/\/evento.unicentro.br\/site\/llcoloquiodegenero\/2019\/1\">https:\/\/evento.unicentro.br\/site\/llcoloquiodegenero\/2019\/1<\/a><\/p>\n<p><a href=\"https:\/\/evento.unicentro.br\/site\/llcoloquiodegenero\/2019\/1\" target=\"_blank\" rel=\"noopener noreferrer\"><img loading=\"lazy\" decoding=\"async\" class=\"alignnone\" src=\"https:\/\/www3.unicentro.br\/wp-content\/uploads\/2019\/04\/27_04_2019_event_2031009753.jpg\" alt=\"\" width=\"800\" height=\"236\" \/><\/a><\/p>\n<hr \/>\n<h4>Evento: I Col\u00f3quio de Educa\u00e7\u00e3o Hist\u00f3rica<\/h4>\n<p>Local: UNICENTRO, <em>campus<\/em> Irati.<\/p>\n<p>Data: 23\/05\/2019<\/p>\n<p>Inscri\u00e7\u00f5es:\u00a0<a href=\"https:\/\/evento.unicentro.br\/site\/coloquioeducacaohist\/2019\/1\">https:\/\/evento.unicentro.br\/site\/coloquioeducacaohist\/2019\/1<\/a><\/p>\n<p><a href=\"https:\/\/evento.unicentro.br\/site\/coloquioeducacaohist\/2019\/1\" target=\"_blank\" rel=\"noopener noreferrer\"><img loading=\"lazy\" decoding=\"async\" class=\"alignnone\" src=\"https:\/\/www3.unicentro.br\/wp-content\/uploads\/2019\/05\/CARTAZ_EVENTO_5cdb06c855e4d.jpg\" alt=\"\" width=\"491\" height=\"349\" \/><\/a><\/p>\n<hr \/>\n<h4>Evento: XI Simp\u00f3sio de Pesquisa, P\u00f3s-Gradua\u00e7\u00e3o e Inova\u00e7\u00e3o Tecnol\u00f3gica<\/h4>\n<p>Local: UNICENTRO, <em>campus<\/em> CEDETEG, Santa Cruz e Irati<\/p>\n<p>Data: 15 e 16\/05\/2019<\/p>\n<p>Inscri\u00e7\u00f5es gratuitas no site:<a href=\"https:\/\/evento.unicentro.br\/site\/simposiopesquisa\/2019\/1\" target=\"_blank\" rel=\"noopener noreferrer\">\u00a0https:\/\/evento.unicentro.br\/site\/simposiopesquisa\/2019\/1<\/a><\/p>\n<hr \/>\n<h4>Evento: <a href=\"https:\/\/evento.unicentro.br\/site\/coloquioeducacaohist\/2019\/1\" target=\"_blank\" rel=\"noopener noreferrer\">I Col\u00f3quio de Educa\u00e7\u00e3o Hist\u00f3rica &#8211; Os Desafios da Democracia no Contexto Mundial: O papel da escola.<\/a><\/h4>\n<p>Local: Audit\u00f3rio Denise Stoklos, UNICENTRO, <em>campus<\/em> Irati.<\/p>\n<p>Data: 30\/04\/2019, \u00e0s\u00a019h 30min.<\/p>\n<p><a href=\"https:\/\/evento.unicentro.br\/site\/coloquioeducacaohist\/2019\/1\" target=\"_blank\" rel=\"noopener noreferrer\"><img loading=\"lazy\" decoding=\"async\" class=\"alignleft wp-image-950\" src=\"https:\/\/www3.unicentro.br\/ppgh\/wp-content\/uploads\/sites\/47\/2019\/04\/image-300x213.png\" alt=\"\" width=\"406\" height=\"288\" \/><\/a><\/p>\n<h4><\/h4>\n<h4><\/h4>\n<h4><\/h4>\n<h4><\/h4>\n<h4><\/h4>\n<h4><\/h4>\n<h4><\/h4>\n<hr \/>\n<h4>Evento: II Encontro Sobre a Quest\u00e3o Ind\u00edgena no Paran\u00e1 &#8211; A (re) Exist\u00eancia Ind\u00edgena e a Luta por Territ\u00f3rio e Visibilidade Sociocultural<\/h4>\n<p>Local: UNICENTRO, <em>campus<\/em> Irati<\/p>\n<p>Data: 22 a 24\/04\/2019<\/p>\n<p>Inscri\u00e7\u00f5es: <a href=\"https:\/\/evento.unicentro.br\/site\/questaoindigena_pr\/2019\/1\">https:\/\/evento.unicentro.br\/site\/questaoindigena_pr\/2019\/1<\/a><\/p>\n<hr \/>\n<h4>Evento: <span class=\"ai1ec-event-title\">Jornada CIEG \u2013 II Jornada do Centro <\/span>Interdisciplinar de Estudos de G\u00eaneros<\/h4>\n<p>Local: UNICENTRO, <em>campus<\/em> Santa Cruz<\/p>\n<p>Data: 11 a 12\/04\/2019<\/p>\n<hr \/>\n<h4>Evento:\u00a0V SIEPE &#8211; Semana de Integra\u00e7\u00e3o Ensino, Pesquisa e Extens\u00e3o &#8211; Direitos Humanos: dialogando sobre a diversidade<\/h4>\n<p>Local:\u00a0UNICENTRO <em>campus<\/em> Irati e <em>campus<\/em> Santa Cruz e Cedeteg<\/p>\n<p>Data:\u00a023\/10\/2017 a 27\/10\/2017<\/p>\n<hr \/>\n<h4>Evento:\u00a0III Congresso Internacional de Hist\u00f3ria<\/h4>\n<p>Local:\u00a0UNICENTRO <em>campus<\/em> Irati<\/p>\n<p>Data:\u00a022\/11\/2017 a 24\/11\/2017<\/p>\n<hr \/>\n<h4>Evento: Conversas Latinas em Comunica\u00e7\u00e3o &#8211; Mem\u00f3ria &amp; Audiovisual (CLC &amp; MA 2017)<\/h4>\n<p>Local: UNICENTRO <em>campus<\/em> Irati e <em>campus<\/em> Santa Cruz<\/p>\n<p>Data: 14\/11\/2017 a 17\/11\/2017<\/p>\n<hr \/>\n<h4>Evento:\u00a0IX Simp\u00f3sio de Pesquisa, P\u00f3s-Gradua\u00e7\u00e3o e Inova\u00e7\u00e3o Tecnol\u00f3gica da UNICENTRO<\/h4>\n<p>Local:\u00a0\u00a0UNICENTRO <em>campus<\/em> Santa Cruz<\/p>\n<p>Data:\u00a018\/04\/2017 a 20\/04\/2017<\/p>\n<hr \/>\n<p>&nbsp;<\/p>\n","protected":false},"excerpt":{"rendered":"<p>&nbsp; Evento: VI SIEPE &#8211; Semana de Integra\u00e7\u00e3o Ensino, Pesquisa e Extens\u00e3o Local: Campus Santa Cruz, Irati e CEDETEG Data: 28\/10 a 01\/11\/2019 Inscri\u00e7\u00f5es: https:\/\/evento.unicentro.br Evento: XXVI Semana de Hist\u00f3ria Local: UNICENTRO &#8211; campus Santa Cruz, Guarapuava\/PR. Data: 11 a 14\/11\/2019 Inscri\u00e7\u00f5es: https:\/\/evento.unicentro.br Confer\u00eancia: Desafios da Pesquisa na Universidade Ministrante: Rodrigo Pacheco &#8211; UFRPE Local: [&hellip;]<\/p>\n","protected":false},"author":3,"featured_media":0,"parent":0,"menu_order":0,"comment_status":"closed","ping_status":"closed","template":"","meta":{"_exactmetrics_skip_tracking":false,"_exactmetrics_sitenote_active":false,"_exactmetrics_sitenote_note":"","_exactmetrics_sitenote_category":0,"footnotes":"","_links_to":"","_links_to_target":""},"class_list":["post-92","page","type-page","status-publish","hentry"],"_links":{"self":[{"href":"https:\/\/www3.unicentro.br\/ppgh\/wp-json\/wp\/v2\/pages\/92","targetHints":{"allow":["GET"]}}],"collection":[{"href":"https:\/\/www3.unicentro.br\/ppgh\/wp-json\/wp\/v2\/pages"}],"about":[{"href":"https:\/\/www3.unicentro.br\/ppgh\/wp-json\/wp\/v2\/types\/page"}],"author":[{"embeddable":true,"href":"https:\/\/www3.unicentro.br\/ppgh\/wp-json\/wp\/v2\/users\/3"}],"replies":[{"embeddable":true,"href":"https:\/\/www3.unicentro.br\/ppgh\/wp-json\/wp\/v2\/comments?post=92"}],"version-history":[{"count":0,"href":"https:\/\/www3.unicentro.br\/ppgh\/wp-json\/wp\/v2\/pages\/92\/revisions"}],"wp:attachment":[{"href":"https:\/\/www3.unicentro.br\/ppgh\/wp-json\/wp\/v2\/media?parent=92"}],"curies":[{"name":"wp","href":"https:\/\/api.w.org\/{rel}","templated":true}]}}